{"id":16248,"date":"2017-10-12T06:42:38","date_gmt":"2017-10-12T08:42:38","guid":{"rendered":"https:\/\/www.gintaresgeles.lt\/?page_id=16248\/"},"modified":"2017-10-12T07:27:21","modified_gmt":"2017-10-12T09:27:21","slug":"shopping-cart","status":"publish","type":"page","link":"https:\/\/www.gintaresgeles.lt\/en\/shopping-cart\/","title":{"rendered":"Shopping cart"},"content":{"rendered":"<div class=\"woocommerce\">\n<div class=\"empty-cart-wrapper\">\n\n\t<div class=\"woocommerce-notices-wrapper\">\n<ul class=\"woocommerce-error\" role=\"alert\">\n\t\t\t<li>\n\t\t\tJ\u016bs\u0173 dabartinio preki\u0173 krep\u0161elio suma yra <span class=\"woocommerce-Price-amount amount\">0.00&nbsp;<span class=\"woocommerce-Price-currencySymbol\">&euro;<\/span><\/span> \u2014 minimali preki\u0173 krep\u0161elio suma norint gauti prekes su pristatymu yra <span class=\"woocommerce-Price-amount amount\">15.00&nbsp;<span class=\"woocommerce-Price-currencySymbol\">&euro;<\/span><\/span> \t\t<\/li>\n\t<\/ul>\n<\/div><div class=\"wc-empty-cart-message\">\n\t<div class=\"cart-empty woocommerce-info\">\n\t\tYour cart is currently empty.\t<\/div>\n<\/div>\t\n\t\t\t<p class=\"return-to-shop\">\n\t\t\t<a class=\"button wc-backward tiny\" href=\"https:\/\/www.gintaresgeles.lt\/en\/all-flowers-and-other-products\/\">\n\t\t\t\tReturn to shop\t\t\t<\/a>\n\t\t<\/p>\n\t<\/div><\/div>\n","protected":false},"excerpt":{"rendered":"J\u016bs\u0173 dabartinio preki\u0173 krep\u0161elio suma yra 0.00&nbsp;&euro; \u2014 minimali preki\u0173 krep\u0161elio suma norint gauti prekes su pristatymu yra 15.00&nbsp;&euro; Your cart is currently empty. Return to shop","protected":false},"author":1,"featured_media":0,"parent":0,"menu_order":0,"comment_status":"closed","ping_status":"closed","template":"","meta":{"footnotes":""},"class_list":["post-16248","page","type-page","status-publish","hentry"],"yoast_head":"<!-- This site is optimized with the Yoast SEO plugin v25.3 - https:\/\/yoast.com\/wordpress\/plugins\/seo\/ -->\n<title>Shopping cart | Easy way to make order | Gintar\u0117sG\u0117l\u0117s<\/title>\n<meta name=\"description\" content=\"Add all products you want in to the shopping cart - flower box, bouquet, gift or gift card and make delivery order easily.\" \/>\n<meta name=\"robots\" content=\"noindex, nofollow\" \/>\n<meta property=\"og:locale\" content=\"en_US\" \/>\n<meta property=\"og:type\" content=\"article\" \/>\n<meta property=\"og:title\" content=\"Shopping cart | Easy way to make order | Gintar\u0117sG\u0117l\u0117s\" \/>\n<meta property=\"og:description\" content=\"Add all products you want in to the shopping cart - flower box, bouquet, gift or gift card and make delivery order easily.\" \/>\n<meta property=\"og:url\" content=\"https:\/\/www.gintaresgeles.lt\/en\/shopping-cart\/\" \/>\n<meta property=\"og:site_name\" content=\"gintaresgeles.lt\" \/>\n<meta property=\"article:modified_time\" content=\"2017-10-12T09:27:21+00:00\" \/>\n<meta property=\"og:image\" content=\"https:\/\/www.gintaresgeles.lt\/wp-content\/uploads\/2026\/05\/og-gintares-geles-LT.jpg\" \/>\n\t<meta property=\"og:image:width\" content=\"1200\" \/>\n\t<meta property=\"og:image:height\" content=\"630\" \/>\n\t<meta property=\"og:image:type\" content=\"image\/jpeg\" \/>\n<meta name=\"twitter:card\" content=\"summary_large_image\" \/>\n<script type=\"application\/ld+json\" class=\"yoast-schema-graph\">{\"@context\":\"https:\/\/schema.org\",\"@graph\":[{\"@type\":\"WebPage\",\"@id\":\"https:\/\/www.gintaresgeles.lt\/en\/shopping-cart\/\",\"url\":\"https:\/\/www.gintaresgeles.lt\/en\/shopping-cart\/\",\"name\":\"Shopping cart | Easy way to make order | Gintar\u0117sG\u0117l\u0117s\",\"isPartOf\":{\"@id\":\"https:\/\/www.gintaresgeles.lt\/en\/#website\"},\"datePublished\":\"2017-10-12T08:42:38+00:00\",\"dateModified\":\"2017-10-12T09:27:21+00:00\",\"description\":\"Add all products you want in to the shopping cart - flower box, bouquet, gift or gift card and make delivery order easily.\",\"breadcrumb\":{\"@id\":\"https:\/\/www.gintaresgeles.lt\/en\/shopping-cart\/#breadcrumb\"},\"inLanguage\":\"en-US\",\"potentialAction\":[{\"@type\":\"ReadAction\",\"target\":[\"https:\/\/www.gintaresgeles.lt\/en\/shopping-cart\/\"]}]},{\"@type\":\"BreadcrumbList\",\"@id\":\"https:\/\/www.gintaresgeles.lt\/en\/shopping-cart\/#breadcrumb\",\"itemListElement\":[{\"@type\":\"ListItem\",\"position\":1,\"name\":\"Prad\u017eia\",\"item\":\"https:\/\/www.gintaresgeles.lt\/en\/\"},{\"@type\":\"ListItem\",\"position\":2,\"name\":\"Shopping cart\"}]},{\"@type\":\"WebSite\",\"@id\":\"https:\/\/www.gintaresgeles.lt\/en\/#website\",\"url\":\"https:\/\/www.gintaresgeles.lt\/en\/\",\"name\":\"Gintares Geles\",\"description\":\"Flower delivery in Vilnius | Same-day delivery | Gintares geles\",\"potentialAction\":[{\"@type\":\"SearchAction\",\"target\":{\"@type\":\"EntryPoint\",\"urlTemplate\":\"https:\/\/www.gintaresgeles.lt\/en\/?s={search_term_string}\"},\"query-input\":{\"@type\":\"PropertyValueSpecification\",\"valueRequired\":true,\"valueName\":\"search_term_string\"}}],\"inLanguage\":\"en-US\"}]}<\/script>\n<!-- \/ Yoast SEO plugin. -->","yoast_head_json":{"title":"Shopping cart | Easy way to make order | Gintar\u0117sG\u0117l\u0117s","description":"Add all products you want in to the shopping cart - flower box, bouquet, gift or gift card and make delivery order easily.","robots":{"index":"noindex","follow":"nofollow"},"og_locale":"en_US","og_type":"article","og_title":"Shopping cart | Easy way to make order | Gintar\u0117sG\u0117l\u0117s","og_description":"Add all products you want in to the shopping cart - flower box, bouquet, gift or gift card and make delivery order easily.","og_url":"https:\/\/www.gintaresgeles.lt\/en\/shopping-cart\/","og_site_name":"gintaresgeles.lt","article_modified_time":"2017-10-12T09:27:21+00:00","og_image":[{"width":1200,"height":630,"url":"https:\/\/www.gintaresgeles.lt\/wp-content\/uploads\/2026\/05\/og-gintares-geles-LT.jpg","type":"image\/jpeg"}],"twitter_card":"summary_large_image","schema":{"@context":"https:\/\/schema.org","@graph":[{"@type":"WebPage","@id":"https:\/\/www.gintaresgeles.lt\/en\/shopping-cart\/","url":"https:\/\/www.gintaresgeles.lt\/en\/shopping-cart\/","name":"Shopping cart | Easy way to make order | Gintar\u0117sG\u0117l\u0117s","isPartOf":{"@id":"https:\/\/www.gintaresgeles.lt\/en\/#website"},"datePublished":"2017-10-12T08:42:38+00:00","dateModified":"2017-10-12T09:27:21+00:00","description":"Add all products you want in to the shopping cart - flower box, bouquet, gift or gift card and make delivery order easily.","breadcrumb":{"@id":"https:\/\/www.gintaresgeles.lt\/en\/shopping-cart\/#breadcrumb"},"inLanguage":"en-US","potentialAction":[{"@type":"ReadAction","target":["https:\/\/www.gintaresgeles.lt\/en\/shopping-cart\/"]}]},{"@type":"BreadcrumbList","@id":"https:\/\/www.gintaresgeles.lt\/en\/shopping-cart\/#breadcrumb","itemListElement":[{"@type":"ListItem","position":1,"name":"Prad\u017eia","item":"https:\/\/www.gintaresgeles.lt\/en\/"},{"@type":"ListItem","position":2,"name":"Shopping cart"}]},{"@type":"WebSite","@id":"https:\/\/www.gintaresgeles.lt\/en\/#website","url":"https:\/\/www.gintaresgeles.lt\/en\/","name":"Gintares Geles","description":"Flower delivery in Vilnius | Same-day delivery | Gintares geles","potentialAction":[{"@type":"SearchAction","target":{"@type":"EntryPoint","urlTemplate":"https:\/\/www.gintaresgeles.lt\/en\/?s={search_term_string}"},"query-input":{"@type":"PropertyValueSpecification","valueRequired":true,"valueName":"search_term_string"}}],"inLanguage":"en-US"}]}},"_links":{"self":[{"href":"https:\/\/www.gintaresgeles.lt\/en\/wp-json\/wp\/v2\/pages\/16248","targetHints":{"allow":["GET"]}}],"collection":[{"href":"https:\/\/www.gintaresgeles.lt\/en\/wp-json\/wp\/v2\/pages"}],"about":[{"href":"https:\/\/www.gintaresgeles.lt\/en\/wp-json\/wp\/v2\/types\/page"}],"author":[{"embeddable":true,"href":"https:\/\/www.gintaresgeles.lt\/en\/wp-json\/wp\/v2\/users\/1"}],"replies":[{"embeddable":true,"href":"https:\/\/www.gintaresgeles.lt\/en\/wp-json\/wp\/v2\/comments?post=16248"}],"version-history":[{"count":0,"href":"https:\/\/www.gintaresgeles.lt\/en\/wp-json\/wp\/v2\/pages\/16248\/revisions"}],"wp:attachment":[{"href":"https:\/\/www.gintaresgeles.lt\/en\/wp-json\/wp\/v2\/media?parent=16248"}],"curies":[{"name":"wp","href":"https:\/\/api.w.org\/{rel}","templated":true}]}}