{"id":14669,"date":"2017-01-24T09:21:10","date_gmt":"2017-01-24T11:21:10","guid":{"rendered":"https:\/\/www.gintaresgeles.lt\/?post_type=product&#038;p=14669"},"modified":"2025-05-29T02:02:14","modified_gmt":"2025-05-29T00:02:14","slug":"pliusine-sirdele-pagalve-35-cm","status":"publish","type":"product","link":"https:\/\/www.gintaresgeles.lt\/en\/puokste\/pliusine-sirdele-pagalve-35-cm\/","title":{"rendered":"Pliu\u0161in\u0117 \u0161irdel\u0117 &#8211; pagalv\u0117 (35 cm.)"},"content":{"rendered":"<p style=\"text-align: justify\">Pliu\u0161in\u0117 \u0161irdel\u0117 be u\u017era\u0161o yra idealus pasirinkimas, ie\u0161kantiems romanti\u0161kos dovanos antrajai pusei ar kitam mylimam \u017emogui. \u0160i \u0161irdel\u0117 neabejotinai \u017eavi savo universalumu \u2013 tai gali b\u016bti tiek jauki pagalv\u0117l\u0117 poilsiui, tiek ir daili nam\u0173 interjero dekoracija. Bet kuriuo atveju \u2013 \u0161i pagalv\u0117l\u0117 taps puikiu kiekvien\u0173 nam\u0173 akcentu, \u017eav\u0117dama savo jaukia bei meilia i\u0161vaizda, priversian\u010dia nusi\u0161ypsoti kiekvien\u0105!<\/p>\n","protected":false},"excerpt":{"rendered":"<p>Looking for a lovely and romantic gift to surprise your second half or another loved one? In this case, this practical and loving plush heart is exactly what you need!<\/p>\n","protected":false},"featured_media":14641,"template":"","meta":[],"product_brand":[],"product_cat":[237],"product_tag":[],"class_list":{"0":"post-14669","1":"product","2":"type-product","3":"status-publish","4":"has-post-thumbnail","6":"product_cat-gifts","7":"tm-has-options","9":"first","10":"outofstock","11":"taxable","12":"shipping-taxable","13":"purchasable","14":"product-type-simple"},"yoast_head":"<!-- This site is optimized with the Yoast SEO plugin v25.3 - https:\/\/yoast.com\/wordpress\/plugins\/seo\/ -->\n<title>Pliu\u0161in\u0117 \u0161irdel\u0117 35 cm be u\u017era\u0161o | Dovan\u0117l\u0117s prie g\u0117li\u0173 | Gintar\u0117sG\u0117l\u0117s<\/title>\n<meta name=\"description\" content=\"\u0160i mink\u0161ta pliu\u0161in\u0117 \u0161irdel\u0117, \u017eavinti tiek romanti\u0161ka i\u0161vaizda, tiek ir prakti\u0161kumu, taps tiesiog idealia dovana J\u016bs\u0173 mylimam \u017emogui!\" \/>\n<meta name=\"robots\" content=\"index, follow, max-snippet:-1, max-image-preview:large, max-video-preview:-1\" \/>\n<link rel=\"canonical\" href=\"https:\/\/www.gintaresgeles.lt\/en\/puokste\/pliusine-sirdele-pagalve-35-cm\/\" \/>\n<meta property=\"og:locale\" content=\"en_US\" \/>\n<meta property=\"og:type\" content=\"article\" \/>\n<meta property=\"og:title\" content=\"Pliu\u0161in\u0117 \u0161irdel\u0117 35 cm be u\u017era\u0161o | Dovan\u0117l\u0117s prie g\u0117li\u0173 | Gintar\u0117sG\u0117l\u0117s\" \/>\n<meta property=\"og:description\" content=\"\u0160i mink\u0161ta pliu\u0161in\u0117 \u0161irdel\u0117, \u017eavinti tiek romanti\u0161ka i\u0161vaizda, tiek ir prakti\u0161kumu, taps tiesiog idealia dovana J\u016bs\u0173 mylimam \u017emogui!\" \/>\n<meta property=\"og:url\" content=\"https:\/\/www.gintaresgeles.lt\/en\/puokste\/pliusine-sirdele-pagalve-35-cm\/\" \/>\n<meta property=\"og:site_name\" content=\"gintaresgeles.lt\" \/>\n<meta property=\"article:modified_time\" content=\"2025-05-29T00:02:14+00:00\" \/>\n<meta property=\"og:image\" content=\"https:\/\/www.gintaresgeles.lt\/wp-content\/uploads\/2017\/01\/pliusine-sirdele-pagalve.jpg\" \/>\n\t<meta property=\"og:image:width\" content=\"600\" \/>\n\t<meta property=\"og:image:height\" content=\"601\" \/>\n\t<meta property=\"og:image:type\" content=\"image\/jpeg\" \/>\n<meta name=\"twitter:card\" content=\"summary_large_image\" \/>\n<script type=\"application\/ld+json\" class=\"yoast-schema-graph\">{\"@context\":\"https:\/\/schema.org\",\"@graph\":[{\"@type\":\"WebPage\",\"@id\":\"https:\/\/www.gintaresgeles.lt\/en\/puokste\/pliusine-sirdele-pagalve-35-cm\/\",\"url\":\"https:\/\/www.gintaresgeles.lt\/en\/puokste\/pliusine-sirdele-pagalve-35-cm\/\",\"name\":\"Pliu\u0161in\u0117 \u0161irdel\u0117 35 cm be u\u017era\u0161o | Dovan\u0117l\u0117s prie g\u0117li\u0173 | Gintar\u0117sG\u0117l\u0117s\",\"isPartOf\":{\"@id\":\"https:\/\/www.gintaresgeles.lt\/en\/#website\"},\"primaryImageOfPage\":{\"@id\":\"https:\/\/www.gintaresgeles.lt\/en\/puokste\/pliusine-sirdele-pagalve-35-cm\/#primaryimage\"},\"image\":{\"@id\":\"https:\/\/www.gintaresgeles.lt\/en\/puokste\/pliusine-sirdele-pagalve-35-cm\/#primaryimage\"},\"thumbnailUrl\":\"https:\/\/www.gintaresgeles.lt\/wp-content\/uploads\/2017\/01\/pliusine-sirdele-pagalve.jpg\",\"datePublished\":\"2017-01-24T11:21:10+00:00\",\"dateModified\":\"2025-05-29T00:02:14+00:00\",\"description\":\"\u0160i mink\u0161ta pliu\u0161in\u0117 \u0161irdel\u0117, \u017eavinti tiek romanti\u0161ka i\u0161vaizda, tiek ir prakti\u0161kumu, taps tiesiog idealia dovana J\u016bs\u0173 mylimam \u017emogui!\",\"breadcrumb\":{\"@id\":\"https:\/\/www.gintaresgeles.lt\/en\/puokste\/pliusine-sirdele-pagalve-35-cm\/#breadcrumb\"},\"inLanguage\":\"en-US\",\"potentialAction\":[{\"@type\":\"ReadAction\",\"target\":[\"https:\/\/www.gintaresgeles.lt\/en\/puokste\/pliusine-sirdele-pagalve-35-cm\/\"]}]},{\"@type\":\"ImageObject\",\"inLanguage\":\"en-US\",\"@id\":\"https:\/\/www.gintaresgeles.lt\/en\/puokste\/pliusine-sirdele-pagalve-35-cm\/#primaryimage\",\"url\":\"https:\/\/www.gintaresgeles.lt\/wp-content\/uploads\/2017\/01\/pliusine-sirdele-pagalve.jpg\",\"contentUrl\":\"https:\/\/www.gintaresgeles.lt\/wp-content\/uploads\/2017\/01\/pliusine-sirdele-pagalve.jpg\",\"width\":600,\"height\":601,\"caption\":\"Pliu\u0161in\u0117 \u0161irdel\u0117 pagalv\u0117\"},{\"@type\":\"BreadcrumbList\",\"@id\":\"https:\/\/www.gintaresgeles.lt\/en\/puokste\/pliusine-sirdele-pagalve-35-cm\/#breadcrumb\",\"itemListElement\":[{\"@type\":\"ListItem\",\"position\":1,\"name\":\"Prad\u017eia\",\"item\":\"https:\/\/www.gintaresgeles.lt\/en\/\"},{\"@type\":\"ListItem\",\"position\":2,\"name\":\"All flowers and other products\",\"item\":\"https:\/\/www.gintaresgeles.lt\/en\/all-flowers-and-other-products\/\"},{\"@type\":\"ListItem\",\"position\":3,\"name\":\"Pliu\u0161in\u0117 \u0161irdel\u0117 &#8211; pagalv\u0117 (35 cm.)\"}]},{\"@type\":\"WebSite\",\"@id\":\"https:\/\/www.gintaresgeles.lt\/en\/#website\",\"url\":\"https:\/\/www.gintaresgeles.lt\/en\/\",\"name\":\"Gintares Geles\",\"description\":\"Flower delivery in Vilnius | Same-day delivery | Gintares geles\",\"potentialAction\":[{\"@type\":\"SearchAction\",\"target\":{\"@type\":\"EntryPoint\",\"urlTemplate\":\"https:\/\/www.gintaresgeles.lt\/en\/?s={search_term_string}\"},\"query-input\":{\"@type\":\"PropertyValueSpecification\",\"valueRequired\":true,\"valueName\":\"search_term_string\"}}],\"inLanguage\":\"en-US\"}]}<\/script>\n<!-- \/ Yoast SEO plugin. -->","yoast_head_json":{"title":"Pliu\u0161in\u0117 \u0161irdel\u0117 35 cm be u\u017era\u0161o | Dovan\u0117l\u0117s prie g\u0117li\u0173 | Gintar\u0117sG\u0117l\u0117s","description":"\u0160i mink\u0161ta pliu\u0161in\u0117 \u0161irdel\u0117, \u017eavinti tiek romanti\u0161ka i\u0161vaizda, tiek ir prakti\u0161kumu, taps tiesiog idealia dovana J\u016bs\u0173 mylimam \u017emogui!","robots":{"index":"index","follow":"follow","max-snippet":"max-snippet:-1","max-image-preview":"max-image-preview:large","max-video-preview":"max-video-preview:-1"},"canonical":"https:\/\/www.gintaresgeles.lt\/en\/puokste\/pliusine-sirdele-pagalve-35-cm\/","og_locale":"en_US","og_type":"article","og_title":"Pliu\u0161in\u0117 \u0161irdel\u0117 35 cm be u\u017era\u0161o | Dovan\u0117l\u0117s prie g\u0117li\u0173 | Gintar\u0117sG\u0117l\u0117s","og_description":"\u0160i mink\u0161ta pliu\u0161in\u0117 \u0161irdel\u0117, \u017eavinti tiek romanti\u0161ka i\u0161vaizda, tiek ir prakti\u0161kumu, taps tiesiog idealia dovana J\u016bs\u0173 mylimam \u017emogui!","og_url":"https:\/\/www.gintaresgeles.lt\/en\/puokste\/pliusine-sirdele-pagalve-35-cm\/","og_site_name":"gintaresgeles.lt","article_modified_time":"2025-05-29T00:02:14+00:00","og_image":[{"width":600,"height":601,"url":"https:\/\/www.gintaresgeles.lt\/wp-content\/uploads\/2017\/01\/pliusine-sirdele-pagalve.jpg","type":"image\/jpeg"}],"twitter_card":"summary_large_image","schema":{"@context":"https:\/\/schema.org","@graph":[{"@type":"WebPage","@id":"https:\/\/www.gintaresgeles.lt\/en\/puokste\/pliusine-sirdele-pagalve-35-cm\/","url":"https:\/\/www.gintaresgeles.lt\/en\/puokste\/pliusine-sirdele-pagalve-35-cm\/","name":"Pliu\u0161in\u0117 \u0161irdel\u0117 35 cm be u\u017era\u0161o | Dovan\u0117l\u0117s prie g\u0117li\u0173 | Gintar\u0117sG\u0117l\u0117s","isPartOf":{"@id":"https:\/\/www.gintaresgeles.lt\/en\/#website"},"primaryImageOfPage":{"@id":"https:\/\/www.gintaresgeles.lt\/en\/puokste\/pliusine-sirdele-pagalve-35-cm\/#primaryimage"},"image":{"@id":"https:\/\/www.gintaresgeles.lt\/en\/puokste\/pliusine-sirdele-pagalve-35-cm\/#primaryimage"},"thumbnailUrl":"https:\/\/www.gintaresgeles.lt\/wp-content\/uploads\/2017\/01\/pliusine-sirdele-pagalve.jpg","datePublished":"2017-01-24T11:21:10+00:00","dateModified":"2025-05-29T00:02:14+00:00","description":"\u0160i mink\u0161ta pliu\u0161in\u0117 \u0161irdel\u0117, \u017eavinti tiek romanti\u0161ka i\u0161vaizda, tiek ir prakti\u0161kumu, taps tiesiog idealia dovana J\u016bs\u0173 mylimam \u017emogui!","breadcrumb":{"@id":"https:\/\/www.gintaresgeles.lt\/en\/puokste\/pliusine-sirdele-pagalve-35-cm\/#breadcrumb"},"inLanguage":"en-US","potentialAction":[{"@type":"ReadAction","target":["https:\/\/www.gintaresgeles.lt\/en\/puokste\/pliusine-sirdele-pagalve-35-cm\/"]}]},{"@type":"ImageObject","inLanguage":"en-US","@id":"https:\/\/www.gintaresgeles.lt\/en\/puokste\/pliusine-sirdele-pagalve-35-cm\/#primaryimage","url":"https:\/\/www.gintaresgeles.lt\/wp-content\/uploads\/2017\/01\/pliusine-sirdele-pagalve.jpg","contentUrl":"https:\/\/www.gintaresgeles.lt\/wp-content\/uploads\/2017\/01\/pliusine-sirdele-pagalve.jpg","width":600,"height":601,"caption":"Pliu\u0161in\u0117 \u0161irdel\u0117 pagalv\u0117"},{"@type":"BreadcrumbList","@id":"https:\/\/www.gintaresgeles.lt\/en\/puokste\/pliusine-sirdele-pagalve-35-cm\/#breadcrumb","itemListElement":[{"@type":"ListItem","position":1,"name":"Prad\u017eia","item":"https:\/\/www.gintaresgeles.lt\/en\/"},{"@type":"ListItem","position":2,"name":"All flowers and other products","item":"https:\/\/www.gintaresgeles.lt\/en\/all-flowers-and-other-products\/"},{"@type":"ListItem","position":3,"name":"Pliu\u0161in\u0117 \u0161irdel\u0117 &#8211; pagalv\u0117 (35 cm.)"}]},{"@type":"WebSite","@id":"https:\/\/www.gintaresgeles.lt\/en\/#website","url":"https:\/\/www.gintaresgeles.lt\/en\/","name":"Gintares Geles","description":"Flower delivery in Vilnius | Same-day delivery | Gintares geles","potentialAction":[{"@type":"SearchAction","target":{"@type":"EntryPoint","urlTemplate":"https:\/\/www.gintaresgeles.lt\/en\/?s={search_term_string}"},"query-input":{"@type":"PropertyValueSpecification","valueRequired":true,"valueName":"search_term_string"}}],"inLanguage":"en-US"}]}},"_links":{"self":[{"href":"https:\/\/www.gintaresgeles.lt\/en\/wp-json\/wp\/v2\/product\/14669","targetHints":{"allow":["GET"]}}],"collection":[{"href":"https:\/\/www.gintaresgeles.lt\/en\/wp-json\/wp\/v2\/product"}],"about":[{"href":"https:\/\/www.gintaresgeles.lt\/en\/wp-json\/wp\/v2\/types\/product"}],"wp:featuredmedia":[{"embeddable":true,"href":"https:\/\/www.gintaresgeles.lt\/en\/wp-json\/wp\/v2\/media\/14641"}],"wp:attachment":[{"href":"https:\/\/www.gintaresgeles.lt\/en\/wp-json\/wp\/v2\/media?parent=14669"}],"wp:term":[{"taxonomy":"product_brand","embeddable":true,"href":"https:\/\/www.gintaresgeles.lt\/en\/wp-json\/wp\/v2\/product_brand?post=14669"},{"taxonomy":"product_cat","embeddable":true,"href":"https:\/\/www.gintaresgeles.lt\/en\/wp-json\/wp\/v2\/product_cat?post=14669"},{"taxonomy":"product_tag","embeddable":true,"href":"https:\/\/www.gintaresgeles.lt\/en\/wp-json\/wp\/v2\/product_tag?post=14669"}],"curies":[{"name":"wp","href":"https:\/\/api.w.org\/{rel}","templated":true}]}}