{"id":17738,"date":"2018-02-09T06:40:58","date_gmt":"2018-02-09T08:40:58","guid":{"rendered":"https:\/\/www.gintaresgeles.lt\/?post_type=product&#038;p=17738\/"},"modified":"2025-05-29T02:01:46","modified_gmt":"2025-05-29T00:01:46","slug":"white-and-pink-roses-box","status":"publish","type":"product","link":"https:\/\/www.gintaresgeles.lt\/en\/puokste\/white-and-pink-roses-box\/","title":{"rendered":"White and pink roses box"},"content":{"rendered":"<p style=\"text-align: justify\">The box contains the amount of roses you have selected, which determines the size of the box. Depending on the size of roses heads,\u00a0<span lang=\"en\">the size of the box may have several roses more or less so that the overall composition does not appear to be blank or overflowing.\u00a0<\/span><span lang=\"en\">The color of the box is chosen randomly, but is always adapted to the color of the roses and the ribbon. The colors of the rose may vary slightly, but we make sure the box of roses is always tasteful and beautiful.<\/span><\/p>\n","protected":false},"excerpt":{"rendered":"<p style=\"text-align: justify\">Send this beautiful color rose box to your girl or mother. This box looks not only original, but also spreads warm feelings, positive emotions and tenderness.<\/p>\n<p>&nbsp;<\/p>\n<p style=\"text-align: right\">\n","protected":false},"featured_media":45223,"template":"","meta":[],"product_brand":[],"product_cat":[260,259,252,266,265,256,253,257,428,262,263,651,650,264,908,267,238],"product_tag":[],"class_list":{"0":"post-17738","1":"product","2":"type-product","3":"status-publish","4":"has-post-thumbnail","6":"product_cat-birthday-flowers","7":"product_cat-flowers-by-occasion","8":"product_cat-flowers-by-recipient","9":"product_cat-flowers-by-style","10":"product_cat-flowers-by-type","11":"product_cat-flowers-for-girlfriend","12":"product_cat-flowers-for-mom","13":"product_cat-flowers-for-women","14":"product_cat-jubilee-flowers","15":"product_cat-march8th-flowers","16":"product_cat-mothers-day-flowers","17":"product_cat-pink-roses","18":"product_cat-roses-in-a-box","19":"product_cat-valentines-day-flowers","20":"product_cat-white-roses","21":"product_cat-flower-boxes","22":"product_cat-roses","23":"tm-no-options","25":"first","26":"instock","27":"taxable","28":"shipping-taxable","29":"purchasable","30":"product-type-variable","31":"has-default-attributes"},"yoast_head":"<!-- This site is optimized with the Yoast SEO plugin v25.3 - https:\/\/yoast.com\/wordpress\/plugins\/seo\/ -->\n<title>White and pink roses box | Flower delivery in Vilnius | Gintar\u0117sG\u0117l\u0117s<\/title>\n<meta name=\"description\" content=\"Pink-colored box with white and pink roses - a surprising and charming gift for a girlfriend, mother, girl or wife. This box is special in its soft colors and a good mood. Purchase online and welcome a special person at any time.\" \/>\n<meta name=\"robots\" content=\"index, follow, max-snippet:-1, max-image-preview:large, max-video-preview:-1\" \/>\n<link rel=\"canonical\" href=\"https:\/\/www.gintaresgeles.lt\/en\/puokste\/white-and-pink-roses-box\/\" \/>\n<meta property=\"og:locale\" content=\"en_US\" \/>\n<meta property=\"og:type\" content=\"article\" \/>\n<meta property=\"og:title\" content=\"White and pink roses box | Flower delivery in Vilnius | Gintar\u0117sG\u0117l\u0117s\" \/>\n<meta property=\"og:description\" content=\"Pink-colored box with white and pink roses - a surprising and charming gift for a girlfriend, mother, girl or wife. This box is special in its soft colors and a good mood. Purchase online and welcome a special person at any time.\" \/>\n<meta property=\"og:url\" content=\"https:\/\/www.gintaresgeles.lt\/en\/puokste\/white-and-pink-roses-box\/\" \/>\n<meta property=\"og:site_name\" content=\"gintaresgeles.lt\" \/>\n<meta property=\"article:modified_time\" content=\"2025-05-29T00:01:46+00:00\" \/>\n<meta property=\"og:image\" content=\"https:\/\/www.gintaresgeles.lt\/wp-content\/uploads\/2018\/02\/baltu-ir-roziniu-roziu-dezute-geles-merginai.jpg\" \/>\n\t<meta property=\"og:image:width\" content=\"1200\" \/>\n\t<meta property=\"og:image:height\" content=\"1200\" \/>\n\t<meta property=\"og:image:type\" content=\"image\/jpeg\" \/>\n<meta name=\"twitter:card\" content=\"summary_large_image\" \/>\n<script type=\"application\/ld+json\" class=\"yoast-schema-graph\">{\"@context\":\"https:\/\/schema.org\",\"@graph\":[{\"@type\":\"WebPage\",\"@id\":\"https:\/\/www.gintaresgeles.lt\/en\/puokste\/white-and-pink-roses-box\/\",\"url\":\"https:\/\/www.gintaresgeles.lt\/en\/puokste\/white-and-pink-roses-box\/\",\"name\":\"White and pink roses box | Flower delivery in Vilnius | Gintar\u0117sG\u0117l\u0117s\",\"isPartOf\":{\"@id\":\"https:\/\/www.gintaresgeles.lt\/en\/#website\"},\"primaryImageOfPage\":{\"@id\":\"https:\/\/www.gintaresgeles.lt\/en\/puokste\/white-and-pink-roses-box\/#primaryimage\"},\"image\":{\"@id\":\"https:\/\/www.gintaresgeles.lt\/en\/puokste\/white-and-pink-roses-box\/#primaryimage\"},\"thumbnailUrl\":\"https:\/\/www.gintaresgeles.lt\/wp-content\/uploads\/2018\/02\/baltu-ir-roziniu-roziu-dezute-geles-merginai.jpg\",\"datePublished\":\"2018-02-09T08:40:58+00:00\",\"dateModified\":\"2025-05-29T00:01:46+00:00\",\"description\":\"Pink-colored box with white and pink roses - a surprising and charming gift for a girlfriend, mother, girl or wife. This box is special in its soft colors and a good mood. Purchase online and welcome a special person at any time.\",\"breadcrumb\":{\"@id\":\"https:\/\/www.gintaresgeles.lt\/en\/puokste\/white-and-pink-roses-box\/#breadcrumb\"},\"inLanguage\":\"en-US\",\"potentialAction\":[{\"@type\":\"ReadAction\",\"target\":[\"https:\/\/www.gintaresgeles.lt\/en\/puokste\/white-and-pink-roses-box\/\"]}]},{\"@type\":\"ImageObject\",\"inLanguage\":\"en-US\",\"@id\":\"https:\/\/www.gintaresgeles.lt\/en\/puokste\/white-and-pink-roses-box\/#primaryimage\",\"url\":\"https:\/\/www.gintaresgeles.lt\/wp-content\/uploads\/2018\/02\/baltu-ir-roziniu-roziu-dezute-geles-merginai.jpg\",\"contentUrl\":\"https:\/\/www.gintaresgeles.lt\/wp-content\/uploads\/2018\/02\/baltu-ir-roziniu-roziu-dezute-geles-merginai.jpg\",\"width\":1200,\"height\":1200,\"caption\":\"Ro\u017ein\u0117s ir baltos ro\u017e\u0117s d\u0117\u017eut\u0117je dovanos moterims\"},{\"@type\":\"BreadcrumbList\",\"@id\":\"https:\/\/www.gintaresgeles.lt\/en\/puokste\/white-and-pink-roses-box\/#breadcrumb\",\"itemListElement\":[{\"@type\":\"ListItem\",\"position\":1,\"name\":\"Prad\u017eia\",\"item\":\"https:\/\/www.gintaresgeles.lt\/en\/\"},{\"@type\":\"ListItem\",\"position\":2,\"name\":\"All flowers and other products\",\"item\":\"https:\/\/www.gintaresgeles.lt\/en\/all-flowers-and-other-products\/\"},{\"@type\":\"ListItem\",\"position\":3,\"name\":\"White and pink roses box\"}]},{\"@type\":\"WebSite\",\"@id\":\"https:\/\/www.gintaresgeles.lt\/en\/#website\",\"url\":\"https:\/\/www.gintaresgeles.lt\/en\/\",\"name\":\"gintaresgeles.lt\",\"description\":\"G\u0117li\u0173 parduotuv\u0117 internete\",\"potentialAction\":[{\"@type\":\"SearchAction\",\"target\":{\"@type\":\"EntryPoint\",\"urlTemplate\":\"https:\/\/www.gintaresgeles.lt\/en\/?s={search_term_string}\"},\"query-input\":{\"@type\":\"PropertyValueSpecification\",\"valueRequired\":true,\"valueName\":\"search_term_string\"}}],\"inLanguage\":\"en-US\"}]}<\/script>\n<!-- \/ Yoast SEO plugin. -->","yoast_head_json":{"title":"White and pink roses box | Flower delivery in Vilnius | Gintar\u0117sG\u0117l\u0117s","description":"Pink-colored box with white and pink roses - a surprising and charming gift for a girlfriend, mother, girl or wife. This box is special in its soft colors and a good mood. Purchase online and welcome a special person at any time.","robots":{"index":"index","follow":"follow","max-snippet":"max-snippet:-1","max-image-preview":"max-image-preview:large","max-video-preview":"max-video-preview:-1"},"canonical":"https:\/\/www.gintaresgeles.lt\/en\/puokste\/white-and-pink-roses-box\/","og_locale":"en_US","og_type":"article","og_title":"White and pink roses box | Flower delivery in Vilnius | Gintar\u0117sG\u0117l\u0117s","og_description":"Pink-colored box with white and pink roses - a surprising and charming gift for a girlfriend, mother, girl or wife. This box is special in its soft colors and a good mood. Purchase online and welcome a special person at any time.","og_url":"https:\/\/www.gintaresgeles.lt\/en\/puokste\/white-and-pink-roses-box\/","og_site_name":"gintaresgeles.lt","article_modified_time":"2025-05-29T00:01:46+00:00","og_image":[{"width":1200,"height":1200,"url":"https:\/\/www.gintaresgeles.lt\/wp-content\/uploads\/2018\/02\/baltu-ir-roziniu-roziu-dezute-geles-merginai.jpg","type":"image\/jpeg"}],"twitter_card":"summary_large_image","schema":{"@context":"https:\/\/schema.org","@graph":[{"@type":"WebPage","@id":"https:\/\/www.gintaresgeles.lt\/en\/puokste\/white-and-pink-roses-box\/","url":"https:\/\/www.gintaresgeles.lt\/en\/puokste\/white-and-pink-roses-box\/","name":"White and pink roses box | Flower delivery in Vilnius | Gintar\u0117sG\u0117l\u0117s","isPartOf":{"@id":"https:\/\/www.gintaresgeles.lt\/en\/#website"},"primaryImageOfPage":{"@id":"https:\/\/www.gintaresgeles.lt\/en\/puokste\/white-and-pink-roses-box\/#primaryimage"},"image":{"@id":"https:\/\/www.gintaresgeles.lt\/en\/puokste\/white-and-pink-roses-box\/#primaryimage"},"thumbnailUrl":"https:\/\/www.gintaresgeles.lt\/wp-content\/uploads\/2018\/02\/baltu-ir-roziniu-roziu-dezute-geles-merginai.jpg","datePublished":"2018-02-09T08:40:58+00:00","dateModified":"2025-05-29T00:01:46+00:00","description":"Pink-colored box with white and pink roses - a surprising and charming gift for a girlfriend, mother, girl or wife. This box is special in its soft colors and a good mood. Purchase online and welcome a special person at any time.","breadcrumb":{"@id":"https:\/\/www.gintaresgeles.lt\/en\/puokste\/white-and-pink-roses-box\/#breadcrumb"},"inLanguage":"en-US","potentialAction":[{"@type":"ReadAction","target":["https:\/\/www.gintaresgeles.lt\/en\/puokste\/white-and-pink-roses-box\/"]}]},{"@type":"ImageObject","inLanguage":"en-US","@id":"https:\/\/www.gintaresgeles.lt\/en\/puokste\/white-and-pink-roses-box\/#primaryimage","url":"https:\/\/www.gintaresgeles.lt\/wp-content\/uploads\/2018\/02\/baltu-ir-roziniu-roziu-dezute-geles-merginai.jpg","contentUrl":"https:\/\/www.gintaresgeles.lt\/wp-content\/uploads\/2018\/02\/baltu-ir-roziniu-roziu-dezute-geles-merginai.jpg","width":1200,"height":1200,"caption":"Ro\u017ein\u0117s ir baltos ro\u017e\u0117s d\u0117\u017eut\u0117je dovanos moterims"},{"@type":"BreadcrumbList","@id":"https:\/\/www.gintaresgeles.lt\/en\/puokste\/white-and-pink-roses-box\/#breadcrumb","itemListElement":[{"@type":"ListItem","position":1,"name":"Prad\u017eia","item":"https:\/\/www.gintaresgeles.lt\/en\/"},{"@type":"ListItem","position":2,"name":"All flowers and other products","item":"https:\/\/www.gintaresgeles.lt\/en\/all-flowers-and-other-products\/"},{"@type":"ListItem","position":3,"name":"White and pink roses box"}]},{"@type":"WebSite","@id":"https:\/\/www.gintaresgeles.lt\/en\/#website","url":"https:\/\/www.gintaresgeles.lt\/en\/","name":"gintaresgeles.lt","description":"G\u0117li\u0173 parduotuv\u0117 internete","potentialAction":[{"@type":"SearchAction","target":{"@type":"EntryPoint","urlTemplate":"https:\/\/www.gintaresgeles.lt\/en\/?s={search_term_string}"},"query-input":{"@type":"PropertyValueSpecification","valueRequired":true,"valueName":"search_term_string"}}],"inLanguage":"en-US"}]}},"_links":{"self":[{"href":"https:\/\/www.gintaresgeles.lt\/en\/wp-json\/wp\/v2\/product\/17738","targetHints":{"allow":["GET"]}}],"collection":[{"href":"https:\/\/www.gintaresgeles.lt\/en\/wp-json\/wp\/v2\/product"}],"about":[{"href":"https:\/\/www.gintaresgeles.lt\/en\/wp-json\/wp\/v2\/types\/product"}],"wp:featuredmedia":[{"embeddable":true,"href":"https:\/\/www.gintaresgeles.lt\/en\/wp-json\/wp\/v2\/media\/45223"}],"wp:attachment":[{"href":"https:\/\/www.gintaresgeles.lt\/en\/wp-json\/wp\/v2\/media?parent=17738"}],"wp:term":[{"taxonomy":"product_brand","embeddable":true,"href":"https:\/\/www.gintaresgeles.lt\/en\/wp-json\/wp\/v2\/product_brand?post=17738"},{"taxonomy":"product_cat","embeddable":true,"href":"https:\/\/www.gintaresgeles.lt\/en\/wp-json\/wp\/v2\/product_cat?post=17738"},{"taxonomy":"product_tag","embeddable":true,"href":"https:\/\/www.gintaresgeles.lt\/en\/wp-json\/wp\/v2\/product_tag?post=17738"}],"curies":[{"name":"wp","href":"https:\/\/api.w.org\/{rel}","templated":true}]}}