{"id":17757,"date":"2018-02-27T13:42:50","date_gmt":"2018-04-09T09:33:08","guid":{"rendered":"https:\/\/www.gintaresgeles.lt\/?post_type=product&#038;p=17757\/"},"modified":"2025-05-29T02:01:42","modified_gmt":"2025-05-29T00:01:42","slug":"bouquet-of-eustomas","status":"publish","type":"product","link":"https:\/\/www.gintaresgeles.lt\/en\/puokste\/bouquet-of-eustomas\/","title":{"rendered":"Bouquet of Eustomas"},"content":{"rendered":"<p style=\"text-align: justify\"><span lang=\"en\">Eustoma &#8211; flowers that are surrounded by luxury and elegance. These flowers are extremely aristocratic, but not everyone understands their beauty and value. For this reason, it&#8217;s best gift to women\u00a0&#8211;\u00a0 mother, friends, loved ones or other special person. The bouquet consists of the amount of Eustomas you choose. We choose the color of the color that we have at that time, but always choose the most beautiful option and adjust the ribbon.\u00a0<\/span><\/p>\n","protected":false},"excerpt":{"rendered":"<p>Elegant bouquet of eustomas will not be unnoticed by women because they understand the worth and beauty of these flower. Surprise your loved ones by sending the bouquet to their home or office.<\/p>\n<p><em><strong>The colors are chosen from those we have on sale at the time, if you want a specific color contact us.<\/strong><\/em><\/p>\n<p style=\"text-align: right\">\n","protected":false},"featured_media":32493,"template":"","meta":[],"product_brand":[],"product_cat":[261,260,259,252,266,265,256,258,253,257,1539,428,262,263,264,242,268,1966],"product_tag":[],"class_list":{"0":"post-17757","1":"product","2":"type-product","3":"status-publish","4":"has-post-thumbnail","6":"product_cat-birthday-bouquets","7":"product_cat-birthday-flowers","8":"product_cat-flowers-by-occasion","9":"product_cat-flowers-by-recipient","10":"product_cat-flowers-by-style","11":"product_cat-flowers-by-type","12":"product_cat-flowers-for-girlfriend","13":"product_cat-flowers-for-men","14":"product_cat-flowers-for-mom","15":"product_cat-flowers-for-women","16":"product_cat-flowers-of-mourning","17":"product_cat-jubilee-flowers","18":"product_cat-march8th-flowers","19":"product_cat-mothers-day-flowers","20":"product_cat-valentines-day-flowers","21":"product_cat-eustomas","22":"product_cat-flower-bouquets","23":"product_cat-flowers-wrapped-in-paper","24":"tm-has-options","26":"first","27":"instock","28":"taxable","29":"shipping-taxable","30":"purchasable","31":"product-type-variable","32":"has-default-attributes"},"yoast_head":"<!-- This site is optimized with the Yoast SEO plugin v25.3 - https:\/\/yoast.com\/wordpress\/plugins\/seo\/ -->\n<title>Bouquet of Eustomas | Romantic bouquets | Gintar\u0117sG\u0117l\u0117s<\/title>\n<meta name=\"description\" content=\"A delicate and elegant bouquet featuring solid eustomas. The bouquet will not only impress the recipient, but will also be a charming home decor. Order this bouquet of graceful flowers online and congratulate the woman or girlfriend, because females can understand the value of these flowers.\" \/>\n<meta name=\"robots\" content=\"index, follow, max-snippet:-1, max-image-preview:large, max-video-preview:-1\" \/>\n<link rel=\"canonical\" href=\"https:\/\/www.gintaresgeles.lt\/en\/puokste\/bouquet-of-eustomas\/\" \/>\n<meta property=\"og:locale\" content=\"en_US\" \/>\n<meta property=\"og:type\" content=\"article\" \/>\n<meta property=\"og:title\" content=\"Bouquet of Eustomas | Romantic bouquets | Gintar\u0117sG\u0117l\u0117s\" \/>\n<meta property=\"og:description\" content=\"A delicate and elegant bouquet featuring solid eustomas. The bouquet will not only impress the recipient, but will also be a charming home decor. Order this bouquet of graceful flowers online and congratulate the woman or girlfriend, because females can understand the value of these flowers.\" \/>\n<meta property=\"og:url\" content=\"https:\/\/www.gintaresgeles.lt\/en\/puokste\/bouquet-of-eustomas\/\" \/>\n<meta property=\"og:site_name\" content=\"gintaresgeles.lt\" \/>\n<meta property=\"article:modified_time\" content=\"2025-05-29T00:01:42+00:00\" \/>\n<meta property=\"og:image\" content=\"https:\/\/www.gintaresgeles.lt\/wp-content\/uploads\/2018\/02\/geliu-puokste-baltos-eustomos-scaled.jpg\" \/>\n\t<meta property=\"og:image:width\" content=\"2560\" \/>\n\t<meta property=\"og:image:height\" content=\"2560\" \/>\n\t<meta property=\"og:image:type\" content=\"image\/jpeg\" \/>\n<meta name=\"twitter:card\" content=\"summary_large_image\" \/>\n<script type=\"application\/ld+json\" class=\"yoast-schema-graph\">{\"@context\":\"https:\/\/schema.org\",\"@graph\":[{\"@type\":\"WebPage\",\"@id\":\"https:\/\/www.gintaresgeles.lt\/en\/puokste\/bouquet-of-eustomas\/\",\"url\":\"https:\/\/www.gintaresgeles.lt\/en\/puokste\/bouquet-of-eustomas\/\",\"name\":\"Bouquet of Eustomas | Romantic bouquets | Gintar\u0117sG\u0117l\u0117s\",\"isPartOf\":{\"@id\":\"https:\/\/www.gintaresgeles.lt\/en\/#website\"},\"primaryImageOfPage\":{\"@id\":\"https:\/\/www.gintaresgeles.lt\/en\/puokste\/bouquet-of-eustomas\/#primaryimage\"},\"image\":{\"@id\":\"https:\/\/www.gintaresgeles.lt\/en\/puokste\/bouquet-of-eustomas\/#primaryimage\"},\"thumbnailUrl\":\"https:\/\/www.gintaresgeles.lt\/wp-content\/uploads\/2018\/02\/geliu-puokste-baltos-eustomos-scaled.jpg\",\"datePublished\":\"2018-04-09T09:33:08+00:00\",\"dateModified\":\"2025-05-29T00:01:42+00:00\",\"description\":\"A delicate and elegant bouquet featuring solid eustomas. The bouquet will not only impress the recipient, but will also be a charming home decor. Order this bouquet of graceful flowers online and congratulate the woman or girlfriend, because females can understand the value of these flowers.\",\"breadcrumb\":{\"@id\":\"https:\/\/www.gintaresgeles.lt\/en\/puokste\/bouquet-of-eustomas\/#breadcrumb\"},\"inLanguage\":\"en-US\",\"potentialAction\":[{\"@type\":\"ReadAction\",\"target\":[\"https:\/\/www.gintaresgeles.lt\/en\/puokste\/bouquet-of-eustomas\/\"]}]},{\"@type\":\"ImageObject\",\"inLanguage\":\"en-US\",\"@id\":\"https:\/\/www.gintaresgeles.lt\/en\/puokste\/bouquet-of-eustomas\/#primaryimage\",\"url\":\"https:\/\/www.gintaresgeles.lt\/wp-content\/uploads\/2018\/02\/geliu-puokste-baltos-eustomos-scaled.jpg\",\"contentUrl\":\"https:\/\/www.gintaresgeles.lt\/wp-content\/uploads\/2018\/02\/geliu-puokste-baltos-eustomos-scaled.jpg\",\"width\":2560,\"height\":2560,\"caption\":\"Balt\u0173 eustom\u0173 puok\u0161t\u0117\"},{\"@type\":\"BreadcrumbList\",\"@id\":\"https:\/\/www.gintaresgeles.lt\/en\/puokste\/bouquet-of-eustomas\/#breadcrumb\",\"itemListElement\":[{\"@type\":\"ListItem\",\"position\":1,\"name\":\"Prad\u017eia\",\"item\":\"https:\/\/www.gintaresgeles.lt\/en\/\"},{\"@type\":\"ListItem\",\"position\":2,\"name\":\"All flowers and other products\",\"item\":\"https:\/\/www.gintaresgeles.lt\/en\/all-flowers-and-other-products\/\"},{\"@type\":\"ListItem\",\"position\":3,\"name\":\"Bouquet of Eustomas\"}]},{\"@type\":\"WebSite\",\"@id\":\"https:\/\/www.gintaresgeles.lt\/en\/#website\",\"url\":\"https:\/\/www.gintaresgeles.lt\/en\/\",\"name\":\"gintaresgeles.lt\",\"description\":\"G\u0117li\u0173 parduotuv\u0117 internete\",\"potentialAction\":[{\"@type\":\"SearchAction\",\"target\":{\"@type\":\"EntryPoint\",\"urlTemplate\":\"https:\/\/www.gintaresgeles.lt\/en\/?s={search_term_string}\"},\"query-input\":{\"@type\":\"PropertyValueSpecification\",\"valueRequired\":true,\"valueName\":\"search_term_string\"}}],\"inLanguage\":\"en-US\"}]}<\/script>\n<!-- \/ Yoast SEO plugin. -->","yoast_head_json":{"title":"Bouquet of Eustomas | Romantic bouquets | Gintar\u0117sG\u0117l\u0117s","description":"A delicate and elegant bouquet featuring solid eustomas. The bouquet will not only impress the recipient, but will also be a charming home decor. Order this bouquet of graceful flowers online and congratulate the woman or girlfriend, because females can understand the value of these flowers.","robots":{"index":"index","follow":"follow","max-snippet":"max-snippet:-1","max-image-preview":"max-image-preview:large","max-video-preview":"max-video-preview:-1"},"canonical":"https:\/\/www.gintaresgeles.lt\/en\/puokste\/bouquet-of-eustomas\/","og_locale":"en_US","og_type":"article","og_title":"Bouquet of Eustomas | Romantic bouquets | Gintar\u0117sG\u0117l\u0117s","og_description":"A delicate and elegant bouquet featuring solid eustomas. The bouquet will not only impress the recipient, but will also be a charming home decor. Order this bouquet of graceful flowers online and congratulate the woman or girlfriend, because females can understand the value of these flowers.","og_url":"https:\/\/www.gintaresgeles.lt\/en\/puokste\/bouquet-of-eustomas\/","og_site_name":"gintaresgeles.lt","article_modified_time":"2025-05-29T00:01:42+00:00","og_image":[{"width":2560,"height":2560,"url":"https:\/\/www.gintaresgeles.lt\/wp-content\/uploads\/2018\/02\/geliu-puokste-baltos-eustomos-scaled.jpg","type":"image\/jpeg"}],"twitter_card":"summary_large_image","schema":{"@context":"https:\/\/schema.org","@graph":[{"@type":"WebPage","@id":"https:\/\/www.gintaresgeles.lt\/en\/puokste\/bouquet-of-eustomas\/","url":"https:\/\/www.gintaresgeles.lt\/en\/puokste\/bouquet-of-eustomas\/","name":"Bouquet of Eustomas | Romantic bouquets | Gintar\u0117sG\u0117l\u0117s","isPartOf":{"@id":"https:\/\/www.gintaresgeles.lt\/en\/#website"},"primaryImageOfPage":{"@id":"https:\/\/www.gintaresgeles.lt\/en\/puokste\/bouquet-of-eustomas\/#primaryimage"},"image":{"@id":"https:\/\/www.gintaresgeles.lt\/en\/puokste\/bouquet-of-eustomas\/#primaryimage"},"thumbnailUrl":"https:\/\/www.gintaresgeles.lt\/wp-content\/uploads\/2018\/02\/geliu-puokste-baltos-eustomos-scaled.jpg","datePublished":"2018-04-09T09:33:08+00:00","dateModified":"2025-05-29T00:01:42+00:00","description":"A delicate and elegant bouquet featuring solid eustomas. The bouquet will not only impress the recipient, but will also be a charming home decor. Order this bouquet of graceful flowers online and congratulate the woman or girlfriend, because females can understand the value of these flowers.","breadcrumb":{"@id":"https:\/\/www.gintaresgeles.lt\/en\/puokste\/bouquet-of-eustomas\/#breadcrumb"},"inLanguage":"en-US","potentialAction":[{"@type":"ReadAction","target":["https:\/\/www.gintaresgeles.lt\/en\/puokste\/bouquet-of-eustomas\/"]}]},{"@type":"ImageObject","inLanguage":"en-US","@id":"https:\/\/www.gintaresgeles.lt\/en\/puokste\/bouquet-of-eustomas\/#primaryimage","url":"https:\/\/www.gintaresgeles.lt\/wp-content\/uploads\/2018\/02\/geliu-puokste-baltos-eustomos-scaled.jpg","contentUrl":"https:\/\/www.gintaresgeles.lt\/wp-content\/uploads\/2018\/02\/geliu-puokste-baltos-eustomos-scaled.jpg","width":2560,"height":2560,"caption":"Balt\u0173 eustom\u0173 puok\u0161t\u0117"},{"@type":"BreadcrumbList","@id":"https:\/\/www.gintaresgeles.lt\/en\/puokste\/bouquet-of-eustomas\/#breadcrumb","itemListElement":[{"@type":"ListItem","position":1,"name":"Prad\u017eia","item":"https:\/\/www.gintaresgeles.lt\/en\/"},{"@type":"ListItem","position":2,"name":"All flowers and other products","item":"https:\/\/www.gintaresgeles.lt\/en\/all-flowers-and-other-products\/"},{"@type":"ListItem","position":3,"name":"Bouquet of Eustomas"}]},{"@type":"WebSite","@id":"https:\/\/www.gintaresgeles.lt\/en\/#website","url":"https:\/\/www.gintaresgeles.lt\/en\/","name":"gintaresgeles.lt","description":"G\u0117li\u0173 parduotuv\u0117 internete","potentialAction":[{"@type":"SearchAction","target":{"@type":"EntryPoint","urlTemplate":"https:\/\/www.gintaresgeles.lt\/en\/?s={search_term_string}"},"query-input":{"@type":"PropertyValueSpecification","valueRequired":true,"valueName":"search_term_string"}}],"inLanguage":"en-US"}]}},"_links":{"self":[{"href":"https:\/\/www.gintaresgeles.lt\/en\/wp-json\/wp\/v2\/product\/17757","targetHints":{"allow":["GET"]}}],"collection":[{"href":"https:\/\/www.gintaresgeles.lt\/en\/wp-json\/wp\/v2\/product"}],"about":[{"href":"https:\/\/www.gintaresgeles.lt\/en\/wp-json\/wp\/v2\/types\/product"}],"wp:featuredmedia":[{"embeddable":true,"href":"https:\/\/www.gintaresgeles.lt\/en\/wp-json\/wp\/v2\/media\/32493"}],"wp:attachment":[{"href":"https:\/\/www.gintaresgeles.lt\/en\/wp-json\/wp\/v2\/media?parent=17757"}],"wp:term":[{"taxonomy":"product_brand","embeddable":true,"href":"https:\/\/www.gintaresgeles.lt\/en\/wp-json\/wp\/v2\/product_brand?post=17757"},{"taxonomy":"product_cat","embeddable":true,"href":"https:\/\/www.gintaresgeles.lt\/en\/wp-json\/wp\/v2\/product_cat?post=17757"},{"taxonomy":"product_tag","embeddable":true,"href":"https:\/\/www.gintaresgeles.lt\/en\/wp-json\/wp\/v2\/product_tag?post=17757"}],"curies":[{"name":"wp","href":"https:\/\/api.w.org\/{rel}","templated":true}]}}