{"id":17824,"date":"2018-04-04T05:48:01","date_gmt":"2018-04-11T14:13:07","guid":{"rendered":"https:\/\/www.gintaresgeles.lt\/?post_type=product&#038;p=17824\/"},"modified":"2025-05-29T02:01:37","modified_gmt":"2025-05-29T00:01:37","slug":"red-and-yellow-tulips-box","status":"publish","type":"product","link":"https:\/\/www.gintaresgeles.lt\/en\/puokste\/red-and-yellow-tulips-box\/","title":{"rendered":"Red and yellow tulips box"},"content":{"rendered":"<p class=\"tw-data-text tw-ta tw-text-small\" dir=\"ltr\" data-placeholder=\"Vertimas\"><span lang=\"en\">A box of yellow and red tulips will be the perfect gift for your lady, when you want to not only surprise,\u00a0<\/span><span lang=\"en\">but also to show a great taste for flowers, gifts and surprises.\u00a0<\/span><span lang=\"en\">The tulips of two contrasting colors will look charming, and their presentation in the box will add modernity and, of course, practicality, as the flowers will already be supplied with water. The color of the box is chosen randomly, but we always adjust the ribbon and silk paper.<\/span><\/p>\n","protected":false},"excerpt":{"rendered":"<p style=\"text-align: justify\">The contrast of yellow and red tulips in a box will create an unforgettable gift and a wonderful surprise for a woman or girl at any occasion.<\/p>\n<p>&nbsp;<\/p>\n<p style=\"text-align: right\">\n","protected":false},"featured_media":21614,"template":"","meta":[],"product_brand":[],"product_cat":[260,259,252,266,265,256,253,257,428,262,263,264,267,239],"product_tag":[],"class_list":{"0":"post-17824","1":"product","2":"type-product","3":"status-publish","4":"has-post-thumbnail","6":"product_cat-birthday-flowers","7":"product_cat-flowers-by-occasion","8":"product_cat-flowers-by-recipient","9":"product_cat-flowers-by-style","10":"product_cat-flowers-by-type","11":"product_cat-flowers-for-girlfriend","12":"product_cat-flowers-for-mom","13":"product_cat-flowers-for-women","14":"product_cat-jubilee-flowers","15":"product_cat-march8th-flowers","16":"product_cat-mothers-day-flowers","17":"product_cat-valentines-day-flowers","18":"product_cat-flower-boxes","19":"product_cat-tulips","20":"tm-no-options","22":"first","23":"outofstock","24":"taxable","25":"shipping-taxable","26":"purchasable","27":"product-type-variable","28":"has-default-attributes"},"yoast_head":"<!-- This site is optimized with the Yoast SEO plugin v25.3 - https:\/\/yoast.com\/wordpress\/plugins\/seo\/ -->\n<title>Box of red and yellow tulips | Flower delivery | Gintar\u0117sG\u0117l\u0117s<\/title>\n<meta name=\"description\" content=\"A box of red and yellow tulips is what you are looking for on the occasion of the 8th of March for a woman. This box will not only be a tasty choice for congratulating a woman on a woman&#039;s day or another occasion, but also a wonderful surprise.\" \/>\n<meta name=\"robots\" content=\"index, follow, max-snippet:-1, max-image-preview:large, max-video-preview:-1\" \/>\n<link rel=\"canonical\" href=\"https:\/\/www.gintaresgeles.lt\/en\/puokste\/red-and-yellow-tulips-box\/\" \/>\n<meta property=\"og:locale\" content=\"en_US\" \/>\n<meta property=\"og:type\" content=\"article\" \/>\n<meta property=\"og:title\" content=\"Box of red and yellow tulips | Flower delivery | Gintar\u0117sG\u0117l\u0117s\" \/>\n<meta property=\"og:description\" content=\"A box of red and yellow tulips is what you are looking for on the occasion of the 8th of March for a woman. This box will not only be a tasty choice for congratulating a woman on a woman&#039;s day or another occasion, but also a wonderful surprise.\" \/>\n<meta property=\"og:url\" content=\"https:\/\/www.gintaresgeles.lt\/en\/puokste\/red-and-yellow-tulips-box\/\" \/>\n<meta property=\"og:site_name\" content=\"gintaresgeles.lt\" \/>\n<meta property=\"article:modified_time\" content=\"2025-05-29T00:01:37+00:00\" \/>\n<meta property=\"og:image\" content=\"https:\/\/www.gintaresgeles.lt\/wp-content\/uploads\/2018\/04\/geles-dezuteje-raudonos-ir-geltonos-tulpes.jpg\" \/>\n\t<meta property=\"og:image:width\" content=\"600\" \/>\n\t<meta property=\"og:image:height\" content=\"600\" \/>\n\t<meta property=\"og:image:type\" content=\"image\/jpeg\" \/>\n<meta name=\"twitter:card\" content=\"summary_large_image\" \/>\n<script type=\"application\/ld+json\" class=\"yoast-schema-graph\">{\"@context\":\"https:\/\/schema.org\",\"@graph\":[{\"@type\":\"WebPage\",\"@id\":\"https:\/\/www.gintaresgeles.lt\/en\/puokste\/red-and-yellow-tulips-box\/\",\"url\":\"https:\/\/www.gintaresgeles.lt\/en\/puokste\/red-and-yellow-tulips-box\/\",\"name\":\"Box of red and yellow tulips | Flower delivery | Gintar\u0117sG\u0117l\u0117s\",\"isPartOf\":{\"@id\":\"https:\/\/www.gintaresgeles.lt\/en\/#website\"},\"primaryImageOfPage\":{\"@id\":\"https:\/\/www.gintaresgeles.lt\/en\/puokste\/red-and-yellow-tulips-box\/#primaryimage\"},\"image\":{\"@id\":\"https:\/\/www.gintaresgeles.lt\/en\/puokste\/red-and-yellow-tulips-box\/#primaryimage\"},\"thumbnailUrl\":\"https:\/\/www.gintaresgeles.lt\/wp-content\/uploads\/2018\/04\/geles-dezuteje-raudonos-ir-geltonos-tulpes.jpg\",\"datePublished\":\"2018-04-11T14:13:07+00:00\",\"dateModified\":\"2025-05-29T00:01:37+00:00\",\"description\":\"A box of red and yellow tulips is what you are looking for on the occasion of the 8th of March for a woman. This box will not only be a tasty choice for congratulating a woman on a woman's day or another occasion, but also a wonderful surprise.\",\"breadcrumb\":{\"@id\":\"https:\/\/www.gintaresgeles.lt\/en\/puokste\/red-and-yellow-tulips-box\/#breadcrumb\"},\"inLanguage\":\"en-US\",\"potentialAction\":[{\"@type\":\"ReadAction\",\"target\":[\"https:\/\/www.gintaresgeles.lt\/en\/puokste\/red-and-yellow-tulips-box\/\"]}]},{\"@type\":\"ImageObject\",\"inLanguage\":\"en-US\",\"@id\":\"https:\/\/www.gintaresgeles.lt\/en\/puokste\/red-and-yellow-tulips-box\/#primaryimage\",\"url\":\"https:\/\/www.gintaresgeles.lt\/wp-content\/uploads\/2018\/04\/geles-dezuteje-raudonos-ir-geltonos-tulpes.jpg\",\"contentUrl\":\"https:\/\/www.gintaresgeles.lt\/wp-content\/uploads\/2018\/04\/geles-dezuteje-raudonos-ir-geltonos-tulpes.jpg\",\"width\":600,\"height\":600,\"caption\":\"Gelton ir raudon\u0173 tulpi\u0173 d\u0117\u017eut\u0117\"},{\"@type\":\"BreadcrumbList\",\"@id\":\"https:\/\/www.gintaresgeles.lt\/en\/puokste\/red-and-yellow-tulips-box\/#breadcrumb\",\"itemListElement\":[{\"@type\":\"ListItem\",\"position\":1,\"name\":\"Prad\u017eia\",\"item\":\"https:\/\/www.gintaresgeles.lt\/en\/\"},{\"@type\":\"ListItem\",\"position\":2,\"name\":\"All flowers and other products\",\"item\":\"https:\/\/www.gintaresgeles.lt\/en\/all-flowers-and-other-products\/\"},{\"@type\":\"ListItem\",\"position\":3,\"name\":\"Red and yellow tulips box\"}]},{\"@type\":\"WebSite\",\"@id\":\"https:\/\/www.gintaresgeles.lt\/en\/#website\",\"url\":\"https:\/\/www.gintaresgeles.lt\/en\/\",\"name\":\"Gintares Geles\",\"description\":\"Flower delivery in Vilnius | Same-day delivery | Gintares geles\",\"potentialAction\":[{\"@type\":\"SearchAction\",\"target\":{\"@type\":\"EntryPoint\",\"urlTemplate\":\"https:\/\/www.gintaresgeles.lt\/en\/?s={search_term_string}\"},\"query-input\":{\"@type\":\"PropertyValueSpecification\",\"valueRequired\":true,\"valueName\":\"search_term_string\"}}],\"inLanguage\":\"en-US\"}]}<\/script>\n<!-- \/ Yoast SEO plugin. -->","yoast_head_json":{"title":"Box of red and yellow tulips | Flower delivery | Gintar\u0117sG\u0117l\u0117s","description":"A box of red and yellow tulips is what you are looking for on the occasion of the 8th of March for a woman. This box will not only be a tasty choice for congratulating a woman on a woman's day or another occasion, but also a wonderful surprise.","robots":{"index":"index","follow":"follow","max-snippet":"max-snippet:-1","max-image-preview":"max-image-preview:large","max-video-preview":"max-video-preview:-1"},"canonical":"https:\/\/www.gintaresgeles.lt\/en\/puokste\/red-and-yellow-tulips-box\/","og_locale":"en_US","og_type":"article","og_title":"Box of red and yellow tulips | Flower delivery | Gintar\u0117sG\u0117l\u0117s","og_description":"A box of red and yellow tulips is what you are looking for on the occasion of the 8th of March for a woman. This box will not only be a tasty choice for congratulating a woman on a woman's day or another occasion, but also a wonderful surprise.","og_url":"https:\/\/www.gintaresgeles.lt\/en\/puokste\/red-and-yellow-tulips-box\/","og_site_name":"gintaresgeles.lt","article_modified_time":"2025-05-29T00:01:37+00:00","og_image":[{"width":600,"height":600,"url":"https:\/\/www.gintaresgeles.lt\/wp-content\/uploads\/2018\/04\/geles-dezuteje-raudonos-ir-geltonos-tulpes.jpg","type":"image\/jpeg"}],"twitter_card":"summary_large_image","schema":{"@context":"https:\/\/schema.org","@graph":[{"@type":"WebPage","@id":"https:\/\/www.gintaresgeles.lt\/en\/puokste\/red-and-yellow-tulips-box\/","url":"https:\/\/www.gintaresgeles.lt\/en\/puokste\/red-and-yellow-tulips-box\/","name":"Box of red and yellow tulips | Flower delivery | Gintar\u0117sG\u0117l\u0117s","isPartOf":{"@id":"https:\/\/www.gintaresgeles.lt\/en\/#website"},"primaryImageOfPage":{"@id":"https:\/\/www.gintaresgeles.lt\/en\/puokste\/red-and-yellow-tulips-box\/#primaryimage"},"image":{"@id":"https:\/\/www.gintaresgeles.lt\/en\/puokste\/red-and-yellow-tulips-box\/#primaryimage"},"thumbnailUrl":"https:\/\/www.gintaresgeles.lt\/wp-content\/uploads\/2018\/04\/geles-dezuteje-raudonos-ir-geltonos-tulpes.jpg","datePublished":"2018-04-11T14:13:07+00:00","dateModified":"2025-05-29T00:01:37+00:00","description":"A box of red and yellow tulips is what you are looking for on the occasion of the 8th of March for a woman. This box will not only be a tasty choice for congratulating a woman on a woman's day or another occasion, but also a wonderful surprise.","breadcrumb":{"@id":"https:\/\/www.gintaresgeles.lt\/en\/puokste\/red-and-yellow-tulips-box\/#breadcrumb"},"inLanguage":"en-US","potentialAction":[{"@type":"ReadAction","target":["https:\/\/www.gintaresgeles.lt\/en\/puokste\/red-and-yellow-tulips-box\/"]}]},{"@type":"ImageObject","inLanguage":"en-US","@id":"https:\/\/www.gintaresgeles.lt\/en\/puokste\/red-and-yellow-tulips-box\/#primaryimage","url":"https:\/\/www.gintaresgeles.lt\/wp-content\/uploads\/2018\/04\/geles-dezuteje-raudonos-ir-geltonos-tulpes.jpg","contentUrl":"https:\/\/www.gintaresgeles.lt\/wp-content\/uploads\/2018\/04\/geles-dezuteje-raudonos-ir-geltonos-tulpes.jpg","width":600,"height":600,"caption":"Gelton ir raudon\u0173 tulpi\u0173 d\u0117\u017eut\u0117"},{"@type":"BreadcrumbList","@id":"https:\/\/www.gintaresgeles.lt\/en\/puokste\/red-and-yellow-tulips-box\/#breadcrumb","itemListElement":[{"@type":"ListItem","position":1,"name":"Prad\u017eia","item":"https:\/\/www.gintaresgeles.lt\/en\/"},{"@type":"ListItem","position":2,"name":"All flowers and other products","item":"https:\/\/www.gintaresgeles.lt\/en\/all-flowers-and-other-products\/"},{"@type":"ListItem","position":3,"name":"Red and yellow tulips box"}]},{"@type":"WebSite","@id":"https:\/\/www.gintaresgeles.lt\/en\/#website","url":"https:\/\/www.gintaresgeles.lt\/en\/","name":"Gintares Geles","description":"Flower delivery in Vilnius | Same-day delivery | Gintares geles","potentialAction":[{"@type":"SearchAction","target":{"@type":"EntryPoint","urlTemplate":"https:\/\/www.gintaresgeles.lt\/en\/?s={search_term_string}"},"query-input":{"@type":"PropertyValueSpecification","valueRequired":true,"valueName":"search_term_string"}}],"inLanguage":"en-US"}]}},"_links":{"self":[{"href":"https:\/\/www.gintaresgeles.lt\/en\/wp-json\/wp\/v2\/product\/17824","targetHints":{"allow":["GET"]}}],"collection":[{"href":"https:\/\/www.gintaresgeles.lt\/en\/wp-json\/wp\/v2\/product"}],"about":[{"href":"https:\/\/www.gintaresgeles.lt\/en\/wp-json\/wp\/v2\/types\/product"}],"wp:featuredmedia":[{"embeddable":true,"href":"https:\/\/www.gintaresgeles.lt\/en\/wp-json\/wp\/v2\/media\/21614"}],"wp:attachment":[{"href":"https:\/\/www.gintaresgeles.lt\/en\/wp-json\/wp\/v2\/media?parent=17824"}],"wp:term":[{"taxonomy":"product_brand","embeddable":true,"href":"https:\/\/www.gintaresgeles.lt\/en\/wp-json\/wp\/v2\/product_brand?post=17824"},{"taxonomy":"product_cat","embeddable":true,"href":"https:\/\/www.gintaresgeles.lt\/en\/wp-json\/wp\/v2\/product_cat?post=17824"},{"taxonomy":"product_tag","embeddable":true,"href":"https:\/\/www.gintaresgeles.lt\/en\/wp-json\/wp\/v2\/product_tag?post=17824"}],"curies":[{"name":"wp","href":"https:\/\/api.w.org\/{rel}","templated":true}]}}