{"id":18091,"date":"2018-02-05T14:43:38","date_gmt":"2018-05-17T13:38:07","guid":{"rendered":"https:\/\/www.gintaresgeles.lt\/?post_type=product&#038;p=18091\/"},"modified":"2025-05-29T02:01:54","modified_gmt":"2025-05-29T00:01:54","slug":"stationary-decoration","status":"publish","type":"product","link":"https:\/\/www.gintaresgeles.lt\/en\/puokste\/stationary-decoration\/","title":{"rendered":"Stationary decoration"},"content":{"rendered":"<p>Choose from different decorations and select one that will best fit party, your feelings or &#8220;transmitted&#8221; message. Decoration dimensions:<\/p>\n<ul>\n<li>Kavos? &#8211; 35 x 11 x 2 cm<\/li>\n<li>Namai &#8211; 35 x 11 x 2 cm<\/li>\n<li>Mr&amp;Mrs &#8211; 50 x 35 x 1,5 cm<\/li>\n<li>A\u010di\u016b &#8211; 23 x 10 x 2 cm<\/li>\n<li>LAIM\u0116 &#8211; 38 x 12 x 2 cm<\/li>\n<li>Love &#8211; 22 x 10 x 2 cm<\/li>\n<li>Meil\u0117 &#8211; 30 x 12 x 2 cm<\/li>\n<li>Party &#8211; 43 x 20 x 2 cm<\/li>\n<li>\u0160eima &#8211; 30 x 12 x 2 cm<\/li>\n<li>\u010cia gyvena laim\u0117 &#8211; 89 x 13 x 2 cm<\/li>\n<li>Laimingi kartu &#8211; 16 x 109 x 2 cm<\/li>\n<li>Thank you &#8211; 15 x 78 x 2 cm<\/li>\n<li>\u010cia prasideda ilgai ir laimingai &#8211;\u00a0\u00a033 x 60 x 2 cm<\/li>\n<\/ul>\n<p>&nbsp;<\/p>\n","protected":false},"excerpt":{"rendered":"<p>Unique and stylish decoration for house &#8211; hand made word or phrase made from wood. These decorations are really unique. You could give this decoration with flowers as a gratitude, present or just as beautiful decoration which will definitely decorate any corner of house and will surprise the recipient.<\/p>\n","protected":false},"featured_media":16726,"template":"","meta":[],"product_brand":[],"product_cat":[237,1982],"product_tag":[],"class_list":{"0":"post-18091","1":"product","2":"type-product","3":"status-publish","4":"has-post-thumbnail","6":"product_cat-gifts","7":"product_cat-cute-presents","8":"tm-no-options","10":"first","11":"instock","12":"taxable","13":"shipping-taxable","14":"purchasable","15":"product-type-variable","16":"has-default-attributes"},"yoast_head":"<!-- This site is optimized with the Yoast SEO plugin v25.3 - https:\/\/yoast.com\/wordpress\/plugins\/seo\/ -->\n<title>Standing decoration | Hand made gifts with flowers | Gintar\u0117sG\u0117l\u0117s<\/title>\n<meta name=\"description\" content=\"Surprise close person or beloved person with unique gift - hand made decoration which will be definitely liked by recipient.\" \/>\n<meta name=\"robots\" content=\"index, follow, max-snippet:-1, max-image-preview:large, max-video-preview:-1\" \/>\n<link rel=\"canonical\" href=\"https:\/\/www.gintaresgeles.lt\/en\/puokste\/stationary-decoration\/\" \/>\n<meta property=\"og:locale\" content=\"en_US\" \/>\n<meta property=\"og:type\" content=\"article\" \/>\n<meta property=\"og:title\" content=\"Standing decoration | Hand made gifts with flowers | Gintar\u0117sG\u0117l\u0117s\" \/>\n<meta property=\"og:description\" content=\"Surprise close person or beloved person with unique gift - hand made decoration which will be definitely liked by recipient.\" \/>\n<meta property=\"og:url\" content=\"https:\/\/www.gintaresgeles.lt\/en\/puokste\/stationary-decoration\/\" \/>\n<meta property=\"og:site_name\" content=\"gintaresgeles.lt\" \/>\n<meta property=\"article:modified_time\" content=\"2025-05-29T00:01:54+00:00\" \/>\n<meta property=\"og:image\" content=\"https:\/\/www.gintaresgeles.lt\/wp-content\/uploads\/2018\/01\/pastatoma-dekoracija.jpg\" \/>\n\t<meta property=\"og:image:width\" content=\"600\" \/>\n\t<meta property=\"og:image:height\" content=\"600\" \/>\n\t<meta property=\"og:image:type\" content=\"image\/jpeg\" \/>\n<meta name=\"twitter:card\" content=\"summary_large_image\" \/>\n<script type=\"application\/ld+json\" class=\"yoast-schema-graph\">{\"@context\":\"https:\/\/schema.org\",\"@graph\":[{\"@type\":\"WebPage\",\"@id\":\"https:\/\/www.gintaresgeles.lt\/en\/puokste\/stationary-decoration\/\",\"url\":\"https:\/\/www.gintaresgeles.lt\/en\/puokste\/stationary-decoration\/\",\"name\":\"Standing decoration | Hand made gifts with flowers | Gintar\u0117sG\u0117l\u0117s\",\"isPartOf\":{\"@id\":\"https:\/\/www.gintaresgeles.lt\/en\/#website\"},\"primaryImageOfPage\":{\"@id\":\"https:\/\/www.gintaresgeles.lt\/en\/puokste\/stationary-decoration\/#primaryimage\"},\"image\":{\"@id\":\"https:\/\/www.gintaresgeles.lt\/en\/puokste\/stationary-decoration\/#primaryimage\"},\"thumbnailUrl\":\"https:\/\/www.gintaresgeles.lt\/wp-content\/uploads\/2018\/01\/pastatoma-dekoracija.jpg\",\"datePublished\":\"2018-05-17T13:38:07+00:00\",\"dateModified\":\"2025-05-29T00:01:54+00:00\",\"description\":\"Surprise close person or beloved person with unique gift - hand made decoration which will be definitely liked by recipient.\",\"breadcrumb\":{\"@id\":\"https:\/\/www.gintaresgeles.lt\/en\/puokste\/stationary-decoration\/#breadcrumb\"},\"inLanguage\":\"en-US\",\"potentialAction\":[{\"@type\":\"ReadAction\",\"target\":[\"https:\/\/www.gintaresgeles.lt\/en\/puokste\/stationary-decoration\/\"]}]},{\"@type\":\"ImageObject\",\"inLanguage\":\"en-US\",\"@id\":\"https:\/\/www.gintaresgeles.lt\/en\/puokste\/stationary-decoration\/#primaryimage\",\"url\":\"https:\/\/www.gintaresgeles.lt\/wp-content\/uploads\/2018\/01\/pastatoma-dekoracija.jpg\",\"contentUrl\":\"https:\/\/www.gintaresgeles.lt\/wp-content\/uploads\/2018\/01\/pastatoma-dekoracija.jpg\",\"width\":600,\"height\":600,\"caption\":\"Pastatoma dekoracija\"},{\"@type\":\"BreadcrumbList\",\"@id\":\"https:\/\/www.gintaresgeles.lt\/en\/puokste\/stationary-decoration\/#breadcrumb\",\"itemListElement\":[{\"@type\":\"ListItem\",\"position\":1,\"name\":\"Prad\u017eia\",\"item\":\"https:\/\/www.gintaresgeles.lt\/en\/\"},{\"@type\":\"ListItem\",\"position\":2,\"name\":\"All flowers and other products\",\"item\":\"https:\/\/www.gintaresgeles.lt\/en\/all-flowers-and-other-products\/\"},{\"@type\":\"ListItem\",\"position\":3,\"name\":\"Stationary decoration\"}]},{\"@type\":\"WebSite\",\"@id\":\"https:\/\/www.gintaresgeles.lt\/en\/#website\",\"url\":\"https:\/\/www.gintaresgeles.lt\/en\/\",\"name\":\"gintaresgeles.lt\",\"description\":\"G\u0117li\u0173 parduotuv\u0117 internete\",\"potentialAction\":[{\"@type\":\"SearchAction\",\"target\":{\"@type\":\"EntryPoint\",\"urlTemplate\":\"https:\/\/www.gintaresgeles.lt\/en\/?s={search_term_string}\"},\"query-input\":{\"@type\":\"PropertyValueSpecification\",\"valueRequired\":true,\"valueName\":\"search_term_string\"}}],\"inLanguage\":\"en-US\"}]}<\/script>\n<!-- \/ Yoast SEO plugin. -->","yoast_head_json":{"title":"Standing decoration | Hand made gifts with flowers | Gintar\u0117sG\u0117l\u0117s","description":"Surprise close person or beloved person with unique gift - hand made decoration which will be definitely liked by recipient.","robots":{"index":"index","follow":"follow","max-snippet":"max-snippet:-1","max-image-preview":"max-image-preview:large","max-video-preview":"max-video-preview:-1"},"canonical":"https:\/\/www.gintaresgeles.lt\/en\/puokste\/stationary-decoration\/","og_locale":"en_US","og_type":"article","og_title":"Standing decoration | Hand made gifts with flowers | Gintar\u0117sG\u0117l\u0117s","og_description":"Surprise close person or beloved person with unique gift - hand made decoration which will be definitely liked by recipient.","og_url":"https:\/\/www.gintaresgeles.lt\/en\/puokste\/stationary-decoration\/","og_site_name":"gintaresgeles.lt","article_modified_time":"2025-05-29T00:01:54+00:00","og_image":[{"width":600,"height":600,"url":"https:\/\/www.gintaresgeles.lt\/wp-content\/uploads\/2018\/01\/pastatoma-dekoracija.jpg","type":"image\/jpeg"}],"twitter_card":"summary_large_image","schema":{"@context":"https:\/\/schema.org","@graph":[{"@type":"WebPage","@id":"https:\/\/www.gintaresgeles.lt\/en\/puokste\/stationary-decoration\/","url":"https:\/\/www.gintaresgeles.lt\/en\/puokste\/stationary-decoration\/","name":"Standing decoration | Hand made gifts with flowers | Gintar\u0117sG\u0117l\u0117s","isPartOf":{"@id":"https:\/\/www.gintaresgeles.lt\/en\/#website"},"primaryImageOfPage":{"@id":"https:\/\/www.gintaresgeles.lt\/en\/puokste\/stationary-decoration\/#primaryimage"},"image":{"@id":"https:\/\/www.gintaresgeles.lt\/en\/puokste\/stationary-decoration\/#primaryimage"},"thumbnailUrl":"https:\/\/www.gintaresgeles.lt\/wp-content\/uploads\/2018\/01\/pastatoma-dekoracija.jpg","datePublished":"2018-05-17T13:38:07+00:00","dateModified":"2025-05-29T00:01:54+00:00","description":"Surprise close person or beloved person with unique gift - hand made decoration which will be definitely liked by recipient.","breadcrumb":{"@id":"https:\/\/www.gintaresgeles.lt\/en\/puokste\/stationary-decoration\/#breadcrumb"},"inLanguage":"en-US","potentialAction":[{"@type":"ReadAction","target":["https:\/\/www.gintaresgeles.lt\/en\/puokste\/stationary-decoration\/"]}]},{"@type":"ImageObject","inLanguage":"en-US","@id":"https:\/\/www.gintaresgeles.lt\/en\/puokste\/stationary-decoration\/#primaryimage","url":"https:\/\/www.gintaresgeles.lt\/wp-content\/uploads\/2018\/01\/pastatoma-dekoracija.jpg","contentUrl":"https:\/\/www.gintaresgeles.lt\/wp-content\/uploads\/2018\/01\/pastatoma-dekoracija.jpg","width":600,"height":600,"caption":"Pastatoma dekoracija"},{"@type":"BreadcrumbList","@id":"https:\/\/www.gintaresgeles.lt\/en\/puokste\/stationary-decoration\/#breadcrumb","itemListElement":[{"@type":"ListItem","position":1,"name":"Prad\u017eia","item":"https:\/\/www.gintaresgeles.lt\/en\/"},{"@type":"ListItem","position":2,"name":"All flowers and other products","item":"https:\/\/www.gintaresgeles.lt\/en\/all-flowers-and-other-products\/"},{"@type":"ListItem","position":3,"name":"Stationary decoration"}]},{"@type":"WebSite","@id":"https:\/\/www.gintaresgeles.lt\/en\/#website","url":"https:\/\/www.gintaresgeles.lt\/en\/","name":"gintaresgeles.lt","description":"G\u0117li\u0173 parduotuv\u0117 internete","potentialAction":[{"@type":"SearchAction","target":{"@type":"EntryPoint","urlTemplate":"https:\/\/www.gintaresgeles.lt\/en\/?s={search_term_string}"},"query-input":{"@type":"PropertyValueSpecification","valueRequired":true,"valueName":"search_term_string"}}],"inLanguage":"en-US"}]}},"_links":{"self":[{"href":"https:\/\/www.gintaresgeles.lt\/en\/wp-json\/wp\/v2\/product\/18091","targetHints":{"allow":["GET"]}}],"collection":[{"href":"https:\/\/www.gintaresgeles.lt\/en\/wp-json\/wp\/v2\/product"}],"about":[{"href":"https:\/\/www.gintaresgeles.lt\/en\/wp-json\/wp\/v2\/types\/product"}],"wp:featuredmedia":[{"embeddable":true,"href":"https:\/\/www.gintaresgeles.lt\/en\/wp-json\/wp\/v2\/media\/16726"}],"wp:attachment":[{"href":"https:\/\/www.gintaresgeles.lt\/en\/wp-json\/wp\/v2\/media?parent=18091"}],"wp:term":[{"taxonomy":"product_brand","embeddable":true,"href":"https:\/\/www.gintaresgeles.lt\/en\/wp-json\/wp\/v2\/product_brand?post=18091"},{"taxonomy":"product_cat","embeddable":true,"href":"https:\/\/www.gintaresgeles.lt\/en\/wp-json\/wp\/v2\/product_cat?post=18091"},{"taxonomy":"product_tag","embeddable":true,"href":"https:\/\/www.gintaresgeles.lt\/en\/wp-json\/wp\/v2\/product_tag?post=18091"}],"curies":[{"name":"wp","href":"https:\/\/api.w.org\/{rel}","templated":true}]}}