{"id":18118,"date":"2017-04-26T04:13:19","date_gmt":"2018-05-21T08:56:28","guid":{"rendered":"https:\/\/www.gintaresgeles.lt\/?post_type=product&#038;p=18118\/"},"modified":"2025-05-29T02:02:08","modified_gmt":"2025-05-29T00:02:08","slug":"sweets-ferrero-rocher","status":"publish","type":"product","link":"https:\/\/www.gintaresgeles.lt\/en\/puokste\/sweets-ferrero-rocher\/","title":{"rendered":"Sweets &#8220;Ferrero Rocher&#8221;"},"content":{"rendered":"<p style=\"text-align: justify\">German &#8220;Ferrero Rocher&#8221; candy box weights 200 grams and you can find in there 16 sweets. These sweets are a dessert that is poured over\u00a0 with chocolate with chopped nuts and waffle balls, and has cocoa cream, and roasted hazelnuts inside. Elegant and unusual taste &#8211; this makes &#8220;Ferrero Rocher&#8221; candies ideal gift with flowers.<\/p>\n","protected":false},"excerpt":{"rendered":"<p style=\"text-align: justify\">Elegant and refined &#8220;Ferrero Rocher&#8221; sweets will not leave indifferent any recipient. Nothing else works so well with the flowers like box of candies. Let your loved one enjoy not only flowers but also sweet moments!<\/p>\n","protected":false},"featured_media":15364,"template":"","meta":[],"product_brand":[],"product_cat":[237,1981],"product_tag":[],"class_list":{"0":"post-18118","1":"product","2":"type-product","3":"status-publish","4":"has-post-thumbnail","6":"product_cat-gifts","7":"product_cat-sweets","8":"tm-has-options","10":"first","11":"instock","12":"taxable","13":"shipping-taxable","14":"purchasable","15":"product-type-simple"},"yoast_head":"<!-- This site is optimized with the Yoast SEO plugin v25.3 - https:\/\/yoast.com\/wordpress\/plugins\/seo\/ -->\n<title>Sweets &quot;Ferrero Rocher&quot; | Tasty gifts | Gintar\u0117sG\u0117l\u0117s<\/title>\n<meta name=\"description\" content=\"Searching for a little gift that would go well with flowers? These delicious and elegant sweets will be a great choice.\" \/>\n<meta name=\"robots\" content=\"index, follow, max-snippet:-1, max-image-preview:large, max-video-preview:-1\" \/>\n<link rel=\"canonical\" href=\"https:\/\/www.gintaresgeles.lt\/en\/puokste\/sweets-ferrero-rocher\/\" \/>\n<meta property=\"og:locale\" content=\"en_US\" \/>\n<meta property=\"og:type\" content=\"article\" \/>\n<meta property=\"og:title\" content=\"Sweets &quot;Ferrero Rocher&quot; | Tasty gifts | Gintar\u0117sG\u0117l\u0117s\" \/>\n<meta property=\"og:description\" content=\"Searching for a little gift that would go well with flowers? These delicious and elegant sweets will be a great choice.\" \/>\n<meta property=\"og:url\" content=\"https:\/\/www.gintaresgeles.lt\/en\/puokste\/sweets-ferrero-rocher\/\" \/>\n<meta property=\"og:site_name\" content=\"gintaresgeles.lt\" \/>\n<meta property=\"article:modified_time\" content=\"2025-05-29T00:02:08+00:00\" \/>\n<meta property=\"og:image\" content=\"https:\/\/www.gintaresgeles.lt\/wp-content\/uploads\/2017\/04\/saldainiai-ferrero-rocher.jpg\" \/>\n\t<meta property=\"og:image:width\" content=\"600\" \/>\n\t<meta property=\"og:image:height\" content=\"600\" \/>\n\t<meta property=\"og:image:type\" content=\"image\/jpeg\" \/>\n<meta name=\"twitter:card\" content=\"summary_large_image\" \/>\n<script type=\"application\/ld+json\" class=\"yoast-schema-graph\">{\"@context\":\"https:\/\/schema.org\",\"@graph\":[{\"@type\":\"WebPage\",\"@id\":\"https:\/\/www.gintaresgeles.lt\/en\/puokste\/sweets-ferrero-rocher\/\",\"url\":\"https:\/\/www.gintaresgeles.lt\/en\/puokste\/sweets-ferrero-rocher\/\",\"name\":\"Sweets \\\"Ferrero Rocher\\\" | Tasty gifts | Gintar\u0117sG\u0117l\u0117s\",\"isPartOf\":{\"@id\":\"https:\/\/www.gintaresgeles.lt\/en\/#website\"},\"primaryImageOfPage\":{\"@id\":\"https:\/\/www.gintaresgeles.lt\/en\/puokste\/sweets-ferrero-rocher\/#primaryimage\"},\"image\":{\"@id\":\"https:\/\/www.gintaresgeles.lt\/en\/puokste\/sweets-ferrero-rocher\/#primaryimage\"},\"thumbnailUrl\":\"https:\/\/www.gintaresgeles.lt\/wp-content\/uploads\/2017\/04\/saldainiai-ferrero-rocher.jpg\",\"datePublished\":\"2018-05-21T08:56:28+00:00\",\"dateModified\":\"2025-05-29T00:02:08+00:00\",\"description\":\"Searching for a little gift that would go well with flowers? These delicious and elegant sweets will be a great choice.\",\"breadcrumb\":{\"@id\":\"https:\/\/www.gintaresgeles.lt\/en\/puokste\/sweets-ferrero-rocher\/#breadcrumb\"},\"inLanguage\":\"en-US\",\"potentialAction\":[{\"@type\":\"ReadAction\",\"target\":[\"https:\/\/www.gintaresgeles.lt\/en\/puokste\/sweets-ferrero-rocher\/\"]}]},{\"@type\":\"ImageObject\",\"inLanguage\":\"en-US\",\"@id\":\"https:\/\/www.gintaresgeles.lt\/en\/puokste\/sweets-ferrero-rocher\/#primaryimage\",\"url\":\"https:\/\/www.gintaresgeles.lt\/wp-content\/uploads\/2017\/04\/saldainiai-ferrero-rocher.jpg\",\"contentUrl\":\"https:\/\/www.gintaresgeles.lt\/wp-content\/uploads\/2017\/04\/saldainiai-ferrero-rocher.jpg\",\"width\":600,\"height\":600,\"caption\":\"Saldainiai \u201eFerrero Rocher\u201c\"},{\"@type\":\"BreadcrumbList\",\"@id\":\"https:\/\/www.gintaresgeles.lt\/en\/puokste\/sweets-ferrero-rocher\/#breadcrumb\",\"itemListElement\":[{\"@type\":\"ListItem\",\"position\":1,\"name\":\"Prad\u017eia\",\"item\":\"https:\/\/www.gintaresgeles.lt\/en\/\"},{\"@type\":\"ListItem\",\"position\":2,\"name\":\"All flowers and other products\",\"item\":\"https:\/\/www.gintaresgeles.lt\/en\/all-flowers-and-other-products\/\"},{\"@type\":\"ListItem\",\"position\":3,\"name\":\"Sweets &#8222;Ferrero Rocher&#8221;\"}]},{\"@type\":\"WebSite\",\"@id\":\"https:\/\/www.gintaresgeles.lt\/en\/#website\",\"url\":\"https:\/\/www.gintaresgeles.lt\/en\/\",\"name\":\"gintaresgeles.lt\",\"description\":\"G\u0117li\u0173 parduotuv\u0117 internete\",\"potentialAction\":[{\"@type\":\"SearchAction\",\"target\":{\"@type\":\"EntryPoint\",\"urlTemplate\":\"https:\/\/www.gintaresgeles.lt\/en\/?s={search_term_string}\"},\"query-input\":{\"@type\":\"PropertyValueSpecification\",\"valueRequired\":true,\"valueName\":\"search_term_string\"}}],\"inLanguage\":\"en-US\"}]}<\/script>\n<!-- \/ Yoast SEO plugin. -->","yoast_head_json":{"title":"Sweets \"Ferrero Rocher\" | Tasty gifts | Gintar\u0117sG\u0117l\u0117s","description":"Searching for a little gift that would go well with flowers? These delicious and elegant sweets will be a great choice.","robots":{"index":"index","follow":"follow","max-snippet":"max-snippet:-1","max-image-preview":"max-image-preview:large","max-video-preview":"max-video-preview:-1"},"canonical":"https:\/\/www.gintaresgeles.lt\/en\/puokste\/sweets-ferrero-rocher\/","og_locale":"en_US","og_type":"article","og_title":"Sweets \"Ferrero Rocher\" | Tasty gifts | Gintar\u0117sG\u0117l\u0117s","og_description":"Searching for a little gift that would go well with flowers? These delicious and elegant sweets will be a great choice.","og_url":"https:\/\/www.gintaresgeles.lt\/en\/puokste\/sweets-ferrero-rocher\/","og_site_name":"gintaresgeles.lt","article_modified_time":"2025-05-29T00:02:08+00:00","og_image":[{"width":600,"height":600,"url":"https:\/\/www.gintaresgeles.lt\/wp-content\/uploads\/2017\/04\/saldainiai-ferrero-rocher.jpg","type":"image\/jpeg"}],"twitter_card":"summary_large_image","schema":{"@context":"https:\/\/schema.org","@graph":[{"@type":"WebPage","@id":"https:\/\/www.gintaresgeles.lt\/en\/puokste\/sweets-ferrero-rocher\/","url":"https:\/\/www.gintaresgeles.lt\/en\/puokste\/sweets-ferrero-rocher\/","name":"Sweets \"Ferrero Rocher\" | Tasty gifts | Gintar\u0117sG\u0117l\u0117s","isPartOf":{"@id":"https:\/\/www.gintaresgeles.lt\/en\/#website"},"primaryImageOfPage":{"@id":"https:\/\/www.gintaresgeles.lt\/en\/puokste\/sweets-ferrero-rocher\/#primaryimage"},"image":{"@id":"https:\/\/www.gintaresgeles.lt\/en\/puokste\/sweets-ferrero-rocher\/#primaryimage"},"thumbnailUrl":"https:\/\/www.gintaresgeles.lt\/wp-content\/uploads\/2017\/04\/saldainiai-ferrero-rocher.jpg","datePublished":"2018-05-21T08:56:28+00:00","dateModified":"2025-05-29T00:02:08+00:00","description":"Searching for a little gift that would go well with flowers? These delicious and elegant sweets will be a great choice.","breadcrumb":{"@id":"https:\/\/www.gintaresgeles.lt\/en\/puokste\/sweets-ferrero-rocher\/#breadcrumb"},"inLanguage":"en-US","potentialAction":[{"@type":"ReadAction","target":["https:\/\/www.gintaresgeles.lt\/en\/puokste\/sweets-ferrero-rocher\/"]}]},{"@type":"ImageObject","inLanguage":"en-US","@id":"https:\/\/www.gintaresgeles.lt\/en\/puokste\/sweets-ferrero-rocher\/#primaryimage","url":"https:\/\/www.gintaresgeles.lt\/wp-content\/uploads\/2017\/04\/saldainiai-ferrero-rocher.jpg","contentUrl":"https:\/\/www.gintaresgeles.lt\/wp-content\/uploads\/2017\/04\/saldainiai-ferrero-rocher.jpg","width":600,"height":600,"caption":"Saldainiai \u201eFerrero Rocher\u201c"},{"@type":"BreadcrumbList","@id":"https:\/\/www.gintaresgeles.lt\/en\/puokste\/sweets-ferrero-rocher\/#breadcrumb","itemListElement":[{"@type":"ListItem","position":1,"name":"Prad\u017eia","item":"https:\/\/www.gintaresgeles.lt\/en\/"},{"@type":"ListItem","position":2,"name":"All flowers and other products","item":"https:\/\/www.gintaresgeles.lt\/en\/all-flowers-and-other-products\/"},{"@type":"ListItem","position":3,"name":"Sweets &#8222;Ferrero Rocher&#8221;"}]},{"@type":"WebSite","@id":"https:\/\/www.gintaresgeles.lt\/en\/#website","url":"https:\/\/www.gintaresgeles.lt\/en\/","name":"gintaresgeles.lt","description":"G\u0117li\u0173 parduotuv\u0117 internete","potentialAction":[{"@type":"SearchAction","target":{"@type":"EntryPoint","urlTemplate":"https:\/\/www.gintaresgeles.lt\/en\/?s={search_term_string}"},"query-input":{"@type":"PropertyValueSpecification","valueRequired":true,"valueName":"search_term_string"}}],"inLanguage":"en-US"}]}},"_links":{"self":[{"href":"https:\/\/www.gintaresgeles.lt\/en\/wp-json\/wp\/v2\/product\/18118","targetHints":{"allow":["GET"]}}],"collection":[{"href":"https:\/\/www.gintaresgeles.lt\/en\/wp-json\/wp\/v2\/product"}],"about":[{"href":"https:\/\/www.gintaresgeles.lt\/en\/wp-json\/wp\/v2\/types\/product"}],"wp:featuredmedia":[{"embeddable":true,"href":"https:\/\/www.gintaresgeles.lt\/en\/wp-json\/wp\/v2\/media\/15364"}],"wp:attachment":[{"href":"https:\/\/www.gintaresgeles.lt\/en\/wp-json\/wp\/v2\/media?parent=18118"}],"wp:term":[{"taxonomy":"product_brand","embeddable":true,"href":"https:\/\/www.gintaresgeles.lt\/en\/wp-json\/wp\/v2\/product_brand?post=18118"},{"taxonomy":"product_cat","embeddable":true,"href":"https:\/\/www.gintaresgeles.lt\/en\/wp-json\/wp\/v2\/product_cat?post=18118"},{"taxonomy":"product_tag","embeddable":true,"href":"https:\/\/www.gintaresgeles.lt\/en\/wp-json\/wp\/v2\/product_tag?post=18118"}],"curies":[{"name":"wp","href":"https:\/\/api.w.org\/{rel}","templated":true}]}}