{"id":18176,"date":"2018-04-12T13:21:46","date_gmt":"2018-05-22T11:55:05","guid":{"rendered":"https:\/\/www.gintaresgeles.lt\/?post_type=product&#038;p=18176\/"},"modified":"2025-05-29T02:01:25","modified_gmt":"2025-05-29T00:01:25","slug":"one-color-eustomas-box","status":"publish","type":"product","link":"https:\/\/www.gintaresgeles.lt\/en\/puokste\/one-color-eustomas-box\/","title":{"rendered":"One color eustomas box"},"content":{"rendered":"<p style=\"text-align: justify\">Eustomas look great in a bouquet and also in boxes with other mixed flowers. But the box made of elegant eustomas only will not leave any recipient indifferent. The color of the box is chosen randomly, matched with the color of eustomas. We choose the most beautiful color of flowers suitable for the box from colors that we have when the order is placed. This way the box will look not only fascinating, but also unique every time!<\/p>\n","protected":false},"excerpt":{"rendered":"<p style=\"text-align: justify\">Eustomas will cheer up and surprise everyone by its glamour and festivity. These flowers are suitable for various occasions &#8211; from birthday to weddings or jubilee. One-colored eustoma box will always look solid, elegant and will leave a good impression.<\/p>\n<p><em><strong>The colors are chosen from those we have on sale at the time, if you want a specific color contact us.<\/strong><\/em><\/p>\n<p>&nbsp;<\/p>\n<p style=\"text-align: right\">\n","protected":false},"featured_media":24209,"template":"","meta":[],"product_brand":[],"product_cat":[260,259,252,266,265,256,258,253,257,1539,428,262,263,264,242,267],"product_tag":[],"class_list":{"0":"post-18176","1":"product","2":"type-product","3":"status-publish","4":"has-post-thumbnail","6":"product_cat-birthday-flowers","7":"product_cat-flowers-by-occasion","8":"product_cat-flowers-by-recipient","9":"product_cat-flowers-by-style","10":"product_cat-flowers-by-type","11":"product_cat-flowers-for-girlfriend","12":"product_cat-flowers-for-men","13":"product_cat-flowers-for-mom","14":"product_cat-flowers-for-women","15":"product_cat-flowers-of-mourning","16":"product_cat-jubilee-flowers","17":"product_cat-march8th-flowers","18":"product_cat-mothers-day-flowers","19":"product_cat-valentines-day-flowers","20":"product_cat-eustomas","21":"product_cat-flower-boxes","22":"tm-no-options","24":"first","25":"instock","26":"taxable","27":"shipping-taxable","28":"purchasable","29":"product-type-variable","30":"has-default-attributes"},"yoast_head":"<!-- This site is optimized with the Yoast SEO plugin v25.3 - https:\/\/yoast.com\/wordpress\/plugins\/seo\/ -->\n<title>One color eustomas box | One color eustomas | Gintar\u0117sG\u0117l\u0117s<\/title>\n<meta name=\"description\" content=\"Express your most beautiful feelings and sincere wishes by sending beautiful eustomas box to your friends, relatives or beloved person.\" \/>\n<meta name=\"robots\" content=\"index, follow, max-snippet:-1, max-image-preview:large, max-video-preview:-1\" \/>\n<link rel=\"canonical\" href=\"https:\/\/www.gintaresgeles.lt\/en\/puokste\/one-color-eustomas-box\/\" \/>\n<meta property=\"og:locale\" content=\"en_US\" \/>\n<meta property=\"og:type\" content=\"article\" \/>\n<meta property=\"og:title\" content=\"One color eustomas box | One color eustomas | Gintar\u0117sG\u0117l\u0117s\" \/>\n<meta property=\"og:description\" content=\"Express your most beautiful feelings and sincere wishes by sending beautiful eustomas box to your friends, relatives or beloved person.\" \/>\n<meta property=\"og:url\" content=\"https:\/\/www.gintaresgeles.lt\/en\/puokste\/one-color-eustomas-box\/\" \/>\n<meta property=\"og:site_name\" content=\"gintaresgeles.lt\" \/>\n<meta property=\"article:modified_time\" content=\"2025-05-29T00:01:25+00:00\" \/>\n<meta property=\"og:image\" content=\"https:\/\/www.gintaresgeles.lt\/wp-content\/uploads\/2018\/04\/geles-dezuteje-baltos-eustomos.jpg\" \/>\n\t<meta property=\"og:image:width\" content=\"600\" \/>\n\t<meta property=\"og:image:height\" content=\"600\" \/>\n\t<meta property=\"og:image:type\" content=\"image\/jpeg\" \/>\n<meta name=\"twitter:card\" content=\"summary_large_image\" \/>\n<script type=\"application\/ld+json\" class=\"yoast-schema-graph\">{\"@context\":\"https:\/\/schema.org\",\"@graph\":[{\"@type\":\"WebPage\",\"@id\":\"https:\/\/www.gintaresgeles.lt\/en\/puokste\/one-color-eustomas-box\/\",\"url\":\"https:\/\/www.gintaresgeles.lt\/en\/puokste\/one-color-eustomas-box\/\",\"name\":\"One color eustomas box | One color eustomas | Gintar\u0117sG\u0117l\u0117s\",\"isPartOf\":{\"@id\":\"https:\/\/www.gintaresgeles.lt\/en\/#website\"},\"primaryImageOfPage\":{\"@id\":\"https:\/\/www.gintaresgeles.lt\/en\/puokste\/one-color-eustomas-box\/#primaryimage\"},\"image\":{\"@id\":\"https:\/\/www.gintaresgeles.lt\/en\/puokste\/one-color-eustomas-box\/#primaryimage\"},\"thumbnailUrl\":\"https:\/\/www.gintaresgeles.lt\/wp-content\/uploads\/2018\/04\/geles-dezuteje-baltos-eustomos.jpg\",\"datePublished\":\"2018-05-22T11:55:05+00:00\",\"dateModified\":\"2025-05-29T00:01:25+00:00\",\"description\":\"Express your most beautiful feelings and sincere wishes by sending beautiful eustomas box to your friends, relatives or beloved person.\",\"breadcrumb\":{\"@id\":\"https:\/\/www.gintaresgeles.lt\/en\/puokste\/one-color-eustomas-box\/#breadcrumb\"},\"inLanguage\":\"en-US\",\"potentialAction\":[{\"@type\":\"ReadAction\",\"target\":[\"https:\/\/www.gintaresgeles.lt\/en\/puokste\/one-color-eustomas-box\/\"]}]},{\"@type\":\"ImageObject\",\"inLanguage\":\"en-US\",\"@id\":\"https:\/\/www.gintaresgeles.lt\/en\/puokste\/one-color-eustomas-box\/#primaryimage\",\"url\":\"https:\/\/www.gintaresgeles.lt\/wp-content\/uploads\/2018\/04\/geles-dezuteje-baltos-eustomos.jpg\",\"contentUrl\":\"https:\/\/www.gintaresgeles.lt\/wp-content\/uploads\/2018\/04\/geles-dezuteje-baltos-eustomos.jpg\",\"width\":600,\"height\":600,\"caption\":\"Balt\u0173 eustom\u0173 d\u0117\u017eut\u0117\"},{\"@type\":\"BreadcrumbList\",\"@id\":\"https:\/\/www.gintaresgeles.lt\/en\/puokste\/one-color-eustomas-box\/#breadcrumb\",\"itemListElement\":[{\"@type\":\"ListItem\",\"position\":1,\"name\":\"Prad\u017eia\",\"item\":\"https:\/\/www.gintaresgeles.lt\/en\/\"},{\"@type\":\"ListItem\",\"position\":2,\"name\":\"All flowers and other products\",\"item\":\"https:\/\/www.gintaresgeles.lt\/en\/all-flowers-and-other-products\/\"},{\"@type\":\"ListItem\",\"position\":3,\"name\":\"One color eustomas box\"}]},{\"@type\":\"WebSite\",\"@id\":\"https:\/\/www.gintaresgeles.lt\/en\/#website\",\"url\":\"https:\/\/www.gintaresgeles.lt\/en\/\",\"name\":\"Gintares Geles\",\"description\":\"Flower delivery in Vilnius | Same-day delivery | Gintares geles\",\"potentialAction\":[{\"@type\":\"SearchAction\",\"target\":{\"@type\":\"EntryPoint\",\"urlTemplate\":\"https:\/\/www.gintaresgeles.lt\/en\/?s={search_term_string}\"},\"query-input\":{\"@type\":\"PropertyValueSpecification\",\"valueRequired\":true,\"valueName\":\"search_term_string\"}}],\"inLanguage\":\"en-US\"}]}<\/script>\n<!-- \/ Yoast SEO plugin. -->","yoast_head_json":{"title":"One color eustomas box | One color eustomas | Gintar\u0117sG\u0117l\u0117s","description":"Express your most beautiful feelings and sincere wishes by sending beautiful eustomas box to your friends, relatives or beloved person.","robots":{"index":"index","follow":"follow","max-snippet":"max-snippet:-1","max-image-preview":"max-image-preview:large","max-video-preview":"max-video-preview:-1"},"canonical":"https:\/\/www.gintaresgeles.lt\/en\/puokste\/one-color-eustomas-box\/","og_locale":"en_US","og_type":"article","og_title":"One color eustomas box | One color eustomas | Gintar\u0117sG\u0117l\u0117s","og_description":"Express your most beautiful feelings and sincere wishes by sending beautiful eustomas box to your friends, relatives or beloved person.","og_url":"https:\/\/www.gintaresgeles.lt\/en\/puokste\/one-color-eustomas-box\/","og_site_name":"gintaresgeles.lt","article_modified_time":"2025-05-29T00:01:25+00:00","og_image":[{"width":600,"height":600,"url":"https:\/\/www.gintaresgeles.lt\/wp-content\/uploads\/2018\/04\/geles-dezuteje-baltos-eustomos.jpg","type":"image\/jpeg"}],"twitter_card":"summary_large_image","schema":{"@context":"https:\/\/schema.org","@graph":[{"@type":"WebPage","@id":"https:\/\/www.gintaresgeles.lt\/en\/puokste\/one-color-eustomas-box\/","url":"https:\/\/www.gintaresgeles.lt\/en\/puokste\/one-color-eustomas-box\/","name":"One color eustomas box | One color eustomas | Gintar\u0117sG\u0117l\u0117s","isPartOf":{"@id":"https:\/\/www.gintaresgeles.lt\/en\/#website"},"primaryImageOfPage":{"@id":"https:\/\/www.gintaresgeles.lt\/en\/puokste\/one-color-eustomas-box\/#primaryimage"},"image":{"@id":"https:\/\/www.gintaresgeles.lt\/en\/puokste\/one-color-eustomas-box\/#primaryimage"},"thumbnailUrl":"https:\/\/www.gintaresgeles.lt\/wp-content\/uploads\/2018\/04\/geles-dezuteje-baltos-eustomos.jpg","datePublished":"2018-05-22T11:55:05+00:00","dateModified":"2025-05-29T00:01:25+00:00","description":"Express your most beautiful feelings and sincere wishes by sending beautiful eustomas box to your friends, relatives or beloved person.","breadcrumb":{"@id":"https:\/\/www.gintaresgeles.lt\/en\/puokste\/one-color-eustomas-box\/#breadcrumb"},"inLanguage":"en-US","potentialAction":[{"@type":"ReadAction","target":["https:\/\/www.gintaresgeles.lt\/en\/puokste\/one-color-eustomas-box\/"]}]},{"@type":"ImageObject","inLanguage":"en-US","@id":"https:\/\/www.gintaresgeles.lt\/en\/puokste\/one-color-eustomas-box\/#primaryimage","url":"https:\/\/www.gintaresgeles.lt\/wp-content\/uploads\/2018\/04\/geles-dezuteje-baltos-eustomos.jpg","contentUrl":"https:\/\/www.gintaresgeles.lt\/wp-content\/uploads\/2018\/04\/geles-dezuteje-baltos-eustomos.jpg","width":600,"height":600,"caption":"Balt\u0173 eustom\u0173 d\u0117\u017eut\u0117"},{"@type":"BreadcrumbList","@id":"https:\/\/www.gintaresgeles.lt\/en\/puokste\/one-color-eustomas-box\/#breadcrumb","itemListElement":[{"@type":"ListItem","position":1,"name":"Prad\u017eia","item":"https:\/\/www.gintaresgeles.lt\/en\/"},{"@type":"ListItem","position":2,"name":"All flowers and other products","item":"https:\/\/www.gintaresgeles.lt\/en\/all-flowers-and-other-products\/"},{"@type":"ListItem","position":3,"name":"One color eustomas box"}]},{"@type":"WebSite","@id":"https:\/\/www.gintaresgeles.lt\/en\/#website","url":"https:\/\/www.gintaresgeles.lt\/en\/","name":"Gintares Geles","description":"Flower delivery in Vilnius | Same-day delivery | Gintares geles","potentialAction":[{"@type":"SearchAction","target":{"@type":"EntryPoint","urlTemplate":"https:\/\/www.gintaresgeles.lt\/en\/?s={search_term_string}"},"query-input":{"@type":"PropertyValueSpecification","valueRequired":true,"valueName":"search_term_string"}}],"inLanguage":"en-US"}]}},"_links":{"self":[{"href":"https:\/\/www.gintaresgeles.lt\/en\/wp-json\/wp\/v2\/product\/18176","targetHints":{"allow":["GET"]}}],"collection":[{"href":"https:\/\/www.gintaresgeles.lt\/en\/wp-json\/wp\/v2\/product"}],"about":[{"href":"https:\/\/www.gintaresgeles.lt\/en\/wp-json\/wp\/v2\/types\/product"}],"wp:featuredmedia":[{"embeddable":true,"href":"https:\/\/www.gintaresgeles.lt\/en\/wp-json\/wp\/v2\/media\/24209"}],"wp:attachment":[{"href":"https:\/\/www.gintaresgeles.lt\/en\/wp-json\/wp\/v2\/media?parent=18176"}],"wp:term":[{"taxonomy":"product_brand","embeddable":true,"href":"https:\/\/www.gintaresgeles.lt\/en\/wp-json\/wp\/v2\/product_brand?post=18176"},{"taxonomy":"product_cat","embeddable":true,"href":"https:\/\/www.gintaresgeles.lt\/en\/wp-json\/wp\/v2\/product_cat?post=18176"},{"taxonomy":"product_tag","embeddable":true,"href":"https:\/\/www.gintaresgeles.lt\/en\/wp-json\/wp\/v2\/product_tag?post=18176"}],"curies":[{"name":"wp","href":"https:\/\/api.w.org\/{rel}","templated":true}]}}