{"id":18211,"date":"2018-04-11T07:04:05","date_gmt":"2018-05-23T14:55:45","guid":{"rendered":"https:\/\/www.gintaresgeles.lt\/?post_type=product&#038;p=18211\/"},"modified":"2025-05-29T02:01:27","modified_gmt":"2025-05-29T00:01:27","slug":"blue-exotic-roses-box","status":"publish","type":"product","link":"https:\/\/www.gintaresgeles.lt\/en\/puokste\/blue-exotic-roses-box\/","title":{"rendered":"Blue exotic roses box"},"content":{"rendered":"<p style=\"text-align: justify\">If you are looking for something nontraditional and exclusive &#8211; that is exactly what recipient will get with this box of blue roses. This gift looks really impressive and it will guarantee not only joy of a woman or a girl, but also good emotions of another close or special person. The color of the box is chosen randomly, but we always combine it with silk paper, rose color and ribbon. The color of the roses may differ slightly from the picture.<\/p>\n","protected":false},"excerpt":{"rendered":"<p style=\"text-align: justify\">Rarely found and truly exclusive blue roses will surprise, fascinate and also stun recipient with it&#8217;s beauty and uniqueness. Choose amount of roses in box. Depending on the size of the rose blossoms there may be several more or less roses so that the overall look would be better.<\/p>\n<p><em><strong>We accept only pre-orders for this blue rose bouquet. <\/strong><\/em><\/p>\n<p style=\"text-align: right\">\n","protected":false},"featured_media":32128,"template":"","meta":[],"product_brand":[],"product_cat":[260,907,259,252,266,265,256,253,257,428,262,263,650,264,267,238],"product_tag":[],"class_list":{"0":"post-18211","1":"product","2":"type-product","3":"status-publish","4":"has-post-thumbnail","6":"product_cat-birthday-flowers","7":"product_cat-blue-roses","8":"product_cat-flowers-by-occasion","9":"product_cat-flowers-by-recipient","10":"product_cat-flowers-by-style","11":"product_cat-flowers-by-type","12":"product_cat-flowers-for-girlfriend","13":"product_cat-flowers-for-mom","14":"product_cat-flowers-for-women","15":"product_cat-jubilee-flowers","16":"product_cat-march8th-flowers","17":"product_cat-mothers-day-flowers","18":"product_cat-roses-in-a-box","19":"product_cat-valentines-day-flowers","20":"product_cat-flower-boxes","21":"product_cat-roses","22":"tm-no-options","24":"first","25":"instock","26":"featured","27":"taxable","28":"shipping-taxable","29":"purchasable","30":"product-type-variable","31":"has-default-attributes"},"yoast_head":"<!-- This site is optimized with the Yoast SEO plugin v25.3 - https:\/\/yoast.com\/wordpress\/plugins\/seo\/ -->\n<title>Blue exotic roses box | Royal boxes | Gintar\u0117sG\u0117l\u0117s<\/title>\n<meta name=\"description\" content=\"If you are looking for a truly unique flower composition - exotic blue roses box is that what you need and it certainly will not leave indifferent any single recipient. Order an unforgettable blue rose box with delivery in Vilnius or Vilnius region.\" \/>\n<meta name=\"robots\" content=\"index, follow, max-snippet:-1, max-image-preview:large, max-video-preview:-1\" \/>\n<link rel=\"canonical\" href=\"https:\/\/www.gintaresgeles.lt\/en\/puokste\/blue-exotic-roses-box\/\" \/>\n<meta property=\"og:locale\" content=\"en_US\" \/>\n<meta property=\"og:type\" content=\"article\" \/>\n<meta property=\"og:title\" content=\"Blue exotic roses box | Royal boxes | Gintar\u0117sG\u0117l\u0117s\" \/>\n<meta property=\"og:description\" content=\"If you are looking for a truly unique flower composition - exotic blue roses box is that what you need and it certainly will not leave indifferent any single recipient. Order an unforgettable blue rose box with delivery in Vilnius or Vilnius region.\" \/>\n<meta property=\"og:url\" content=\"https:\/\/www.gintaresgeles.lt\/en\/puokste\/blue-exotic-roses-box\/\" \/>\n<meta property=\"og:site_name\" content=\"gintaresgeles.lt\" \/>\n<meta property=\"article:modified_time\" content=\"2025-05-29T00:01:27+00:00\" \/>\n<meta property=\"og:image\" content=\"https:\/\/www.gintaresgeles.lt\/wp-content\/uploads\/2018\/04\/roziu-dezutes-melynos-rozes-scaled.jpg\" \/>\n\t<meta property=\"og:image:width\" content=\"2560\" \/>\n\t<meta property=\"og:image:height\" content=\"2560\" \/>\n\t<meta property=\"og:image:type\" content=\"image\/jpeg\" \/>\n<meta name=\"twitter:card\" content=\"summary_large_image\" \/>\n<script type=\"application\/ld+json\" class=\"yoast-schema-graph\">{\"@context\":\"https:\/\/schema.org\",\"@graph\":[{\"@type\":\"WebPage\",\"@id\":\"https:\/\/www.gintaresgeles.lt\/en\/puokste\/blue-exotic-roses-box\/\",\"url\":\"https:\/\/www.gintaresgeles.lt\/en\/puokste\/blue-exotic-roses-box\/\",\"name\":\"Blue exotic roses box | Royal boxes | Gintar\u0117sG\u0117l\u0117s\",\"isPartOf\":{\"@id\":\"https:\/\/www.gintaresgeles.lt\/en\/#website\"},\"primaryImageOfPage\":{\"@id\":\"https:\/\/www.gintaresgeles.lt\/en\/puokste\/blue-exotic-roses-box\/#primaryimage\"},\"image\":{\"@id\":\"https:\/\/www.gintaresgeles.lt\/en\/puokste\/blue-exotic-roses-box\/#primaryimage\"},\"thumbnailUrl\":\"https:\/\/www.gintaresgeles.lt\/wp-content\/uploads\/2018\/04\/roziu-dezutes-melynos-rozes-scaled.jpg\",\"datePublished\":\"2018-05-23T14:55:45+00:00\",\"dateModified\":\"2025-05-29T00:01:27+00:00\",\"description\":\"If you are looking for a truly unique flower composition - exotic blue roses box is that what you need and it certainly will not leave indifferent any single recipient. Order an unforgettable blue rose box with delivery in Vilnius or Vilnius region.\",\"breadcrumb\":{\"@id\":\"https:\/\/www.gintaresgeles.lt\/en\/puokste\/blue-exotic-roses-box\/#breadcrumb\"},\"inLanguage\":\"en-US\",\"potentialAction\":[{\"@type\":\"ReadAction\",\"target\":[\"https:\/\/www.gintaresgeles.lt\/en\/puokste\/blue-exotic-roses-box\/\"]}]},{\"@type\":\"ImageObject\",\"inLanguage\":\"en-US\",\"@id\":\"https:\/\/www.gintaresgeles.lt\/en\/puokste\/blue-exotic-roses-box\/#primaryimage\",\"url\":\"https:\/\/www.gintaresgeles.lt\/wp-content\/uploads\/2018\/04\/roziu-dezutes-melynos-rozes-scaled.jpg\",\"contentUrl\":\"https:\/\/www.gintaresgeles.lt\/wp-content\/uploads\/2018\/04\/roziu-dezutes-melynos-rozes-scaled.jpg\",\"width\":2560,\"height\":2560,\"caption\":\"M\u0117lyn\u0173 ro\u017ei\u0173 d\u0117\u017eut\u0117 g\u0117l\u0117s merginoms\"},{\"@type\":\"BreadcrumbList\",\"@id\":\"https:\/\/www.gintaresgeles.lt\/en\/puokste\/blue-exotic-roses-box\/#breadcrumb\",\"itemListElement\":[{\"@type\":\"ListItem\",\"position\":1,\"name\":\"Prad\u017eia\",\"item\":\"https:\/\/www.gintaresgeles.lt\/en\/\"},{\"@type\":\"ListItem\",\"position\":2,\"name\":\"All flowers and other products\",\"item\":\"https:\/\/www.gintaresgeles.lt\/en\/all-flowers-and-other-products\/\"},{\"@type\":\"ListItem\",\"position\":3,\"name\":\"Blue exotic roses box\"}]},{\"@type\":\"WebSite\",\"@id\":\"https:\/\/www.gintaresgeles.lt\/en\/#website\",\"url\":\"https:\/\/www.gintaresgeles.lt\/en\/\",\"name\":\"gintaresgeles.lt\",\"description\":\"G\u0117li\u0173 parduotuv\u0117 internete\",\"potentialAction\":[{\"@type\":\"SearchAction\",\"target\":{\"@type\":\"EntryPoint\",\"urlTemplate\":\"https:\/\/www.gintaresgeles.lt\/en\/?s={search_term_string}\"},\"query-input\":{\"@type\":\"PropertyValueSpecification\",\"valueRequired\":true,\"valueName\":\"search_term_string\"}}],\"inLanguage\":\"en-US\"}]}<\/script>\n<!-- \/ Yoast SEO plugin. -->","yoast_head_json":{"title":"Blue exotic roses box | Royal boxes | Gintar\u0117sG\u0117l\u0117s","description":"If you are looking for a truly unique flower composition - exotic blue roses box is that what you need and it certainly will not leave indifferent any single recipient. Order an unforgettable blue rose box with delivery in Vilnius or Vilnius region.","robots":{"index":"index","follow":"follow","max-snippet":"max-snippet:-1","max-image-preview":"max-image-preview:large","max-video-preview":"max-video-preview:-1"},"canonical":"https:\/\/www.gintaresgeles.lt\/en\/puokste\/blue-exotic-roses-box\/","og_locale":"en_US","og_type":"article","og_title":"Blue exotic roses box | Royal boxes | Gintar\u0117sG\u0117l\u0117s","og_description":"If you are looking for a truly unique flower composition - exotic blue roses box is that what you need and it certainly will not leave indifferent any single recipient. Order an unforgettable blue rose box with delivery in Vilnius or Vilnius region.","og_url":"https:\/\/www.gintaresgeles.lt\/en\/puokste\/blue-exotic-roses-box\/","og_site_name":"gintaresgeles.lt","article_modified_time":"2025-05-29T00:01:27+00:00","og_image":[{"width":2560,"height":2560,"url":"https:\/\/www.gintaresgeles.lt\/wp-content\/uploads\/2018\/04\/roziu-dezutes-melynos-rozes-scaled.jpg","type":"image\/jpeg"}],"twitter_card":"summary_large_image","schema":{"@context":"https:\/\/schema.org","@graph":[{"@type":"WebPage","@id":"https:\/\/www.gintaresgeles.lt\/en\/puokste\/blue-exotic-roses-box\/","url":"https:\/\/www.gintaresgeles.lt\/en\/puokste\/blue-exotic-roses-box\/","name":"Blue exotic roses box | Royal boxes | Gintar\u0117sG\u0117l\u0117s","isPartOf":{"@id":"https:\/\/www.gintaresgeles.lt\/en\/#website"},"primaryImageOfPage":{"@id":"https:\/\/www.gintaresgeles.lt\/en\/puokste\/blue-exotic-roses-box\/#primaryimage"},"image":{"@id":"https:\/\/www.gintaresgeles.lt\/en\/puokste\/blue-exotic-roses-box\/#primaryimage"},"thumbnailUrl":"https:\/\/www.gintaresgeles.lt\/wp-content\/uploads\/2018\/04\/roziu-dezutes-melynos-rozes-scaled.jpg","datePublished":"2018-05-23T14:55:45+00:00","dateModified":"2025-05-29T00:01:27+00:00","description":"If you are looking for a truly unique flower composition - exotic blue roses box is that what you need and it certainly will not leave indifferent any single recipient. Order an unforgettable blue rose box with delivery in Vilnius or Vilnius region.","breadcrumb":{"@id":"https:\/\/www.gintaresgeles.lt\/en\/puokste\/blue-exotic-roses-box\/#breadcrumb"},"inLanguage":"en-US","potentialAction":[{"@type":"ReadAction","target":["https:\/\/www.gintaresgeles.lt\/en\/puokste\/blue-exotic-roses-box\/"]}]},{"@type":"ImageObject","inLanguage":"en-US","@id":"https:\/\/www.gintaresgeles.lt\/en\/puokste\/blue-exotic-roses-box\/#primaryimage","url":"https:\/\/www.gintaresgeles.lt\/wp-content\/uploads\/2018\/04\/roziu-dezutes-melynos-rozes-scaled.jpg","contentUrl":"https:\/\/www.gintaresgeles.lt\/wp-content\/uploads\/2018\/04\/roziu-dezutes-melynos-rozes-scaled.jpg","width":2560,"height":2560,"caption":"M\u0117lyn\u0173 ro\u017ei\u0173 d\u0117\u017eut\u0117 g\u0117l\u0117s merginoms"},{"@type":"BreadcrumbList","@id":"https:\/\/www.gintaresgeles.lt\/en\/puokste\/blue-exotic-roses-box\/#breadcrumb","itemListElement":[{"@type":"ListItem","position":1,"name":"Prad\u017eia","item":"https:\/\/www.gintaresgeles.lt\/en\/"},{"@type":"ListItem","position":2,"name":"All flowers and other products","item":"https:\/\/www.gintaresgeles.lt\/en\/all-flowers-and-other-products\/"},{"@type":"ListItem","position":3,"name":"Blue exotic roses box"}]},{"@type":"WebSite","@id":"https:\/\/www.gintaresgeles.lt\/en\/#website","url":"https:\/\/www.gintaresgeles.lt\/en\/","name":"gintaresgeles.lt","description":"G\u0117li\u0173 parduotuv\u0117 internete","potentialAction":[{"@type":"SearchAction","target":{"@type":"EntryPoint","urlTemplate":"https:\/\/www.gintaresgeles.lt\/en\/?s={search_term_string}"},"query-input":{"@type":"PropertyValueSpecification","valueRequired":true,"valueName":"search_term_string"}}],"inLanguage":"en-US"}]}},"_links":{"self":[{"href":"https:\/\/www.gintaresgeles.lt\/en\/wp-json\/wp\/v2\/product\/18211","targetHints":{"allow":["GET"]}}],"collection":[{"href":"https:\/\/www.gintaresgeles.lt\/en\/wp-json\/wp\/v2\/product"}],"about":[{"href":"https:\/\/www.gintaresgeles.lt\/en\/wp-json\/wp\/v2\/types\/product"}],"wp:featuredmedia":[{"embeddable":true,"href":"https:\/\/www.gintaresgeles.lt\/en\/wp-json\/wp\/v2\/media\/32128"}],"wp:attachment":[{"href":"https:\/\/www.gintaresgeles.lt\/en\/wp-json\/wp\/v2\/media?parent=18211"}],"wp:term":[{"taxonomy":"product_brand","embeddable":true,"href":"https:\/\/www.gintaresgeles.lt\/en\/wp-json\/wp\/v2\/product_brand?post=18211"},{"taxonomy":"product_cat","embeddable":true,"href":"https:\/\/www.gintaresgeles.lt\/en\/wp-json\/wp\/v2\/product_cat?post=18211"},{"taxonomy":"product_tag","embeddable":true,"href":"https:\/\/www.gintaresgeles.lt\/en\/wp-json\/wp\/v2\/product_tag?post=18211"}],"curies":[{"name":"wp","href":"https:\/\/api.w.org\/{rel}","templated":true}]}}