{"id":18220,"date":"2018-04-07T11:09:15","date_gmt":"2018-05-24T11:24:04","guid":{"rendered":"https:\/\/www.gintaresgeles.lt\/?post_type=product&#038;p=18220\/"},"modified":"2025-05-29T02:01:27","modified_gmt":"2025-05-29T00:01:27","slug":"violet-irises-and-yellow-chrysanthemums-bouquet","status":"publish","type":"product","link":"https:\/\/www.gintaresgeles.lt\/en\/puokste\/violet-irises-and-yellow-chrysanthemums-bouquet\/","title":{"rendered":"Violet irises and yellow chrysanthemums bouquet"},"content":{"rendered":"<p style=\"text-align: justify\">This bouquet of two colors is special because of its simplicity so everyone will like it. The bouquet expressing sincerity will be perfect gift for closest and most beloved people on various occasions or even without any occasions. Send the irises and chrysanthemum bouquet to a special person and the recipient will enjoy with your attention and colorful flowers.<\/p>\n","protected":false},"excerpt":{"rendered":"<p>This flower bouquet is a wonderful package for the person you want to surprise. Bright colors will definitely boost mood and matching colors will show your good taste for flowers and flower bouquets. Bouquet consists of: 5 chrysanthemums twigs and 11 irises. \u00a0<\/p>\n<p style=\"text-align: center\"><strong><span lang=\"en\">These flowers are perfect with:<\/span><\/strong><\/p>\n<ul>\n<li style=\"text-align: justify\"><span lang=\"en\" style=\"text-align: justify\"><a style=\"text-align: justify\" href=\"https:\/\/www.gintaresgeles.lt\/en\/geles\/greeting-cards\/\" target=\"_blank\" rel=\"noopener noreferrer\">Postcard. <strong>View\u2026<\/strong><\/a><\/span><\/li>\n<li style=\"text-align: justify\"><span lang=\"en\" style=\"text-align: justify\"><a style=\"text-align: justify\" href=\"https:\/\/www.gintaresgeles.lt\/en\/geles\/helium-balloons\/\" target=\"_blank\" rel=\"noopener noreferrer\">Helium balloons. <strong>View\u2026<\/strong><\/a><\/span><\/li>\n<li style=\"text-align: justify\"><span lang=\"en\" style=\"text-align: justify\"><a style=\"text-align: justify\" href=\"https:\/\/www.gintaresgeles.lt\/en\/puokste\/standing-decoration\/\" target=\"_blank\" rel=\"noopener noreferrer\">The standing decor . <strong>View\u2026<\/strong><\/a><\/span><\/li>\n<li style=\"text-align: justify\"><span lang=\"en\" style=\"text-align: justify\"><a href=\"https:\/\/www.gintaresgeles.lt\/en\/puokste\/pillow-heart-xxl\/\" target=\"_blank\" rel=\"noopener noreferrer\">Pillow &#8220;I love you&#8221; XXL . <strong>View&#8230;<\/strong><\/a><\/span><\/li>\n<li style=\"text-align: justify\"><span lang=\"en\" style=\"text-align: justify\"><a href=\"https:\/\/www.gintaresgeles.lt\/en\/puokste\/candy-raffaello\/\" target=\"_blank\" rel=\"noopener noreferrer\">Candy box &#8220;Raffaello&#8221;. <strong>View\u2026<\/strong><\/a><\/span><\/li>\n<li style=\"text-align: justify\"><span lang=\"en\" style=\"text-align: justify\"><a href=\"https:\/\/www.gintaresgeles.lt\/en\/puokste\/candy-ferrero-rocher\/\" target=\"_blank\" rel=\"noopener noreferrer\">Sweets &#8220;Ferrero Rocher&#8221;. <strong>View\u2026<\/strong><\/a><\/span><\/li>\n<\/ul>\n<p style=\"text-align: right\"><a href=\"https:\/\/www.gintaresgeles.lt\/en\/geles\/gifts\/\" target=\"_blank\" rel=\"noopener noreferrer\"><span lang=\"en\">All the gifts you can add to flowers can be found <strong>here.<\/strong><\/span><\/a><\/p>\n","protected":false},"featured_media":0,"template":"","meta":[],"product_brand":[],"product_cat":[261,260,259,252,266,265,256,253,257,262,263,243,268,1966,247],"product_tag":[],"class_list":{"0":"post-18220","1":"product","2":"type-product","3":"status-publish","5":"product_cat-birthday-bouquets","6":"product_cat-birthday-flowers","7":"product_cat-flowers-by-occasion","8":"product_cat-flowers-by-recipient","9":"product_cat-flowers-by-style","10":"product_cat-flowers-by-type","11":"product_cat-flowers-for-girlfriend","12":"product_cat-flowers-for-mom","13":"product_cat-flowers-for-women","14":"product_cat-march8th-flowers","15":"product_cat-mothers-day-flowers","16":"product_cat-chrysanthemums","17":"product_cat-flower-bouquets","18":"product_cat-flowers-wrapped-in-paper","19":"product_cat-irises","20":"tm-has-options","22":"first","23":"outofstock","24":"taxable","25":"shipping-taxable","26":"purchasable","27":"product-type-simple"},"yoast_head":"<!-- This site is optimized with the Yoast SEO plugin v25.3 - https:\/\/yoast.com\/wordpress\/plugins\/seo\/ -->\n<title>Violet irises and yellow chrysanthemums bouquet | Gintar\u0117sG\u0117l\u0117s<\/title>\n<meta name=\"description\" content=\"The bouquet full of expressive and contrasting colors - ideal gift for friends and family for any occasions. Make order online and we will deliver it any part of Vilnius or Vilnius region.\" \/>\n<meta name=\"robots\" content=\"index, follow, max-snippet:-1, max-image-preview:large, max-video-preview:-1\" \/>\n<link rel=\"canonical\" href=\"https:\/\/www.gintaresgeles.lt\/en\/puokste\/violet-irises-and-yellow-chrysanthemums-bouquet\/\" \/>\n<meta property=\"og:locale\" content=\"en_US\" \/>\n<meta property=\"og:type\" content=\"article\" \/>\n<meta property=\"og:title\" content=\"Violet irises and yellow chrysanthemums bouquet | Gintar\u0117sG\u0117l\u0117s\" \/>\n<meta property=\"og:description\" content=\"The bouquet full of expressive and contrasting colors - ideal gift for friends and family for any occasions. Make order online and we will deliver it any part of Vilnius or Vilnius region.\" \/>\n<meta property=\"og:url\" content=\"https:\/\/www.gintaresgeles.lt\/en\/puokste\/violet-irises-and-yellow-chrysanthemums-bouquet\/\" \/>\n<meta property=\"og:site_name\" content=\"gintaresgeles.lt\" \/>\n<meta property=\"article:modified_time\" content=\"2025-05-29T00:01:27+00:00\" \/>\n<meta property=\"og:image\" content=\"https:\/\/www.gintaresgeles.lt\/wp-content\/uploads\/2018\/04\/irisu-ir-chrizantemu-puokste.jpg\" \/>\n\t<meta property=\"og:image:width\" content=\"600\" \/>\n\t<meta property=\"og:image:height\" content=\"600\" \/>\n\t<meta property=\"og:image:type\" content=\"image\/jpeg\" \/>\n<meta name=\"twitter:card\" content=\"summary_large_image\" \/>\n<script type=\"application\/ld+json\" class=\"yoast-schema-graph\">{\"@context\":\"https:\/\/schema.org\",\"@graph\":[{\"@type\":\"WebPage\",\"@id\":\"https:\/\/www.gintaresgeles.lt\/en\/puokste\/violet-irises-and-yellow-chrysanthemums-bouquet\/\",\"url\":\"https:\/\/www.gintaresgeles.lt\/en\/puokste\/violet-irises-and-yellow-chrysanthemums-bouquet\/\",\"name\":\"Violet irises and yellow chrysanthemums bouquet | Gintar\u0117sG\u0117l\u0117s\",\"isPartOf\":{\"@id\":\"https:\/\/www.gintaresgeles.lt\/en\/#website\"},\"datePublished\":\"2018-05-24T11:24:04+00:00\",\"dateModified\":\"2025-05-29T00:01:27+00:00\",\"description\":\"The bouquet full of expressive and contrasting colors - ideal gift for friends and family for any occasions. Make order online and we will deliver it any part of Vilnius or Vilnius region.\",\"breadcrumb\":{\"@id\":\"https:\/\/www.gintaresgeles.lt\/en\/puokste\/violet-irises-and-yellow-chrysanthemums-bouquet\/#breadcrumb\"},\"inLanguage\":\"en-US\",\"potentialAction\":[{\"@type\":\"ReadAction\",\"target\":[\"https:\/\/www.gintaresgeles.lt\/en\/puokste\/violet-irises-and-yellow-chrysanthemums-bouquet\/\"]}]},{\"@type\":\"BreadcrumbList\",\"@id\":\"https:\/\/www.gintaresgeles.lt\/en\/puokste\/violet-irises-and-yellow-chrysanthemums-bouquet\/#breadcrumb\",\"itemListElement\":[{\"@type\":\"ListItem\",\"position\":1,\"name\":\"Prad\u017eia\",\"item\":\"https:\/\/www.gintaresgeles.lt\/en\/\"},{\"@type\":\"ListItem\",\"position\":2,\"name\":\"All flowers and other products\",\"item\":\"https:\/\/www.gintaresgeles.lt\/en\/all-flowers-and-other-products\/\"},{\"@type\":\"ListItem\",\"position\":3,\"name\":\"Violet irises and yellow chrysanthemums bouquet\"}]},{\"@type\":\"WebSite\",\"@id\":\"https:\/\/www.gintaresgeles.lt\/en\/#website\",\"url\":\"https:\/\/www.gintaresgeles.lt\/en\/\",\"name\":\"gintaresgeles.lt\",\"description\":\"G\u0117li\u0173 parduotuv\u0117 internete\",\"potentialAction\":[{\"@type\":\"SearchAction\",\"target\":{\"@type\":\"EntryPoint\",\"urlTemplate\":\"https:\/\/www.gintaresgeles.lt\/en\/?s={search_term_string}\"},\"query-input\":{\"@type\":\"PropertyValueSpecification\",\"valueRequired\":true,\"valueName\":\"search_term_string\"}}],\"inLanguage\":\"en-US\"}]}<\/script>\n<!-- \/ Yoast SEO plugin. -->","yoast_head_json":{"title":"Violet irises and yellow chrysanthemums bouquet | Gintar\u0117sG\u0117l\u0117s","description":"The bouquet full of expressive and contrasting colors - ideal gift for friends and family for any occasions. Make order online and we will deliver it any part of Vilnius or Vilnius region.","robots":{"index":"index","follow":"follow","max-snippet":"max-snippet:-1","max-image-preview":"max-image-preview:large","max-video-preview":"max-video-preview:-1"},"canonical":"https:\/\/www.gintaresgeles.lt\/en\/puokste\/violet-irises-and-yellow-chrysanthemums-bouquet\/","og_locale":"en_US","og_type":"article","og_title":"Violet irises and yellow chrysanthemums bouquet | Gintar\u0117sG\u0117l\u0117s","og_description":"The bouquet full of expressive and contrasting colors - ideal gift for friends and family for any occasions. Make order online and we will deliver it any part of Vilnius or Vilnius region.","og_url":"https:\/\/www.gintaresgeles.lt\/en\/puokste\/violet-irises-and-yellow-chrysanthemums-bouquet\/","og_site_name":"gintaresgeles.lt","article_modified_time":"2025-05-29T00:01:27+00:00","og_image":[{"width":600,"height":600,"url":"https:\/\/www.gintaresgeles.lt\/wp-content\/uploads\/2018\/04\/irisu-ir-chrizantemu-puokste.jpg","type":"image\/jpeg"}],"twitter_card":"summary_large_image","schema":{"@context":"https:\/\/schema.org","@graph":[{"@type":"WebPage","@id":"https:\/\/www.gintaresgeles.lt\/en\/puokste\/violet-irises-and-yellow-chrysanthemums-bouquet\/","url":"https:\/\/www.gintaresgeles.lt\/en\/puokste\/violet-irises-and-yellow-chrysanthemums-bouquet\/","name":"Violet irises and yellow chrysanthemums bouquet | Gintar\u0117sG\u0117l\u0117s","isPartOf":{"@id":"https:\/\/www.gintaresgeles.lt\/en\/#website"},"datePublished":"2018-05-24T11:24:04+00:00","dateModified":"2025-05-29T00:01:27+00:00","description":"The bouquet full of expressive and contrasting colors - ideal gift for friends and family for any occasions. Make order online and we will deliver it any part of Vilnius or Vilnius region.","breadcrumb":{"@id":"https:\/\/www.gintaresgeles.lt\/en\/puokste\/violet-irises-and-yellow-chrysanthemums-bouquet\/#breadcrumb"},"inLanguage":"en-US","potentialAction":[{"@type":"ReadAction","target":["https:\/\/www.gintaresgeles.lt\/en\/puokste\/violet-irises-and-yellow-chrysanthemums-bouquet\/"]}]},{"@type":"BreadcrumbList","@id":"https:\/\/www.gintaresgeles.lt\/en\/puokste\/violet-irises-and-yellow-chrysanthemums-bouquet\/#breadcrumb","itemListElement":[{"@type":"ListItem","position":1,"name":"Prad\u017eia","item":"https:\/\/www.gintaresgeles.lt\/en\/"},{"@type":"ListItem","position":2,"name":"All flowers and other products","item":"https:\/\/www.gintaresgeles.lt\/en\/all-flowers-and-other-products\/"},{"@type":"ListItem","position":3,"name":"Violet irises and yellow chrysanthemums bouquet"}]},{"@type":"WebSite","@id":"https:\/\/www.gintaresgeles.lt\/en\/#website","url":"https:\/\/www.gintaresgeles.lt\/en\/","name":"gintaresgeles.lt","description":"G\u0117li\u0173 parduotuv\u0117 internete","potentialAction":[{"@type":"SearchAction","target":{"@type":"EntryPoint","urlTemplate":"https:\/\/www.gintaresgeles.lt\/en\/?s={search_term_string}"},"query-input":{"@type":"PropertyValueSpecification","valueRequired":true,"valueName":"search_term_string"}}],"inLanguage":"en-US"}]}},"_links":{"self":[{"href":"https:\/\/www.gintaresgeles.lt\/en\/wp-json\/wp\/v2\/product\/18220","targetHints":{"allow":["GET"]}}],"collection":[{"href":"https:\/\/www.gintaresgeles.lt\/en\/wp-json\/wp\/v2\/product"}],"about":[{"href":"https:\/\/www.gintaresgeles.lt\/en\/wp-json\/wp\/v2\/types\/product"}],"wp:attachment":[{"href":"https:\/\/www.gintaresgeles.lt\/en\/wp-json\/wp\/v2\/media?parent=18220"}],"wp:term":[{"taxonomy":"product_brand","embeddable":true,"href":"https:\/\/www.gintaresgeles.lt\/en\/wp-json\/wp\/v2\/product_brand?post=18220"},{"taxonomy":"product_cat","embeddable":true,"href":"https:\/\/www.gintaresgeles.lt\/en\/wp-json\/wp\/v2\/product_cat?post=18220"},{"taxonomy":"product_tag","embeddable":true,"href":"https:\/\/www.gintaresgeles.lt\/en\/wp-json\/wp\/v2\/product_tag?post=18220"}],"curies":[{"name":"wp","href":"https:\/\/api.w.org\/{rel}","templated":true}]}}