{"id":18238,"date":"2018-04-04T13:38:05","date_gmt":"2018-04-04T15:38:05","guid":{"rendered":"https:\/\/www.gintaresgeles.lt\/?post_type=product&#038;p=18238\/"},"modified":"2025-11-17T11:32:57","modified_gmt":"2025-11-17T09:32:57","slug":"yellow-roses-bouquet","status":"publish","type":"product","link":"https:\/\/www.gintaresgeles.lt\/en\/puokste\/yellow-roses-bouquet\/","title":{"rendered":"Yellow roses bouquet"},"content":{"rendered":"<p style=\"text-align: justify;\">Yellow roses means friendship, light and joy. Due to these meanings, yellow roses are often given to friends, colleagues, family members and other people with whom you have beautiful and friendly relationships. Also, yellow color flowers are especially suitable for men because of their bright and expressive color. We wrap the roses in cellophane and we will cover it with a brightly colored ribbon.<\/p>\n","protected":false},"excerpt":{"rendered":"<p style=\"text-align: justify;\">A bouquet of bright yellow roses will surprise everyone and will make them smile all day long. If you want to make a pleasant surprise to a close person, then order a bright and delightful colored rose bouquet delivered to home or office.<\/p>\n","protected":false},"featured_media":44419,"template":"","meta":[],"product_brand":[],"product_cat":[261,260,259,252,266,265,256,258,253,257,428,262,263,264,909,1807,268,1966,238],"product_tag":[],"class_list":{"0":"post-18238","1":"product","2":"type-product","3":"status-publish","4":"has-post-thumbnail","6":"product_cat-birthday-bouquets","7":"product_cat-birthday-flowers","8":"product_cat-flowers-by-occasion","9":"product_cat-flowers-by-recipient","10":"product_cat-flowers-by-style","11":"product_cat-flowers-by-type","12":"product_cat-flowers-for-girlfriend","13":"product_cat-flowers-for-men","14":"product_cat-flowers-for-mom","15":"product_cat-flowers-for-women","16":"product_cat-jubilee-flowers","17":"product_cat-march8th-flowers","18":"product_cat-mothers-day-flowers","19":"product_cat-valentines-day-flowers","20":"product_cat-yellow-roses","21":"product_cat-101-rose","22":"product_cat-flower-bouquets","23":"product_cat-flowers-wrapped-in-paper","24":"product_cat-roses","25":"tm-has-options","27":"first","28":"instock","29":"taxable","30":"shipping-taxable","31":"purchasable","32":"product-type-variable","33":"has-default-attributes"},"yoast_head":"<!-- This site is optimized with the Yoast SEO plugin v25.3 - https:\/\/yoast.com\/wordpress\/plugins\/seo\/ -->\n<title>Yellow roses bouquet | Cut flowers in bouquets | Gintar\u0117sG\u0117l\u0117s<\/title>\n<meta name=\"description\" content=\"Cheer up friends, relatives or your loved ones day by sending an expressive and delightful yellow bouquet of roses to their home or office in Vilnius!\" \/>\n<meta name=\"robots\" content=\"index, follow, max-snippet:-1, max-image-preview:large, max-video-preview:-1\" \/>\n<link rel=\"canonical\" href=\"https:\/\/www.gintaresgeles.lt\/en\/puokste\/yellow-roses-bouquet\/\" \/>\n<meta property=\"og:locale\" content=\"en_US\" \/>\n<meta property=\"og:type\" content=\"article\" \/>\n<meta property=\"og:title\" content=\"Yellow roses bouquet | Cut flowers in bouquets | Gintar\u0117sG\u0117l\u0117s\" \/>\n<meta property=\"og:description\" content=\"Cheer up friends, relatives or your loved ones day by sending an expressive and delightful yellow bouquet of roses to their home or office in Vilnius!\" \/>\n<meta property=\"og:url\" content=\"https:\/\/www.gintaresgeles.lt\/en\/puokste\/yellow-roses-bouquet\/\" \/>\n<meta property=\"og:site_name\" content=\"gintaresgeles.lt\" \/>\n<meta property=\"article:modified_time\" content=\"2025-11-17T09:32:57+00:00\" \/>\n<meta property=\"og:image\" content=\"https:\/\/www.gintaresgeles.lt\/wp-content\/uploads\/2018\/04\/geltonos-rozes-puoksteje-geles-gimtadienio-proga.jpg\" \/>\n\t<meta property=\"og:image:width\" content=\"1200\" \/>\n\t<meta property=\"og:image:height\" content=\"1200\" \/>\n\t<meta property=\"og:image:type\" content=\"image\/jpeg\" \/>\n<meta name=\"twitter:card\" content=\"summary_large_image\" \/>\n<script type=\"application\/ld+json\" class=\"yoast-schema-graph\">{\"@context\":\"https:\/\/schema.org\",\"@graph\":[{\"@type\":\"WebPage\",\"@id\":\"https:\/\/www.gintaresgeles.lt\/en\/puokste\/yellow-roses-bouquet\/\",\"url\":\"https:\/\/www.gintaresgeles.lt\/en\/puokste\/yellow-roses-bouquet\/\",\"name\":\"Yellow roses bouquet | Cut flowers in bouquets | Gintar\u0117sG\u0117l\u0117s\",\"isPartOf\":{\"@id\":\"https:\/\/www.gintaresgeles.lt\/en\/#website\"},\"primaryImageOfPage\":{\"@id\":\"https:\/\/www.gintaresgeles.lt\/en\/puokste\/yellow-roses-bouquet\/#primaryimage\"},\"image\":{\"@id\":\"https:\/\/www.gintaresgeles.lt\/en\/puokste\/yellow-roses-bouquet\/#primaryimage\"},\"thumbnailUrl\":\"https:\/\/www.gintaresgeles.lt\/wp-content\/uploads\/2018\/04\/geltonos-rozes-puoksteje-geles-gimtadienio-proga.jpg\",\"datePublished\":\"2018-04-04T15:38:05+00:00\",\"dateModified\":\"2025-11-17T09:32:57+00:00\",\"description\":\"Cheer up friends, relatives or your loved ones day by sending an expressive and delightful yellow bouquet of roses to their home or office in Vilnius!\",\"breadcrumb\":{\"@id\":\"https:\/\/www.gintaresgeles.lt\/en\/puokste\/yellow-roses-bouquet\/#breadcrumb\"},\"inLanguage\":\"en-US\",\"potentialAction\":[{\"@type\":\"ReadAction\",\"target\":[\"https:\/\/www.gintaresgeles.lt\/en\/puokste\/yellow-roses-bouquet\/\"]}]},{\"@type\":\"ImageObject\",\"inLanguage\":\"en-US\",\"@id\":\"https:\/\/www.gintaresgeles.lt\/en\/puokste\/yellow-roses-bouquet\/#primaryimage\",\"url\":\"https:\/\/www.gintaresgeles.lt\/wp-content\/uploads\/2018\/04\/geltonos-rozes-puoksteje-geles-gimtadienio-proga.jpg\",\"contentUrl\":\"https:\/\/www.gintaresgeles.lt\/wp-content\/uploads\/2018\/04\/geltonos-rozes-puoksteje-geles-gimtadienio-proga.jpg\",\"width\":1200,\"height\":1200,\"caption\":\"Gelton\u0173 ro\u017ei\u0173 puok\u0161t\u0117 g\u0117l\u0117s moterims\"},{\"@type\":\"BreadcrumbList\",\"@id\":\"https:\/\/www.gintaresgeles.lt\/en\/puokste\/yellow-roses-bouquet\/#breadcrumb\",\"itemListElement\":[{\"@type\":\"ListItem\",\"position\":1,\"name\":\"Prad\u017eia\",\"item\":\"https:\/\/www.gintaresgeles.lt\/en\/\"},{\"@type\":\"ListItem\",\"position\":2,\"name\":\"All flowers and other products\",\"item\":\"https:\/\/www.gintaresgeles.lt\/en\/all-flowers-and-other-products\/\"},{\"@type\":\"ListItem\",\"position\":3,\"name\":\"Yellow roses bouquet\"}]},{\"@type\":\"WebSite\",\"@id\":\"https:\/\/www.gintaresgeles.lt\/en\/#website\",\"url\":\"https:\/\/www.gintaresgeles.lt\/en\/\",\"name\":\"Gintares Geles\",\"description\":\"Flower delivery in Vilnius | Same-day delivery | Gintares geles\",\"potentialAction\":[{\"@type\":\"SearchAction\",\"target\":{\"@type\":\"EntryPoint\",\"urlTemplate\":\"https:\/\/www.gintaresgeles.lt\/en\/?s={search_term_string}\"},\"query-input\":{\"@type\":\"PropertyValueSpecification\",\"valueRequired\":true,\"valueName\":\"search_term_string\"}}],\"inLanguage\":\"en-US\"}]}<\/script>\n<!-- \/ Yoast SEO plugin. -->","yoast_head_json":{"title":"Yellow roses bouquet | Cut flowers in bouquets | Gintar\u0117sG\u0117l\u0117s","description":"Cheer up friends, relatives or your loved ones day by sending an expressive and delightful yellow bouquet of roses to their home or office in Vilnius!","robots":{"index":"index","follow":"follow","max-snippet":"max-snippet:-1","max-image-preview":"max-image-preview:large","max-video-preview":"max-video-preview:-1"},"canonical":"https:\/\/www.gintaresgeles.lt\/en\/puokste\/yellow-roses-bouquet\/","og_locale":"en_US","og_type":"article","og_title":"Yellow roses bouquet | Cut flowers in bouquets | Gintar\u0117sG\u0117l\u0117s","og_description":"Cheer up friends, relatives or your loved ones day by sending an expressive and delightful yellow bouquet of roses to their home or office in Vilnius!","og_url":"https:\/\/www.gintaresgeles.lt\/en\/puokste\/yellow-roses-bouquet\/","og_site_name":"gintaresgeles.lt","article_modified_time":"2025-11-17T09:32:57+00:00","og_image":[{"width":1200,"height":1200,"url":"https:\/\/www.gintaresgeles.lt\/wp-content\/uploads\/2018\/04\/geltonos-rozes-puoksteje-geles-gimtadienio-proga.jpg","type":"image\/jpeg"}],"twitter_card":"summary_large_image","schema":{"@context":"https:\/\/schema.org","@graph":[{"@type":"WebPage","@id":"https:\/\/www.gintaresgeles.lt\/en\/puokste\/yellow-roses-bouquet\/","url":"https:\/\/www.gintaresgeles.lt\/en\/puokste\/yellow-roses-bouquet\/","name":"Yellow roses bouquet | Cut flowers in bouquets | Gintar\u0117sG\u0117l\u0117s","isPartOf":{"@id":"https:\/\/www.gintaresgeles.lt\/en\/#website"},"primaryImageOfPage":{"@id":"https:\/\/www.gintaresgeles.lt\/en\/puokste\/yellow-roses-bouquet\/#primaryimage"},"image":{"@id":"https:\/\/www.gintaresgeles.lt\/en\/puokste\/yellow-roses-bouquet\/#primaryimage"},"thumbnailUrl":"https:\/\/www.gintaresgeles.lt\/wp-content\/uploads\/2018\/04\/geltonos-rozes-puoksteje-geles-gimtadienio-proga.jpg","datePublished":"2018-04-04T15:38:05+00:00","dateModified":"2025-11-17T09:32:57+00:00","description":"Cheer up friends, relatives or your loved ones day by sending an expressive and delightful yellow bouquet of roses to their home or office in Vilnius!","breadcrumb":{"@id":"https:\/\/www.gintaresgeles.lt\/en\/puokste\/yellow-roses-bouquet\/#breadcrumb"},"inLanguage":"en-US","potentialAction":[{"@type":"ReadAction","target":["https:\/\/www.gintaresgeles.lt\/en\/puokste\/yellow-roses-bouquet\/"]}]},{"@type":"ImageObject","inLanguage":"en-US","@id":"https:\/\/www.gintaresgeles.lt\/en\/puokste\/yellow-roses-bouquet\/#primaryimage","url":"https:\/\/www.gintaresgeles.lt\/wp-content\/uploads\/2018\/04\/geltonos-rozes-puoksteje-geles-gimtadienio-proga.jpg","contentUrl":"https:\/\/www.gintaresgeles.lt\/wp-content\/uploads\/2018\/04\/geltonos-rozes-puoksteje-geles-gimtadienio-proga.jpg","width":1200,"height":1200,"caption":"Gelton\u0173 ro\u017ei\u0173 puok\u0161t\u0117 g\u0117l\u0117s moterims"},{"@type":"BreadcrumbList","@id":"https:\/\/www.gintaresgeles.lt\/en\/puokste\/yellow-roses-bouquet\/#breadcrumb","itemListElement":[{"@type":"ListItem","position":1,"name":"Prad\u017eia","item":"https:\/\/www.gintaresgeles.lt\/en\/"},{"@type":"ListItem","position":2,"name":"All flowers and other products","item":"https:\/\/www.gintaresgeles.lt\/en\/all-flowers-and-other-products\/"},{"@type":"ListItem","position":3,"name":"Yellow roses bouquet"}]},{"@type":"WebSite","@id":"https:\/\/www.gintaresgeles.lt\/en\/#website","url":"https:\/\/www.gintaresgeles.lt\/en\/","name":"Gintares Geles","description":"Flower delivery in Vilnius | Same-day delivery | Gintares geles","potentialAction":[{"@type":"SearchAction","target":{"@type":"EntryPoint","urlTemplate":"https:\/\/www.gintaresgeles.lt\/en\/?s={search_term_string}"},"query-input":{"@type":"PropertyValueSpecification","valueRequired":true,"valueName":"search_term_string"}}],"inLanguage":"en-US"}]}},"_links":{"self":[{"href":"https:\/\/www.gintaresgeles.lt\/en\/wp-json\/wp\/v2\/product\/18238","targetHints":{"allow":["GET"]}}],"collection":[{"href":"https:\/\/www.gintaresgeles.lt\/en\/wp-json\/wp\/v2\/product"}],"about":[{"href":"https:\/\/www.gintaresgeles.lt\/en\/wp-json\/wp\/v2\/types\/product"}],"wp:featuredmedia":[{"embeddable":true,"href":"https:\/\/www.gintaresgeles.lt\/en\/wp-json\/wp\/v2\/media\/44419"}],"wp:attachment":[{"href":"https:\/\/www.gintaresgeles.lt\/en\/wp-json\/wp\/v2\/media?parent=18238"}],"wp:term":[{"taxonomy":"product_brand","embeddable":true,"href":"https:\/\/www.gintaresgeles.lt\/en\/wp-json\/wp\/v2\/product_brand?post=18238"},{"taxonomy":"product_cat","embeddable":true,"href":"https:\/\/www.gintaresgeles.lt\/en\/wp-json\/wp\/v2\/product_cat?post=18238"},{"taxonomy":"product_tag","embeddable":true,"href":"https:\/\/www.gintaresgeles.lt\/en\/wp-json\/wp\/v2\/product_tag?post=18238"}],"curies":[{"name":"wp","href":"https:\/\/api.w.org\/{rel}","templated":true}]}}