{"id":18250,"date":"2018-04-04T13:20:18","date_gmt":"2018-04-04T15:20:18","guid":{"rendered":"https:\/\/www.gintaresgeles.lt\/?post_type=product&#038;p=18250\/"},"modified":"2025-05-29T02:01:36","modified_gmt":"2025-05-29T00:01:36","slug":"yellow-roses-box","status":"publish","type":"product","link":"https:\/\/www.gintaresgeles.lt\/en\/puokste\/yellow-roses-box\/","title":{"rendered":"Yellow roses box"},"content":{"rendered":"<p>The yellow flower color usually symbolizes wisdom and light. For this reason, a gift of yellow roses box will show friendship and warm feelings to a close friend or buddy. This bright yellow flower color will give everyone warmth and will make even a small party joyous. The color of the box is chosen randomly but we always adjust ribbon and silk paper to it.<\/p>\n","protected":false},"excerpt":{"rendered":"<p style=\"text-align: justify\">A box full of yellow roses is a modern and stylish way to give flowers. Yellow roses are special because they are great for giving it not only to women, but also to men. Choose the amount of roses in the box. Depending on the size of the rose blossoms, there may be several less or more roses so that the overall look seems not so overfilled or vice versa.<\/p>\n","protected":false},"featured_media":44023,"template":"","meta":[],"product_brand":[],"product_cat":[260,259,252,266,265,256,253,257,428,262,263,650,264,909,267,238],"product_tag":[],"class_list":{"0":"post-18250","1":"product","2":"type-product","3":"status-publish","4":"has-post-thumbnail","6":"product_cat-birthday-flowers","7":"product_cat-flowers-by-occasion","8":"product_cat-flowers-by-recipient","9":"product_cat-flowers-by-style","10":"product_cat-flowers-by-type","11":"product_cat-flowers-for-girlfriend","12":"product_cat-flowers-for-mom","13":"product_cat-flowers-for-women","14":"product_cat-jubilee-flowers","15":"product_cat-march8th-flowers","16":"product_cat-mothers-day-flowers","17":"product_cat-roses-in-a-box","18":"product_cat-valentines-day-flowers","19":"product_cat-yellow-roses","20":"product_cat-flower-boxes","21":"product_cat-roses","22":"tm-no-options","24":"first","25":"instock","26":"featured","27":"taxable","28":"shipping-taxable","29":"purchasable","30":"product-type-variable","31":"has-default-attributes"},"yoast_head":"<!-- This site is optimized with the Yoast SEO plugin v25.3 - https:\/\/yoast.com\/wordpress\/plugins\/seo\/ -->\n<title>Yellow roses box | Royal boxes | Gintar\u0117sG\u0117l\u0117s<\/title>\n<meta name=\"description\" content=\"A box of yellow roses will not leave indifferent any women or girl who have received such great gift. Also it will show originality and excellent taste of the sender. You can also order this box with an anniversary home delivery or another special occasion for both the woman or men.\" \/>\n<meta name=\"robots\" content=\"index, follow, max-snippet:-1, max-image-preview:large, max-video-preview:-1\" \/>\n<link rel=\"canonical\" href=\"https:\/\/www.gintaresgeles.lt\/en\/puokste\/yellow-roses-box\/\" \/>\n<meta property=\"og:locale\" content=\"en_US\" \/>\n<meta property=\"og:type\" content=\"article\" \/>\n<meta property=\"og:title\" content=\"Yellow roses box | Royal boxes | Gintar\u0117sG\u0117l\u0117s\" \/>\n<meta property=\"og:description\" content=\"A box of yellow roses will not leave indifferent any women or girl who have received such great gift. Also it will show originality and excellent taste of the sender. You can also order this box with an anniversary home delivery or another special occasion for both the woman or men.\" \/>\n<meta property=\"og:url\" content=\"https:\/\/www.gintaresgeles.lt\/en\/puokste\/yellow-roses-box\/\" \/>\n<meta property=\"og:site_name\" content=\"gintaresgeles.lt\" \/>\n<meta property=\"article:modified_time\" content=\"2025-05-29T00:01:36+00:00\" \/>\n<meta property=\"og:image\" content=\"https:\/\/www.gintaresgeles.lt\/wp-content\/uploads\/2018\/04\/geltonu-roziu-dezute-geles-dezuteje-moterims.jpg\" \/>\n\t<meta property=\"og:image:width\" content=\"1200\" \/>\n\t<meta property=\"og:image:height\" content=\"1200\" \/>\n\t<meta property=\"og:image:type\" content=\"image\/jpeg\" \/>\n<meta name=\"twitter:card\" content=\"summary_large_image\" \/>\n<script type=\"application\/ld+json\" class=\"yoast-schema-graph\">{\"@context\":\"https:\/\/schema.org\",\"@graph\":[{\"@type\":\"WebPage\",\"@id\":\"https:\/\/www.gintaresgeles.lt\/en\/puokste\/yellow-roses-box\/\",\"url\":\"https:\/\/www.gintaresgeles.lt\/en\/puokste\/yellow-roses-box\/\",\"name\":\"Yellow roses box | Royal boxes | Gintar\u0117sG\u0117l\u0117s\",\"isPartOf\":{\"@id\":\"https:\/\/www.gintaresgeles.lt\/en\/#website\"},\"primaryImageOfPage\":{\"@id\":\"https:\/\/www.gintaresgeles.lt\/en\/puokste\/yellow-roses-box\/#primaryimage\"},\"image\":{\"@id\":\"https:\/\/www.gintaresgeles.lt\/en\/puokste\/yellow-roses-box\/#primaryimage\"},\"thumbnailUrl\":\"https:\/\/www.gintaresgeles.lt\/wp-content\/uploads\/2018\/04\/geltonu-roziu-dezute-geles-dezuteje-moterims.jpg\",\"datePublished\":\"2018-04-04T15:20:18+00:00\",\"dateModified\":\"2025-05-29T00:01:36+00:00\",\"description\":\"A box of yellow roses will not leave indifferent any women or girl who have received such great gift. Also it will show originality and excellent taste of the sender. You can also order this box with an anniversary home delivery or another special occasion for both the woman or men.\",\"breadcrumb\":{\"@id\":\"https:\/\/www.gintaresgeles.lt\/en\/puokste\/yellow-roses-box\/#breadcrumb\"},\"inLanguage\":\"en-US\",\"potentialAction\":[{\"@type\":\"ReadAction\",\"target\":[\"https:\/\/www.gintaresgeles.lt\/en\/puokste\/yellow-roses-box\/\"]}]},{\"@type\":\"ImageObject\",\"inLanguage\":\"en-US\",\"@id\":\"https:\/\/www.gintaresgeles.lt\/en\/puokste\/yellow-roses-box\/#primaryimage\",\"url\":\"https:\/\/www.gintaresgeles.lt\/wp-content\/uploads\/2018\/04\/geltonu-roziu-dezute-geles-dezuteje-moterims.jpg\",\"contentUrl\":\"https:\/\/www.gintaresgeles.lt\/wp-content\/uploads\/2018\/04\/geltonu-roziu-dezute-geles-dezuteje-moterims.jpg\",\"width\":1200,\"height\":1200,\"caption\":\"Geltonos ro\u017e\u0117s d\u0117\u017eut\u0117je gimtadienio g\u0117l\u0117s moterims\"},{\"@type\":\"BreadcrumbList\",\"@id\":\"https:\/\/www.gintaresgeles.lt\/en\/puokste\/yellow-roses-box\/#breadcrumb\",\"itemListElement\":[{\"@type\":\"ListItem\",\"position\":1,\"name\":\"Prad\u017eia\",\"item\":\"https:\/\/www.gintaresgeles.lt\/en\/\"},{\"@type\":\"ListItem\",\"position\":2,\"name\":\"All flowers and other products\",\"item\":\"https:\/\/www.gintaresgeles.lt\/en\/all-flowers-and-other-products\/\"},{\"@type\":\"ListItem\",\"position\":3,\"name\":\"Yellow roses box\"}]},{\"@type\":\"WebSite\",\"@id\":\"https:\/\/www.gintaresgeles.lt\/en\/#website\",\"url\":\"https:\/\/www.gintaresgeles.lt\/en\/\",\"name\":\"gintaresgeles.lt\",\"description\":\"G\u0117li\u0173 parduotuv\u0117 internete\",\"potentialAction\":[{\"@type\":\"SearchAction\",\"target\":{\"@type\":\"EntryPoint\",\"urlTemplate\":\"https:\/\/www.gintaresgeles.lt\/en\/?s={search_term_string}\"},\"query-input\":{\"@type\":\"PropertyValueSpecification\",\"valueRequired\":true,\"valueName\":\"search_term_string\"}}],\"inLanguage\":\"en-US\"}]}<\/script>\n<!-- \/ Yoast SEO plugin. -->","yoast_head_json":{"title":"Yellow roses box | Royal boxes | Gintar\u0117sG\u0117l\u0117s","description":"A box of yellow roses will not leave indifferent any women or girl who have received such great gift. Also it will show originality and excellent taste of the sender. You can also order this box with an anniversary home delivery or another special occasion for both the woman or men.","robots":{"index":"index","follow":"follow","max-snippet":"max-snippet:-1","max-image-preview":"max-image-preview:large","max-video-preview":"max-video-preview:-1"},"canonical":"https:\/\/www.gintaresgeles.lt\/en\/puokste\/yellow-roses-box\/","og_locale":"en_US","og_type":"article","og_title":"Yellow roses box | Royal boxes | Gintar\u0117sG\u0117l\u0117s","og_description":"A box of yellow roses will not leave indifferent any women or girl who have received such great gift. Also it will show originality and excellent taste of the sender. You can also order this box with an anniversary home delivery or another special occasion for both the woman or men.","og_url":"https:\/\/www.gintaresgeles.lt\/en\/puokste\/yellow-roses-box\/","og_site_name":"gintaresgeles.lt","article_modified_time":"2025-05-29T00:01:36+00:00","og_image":[{"width":1200,"height":1200,"url":"https:\/\/www.gintaresgeles.lt\/wp-content\/uploads\/2018\/04\/geltonu-roziu-dezute-geles-dezuteje-moterims.jpg","type":"image\/jpeg"}],"twitter_card":"summary_large_image","schema":{"@context":"https:\/\/schema.org","@graph":[{"@type":"WebPage","@id":"https:\/\/www.gintaresgeles.lt\/en\/puokste\/yellow-roses-box\/","url":"https:\/\/www.gintaresgeles.lt\/en\/puokste\/yellow-roses-box\/","name":"Yellow roses box | Royal boxes | Gintar\u0117sG\u0117l\u0117s","isPartOf":{"@id":"https:\/\/www.gintaresgeles.lt\/en\/#website"},"primaryImageOfPage":{"@id":"https:\/\/www.gintaresgeles.lt\/en\/puokste\/yellow-roses-box\/#primaryimage"},"image":{"@id":"https:\/\/www.gintaresgeles.lt\/en\/puokste\/yellow-roses-box\/#primaryimage"},"thumbnailUrl":"https:\/\/www.gintaresgeles.lt\/wp-content\/uploads\/2018\/04\/geltonu-roziu-dezute-geles-dezuteje-moterims.jpg","datePublished":"2018-04-04T15:20:18+00:00","dateModified":"2025-05-29T00:01:36+00:00","description":"A box of yellow roses will not leave indifferent any women or girl who have received such great gift. Also it will show originality and excellent taste of the sender. You can also order this box with an anniversary home delivery or another special occasion for both the woman or men.","breadcrumb":{"@id":"https:\/\/www.gintaresgeles.lt\/en\/puokste\/yellow-roses-box\/#breadcrumb"},"inLanguage":"en-US","potentialAction":[{"@type":"ReadAction","target":["https:\/\/www.gintaresgeles.lt\/en\/puokste\/yellow-roses-box\/"]}]},{"@type":"ImageObject","inLanguage":"en-US","@id":"https:\/\/www.gintaresgeles.lt\/en\/puokste\/yellow-roses-box\/#primaryimage","url":"https:\/\/www.gintaresgeles.lt\/wp-content\/uploads\/2018\/04\/geltonu-roziu-dezute-geles-dezuteje-moterims.jpg","contentUrl":"https:\/\/www.gintaresgeles.lt\/wp-content\/uploads\/2018\/04\/geltonu-roziu-dezute-geles-dezuteje-moterims.jpg","width":1200,"height":1200,"caption":"Geltonos ro\u017e\u0117s d\u0117\u017eut\u0117je gimtadienio g\u0117l\u0117s moterims"},{"@type":"BreadcrumbList","@id":"https:\/\/www.gintaresgeles.lt\/en\/puokste\/yellow-roses-box\/#breadcrumb","itemListElement":[{"@type":"ListItem","position":1,"name":"Prad\u017eia","item":"https:\/\/www.gintaresgeles.lt\/en\/"},{"@type":"ListItem","position":2,"name":"All flowers and other products","item":"https:\/\/www.gintaresgeles.lt\/en\/all-flowers-and-other-products\/"},{"@type":"ListItem","position":3,"name":"Yellow roses box"}]},{"@type":"WebSite","@id":"https:\/\/www.gintaresgeles.lt\/en\/#website","url":"https:\/\/www.gintaresgeles.lt\/en\/","name":"gintaresgeles.lt","description":"G\u0117li\u0173 parduotuv\u0117 internete","potentialAction":[{"@type":"SearchAction","target":{"@type":"EntryPoint","urlTemplate":"https:\/\/www.gintaresgeles.lt\/en\/?s={search_term_string}"},"query-input":{"@type":"PropertyValueSpecification","valueRequired":true,"valueName":"search_term_string"}}],"inLanguage":"en-US"}]}},"_links":{"self":[{"href":"https:\/\/www.gintaresgeles.lt\/en\/wp-json\/wp\/v2\/product\/18250","targetHints":{"allow":["GET"]}}],"collection":[{"href":"https:\/\/www.gintaresgeles.lt\/en\/wp-json\/wp\/v2\/product"}],"about":[{"href":"https:\/\/www.gintaresgeles.lt\/en\/wp-json\/wp\/v2\/types\/product"}],"wp:featuredmedia":[{"embeddable":true,"href":"https:\/\/www.gintaresgeles.lt\/en\/wp-json\/wp\/v2\/media\/44023"}],"wp:attachment":[{"href":"https:\/\/www.gintaresgeles.lt\/en\/wp-json\/wp\/v2\/media?parent=18250"}],"wp:term":[{"taxonomy":"product_brand","embeddable":true,"href":"https:\/\/www.gintaresgeles.lt\/en\/wp-json\/wp\/v2\/product_brand?post=18250"},{"taxonomy":"product_cat","embeddable":true,"href":"https:\/\/www.gintaresgeles.lt\/en\/wp-json\/wp\/v2\/product_cat?post=18250"},{"taxonomy":"product_tag","embeddable":true,"href":"https:\/\/www.gintaresgeles.lt\/en\/wp-json\/wp\/v2\/product_tag?post=18250"}],"curies":[{"name":"wp","href":"https:\/\/api.w.org\/{rel}","templated":true}]}}