{"id":18261,"date":"2018-04-03T10:49:23","date_gmt":"2018-05-25T08:09:28","guid":{"rendered":"https:\/\/www.gintaresgeles.lt\/?post_type=product&#038;p=18261\/"},"modified":"2025-05-29T02:01:38","modified_gmt":"2025-05-29T00:01:38","slug":"two-color-eustomas-box","status":"publish","type":"product","link":"https:\/\/www.gintaresgeles.lt\/en\/puokste\/two-color-eustomas-box\/","title":{"rendered":"Two color eustomas box"},"content":{"rendered":"<p style=\"text-align: justify\">Eustomas always looks solid and elegant. A bit of playfulness and festivity for this box is given by a combination of two colors. This flower box is suitable for many occasions, because it looks very festive. We choose eustomas colors from the ones we have on the spot also we match the color of the box, ribbon and silk paper so that box looks unique every time.<\/p>\n","protected":false},"excerpt":{"rendered":"<p style=\"text-align: justify\">A two colored eustomas box is good for a variety of occasions and will not only surprise the recipient but also reveal your great flavor for flowers, gifts and surprises.<\/p>\n<p><em><strong>The colors are chosen from those we have on sale at the time, if you want a specific color contact us.<\/strong><\/em><\/p>\n<p>&nbsp;<\/p>\n<p style=\"text-align: right\">\n","protected":false},"featured_media":22842,"template":"","meta":[],"product_brand":[],"product_cat":[260,259,252,266,265,256,258,253,257,428,262,263,264,242,267],"product_tag":[],"class_list":{"0":"post-18261","1":"product","2":"type-product","3":"status-publish","4":"has-post-thumbnail","6":"product_cat-birthday-flowers","7":"product_cat-flowers-by-occasion","8":"product_cat-flowers-by-recipient","9":"product_cat-flowers-by-style","10":"product_cat-flowers-by-type","11":"product_cat-flowers-for-girlfriend","12":"product_cat-flowers-for-men","13":"product_cat-flowers-for-mom","14":"product_cat-flowers-for-women","15":"product_cat-jubilee-flowers","16":"product_cat-march8th-flowers","17":"product_cat-mothers-day-flowers","18":"product_cat-valentines-day-flowers","19":"product_cat-eustomas","20":"product_cat-flower-boxes","21":"tm-no-options","23":"first","24":"instock","25":"taxable","26":"shipping-taxable","27":"purchasable","28":"product-type-variable","29":"has-default-attributes"},"yoast_head":"<!-- This site is optimized with the Yoast SEO plugin v25.3 - https:\/\/yoast.com\/wordpress\/plugins\/seo\/ -->\n<title>Two color eustomas box | Flower delivery in Vilnius | Gintar\u0117sG\u0117l\u0117s<\/title>\n<meta name=\"description\" content=\"Looking for gift to a loved one? Or perhaps you consider what bouquet would be suitable for a wedding occasion? For both and more occassions, the two colored eustomas box is the right choice! Send this box to your loved ones and receive sincere thanks for the surprise!\" \/>\n<meta name=\"robots\" content=\"index, follow, max-snippet:-1, max-image-preview:large, max-video-preview:-1\" \/>\n<link rel=\"canonical\" href=\"https:\/\/www.gintaresgeles.lt\/en\/puokste\/two-color-eustomas-box\/\" \/>\n<meta property=\"og:locale\" content=\"en_US\" \/>\n<meta property=\"og:type\" content=\"article\" \/>\n<meta property=\"og:title\" content=\"Two color eustomas box | Flower delivery in Vilnius | Gintar\u0117sG\u0117l\u0117s\" \/>\n<meta property=\"og:description\" content=\"Looking for gift to a loved one? Or perhaps you consider what bouquet would be suitable for a wedding occasion? For both and more occassions, the two colored eustomas box is the right choice! Send this box to your loved ones and receive sincere thanks for the surprise!\" \/>\n<meta property=\"og:url\" content=\"https:\/\/www.gintaresgeles.lt\/en\/puokste\/two-color-eustomas-box\/\" \/>\n<meta property=\"og:site_name\" content=\"gintaresgeles.lt\" \/>\n<meta property=\"article:modified_time\" content=\"2025-05-29T00:01:38+00:00\" \/>\n<meta property=\"og:image\" content=\"https:\/\/www.gintaresgeles.lt\/wp-content\/uploads\/2018\/04\/geliu-dezutes-dvieju-spalvu-eustomos.jpg\" \/>\n\t<meta property=\"og:image:width\" content=\"599\" \/>\n\t<meta property=\"og:image:height\" content=\"600\" \/>\n\t<meta property=\"og:image:type\" content=\"image\/jpeg\" \/>\n<meta name=\"twitter:card\" content=\"summary_large_image\" \/>\n<script type=\"application\/ld+json\" class=\"yoast-schema-graph\">{\"@context\":\"https:\/\/schema.org\",\"@graph\":[{\"@type\":\"WebPage\",\"@id\":\"https:\/\/www.gintaresgeles.lt\/en\/puokste\/two-color-eustomas-box\/\",\"url\":\"https:\/\/www.gintaresgeles.lt\/en\/puokste\/two-color-eustomas-box\/\",\"name\":\"Two color eustomas box | Flower delivery in Vilnius | Gintar\u0117sG\u0117l\u0117s\",\"isPartOf\":{\"@id\":\"https:\/\/www.gintaresgeles.lt\/en\/#website\"},\"primaryImageOfPage\":{\"@id\":\"https:\/\/www.gintaresgeles.lt\/en\/puokste\/two-color-eustomas-box\/#primaryimage\"},\"image\":{\"@id\":\"https:\/\/www.gintaresgeles.lt\/en\/puokste\/two-color-eustomas-box\/#primaryimage\"},\"thumbnailUrl\":\"https:\/\/www.gintaresgeles.lt\/wp-content\/uploads\/2018\/04\/geliu-dezutes-dvieju-spalvu-eustomos.jpg\",\"datePublished\":\"2018-05-25T08:09:28+00:00\",\"dateModified\":\"2025-05-29T00:01:38+00:00\",\"description\":\"Looking for gift to a loved one? Or perhaps you consider what bouquet would be suitable for a wedding occasion? For both and more occassions, the two colored eustomas box is the right choice! Send this box to your loved ones and receive sincere thanks for the surprise!\",\"breadcrumb\":{\"@id\":\"https:\/\/www.gintaresgeles.lt\/en\/puokste\/two-color-eustomas-box\/#breadcrumb\"},\"inLanguage\":\"en-US\",\"potentialAction\":[{\"@type\":\"ReadAction\",\"target\":[\"https:\/\/www.gintaresgeles.lt\/en\/puokste\/two-color-eustomas-box\/\"]}]},{\"@type\":\"ImageObject\",\"inLanguage\":\"en-US\",\"@id\":\"https:\/\/www.gintaresgeles.lt\/en\/puokste\/two-color-eustomas-box\/#primaryimage\",\"url\":\"https:\/\/www.gintaresgeles.lt\/wp-content\/uploads\/2018\/04\/geliu-dezutes-dvieju-spalvu-eustomos.jpg\",\"contentUrl\":\"https:\/\/www.gintaresgeles.lt\/wp-content\/uploads\/2018\/04\/geliu-dezutes-dvieju-spalvu-eustomos.jpg\",\"width\":599,\"height\":600,\"caption\":\"Eustomos d\u0117\u017eut\u0117je dviej\u0173 spalv\u0173\"},{\"@type\":\"BreadcrumbList\",\"@id\":\"https:\/\/www.gintaresgeles.lt\/en\/puokste\/two-color-eustomas-box\/#breadcrumb\",\"itemListElement\":[{\"@type\":\"ListItem\",\"position\":1,\"name\":\"Prad\u017eia\",\"item\":\"https:\/\/www.gintaresgeles.lt\/en\/\"},{\"@type\":\"ListItem\",\"position\":2,\"name\":\"All flowers and other products\",\"item\":\"https:\/\/www.gintaresgeles.lt\/en\/all-flowers-and-other-products\/\"},{\"@type\":\"ListItem\",\"position\":3,\"name\":\"Two color eustomas box\"}]},{\"@type\":\"WebSite\",\"@id\":\"https:\/\/www.gintaresgeles.lt\/en\/#website\",\"url\":\"https:\/\/www.gintaresgeles.lt\/en\/\",\"name\":\"gintaresgeles.lt\",\"description\":\"G\u0117li\u0173 parduotuv\u0117 internete\",\"potentialAction\":[{\"@type\":\"SearchAction\",\"target\":{\"@type\":\"EntryPoint\",\"urlTemplate\":\"https:\/\/www.gintaresgeles.lt\/en\/?s={search_term_string}\"},\"query-input\":{\"@type\":\"PropertyValueSpecification\",\"valueRequired\":true,\"valueName\":\"search_term_string\"}}],\"inLanguage\":\"en-US\"}]}<\/script>\n<!-- \/ Yoast SEO plugin. -->","yoast_head_json":{"title":"Two color eustomas box | Flower delivery in Vilnius | Gintar\u0117sG\u0117l\u0117s","description":"Looking for gift to a loved one? Or perhaps you consider what bouquet would be suitable for a wedding occasion? For both and more occassions, the two colored eustomas box is the right choice! Send this box to your loved ones and receive sincere thanks for the surprise!","robots":{"index":"index","follow":"follow","max-snippet":"max-snippet:-1","max-image-preview":"max-image-preview:large","max-video-preview":"max-video-preview:-1"},"canonical":"https:\/\/www.gintaresgeles.lt\/en\/puokste\/two-color-eustomas-box\/","og_locale":"en_US","og_type":"article","og_title":"Two color eustomas box | Flower delivery in Vilnius | Gintar\u0117sG\u0117l\u0117s","og_description":"Looking for gift to a loved one? Or perhaps you consider what bouquet would be suitable for a wedding occasion? For both and more occassions, the two colored eustomas box is the right choice! Send this box to your loved ones and receive sincere thanks for the surprise!","og_url":"https:\/\/www.gintaresgeles.lt\/en\/puokste\/two-color-eustomas-box\/","og_site_name":"gintaresgeles.lt","article_modified_time":"2025-05-29T00:01:38+00:00","og_image":[{"width":599,"height":600,"url":"https:\/\/www.gintaresgeles.lt\/wp-content\/uploads\/2018\/04\/geliu-dezutes-dvieju-spalvu-eustomos.jpg","type":"image\/jpeg"}],"twitter_card":"summary_large_image","schema":{"@context":"https:\/\/schema.org","@graph":[{"@type":"WebPage","@id":"https:\/\/www.gintaresgeles.lt\/en\/puokste\/two-color-eustomas-box\/","url":"https:\/\/www.gintaresgeles.lt\/en\/puokste\/two-color-eustomas-box\/","name":"Two color eustomas box | Flower delivery in Vilnius | Gintar\u0117sG\u0117l\u0117s","isPartOf":{"@id":"https:\/\/www.gintaresgeles.lt\/en\/#website"},"primaryImageOfPage":{"@id":"https:\/\/www.gintaresgeles.lt\/en\/puokste\/two-color-eustomas-box\/#primaryimage"},"image":{"@id":"https:\/\/www.gintaresgeles.lt\/en\/puokste\/two-color-eustomas-box\/#primaryimage"},"thumbnailUrl":"https:\/\/www.gintaresgeles.lt\/wp-content\/uploads\/2018\/04\/geliu-dezutes-dvieju-spalvu-eustomos.jpg","datePublished":"2018-05-25T08:09:28+00:00","dateModified":"2025-05-29T00:01:38+00:00","description":"Looking for gift to a loved one? Or perhaps you consider what bouquet would be suitable for a wedding occasion? For both and more occassions, the two colored eustomas box is the right choice! Send this box to your loved ones and receive sincere thanks for the surprise!","breadcrumb":{"@id":"https:\/\/www.gintaresgeles.lt\/en\/puokste\/two-color-eustomas-box\/#breadcrumb"},"inLanguage":"en-US","potentialAction":[{"@type":"ReadAction","target":["https:\/\/www.gintaresgeles.lt\/en\/puokste\/two-color-eustomas-box\/"]}]},{"@type":"ImageObject","inLanguage":"en-US","@id":"https:\/\/www.gintaresgeles.lt\/en\/puokste\/two-color-eustomas-box\/#primaryimage","url":"https:\/\/www.gintaresgeles.lt\/wp-content\/uploads\/2018\/04\/geliu-dezutes-dvieju-spalvu-eustomos.jpg","contentUrl":"https:\/\/www.gintaresgeles.lt\/wp-content\/uploads\/2018\/04\/geliu-dezutes-dvieju-spalvu-eustomos.jpg","width":599,"height":600,"caption":"Eustomos d\u0117\u017eut\u0117je dviej\u0173 spalv\u0173"},{"@type":"BreadcrumbList","@id":"https:\/\/www.gintaresgeles.lt\/en\/puokste\/two-color-eustomas-box\/#breadcrumb","itemListElement":[{"@type":"ListItem","position":1,"name":"Prad\u017eia","item":"https:\/\/www.gintaresgeles.lt\/en\/"},{"@type":"ListItem","position":2,"name":"All flowers and other products","item":"https:\/\/www.gintaresgeles.lt\/en\/all-flowers-and-other-products\/"},{"@type":"ListItem","position":3,"name":"Two color eustomas box"}]},{"@type":"WebSite","@id":"https:\/\/www.gintaresgeles.lt\/en\/#website","url":"https:\/\/www.gintaresgeles.lt\/en\/","name":"gintaresgeles.lt","description":"G\u0117li\u0173 parduotuv\u0117 internete","potentialAction":[{"@type":"SearchAction","target":{"@type":"EntryPoint","urlTemplate":"https:\/\/www.gintaresgeles.lt\/en\/?s={search_term_string}"},"query-input":{"@type":"PropertyValueSpecification","valueRequired":true,"valueName":"search_term_string"}}],"inLanguage":"en-US"}]}},"_links":{"self":[{"href":"https:\/\/www.gintaresgeles.lt\/en\/wp-json\/wp\/v2\/product\/18261","targetHints":{"allow":["GET"]}}],"collection":[{"href":"https:\/\/www.gintaresgeles.lt\/en\/wp-json\/wp\/v2\/product"}],"about":[{"href":"https:\/\/www.gintaresgeles.lt\/en\/wp-json\/wp\/v2\/types\/product"}],"wp:featuredmedia":[{"embeddable":true,"href":"https:\/\/www.gintaresgeles.lt\/en\/wp-json\/wp\/v2\/media\/22842"}],"wp:attachment":[{"href":"https:\/\/www.gintaresgeles.lt\/en\/wp-json\/wp\/v2\/media?parent=18261"}],"wp:term":[{"taxonomy":"product_brand","embeddable":true,"href":"https:\/\/www.gintaresgeles.lt\/en\/wp-json\/wp\/v2\/product_brand?post=18261"},{"taxonomy":"product_cat","embeddable":true,"href":"https:\/\/www.gintaresgeles.lt\/en\/wp-json\/wp\/v2\/product_cat?post=18261"},{"taxonomy":"product_tag","embeddable":true,"href":"https:\/\/www.gintaresgeles.lt\/en\/wp-json\/wp\/v2\/product_tag?post=18261"}],"curies":[{"name":"wp","href":"https:\/\/api.w.org\/{rel}","templated":true}]}}