{"id":18268,"date":"2018-03-28T13:22:41","date_gmt":"2018-05-25T08:30:08","guid":{"rendered":"https:\/\/www.gintaresgeles.lt\/?post_type=product&#038;p=18268\/"},"modified":"2025-05-29T02:01:40","modified_gmt":"2025-05-29T00:01:40","slug":"one-color-freesias-box","status":"publish","type":"product","link":"https:\/\/www.gintaresgeles.lt\/en\/puokste\/one-color-freesias-box\/","title":{"rendered":"One color freesias box"},"content":{"rendered":"<p style=\"text-align: justify\">The box will consist of your selected quantity of one color freesias. Freesias color changes and each time it is different. We select the color, adjust the color of the box, ribbon and the silk paper. That&#8217;s how fressias box become unique.<\/p>\n","protected":false},"excerpt":{"rendered":"<p style=\"text-align: justify\">Fressias are spring and festive flowers, it will bring joy, warmth and good mood to every house. Choose box size (small, medium or big box), from which depends freesias quantity.<\/p>\n<p><em><strong>The colors are chosen from those we have on sale at the time, if you want a specific color contact us.<\/strong><\/em><\/p>\n<p>&nbsp;<\/p>\n<p style=\"text-align: right\">\n","protected":false},"featured_media":17848,"template":"","meta":[],"product_brand":[],"product_cat":[260,259,252,266,265,256,253,257,1539,428,262,263,264,267,426],"product_tag":[],"class_list":{"0":"post-18268","1":"product","2":"type-product","3":"status-publish","4":"has-post-thumbnail","6":"product_cat-birthday-flowers","7":"product_cat-flowers-by-occasion","8":"product_cat-flowers-by-recipient","9":"product_cat-flowers-by-style","10":"product_cat-flowers-by-type","11":"product_cat-flowers-for-girlfriend","12":"product_cat-flowers-for-mom","13":"product_cat-flowers-for-women","14":"product_cat-flowers-of-mourning","15":"product_cat-jubilee-flowers","16":"product_cat-march8th-flowers","17":"product_cat-mothers-day-flowers","18":"product_cat-valentines-day-flowers","19":"product_cat-flower-boxes","20":"product_cat-freesias","21":"tm-no-options","23":"first","24":"instock","25":"taxable","26":"shipping-taxable","27":"purchasable","28":"product-type-variable","29":"has-default-attributes"},"yoast_head":"<!-- This site is optimized with the Yoast SEO plugin v25.3 - https:\/\/yoast.com\/wordpress\/plugins\/seo\/ -->\n<title>One color freesias box | Box delivery | Gintar\u0117sG\u0117l\u0117s<\/title>\n<meta name=\"description\" content=\"Send a lovely box of freesias to a loved one or a close person. Freesias will not only decorate the house, but also spread a pleasant aroma. Order box online with delivery in Vilnius or Vilnius region and we will make a surprise for your special person!\" \/>\n<meta name=\"robots\" content=\"index, follow, max-snippet:-1, max-image-preview:large, max-video-preview:-1\" \/>\n<link rel=\"canonical\" href=\"https:\/\/www.gintaresgeles.lt\/en\/puokste\/one-color-freesias-box\/\" \/>\n<meta property=\"og:locale\" content=\"en_US\" \/>\n<meta property=\"og:type\" content=\"article\" \/>\n<meta property=\"og:title\" content=\"One color freesias box | Box delivery | Gintar\u0117sG\u0117l\u0117s\" \/>\n<meta property=\"og:description\" content=\"Send a lovely box of freesias to a loved one or a close person. Freesias will not only decorate the house, but also spread a pleasant aroma. Order box online with delivery in Vilnius or Vilnius region and we will make a surprise for your special person!\" \/>\n<meta property=\"og:url\" content=\"https:\/\/www.gintaresgeles.lt\/en\/puokste\/one-color-freesias-box\/\" \/>\n<meta property=\"og:site_name\" content=\"gintaresgeles.lt\" \/>\n<meta property=\"article:modified_time\" content=\"2025-05-29T00:01:40+00:00\" \/>\n<meta property=\"og:image\" content=\"https:\/\/www.gintaresgeles.lt\/wp-content\/uploads\/2018\/03\/vienspalve-freziju-dezute.jpg\" \/>\n\t<meta property=\"og:image:width\" content=\"1500\" \/>\n\t<meta property=\"og:image:height\" content=\"1500\" \/>\n\t<meta property=\"og:image:type\" content=\"image\/jpeg\" \/>\n<meta name=\"twitter:card\" content=\"summary_large_image\" \/>\n<script type=\"application\/ld+json\" class=\"yoast-schema-graph\">{\"@context\":\"https:\/\/schema.org\",\"@graph\":[{\"@type\":\"WebPage\",\"@id\":\"https:\/\/www.gintaresgeles.lt\/en\/puokste\/one-color-freesias-box\/\",\"url\":\"https:\/\/www.gintaresgeles.lt\/en\/puokste\/one-color-freesias-box\/\",\"name\":\"One color freesias box | Box delivery | Gintar\u0117sG\u0117l\u0117s\",\"isPartOf\":{\"@id\":\"https:\/\/www.gintaresgeles.lt\/en\/#website\"},\"primaryImageOfPage\":{\"@id\":\"https:\/\/www.gintaresgeles.lt\/en\/puokste\/one-color-freesias-box\/#primaryimage\"},\"image\":{\"@id\":\"https:\/\/www.gintaresgeles.lt\/en\/puokste\/one-color-freesias-box\/#primaryimage\"},\"thumbnailUrl\":\"https:\/\/www.gintaresgeles.lt\/wp-content\/uploads\/2018\/03\/vienspalve-freziju-dezute.jpg\",\"datePublished\":\"2018-05-25T08:30:08+00:00\",\"dateModified\":\"2025-05-29T00:01:40+00:00\",\"description\":\"Send a lovely box of freesias to a loved one or a close person. Freesias will not only decorate the house, but also spread a pleasant aroma. Order box online with delivery in Vilnius or Vilnius region and we will make a surprise for your special person!\",\"breadcrumb\":{\"@id\":\"https:\/\/www.gintaresgeles.lt\/en\/puokste\/one-color-freesias-box\/#breadcrumb\"},\"inLanguage\":\"en-US\",\"potentialAction\":[{\"@type\":\"ReadAction\",\"target\":[\"https:\/\/www.gintaresgeles.lt\/en\/puokste\/one-color-freesias-box\/\"]}]},{\"@type\":\"ImageObject\",\"inLanguage\":\"en-US\",\"@id\":\"https:\/\/www.gintaresgeles.lt\/en\/puokste\/one-color-freesias-box\/#primaryimage\",\"url\":\"https:\/\/www.gintaresgeles.lt\/wp-content\/uploads\/2018\/03\/vienspalve-freziju-dezute.jpg\",\"contentUrl\":\"https:\/\/www.gintaresgeles.lt\/wp-content\/uploads\/2018\/03\/vienspalve-freziju-dezute.jpg\",\"width\":1500,\"height\":1500,\"caption\":\"Vienspalv\u0117 frezij\u0173 d\u0117\u017eut\u0117\"},{\"@type\":\"BreadcrumbList\",\"@id\":\"https:\/\/www.gintaresgeles.lt\/en\/puokste\/one-color-freesias-box\/#breadcrumb\",\"itemListElement\":[{\"@type\":\"ListItem\",\"position\":1,\"name\":\"Prad\u017eia\",\"item\":\"https:\/\/www.gintaresgeles.lt\/en\/\"},{\"@type\":\"ListItem\",\"position\":2,\"name\":\"All flowers and other products\",\"item\":\"https:\/\/www.gintaresgeles.lt\/en\/all-flowers-and-other-products\/\"},{\"@type\":\"ListItem\",\"position\":3,\"name\":\"One color freesias box\"}]},{\"@type\":\"WebSite\",\"@id\":\"https:\/\/www.gintaresgeles.lt\/en\/#website\",\"url\":\"https:\/\/www.gintaresgeles.lt\/en\/\",\"name\":\"Gintares Geles\",\"description\":\"Flower delivery in Vilnius | Same-day delivery | Gintares geles\",\"potentialAction\":[{\"@type\":\"SearchAction\",\"target\":{\"@type\":\"EntryPoint\",\"urlTemplate\":\"https:\/\/www.gintaresgeles.lt\/en\/?s={search_term_string}\"},\"query-input\":{\"@type\":\"PropertyValueSpecification\",\"valueRequired\":true,\"valueName\":\"search_term_string\"}}],\"inLanguage\":\"en-US\"}]}<\/script>\n<!-- \/ Yoast SEO plugin. -->","yoast_head_json":{"title":"One color freesias box | Box delivery | Gintar\u0117sG\u0117l\u0117s","description":"Send a lovely box of freesias to a loved one or a close person. Freesias will not only decorate the house, but also spread a pleasant aroma. Order box online with delivery in Vilnius or Vilnius region and we will make a surprise for your special person!","robots":{"index":"index","follow":"follow","max-snippet":"max-snippet:-1","max-image-preview":"max-image-preview:large","max-video-preview":"max-video-preview:-1"},"canonical":"https:\/\/www.gintaresgeles.lt\/en\/puokste\/one-color-freesias-box\/","og_locale":"en_US","og_type":"article","og_title":"One color freesias box | Box delivery | Gintar\u0117sG\u0117l\u0117s","og_description":"Send a lovely box of freesias to a loved one or a close person. Freesias will not only decorate the house, but also spread a pleasant aroma. Order box online with delivery in Vilnius or Vilnius region and we will make a surprise for your special person!","og_url":"https:\/\/www.gintaresgeles.lt\/en\/puokste\/one-color-freesias-box\/","og_site_name":"gintaresgeles.lt","article_modified_time":"2025-05-29T00:01:40+00:00","og_image":[{"width":1500,"height":1500,"url":"https:\/\/www.gintaresgeles.lt\/wp-content\/uploads\/2018\/03\/vienspalve-freziju-dezute.jpg","type":"image\/jpeg"}],"twitter_card":"summary_large_image","schema":{"@context":"https:\/\/schema.org","@graph":[{"@type":"WebPage","@id":"https:\/\/www.gintaresgeles.lt\/en\/puokste\/one-color-freesias-box\/","url":"https:\/\/www.gintaresgeles.lt\/en\/puokste\/one-color-freesias-box\/","name":"One color freesias box | Box delivery | Gintar\u0117sG\u0117l\u0117s","isPartOf":{"@id":"https:\/\/www.gintaresgeles.lt\/en\/#website"},"primaryImageOfPage":{"@id":"https:\/\/www.gintaresgeles.lt\/en\/puokste\/one-color-freesias-box\/#primaryimage"},"image":{"@id":"https:\/\/www.gintaresgeles.lt\/en\/puokste\/one-color-freesias-box\/#primaryimage"},"thumbnailUrl":"https:\/\/www.gintaresgeles.lt\/wp-content\/uploads\/2018\/03\/vienspalve-freziju-dezute.jpg","datePublished":"2018-05-25T08:30:08+00:00","dateModified":"2025-05-29T00:01:40+00:00","description":"Send a lovely box of freesias to a loved one or a close person. Freesias will not only decorate the house, but also spread a pleasant aroma. Order box online with delivery in Vilnius or Vilnius region and we will make a surprise for your special person!","breadcrumb":{"@id":"https:\/\/www.gintaresgeles.lt\/en\/puokste\/one-color-freesias-box\/#breadcrumb"},"inLanguage":"en-US","potentialAction":[{"@type":"ReadAction","target":["https:\/\/www.gintaresgeles.lt\/en\/puokste\/one-color-freesias-box\/"]}]},{"@type":"ImageObject","inLanguage":"en-US","@id":"https:\/\/www.gintaresgeles.lt\/en\/puokste\/one-color-freesias-box\/#primaryimage","url":"https:\/\/www.gintaresgeles.lt\/wp-content\/uploads\/2018\/03\/vienspalve-freziju-dezute.jpg","contentUrl":"https:\/\/www.gintaresgeles.lt\/wp-content\/uploads\/2018\/03\/vienspalve-freziju-dezute.jpg","width":1500,"height":1500,"caption":"Vienspalv\u0117 frezij\u0173 d\u0117\u017eut\u0117"},{"@type":"BreadcrumbList","@id":"https:\/\/www.gintaresgeles.lt\/en\/puokste\/one-color-freesias-box\/#breadcrumb","itemListElement":[{"@type":"ListItem","position":1,"name":"Prad\u017eia","item":"https:\/\/www.gintaresgeles.lt\/en\/"},{"@type":"ListItem","position":2,"name":"All flowers and other products","item":"https:\/\/www.gintaresgeles.lt\/en\/all-flowers-and-other-products\/"},{"@type":"ListItem","position":3,"name":"One color freesias box"}]},{"@type":"WebSite","@id":"https:\/\/www.gintaresgeles.lt\/en\/#website","url":"https:\/\/www.gintaresgeles.lt\/en\/","name":"Gintares Geles","description":"Flower delivery in Vilnius | Same-day delivery | Gintares geles","potentialAction":[{"@type":"SearchAction","target":{"@type":"EntryPoint","urlTemplate":"https:\/\/www.gintaresgeles.lt\/en\/?s={search_term_string}"},"query-input":{"@type":"PropertyValueSpecification","valueRequired":true,"valueName":"search_term_string"}}],"inLanguage":"en-US"}]}},"_links":{"self":[{"href":"https:\/\/www.gintaresgeles.lt\/en\/wp-json\/wp\/v2\/product\/18268","targetHints":{"allow":["GET"]}}],"collection":[{"href":"https:\/\/www.gintaresgeles.lt\/en\/wp-json\/wp\/v2\/product"}],"about":[{"href":"https:\/\/www.gintaresgeles.lt\/en\/wp-json\/wp\/v2\/types\/product"}],"wp:featuredmedia":[{"embeddable":true,"href":"https:\/\/www.gintaresgeles.lt\/en\/wp-json\/wp\/v2\/media\/17848"}],"wp:attachment":[{"href":"https:\/\/www.gintaresgeles.lt\/en\/wp-json\/wp\/v2\/media?parent=18268"}],"wp:term":[{"taxonomy":"product_brand","embeddable":true,"href":"https:\/\/www.gintaresgeles.lt\/en\/wp-json\/wp\/v2\/product_brand?post=18268"},{"taxonomy":"product_cat","embeddable":true,"href":"https:\/\/www.gintaresgeles.lt\/en\/wp-json\/wp\/v2\/product_cat?post=18268"},{"taxonomy":"product_tag","embeddable":true,"href":"https:\/\/www.gintaresgeles.lt\/en\/wp-json\/wp\/v2\/product_tag?post=18268"}],"curies":[{"name":"wp","href":"https:\/\/api.w.org\/{rel}","templated":true}]}}