{"id":18272,"date":"2018-03-28T09:57:47","date_gmt":"2018-05-25T09:19:52","guid":{"rendered":"https:\/\/www.gintaresgeles.lt\/?post_type=product&#038;p=18272\/"},"modified":"2025-05-29T02:01:40","modified_gmt":"2025-05-29T00:01:40","slug":"two-color-freesias-bouquet","status":"publish","type":"product","link":"https:\/\/www.gintaresgeles.lt\/en\/puokste\/two-color-freesias-bouquet\/","title":{"rendered":"Two color freesias bouquet"},"content":{"rendered":"<p style=\"text-align: justify\">Two color freesias bouquet consists of our matched color freesias. Select the amount of freesias you want and we will match the two colors and decorate box with a brightly colored ribbon. Freesia colors can be, for example, yellow and red, white and violet, and so on. We always choose the most beautiful version and create the most beautiful composition..<\/p>\n","protected":false},"excerpt":{"rendered":"<p style=\"text-align: justify\">Surprise a special person with the bouquet of fragrant freesia, which will not only delight in the subtle fine rings, but will also enhance your mood with colorfulness! Choose the amount of freesia you want and order it for your relatives or friends.<\/p>\n<p><em><strong>The colors are chosen from those we have on sale at the time, if you want a specific color contact us.<\/strong><\/em><\/p>\n<p>&nbsp;<\/p>\n<p style=\"text-align: right\">\n","protected":false},"featured_media":37429,"template":"","meta":[],"product_brand":[],"product_cat":[261,260,259,252,266,265,256,253,257,428,263,268,1966,426],"product_tag":[],"class_list":{"0":"post-18272","1":"product","2":"type-product","3":"status-publish","4":"has-post-thumbnail","6":"product_cat-birthday-bouquets","7":"product_cat-birthday-flowers","8":"product_cat-flowers-by-occasion","9":"product_cat-flowers-by-recipient","10":"product_cat-flowers-by-style","11":"product_cat-flowers-by-type","12":"product_cat-flowers-for-girlfriend","13":"product_cat-flowers-for-mom","14":"product_cat-flowers-for-women","15":"product_cat-jubilee-flowers","16":"product_cat-mothers-day-flowers","17":"product_cat-flower-bouquets","18":"product_cat-flowers-wrapped-in-paper","19":"product_cat-freesias","20":"tm-has-options","22":"first","23":"instock","24":"taxable","25":"shipping-taxable","26":"purchasable","27":"product-type-variable","28":"has-default-attributes"},"yoast_head":"<!-- This site is optimized with the Yoast SEO plugin v25.3 - https:\/\/yoast.com\/wordpress\/plugins\/seo\/ -->\n<title>Two color freesias bouquet | Brightly colored flowers | Gintar\u0117sG\u0117l\u0117s<\/title>\n<meta name=\"description\" content=\"We match two freesias colors and after receiving the most beautiful version we will present a bouquet from you to your close one or loved one. Make an online order and surprise your friends or family with fragrant freesia!\" \/>\n<meta name=\"robots\" content=\"index, follow, max-snippet:-1, max-image-preview:large, max-video-preview:-1\" \/>\n<link rel=\"canonical\" href=\"https:\/\/www.gintaresgeles.lt\/en\/puokste\/two-color-freesias-bouquet\/\" \/>\n<meta property=\"og:locale\" content=\"en_US\" \/>\n<meta property=\"og:type\" content=\"article\" \/>\n<meta property=\"og:title\" content=\"Two color freesias bouquet | Brightly colored flowers | Gintar\u0117sG\u0117l\u0117s\" \/>\n<meta property=\"og:description\" content=\"We match two freesias colors and after receiving the most beautiful version we will present a bouquet from you to your close one or loved one. Make an online order and surprise your friends or family with fragrant freesia!\" \/>\n<meta property=\"og:url\" content=\"https:\/\/www.gintaresgeles.lt\/en\/puokste\/two-color-freesias-bouquet\/\" \/>\n<meta property=\"og:site_name\" content=\"gintaresgeles.lt\" \/>\n<meta property=\"article:modified_time\" content=\"2025-05-29T00:01:40+00:00\" \/>\n<meta property=\"og:image\" content=\"https:\/\/www.gintaresgeles.lt\/wp-content\/uploads\/2018\/03\/freziju-puokste-dvieju-spalvu-scaled.jpg\" \/>\n\t<meta property=\"og:image:width\" content=\"2560\" \/>\n\t<meta property=\"og:image:height\" content=\"2560\" \/>\n\t<meta property=\"og:image:type\" content=\"image\/jpeg\" \/>\n<meta name=\"twitter:card\" content=\"summary_large_image\" \/>\n<script type=\"application\/ld+json\" class=\"yoast-schema-graph\">{\"@context\":\"https:\/\/schema.org\",\"@graph\":[{\"@type\":\"WebPage\",\"@id\":\"https:\/\/www.gintaresgeles.lt\/en\/puokste\/two-color-freesias-bouquet\/\",\"url\":\"https:\/\/www.gintaresgeles.lt\/en\/puokste\/two-color-freesias-bouquet\/\",\"name\":\"Two color freesias bouquet | Brightly colored flowers | Gintar\u0117sG\u0117l\u0117s\",\"isPartOf\":{\"@id\":\"https:\/\/www.gintaresgeles.lt\/en\/#website\"},\"primaryImageOfPage\":{\"@id\":\"https:\/\/www.gintaresgeles.lt\/en\/puokste\/two-color-freesias-bouquet\/#primaryimage\"},\"image\":{\"@id\":\"https:\/\/www.gintaresgeles.lt\/en\/puokste\/two-color-freesias-bouquet\/#primaryimage\"},\"thumbnailUrl\":\"https:\/\/www.gintaresgeles.lt\/wp-content\/uploads\/2018\/03\/freziju-puokste-dvieju-spalvu-scaled.jpg\",\"datePublished\":\"2018-05-25T09:19:52+00:00\",\"dateModified\":\"2025-05-29T00:01:40+00:00\",\"description\":\"We match two freesias colors and after receiving the most beautiful version we will present a bouquet from you to your close one or loved one. Make an online order and surprise your friends or family with fragrant freesia!\",\"breadcrumb\":{\"@id\":\"https:\/\/www.gintaresgeles.lt\/en\/puokste\/two-color-freesias-bouquet\/#breadcrumb\"},\"inLanguage\":\"en-US\",\"potentialAction\":[{\"@type\":\"ReadAction\",\"target\":[\"https:\/\/www.gintaresgeles.lt\/en\/puokste\/two-color-freesias-bouquet\/\"]}]},{\"@type\":\"ImageObject\",\"inLanguage\":\"en-US\",\"@id\":\"https:\/\/www.gintaresgeles.lt\/en\/puokste\/two-color-freesias-bouquet\/#primaryimage\",\"url\":\"https:\/\/www.gintaresgeles.lt\/wp-content\/uploads\/2018\/03\/freziju-puokste-dvieju-spalvu-scaled.jpg\",\"contentUrl\":\"https:\/\/www.gintaresgeles.lt\/wp-content\/uploads\/2018\/03\/freziju-puokste-dvieju-spalvu-scaled.jpg\",\"width\":2560,\"height\":2560,\"caption\":\"G\u0117l\u0117s draugei frezij\u0173 puok\u0161t\u0117\"},{\"@type\":\"BreadcrumbList\",\"@id\":\"https:\/\/www.gintaresgeles.lt\/en\/puokste\/two-color-freesias-bouquet\/#breadcrumb\",\"itemListElement\":[{\"@type\":\"ListItem\",\"position\":1,\"name\":\"Prad\u017eia\",\"item\":\"https:\/\/www.gintaresgeles.lt\/en\/\"},{\"@type\":\"ListItem\",\"position\":2,\"name\":\"All flowers and other products\",\"item\":\"https:\/\/www.gintaresgeles.lt\/en\/all-flowers-and-other-products\/\"},{\"@type\":\"ListItem\",\"position\":3,\"name\":\"Two color freesias bouquet\"}]},{\"@type\":\"WebSite\",\"@id\":\"https:\/\/www.gintaresgeles.lt\/en\/#website\",\"url\":\"https:\/\/www.gintaresgeles.lt\/en\/\",\"name\":\"Gintares Geles\",\"description\":\"Flower delivery in Vilnius | Same-day delivery | Gintares geles\",\"potentialAction\":[{\"@type\":\"SearchAction\",\"target\":{\"@type\":\"EntryPoint\",\"urlTemplate\":\"https:\/\/www.gintaresgeles.lt\/en\/?s={search_term_string}\"},\"query-input\":{\"@type\":\"PropertyValueSpecification\",\"valueRequired\":true,\"valueName\":\"search_term_string\"}}],\"inLanguage\":\"en-US\"}]}<\/script>\n<!-- \/ Yoast SEO plugin. -->","yoast_head_json":{"title":"Two color freesias bouquet | Brightly colored flowers | Gintar\u0117sG\u0117l\u0117s","description":"We match two freesias colors and after receiving the most beautiful version we will present a bouquet from you to your close one or loved one. Make an online order and surprise your friends or family with fragrant freesia!","robots":{"index":"index","follow":"follow","max-snippet":"max-snippet:-1","max-image-preview":"max-image-preview:large","max-video-preview":"max-video-preview:-1"},"canonical":"https:\/\/www.gintaresgeles.lt\/en\/puokste\/two-color-freesias-bouquet\/","og_locale":"en_US","og_type":"article","og_title":"Two color freesias bouquet | Brightly colored flowers | Gintar\u0117sG\u0117l\u0117s","og_description":"We match two freesias colors and after receiving the most beautiful version we will present a bouquet from you to your close one or loved one. Make an online order and surprise your friends or family with fragrant freesia!","og_url":"https:\/\/www.gintaresgeles.lt\/en\/puokste\/two-color-freesias-bouquet\/","og_site_name":"gintaresgeles.lt","article_modified_time":"2025-05-29T00:01:40+00:00","og_image":[{"width":2560,"height":2560,"url":"https:\/\/www.gintaresgeles.lt\/wp-content\/uploads\/2018\/03\/freziju-puokste-dvieju-spalvu-scaled.jpg","type":"image\/jpeg"}],"twitter_card":"summary_large_image","schema":{"@context":"https:\/\/schema.org","@graph":[{"@type":"WebPage","@id":"https:\/\/www.gintaresgeles.lt\/en\/puokste\/two-color-freesias-bouquet\/","url":"https:\/\/www.gintaresgeles.lt\/en\/puokste\/two-color-freesias-bouquet\/","name":"Two color freesias bouquet | Brightly colored flowers | Gintar\u0117sG\u0117l\u0117s","isPartOf":{"@id":"https:\/\/www.gintaresgeles.lt\/en\/#website"},"primaryImageOfPage":{"@id":"https:\/\/www.gintaresgeles.lt\/en\/puokste\/two-color-freesias-bouquet\/#primaryimage"},"image":{"@id":"https:\/\/www.gintaresgeles.lt\/en\/puokste\/two-color-freesias-bouquet\/#primaryimage"},"thumbnailUrl":"https:\/\/www.gintaresgeles.lt\/wp-content\/uploads\/2018\/03\/freziju-puokste-dvieju-spalvu-scaled.jpg","datePublished":"2018-05-25T09:19:52+00:00","dateModified":"2025-05-29T00:01:40+00:00","description":"We match two freesias colors and after receiving the most beautiful version we will present a bouquet from you to your close one or loved one. Make an online order and surprise your friends or family with fragrant freesia!","breadcrumb":{"@id":"https:\/\/www.gintaresgeles.lt\/en\/puokste\/two-color-freesias-bouquet\/#breadcrumb"},"inLanguage":"en-US","potentialAction":[{"@type":"ReadAction","target":["https:\/\/www.gintaresgeles.lt\/en\/puokste\/two-color-freesias-bouquet\/"]}]},{"@type":"ImageObject","inLanguage":"en-US","@id":"https:\/\/www.gintaresgeles.lt\/en\/puokste\/two-color-freesias-bouquet\/#primaryimage","url":"https:\/\/www.gintaresgeles.lt\/wp-content\/uploads\/2018\/03\/freziju-puokste-dvieju-spalvu-scaled.jpg","contentUrl":"https:\/\/www.gintaresgeles.lt\/wp-content\/uploads\/2018\/03\/freziju-puokste-dvieju-spalvu-scaled.jpg","width":2560,"height":2560,"caption":"G\u0117l\u0117s draugei frezij\u0173 puok\u0161t\u0117"},{"@type":"BreadcrumbList","@id":"https:\/\/www.gintaresgeles.lt\/en\/puokste\/two-color-freesias-bouquet\/#breadcrumb","itemListElement":[{"@type":"ListItem","position":1,"name":"Prad\u017eia","item":"https:\/\/www.gintaresgeles.lt\/en\/"},{"@type":"ListItem","position":2,"name":"All flowers and other products","item":"https:\/\/www.gintaresgeles.lt\/en\/all-flowers-and-other-products\/"},{"@type":"ListItem","position":3,"name":"Two color freesias bouquet"}]},{"@type":"WebSite","@id":"https:\/\/www.gintaresgeles.lt\/en\/#website","url":"https:\/\/www.gintaresgeles.lt\/en\/","name":"Gintares Geles","description":"Flower delivery in Vilnius | Same-day delivery | Gintares geles","potentialAction":[{"@type":"SearchAction","target":{"@type":"EntryPoint","urlTemplate":"https:\/\/www.gintaresgeles.lt\/en\/?s={search_term_string}"},"query-input":{"@type":"PropertyValueSpecification","valueRequired":true,"valueName":"search_term_string"}}],"inLanguage":"en-US"}]}},"_links":{"self":[{"href":"https:\/\/www.gintaresgeles.lt\/en\/wp-json\/wp\/v2\/product\/18272","targetHints":{"allow":["GET"]}}],"collection":[{"href":"https:\/\/www.gintaresgeles.lt\/en\/wp-json\/wp\/v2\/product"}],"about":[{"href":"https:\/\/www.gintaresgeles.lt\/en\/wp-json\/wp\/v2\/types\/product"}],"wp:featuredmedia":[{"embeddable":true,"href":"https:\/\/www.gintaresgeles.lt\/en\/wp-json\/wp\/v2\/media\/37429"}],"wp:attachment":[{"href":"https:\/\/www.gintaresgeles.lt\/en\/wp-json\/wp\/v2\/media?parent=18272"}],"wp:term":[{"taxonomy":"product_brand","embeddable":true,"href":"https:\/\/www.gintaresgeles.lt\/en\/wp-json\/wp\/v2\/product_brand?post=18272"},{"taxonomy":"product_cat","embeddable":true,"href":"https:\/\/www.gintaresgeles.lt\/en\/wp-json\/wp\/v2\/product_cat?post=18272"},{"taxonomy":"product_tag","embeddable":true,"href":"https:\/\/www.gintaresgeles.lt\/en\/wp-json\/wp\/v2\/product_tag?post=18272"}],"curies":[{"name":"wp","href":"https:\/\/api.w.org\/{rel}","templated":true}]}}