{"id":18348,"date":"2018-03-28T07:30:10","date_gmt":"2018-03-28T09:30:10","guid":{"rendered":"https:\/\/www.gintaresgeles.lt\/?post_type=product&#038;p=18348\/"},"modified":"2025-05-29T02:01:41","modified_gmt":"2025-05-29T00:01:41","slug":"one-color-alstroemerias-bouquet","status":"publish","type":"product","link":"https:\/\/www.gintaresgeles.lt\/en\/puokste\/one-color-alstroemerias-bouquet\/","title":{"rendered":"One color alstroemerias bouquet"},"content":{"rendered":"<p style=\"text-align: justify\">Bouquet consists of the number of alstroemerias you choose. The color of the alstroemerias is chosen from the ones we are selling at that time. We always adjust the appropriate ribbon so that flowers, no matter what color, look flawless. Alstroemerias can be yellow, orange, purple, red, or pink.<\/p>\n","protected":false},"excerpt":{"rendered":"<p style=\"text-align: justify\">Alstroemerias are unique flowers because of its small blossoms, they look gorgeous and even slightly playful, so it is a good gift for both men and women on any occasion. Choose the desired quantity of alstroemerias in the bouquet and congratulate your loved ones and other special people.<\/p>\n<p><em><strong>The colors are chosen from those we have on sale at the time, if you want a specific color contact us.<\/strong><\/em><\/p>\n<p>&nbsp;<\/p>\n<p style=\"text-align: right\">\n","protected":false},"featured_media":29855,"template":"","meta":[],"product_brand":[],"product_cat":[261,260,259,252,266,265,256,258,253,257,428,263,240,268,1966],"product_tag":[],"class_list":{"0":"post-18348","1":"product","2":"type-product","3":"status-publish","4":"has-post-thumbnail","6":"product_cat-birthday-bouquets","7":"product_cat-birthday-flowers","8":"product_cat-flowers-by-occasion","9":"product_cat-flowers-by-recipient","10":"product_cat-flowers-by-style","11":"product_cat-flowers-by-type","12":"product_cat-flowers-for-girlfriend","13":"product_cat-flowers-for-men","14":"product_cat-flowers-for-mom","15":"product_cat-flowers-for-women","16":"product_cat-jubilee-flowers","17":"product_cat-mothers-day-flowers","18":"product_cat-alstroemerias","19":"product_cat-flower-bouquets","20":"product_cat-flowers-wrapped-in-paper","21":"tm-has-options","23":"first","24":"instock","25":"featured","26":"taxable","27":"shipping-taxable","28":"purchasable","29":"product-type-variable","30":"has-default-attributes"},"yoast_head":"<!-- This site is optimized with the Yoast SEO plugin v25.3 - https:\/\/yoast.com\/wordpress\/plugins\/seo\/ -->\n<title>One color alstroemerias bouquet | Birght color flowers | Gintar\u0117sG\u0117l\u0117s<\/title>\n<meta name=\"description\" content=\"Surprise your beloved friend, colleague or dear mother with a wonderful alstroemerias bouquet. This one-color alstroemerias bouquet is special in that it is suitable for everyone and for all occasions. Order online with delivery to home in Vilnius or in Vilnius region.\" \/>\n<meta name=\"robots\" content=\"index, follow, max-snippet:-1, max-image-preview:large, max-video-preview:-1\" \/>\n<link rel=\"canonical\" href=\"https:\/\/www.gintaresgeles.lt\/en\/puokste\/one-color-alstroemerias-bouquet\/\" \/>\n<meta property=\"og:locale\" content=\"en_US\" \/>\n<meta property=\"og:type\" content=\"article\" \/>\n<meta property=\"og:title\" content=\"One color alstroemerias bouquet | Birght color flowers | Gintar\u0117sG\u0117l\u0117s\" \/>\n<meta property=\"og:description\" content=\"Surprise your beloved friend, colleague or dear mother with a wonderful alstroemerias bouquet. This one-color alstroemerias bouquet is special in that it is suitable for everyone and for all occasions. Order online with delivery to home in Vilnius or in Vilnius region.\" \/>\n<meta property=\"og:url\" content=\"https:\/\/www.gintaresgeles.lt\/en\/puokste\/one-color-alstroemerias-bouquet\/\" \/>\n<meta property=\"og:site_name\" content=\"gintaresgeles.lt\" \/>\n<meta property=\"article:modified_time\" content=\"2025-05-29T00:01:41+00:00\" \/>\n<meta property=\"og:image\" content=\"https:\/\/www.gintaresgeles.lt\/wp-content\/uploads\/2018\/03\/alstromeriju-puokstes-vienspalves.jpg\" \/>\n\t<meta property=\"og:image:width\" content=\"4000\" \/>\n\t<meta property=\"og:image:height\" content=\"4000\" \/>\n\t<meta property=\"og:image:type\" content=\"image\/jpeg\" \/>\n<meta name=\"twitter:card\" content=\"summary_large_image\" \/>\n<script type=\"application\/ld+json\" class=\"yoast-schema-graph\">{\"@context\":\"https:\/\/schema.org\",\"@graph\":[{\"@type\":\"WebPage\",\"@id\":\"https:\/\/www.gintaresgeles.lt\/en\/puokste\/one-color-alstroemerias-bouquet\/\",\"url\":\"https:\/\/www.gintaresgeles.lt\/en\/puokste\/one-color-alstroemerias-bouquet\/\",\"name\":\"One color alstroemerias bouquet | Birght color flowers | Gintar\u0117sG\u0117l\u0117s\",\"isPartOf\":{\"@id\":\"https:\/\/www.gintaresgeles.lt\/en\/#website\"},\"primaryImageOfPage\":{\"@id\":\"https:\/\/www.gintaresgeles.lt\/en\/puokste\/one-color-alstroemerias-bouquet\/#primaryimage\"},\"image\":{\"@id\":\"https:\/\/www.gintaresgeles.lt\/en\/puokste\/one-color-alstroemerias-bouquet\/#primaryimage\"},\"thumbnailUrl\":\"https:\/\/www.gintaresgeles.lt\/wp-content\/uploads\/2018\/03\/alstromeriju-puokstes-vienspalves.jpg\",\"datePublished\":\"2018-03-28T09:30:10+00:00\",\"dateModified\":\"2025-05-29T00:01:41+00:00\",\"description\":\"Surprise your beloved friend, colleague or dear mother with a wonderful alstroemerias bouquet. This one-color alstroemerias bouquet is special in that it is suitable for everyone and for all occasions. Order online with delivery to home in Vilnius or in Vilnius region.\",\"breadcrumb\":{\"@id\":\"https:\/\/www.gintaresgeles.lt\/en\/puokste\/one-color-alstroemerias-bouquet\/#breadcrumb\"},\"inLanguage\":\"en-US\",\"potentialAction\":[{\"@type\":\"ReadAction\",\"target\":[\"https:\/\/www.gintaresgeles.lt\/en\/puokste\/one-color-alstroemerias-bouquet\/\"]}]},{\"@type\":\"ImageObject\",\"inLanguage\":\"en-US\",\"@id\":\"https:\/\/www.gintaresgeles.lt\/en\/puokste\/one-color-alstroemerias-bouquet\/#primaryimage\",\"url\":\"https:\/\/www.gintaresgeles.lt\/wp-content\/uploads\/2018\/03\/alstromeriju-puokstes-vienspalves.jpg\",\"contentUrl\":\"https:\/\/www.gintaresgeles.lt\/wp-content\/uploads\/2018\/03\/alstromeriju-puokstes-vienspalves.jpg\",\"width\":4000,\"height\":4000,\"caption\":\"Vienos spalvos alstromerij\u0173 puok\u0161t\u0117 g\u0117l\u0117s gimtadienio proga\"},{\"@type\":\"BreadcrumbList\",\"@id\":\"https:\/\/www.gintaresgeles.lt\/en\/puokste\/one-color-alstroemerias-bouquet\/#breadcrumb\",\"itemListElement\":[{\"@type\":\"ListItem\",\"position\":1,\"name\":\"Prad\u017eia\",\"item\":\"https:\/\/www.gintaresgeles.lt\/en\/\"},{\"@type\":\"ListItem\",\"position\":2,\"name\":\"All flowers and other products\",\"item\":\"https:\/\/www.gintaresgeles.lt\/en\/all-flowers-and-other-products\/\"},{\"@type\":\"ListItem\",\"position\":3,\"name\":\"One color alstroemerias bouquet\"}]},{\"@type\":\"WebSite\",\"@id\":\"https:\/\/www.gintaresgeles.lt\/en\/#website\",\"url\":\"https:\/\/www.gintaresgeles.lt\/en\/\",\"name\":\"gintaresgeles.lt\",\"description\":\"G\u0117li\u0173 parduotuv\u0117 internete\",\"potentialAction\":[{\"@type\":\"SearchAction\",\"target\":{\"@type\":\"EntryPoint\",\"urlTemplate\":\"https:\/\/www.gintaresgeles.lt\/en\/?s={search_term_string}\"},\"query-input\":{\"@type\":\"PropertyValueSpecification\",\"valueRequired\":true,\"valueName\":\"search_term_string\"}}],\"inLanguage\":\"en-US\"}]}<\/script>\n<!-- \/ Yoast SEO plugin. -->","yoast_head_json":{"title":"One color alstroemerias bouquet | Birght color flowers | Gintar\u0117sG\u0117l\u0117s","description":"Surprise your beloved friend, colleague or dear mother with a wonderful alstroemerias bouquet. This one-color alstroemerias bouquet is special in that it is suitable for everyone and for all occasions. Order online with delivery to home in Vilnius or in Vilnius region.","robots":{"index":"index","follow":"follow","max-snippet":"max-snippet:-1","max-image-preview":"max-image-preview:large","max-video-preview":"max-video-preview:-1"},"canonical":"https:\/\/www.gintaresgeles.lt\/en\/puokste\/one-color-alstroemerias-bouquet\/","og_locale":"en_US","og_type":"article","og_title":"One color alstroemerias bouquet | Birght color flowers | Gintar\u0117sG\u0117l\u0117s","og_description":"Surprise your beloved friend, colleague or dear mother with a wonderful alstroemerias bouquet. This one-color alstroemerias bouquet is special in that it is suitable for everyone and for all occasions. Order online with delivery to home in Vilnius or in Vilnius region.","og_url":"https:\/\/www.gintaresgeles.lt\/en\/puokste\/one-color-alstroemerias-bouquet\/","og_site_name":"gintaresgeles.lt","article_modified_time":"2025-05-29T00:01:41+00:00","og_image":[{"width":4000,"height":4000,"url":"https:\/\/www.gintaresgeles.lt\/wp-content\/uploads\/2018\/03\/alstromeriju-puokstes-vienspalves.jpg","type":"image\/jpeg"}],"twitter_card":"summary_large_image","schema":{"@context":"https:\/\/schema.org","@graph":[{"@type":"WebPage","@id":"https:\/\/www.gintaresgeles.lt\/en\/puokste\/one-color-alstroemerias-bouquet\/","url":"https:\/\/www.gintaresgeles.lt\/en\/puokste\/one-color-alstroemerias-bouquet\/","name":"One color alstroemerias bouquet | Birght color flowers | Gintar\u0117sG\u0117l\u0117s","isPartOf":{"@id":"https:\/\/www.gintaresgeles.lt\/en\/#website"},"primaryImageOfPage":{"@id":"https:\/\/www.gintaresgeles.lt\/en\/puokste\/one-color-alstroemerias-bouquet\/#primaryimage"},"image":{"@id":"https:\/\/www.gintaresgeles.lt\/en\/puokste\/one-color-alstroemerias-bouquet\/#primaryimage"},"thumbnailUrl":"https:\/\/www.gintaresgeles.lt\/wp-content\/uploads\/2018\/03\/alstromeriju-puokstes-vienspalves.jpg","datePublished":"2018-03-28T09:30:10+00:00","dateModified":"2025-05-29T00:01:41+00:00","description":"Surprise your beloved friend, colleague or dear mother with a wonderful alstroemerias bouquet. This one-color alstroemerias bouquet is special in that it is suitable for everyone and for all occasions. Order online with delivery to home in Vilnius or in Vilnius region.","breadcrumb":{"@id":"https:\/\/www.gintaresgeles.lt\/en\/puokste\/one-color-alstroemerias-bouquet\/#breadcrumb"},"inLanguage":"en-US","potentialAction":[{"@type":"ReadAction","target":["https:\/\/www.gintaresgeles.lt\/en\/puokste\/one-color-alstroemerias-bouquet\/"]}]},{"@type":"ImageObject","inLanguage":"en-US","@id":"https:\/\/www.gintaresgeles.lt\/en\/puokste\/one-color-alstroemerias-bouquet\/#primaryimage","url":"https:\/\/www.gintaresgeles.lt\/wp-content\/uploads\/2018\/03\/alstromeriju-puokstes-vienspalves.jpg","contentUrl":"https:\/\/www.gintaresgeles.lt\/wp-content\/uploads\/2018\/03\/alstromeriju-puokstes-vienspalves.jpg","width":4000,"height":4000,"caption":"Vienos spalvos alstromerij\u0173 puok\u0161t\u0117 g\u0117l\u0117s gimtadienio proga"},{"@type":"BreadcrumbList","@id":"https:\/\/www.gintaresgeles.lt\/en\/puokste\/one-color-alstroemerias-bouquet\/#breadcrumb","itemListElement":[{"@type":"ListItem","position":1,"name":"Prad\u017eia","item":"https:\/\/www.gintaresgeles.lt\/en\/"},{"@type":"ListItem","position":2,"name":"All flowers and other products","item":"https:\/\/www.gintaresgeles.lt\/en\/all-flowers-and-other-products\/"},{"@type":"ListItem","position":3,"name":"One color alstroemerias bouquet"}]},{"@type":"WebSite","@id":"https:\/\/www.gintaresgeles.lt\/en\/#website","url":"https:\/\/www.gintaresgeles.lt\/en\/","name":"gintaresgeles.lt","description":"G\u0117li\u0173 parduotuv\u0117 internete","potentialAction":[{"@type":"SearchAction","target":{"@type":"EntryPoint","urlTemplate":"https:\/\/www.gintaresgeles.lt\/en\/?s={search_term_string}"},"query-input":{"@type":"PropertyValueSpecification","valueRequired":true,"valueName":"search_term_string"}}],"inLanguage":"en-US"}]}},"_links":{"self":[{"href":"https:\/\/www.gintaresgeles.lt\/en\/wp-json\/wp\/v2\/product\/18348","targetHints":{"allow":["GET"]}}],"collection":[{"href":"https:\/\/www.gintaresgeles.lt\/en\/wp-json\/wp\/v2\/product"}],"about":[{"href":"https:\/\/www.gintaresgeles.lt\/en\/wp-json\/wp\/v2\/types\/product"}],"wp:featuredmedia":[{"embeddable":true,"href":"https:\/\/www.gintaresgeles.lt\/en\/wp-json\/wp\/v2\/media\/29855"}],"wp:attachment":[{"href":"https:\/\/www.gintaresgeles.lt\/en\/wp-json\/wp\/v2\/media?parent=18348"}],"wp:term":[{"taxonomy":"product_brand","embeddable":true,"href":"https:\/\/www.gintaresgeles.lt\/en\/wp-json\/wp\/v2\/product_brand?post=18348"},{"taxonomy":"product_cat","embeddable":true,"href":"https:\/\/www.gintaresgeles.lt\/en\/wp-json\/wp\/v2\/product_cat?post=18348"},{"taxonomy":"product_tag","embeddable":true,"href":"https:\/\/www.gintaresgeles.lt\/en\/wp-json\/wp\/v2\/product_tag?post=18348"}],"curies":[{"name":"wp","href":"https:\/\/api.w.org\/{rel}","templated":true}]}}