{"id":18364,"date":"2018-02-23T07:12:54","date_gmt":"2018-02-23T09:12:54","guid":{"rendered":"https:\/\/www.gintaresgeles.lt\/?post_type=product&#038;p=18364\/"},"modified":"2026-02-12T18:23:43","modified_gmt":"2026-02-12T16:23:43","slug":"two-color-alstroemerias-bouquet","status":"publish","type":"product","link":"https:\/\/www.gintaresgeles.lt\/en\/puokste\/two-color-alstroemerias-bouquet\/","title":{"rendered":"Two color alstroemerias bouquet"},"content":{"rendered":"<p style=\"text-align: justify;\">The picture shows 15 alstroemerias bouquet. The bouquet usually consists of your chosen amount of yellow and red alstroemerias. If it happens that we do not have yellow or red alstroemerias then we combine the other two colors of alstroemerias and get the same great result. Smaller amount of alstroemerias is putted in cellophane, but if you choose bigger boquet it looks great and without cellophane.<\/p>\n","protected":false},"excerpt":{"rendered":"<p style=\"text-align: justify;\">Alstroemerias &#8211; is an ideal gift for both women and men. These colorful and light blossomed flowers looks really joyfully and festive. Choose the desired amount of alstroemerias in the bouquet and congratulate your loved ones and other special people.<\/p>\n<p><em><strong>The colors are chosen from those we have on sale at the time, if you want a specific color contact us.<\/strong><\/em><\/p>\n<p style=\"text-align: right;\">\n","protected":false},"featured_media":29852,"template":"","meta":[],"product_brand":[],"product_cat":[261,260,259,252,266,265,256,258,253,257,428,263,240,268,1966],"product_tag":[],"class_list":{"0":"post-18364","1":"product","2":"type-product","3":"status-publish","4":"has-post-thumbnail","6":"product_cat-birthday-bouquets","7":"product_cat-birthday-flowers","8":"product_cat-flowers-by-occasion","9":"product_cat-flowers-by-recipient","10":"product_cat-flowers-by-style","11":"product_cat-flowers-by-type","12":"product_cat-flowers-for-girlfriend","13":"product_cat-flowers-for-men","14":"product_cat-flowers-for-mom","15":"product_cat-flowers-for-women","16":"product_cat-jubilee-flowers","17":"product_cat-mothers-day-flowers","18":"product_cat-alstroemerias","19":"product_cat-flower-bouquets","20":"product_cat-flowers-wrapped-in-paper","21":"tm-has-options","23":"first","24":"instock","25":"taxable","26":"shipping-taxable","27":"purchasable","28":"product-type-variable","29":"has-default-attributes"},"yoast_head":"<!-- This site is optimized with the Yoast SEO plugin v25.3 - https:\/\/yoast.com\/wordpress\/plugins\/seo\/ -->\n<title>Two color alstroemerias bouquet | Bright colored flowers | Gintar\u0117sG\u0117l\u0117s<\/title>\n<meta name=\"description\" content=\"Alstroemerias - flowers suitable for everyone. These flowers will fascinate women with their fine small blossoms and their colorfulness will be liked by men. Order a colorful and good mood-bringing bouquet of alstroemerias online with delivery to home in Vilnius or Vilnius region.\" \/>\n<meta name=\"robots\" content=\"index, follow, max-snippet:-1, max-image-preview:large, max-video-preview:-1\" \/>\n<link rel=\"canonical\" href=\"https:\/\/www.gintaresgeles.lt\/en\/puokste\/two-color-alstroemerias-bouquet\/\" \/>\n<meta property=\"og:locale\" content=\"en_US\" \/>\n<meta property=\"og:type\" content=\"article\" \/>\n<meta property=\"og:title\" content=\"Two color alstroemerias bouquet | Bright colored flowers | Gintar\u0117sG\u0117l\u0117s\" \/>\n<meta property=\"og:description\" content=\"Alstroemerias - flowers suitable for everyone. These flowers will fascinate women with their fine small blossoms and their colorfulness will be liked by men. Order a colorful and good mood-bringing bouquet of alstroemerias online with delivery to home in Vilnius or Vilnius region.\" \/>\n<meta property=\"og:url\" content=\"https:\/\/www.gintaresgeles.lt\/en\/puokste\/two-color-alstroemerias-bouquet\/\" \/>\n<meta property=\"og:site_name\" content=\"gintaresgeles.lt\" \/>\n<meta property=\"article:modified_time\" content=\"2026-02-12T16:23:43+00:00\" \/>\n<meta property=\"og:image\" content=\"https:\/\/www.gintaresgeles.lt\/wp-content\/uploads\/2018\/02\/geliu-puokstes-alstromerijos.jpg\" \/>\n\t<meta property=\"og:image:width\" content=\"4000\" \/>\n\t<meta property=\"og:image:height\" content=\"4000\" \/>\n\t<meta property=\"og:image:type\" content=\"image\/jpeg\" \/>\n<meta name=\"twitter:card\" content=\"summary_large_image\" \/>\n<script type=\"application\/ld+json\" class=\"yoast-schema-graph\">{\"@context\":\"https:\/\/schema.org\",\"@graph\":[{\"@type\":\"WebPage\",\"@id\":\"https:\/\/www.gintaresgeles.lt\/en\/puokste\/two-color-alstroemerias-bouquet\/\",\"url\":\"https:\/\/www.gintaresgeles.lt\/en\/puokste\/two-color-alstroemerias-bouquet\/\",\"name\":\"Two color alstroemerias bouquet | Bright colored flowers | Gintar\u0117sG\u0117l\u0117s\",\"isPartOf\":{\"@id\":\"https:\/\/www.gintaresgeles.lt\/en\/#website\"},\"primaryImageOfPage\":{\"@id\":\"https:\/\/www.gintaresgeles.lt\/en\/puokste\/two-color-alstroemerias-bouquet\/#primaryimage\"},\"image\":{\"@id\":\"https:\/\/www.gintaresgeles.lt\/en\/puokste\/two-color-alstroemerias-bouquet\/#primaryimage\"},\"thumbnailUrl\":\"https:\/\/www.gintaresgeles.lt\/wp-content\/uploads\/2018\/02\/geliu-puokstes-alstromerijos.jpg\",\"datePublished\":\"2018-02-23T09:12:54+00:00\",\"dateModified\":\"2026-02-12T16:23:43+00:00\",\"description\":\"Alstroemerias - flowers suitable for everyone. These flowers will fascinate women with their fine small blossoms and their colorfulness will be liked by men. Order a colorful and good mood-bringing bouquet of alstroemerias online with delivery to home in Vilnius or Vilnius region.\",\"breadcrumb\":{\"@id\":\"https:\/\/www.gintaresgeles.lt\/en\/puokste\/two-color-alstroemerias-bouquet\/#breadcrumb\"},\"inLanguage\":\"en-US\",\"potentialAction\":[{\"@type\":\"ReadAction\",\"target\":[\"https:\/\/www.gintaresgeles.lt\/en\/puokste\/two-color-alstroemerias-bouquet\/\"]}]},{\"@type\":\"ImageObject\",\"inLanguage\":\"en-US\",\"@id\":\"https:\/\/www.gintaresgeles.lt\/en\/puokste\/two-color-alstroemerias-bouquet\/#primaryimage\",\"url\":\"https:\/\/www.gintaresgeles.lt\/wp-content\/uploads\/2018\/02\/geliu-puokstes-alstromerijos.jpg\",\"contentUrl\":\"https:\/\/www.gintaresgeles.lt\/wp-content\/uploads\/2018\/02\/geliu-puokstes-alstromerijos.jpg\",\"width\":4000,\"height\":4000,\"caption\":\"Alstromerij\u0173 puok\u0161t\u0117 g\u0117l\u0117s moterims\"},{\"@type\":\"BreadcrumbList\",\"@id\":\"https:\/\/www.gintaresgeles.lt\/en\/puokste\/two-color-alstroemerias-bouquet\/#breadcrumb\",\"itemListElement\":[{\"@type\":\"ListItem\",\"position\":1,\"name\":\"Prad\u017eia\",\"item\":\"https:\/\/www.gintaresgeles.lt\/en\/\"},{\"@type\":\"ListItem\",\"position\":2,\"name\":\"All flowers and other products\",\"item\":\"https:\/\/www.gintaresgeles.lt\/en\/all-flowers-and-other-products\/\"},{\"@type\":\"ListItem\",\"position\":3,\"name\":\"Two color alstroemerias bouquet\"}]},{\"@type\":\"WebSite\",\"@id\":\"https:\/\/www.gintaresgeles.lt\/en\/#website\",\"url\":\"https:\/\/www.gintaresgeles.lt\/en\/\",\"name\":\"Gintares Geles\",\"description\":\"Flower delivery in Vilnius | Same-day delivery | Gintares geles\",\"potentialAction\":[{\"@type\":\"SearchAction\",\"target\":{\"@type\":\"EntryPoint\",\"urlTemplate\":\"https:\/\/www.gintaresgeles.lt\/en\/?s={search_term_string}\"},\"query-input\":{\"@type\":\"PropertyValueSpecification\",\"valueRequired\":true,\"valueName\":\"search_term_string\"}}],\"inLanguage\":\"en-US\"}]}<\/script>\n<!-- \/ Yoast SEO plugin. -->","yoast_head_json":{"title":"Two color alstroemerias bouquet | Bright colored flowers | Gintar\u0117sG\u0117l\u0117s","description":"Alstroemerias - flowers suitable for everyone. These flowers will fascinate women with their fine small blossoms and their colorfulness will be liked by men. Order a colorful and good mood-bringing bouquet of alstroemerias online with delivery to home in Vilnius or Vilnius region.","robots":{"index":"index","follow":"follow","max-snippet":"max-snippet:-1","max-image-preview":"max-image-preview:large","max-video-preview":"max-video-preview:-1"},"canonical":"https:\/\/www.gintaresgeles.lt\/en\/puokste\/two-color-alstroemerias-bouquet\/","og_locale":"en_US","og_type":"article","og_title":"Two color alstroemerias bouquet | Bright colored flowers | Gintar\u0117sG\u0117l\u0117s","og_description":"Alstroemerias - flowers suitable for everyone. These flowers will fascinate women with their fine small blossoms and their colorfulness will be liked by men. Order a colorful and good mood-bringing bouquet of alstroemerias online with delivery to home in Vilnius or Vilnius region.","og_url":"https:\/\/www.gintaresgeles.lt\/en\/puokste\/two-color-alstroemerias-bouquet\/","og_site_name":"gintaresgeles.lt","article_modified_time":"2026-02-12T16:23:43+00:00","og_image":[{"width":4000,"height":4000,"url":"https:\/\/www.gintaresgeles.lt\/wp-content\/uploads\/2018\/02\/geliu-puokstes-alstromerijos.jpg","type":"image\/jpeg"}],"twitter_card":"summary_large_image","schema":{"@context":"https:\/\/schema.org","@graph":[{"@type":"WebPage","@id":"https:\/\/www.gintaresgeles.lt\/en\/puokste\/two-color-alstroemerias-bouquet\/","url":"https:\/\/www.gintaresgeles.lt\/en\/puokste\/two-color-alstroemerias-bouquet\/","name":"Two color alstroemerias bouquet | Bright colored flowers | Gintar\u0117sG\u0117l\u0117s","isPartOf":{"@id":"https:\/\/www.gintaresgeles.lt\/en\/#website"},"primaryImageOfPage":{"@id":"https:\/\/www.gintaresgeles.lt\/en\/puokste\/two-color-alstroemerias-bouquet\/#primaryimage"},"image":{"@id":"https:\/\/www.gintaresgeles.lt\/en\/puokste\/two-color-alstroemerias-bouquet\/#primaryimage"},"thumbnailUrl":"https:\/\/www.gintaresgeles.lt\/wp-content\/uploads\/2018\/02\/geliu-puokstes-alstromerijos.jpg","datePublished":"2018-02-23T09:12:54+00:00","dateModified":"2026-02-12T16:23:43+00:00","description":"Alstroemerias - flowers suitable for everyone. These flowers will fascinate women with their fine small blossoms and their colorfulness will be liked by men. Order a colorful and good mood-bringing bouquet of alstroemerias online with delivery to home in Vilnius or Vilnius region.","breadcrumb":{"@id":"https:\/\/www.gintaresgeles.lt\/en\/puokste\/two-color-alstroemerias-bouquet\/#breadcrumb"},"inLanguage":"en-US","potentialAction":[{"@type":"ReadAction","target":["https:\/\/www.gintaresgeles.lt\/en\/puokste\/two-color-alstroemerias-bouquet\/"]}]},{"@type":"ImageObject","inLanguage":"en-US","@id":"https:\/\/www.gintaresgeles.lt\/en\/puokste\/two-color-alstroemerias-bouquet\/#primaryimage","url":"https:\/\/www.gintaresgeles.lt\/wp-content\/uploads\/2018\/02\/geliu-puokstes-alstromerijos.jpg","contentUrl":"https:\/\/www.gintaresgeles.lt\/wp-content\/uploads\/2018\/02\/geliu-puokstes-alstromerijos.jpg","width":4000,"height":4000,"caption":"Alstromerij\u0173 puok\u0161t\u0117 g\u0117l\u0117s moterims"},{"@type":"BreadcrumbList","@id":"https:\/\/www.gintaresgeles.lt\/en\/puokste\/two-color-alstroemerias-bouquet\/#breadcrumb","itemListElement":[{"@type":"ListItem","position":1,"name":"Prad\u017eia","item":"https:\/\/www.gintaresgeles.lt\/en\/"},{"@type":"ListItem","position":2,"name":"All flowers and other products","item":"https:\/\/www.gintaresgeles.lt\/en\/all-flowers-and-other-products\/"},{"@type":"ListItem","position":3,"name":"Two color alstroemerias bouquet"}]},{"@type":"WebSite","@id":"https:\/\/www.gintaresgeles.lt\/en\/#website","url":"https:\/\/www.gintaresgeles.lt\/en\/","name":"Gintares Geles","description":"Flower delivery in Vilnius | Same-day delivery | Gintares geles","potentialAction":[{"@type":"SearchAction","target":{"@type":"EntryPoint","urlTemplate":"https:\/\/www.gintaresgeles.lt\/en\/?s={search_term_string}"},"query-input":{"@type":"PropertyValueSpecification","valueRequired":true,"valueName":"search_term_string"}}],"inLanguage":"en-US"}]}},"_links":{"self":[{"href":"https:\/\/www.gintaresgeles.lt\/en\/wp-json\/wp\/v2\/product\/18364","targetHints":{"allow":["GET"]}}],"collection":[{"href":"https:\/\/www.gintaresgeles.lt\/en\/wp-json\/wp\/v2\/product"}],"about":[{"href":"https:\/\/www.gintaresgeles.lt\/en\/wp-json\/wp\/v2\/types\/product"}],"wp:featuredmedia":[{"embeddable":true,"href":"https:\/\/www.gintaresgeles.lt\/en\/wp-json\/wp\/v2\/media\/29852"}],"wp:attachment":[{"href":"https:\/\/www.gintaresgeles.lt\/en\/wp-json\/wp\/v2\/media?parent=18364"}],"wp:term":[{"taxonomy":"product_brand","embeddable":true,"href":"https:\/\/www.gintaresgeles.lt\/en\/wp-json\/wp\/v2\/product_brand?post=18364"},{"taxonomy":"product_cat","embeddable":true,"href":"https:\/\/www.gintaresgeles.lt\/en\/wp-json\/wp\/v2\/product_cat?post=18364"},{"taxonomy":"product_tag","embeddable":true,"href":"https:\/\/www.gintaresgeles.lt\/en\/wp-json\/wp\/v2\/product_tag?post=18364"}],"curies":[{"name":"wp","href":"https:\/\/api.w.org\/{rel}","templated":true}]}}