{"id":18392,"date":"2018-02-22T05:35:33","date_gmt":"2018-05-27T21:33:06","guid":{"rendered":"https:\/\/www.gintaresgeles.lt\/?post_type=product&#038;p=18392\/"},"modified":"2025-11-16T17:56:52","modified_gmt":"2025-11-16T15:56:52","slug":"freesias-bouquet","status":"publish","type":"product","link":"https:\/\/www.gintaresgeles.lt\/en\/puokste\/freesias-bouquet\/","title":{"rendered":"Freesias bouquet"},"content":{"rendered":"<p>The bouquet includes a freesias of different colors which will be tied with a beautiful, brightly colored ribbon. You can choose the amount of freesias, you need to pay attention to the fact that the blossoms of these flowers are small, so in order to create a really memorable image, the flower quantity in bouquet should be more than usual. Colors are selected from the ones we have in sale at the time of booking.<\/p>\n","protected":false},"excerpt":{"rendered":"<p style=\"text-align: justify;\">Surprise a special person with bouquet of fragrant freesias, which will not only delight with subtle fine blossoms, but also will raise mood with colorfulness! Choose desired quantity of freesias and gift it for relatives or friends.<\/p>\n<p><em><strong>The colors are chosen from those we have on sale at the time, if you want a specific color contact us.<\/strong><\/em><\/p>\n","protected":false},"featured_media":57081,"template":"","meta":[],"product_brand":[],"product_cat":[261,260,259,252,266,265,256,258,253,257,428,263,268,1966,426],"product_tag":[],"class_list":{"0":"post-18392","1":"product","2":"type-product","3":"status-publish","4":"has-post-thumbnail","6":"product_cat-birthday-bouquets","7":"product_cat-birthday-flowers","8":"product_cat-flowers-by-occasion","9":"product_cat-flowers-by-recipient","10":"product_cat-flowers-by-style","11":"product_cat-flowers-by-type","12":"product_cat-flowers-for-girlfriend","13":"product_cat-flowers-for-men","14":"product_cat-flowers-for-mom","15":"product_cat-flowers-for-women","16":"product_cat-jubilee-flowers","17":"product_cat-mothers-day-flowers","18":"product_cat-flower-bouquets","19":"product_cat-flowers-wrapped-in-paper","20":"product_cat-freesias","21":"tm-has-options","23":"first","24":"instock","25":"taxable","26":"shipping-taxable","27":"purchasable","28":"product-type-variable","29":"has-default-attributes"},"yoast_head":"<!-- This site is optimized with the Yoast SEO plugin v25.3 - https:\/\/yoast.com\/wordpress\/plugins\/seo\/ -->\n<title>Freesias bouquet | Bright colored flowers | Gintar\u0117sG\u0117l\u0117s<\/title>\n<meta name=\"description\" content=\"If you are looking for a bouquet with which you would like to surprise a special person, but also you are looking for something more interesting and unique than rose or tulip then colorful and fragrant freesia will be a great choice. Choose the amount of freesia and order to home or office in Vilnius or Vilnius region.\" \/>\n<meta name=\"robots\" content=\"index, follow, max-snippet:-1, max-image-preview:large, max-video-preview:-1\" \/>\n<link rel=\"canonical\" href=\"https:\/\/www.gintaresgeles.lt\/en\/puokste\/freesias-bouquet\/\" \/>\n<meta property=\"og:locale\" content=\"en_US\" \/>\n<meta property=\"og:type\" content=\"article\" \/>\n<meta property=\"og:title\" content=\"Freesias bouquet | Bright colored flowers | Gintar\u0117sG\u0117l\u0117s\" \/>\n<meta property=\"og:description\" content=\"If you are looking for a bouquet with which you would like to surprise a special person, but also you are looking for something more interesting and unique than rose or tulip then colorful and fragrant freesia will be a great choice. Choose the amount of freesia and order to home or office in Vilnius or Vilnius region.\" \/>\n<meta property=\"og:url\" content=\"https:\/\/www.gintaresgeles.lt\/en\/puokste\/freesias-bouquet\/\" \/>\n<meta property=\"og:site_name\" content=\"gintaresgeles.lt\" \/>\n<meta property=\"article:modified_time\" content=\"2025-11-16T15:56:52+00:00\" \/>\n<meta property=\"og:image\" content=\"https:\/\/www.gintaresgeles.lt\/wp-content\/uploads\/2018\/02\/ivairiaspalviu-freziju-puokste-gimtadienio-proga-scaled.jpg\" \/>\n\t<meta property=\"og:image:width\" content=\"2560\" \/>\n\t<meta property=\"og:image:height\" content=\"2560\" \/>\n\t<meta property=\"og:image:type\" content=\"image\/jpeg\" \/>\n<meta name=\"twitter:card\" content=\"summary_large_image\" \/>\n<script type=\"application\/ld+json\" class=\"yoast-schema-graph\">{\"@context\":\"https:\/\/schema.org\",\"@graph\":[{\"@type\":\"WebPage\",\"@id\":\"https:\/\/www.gintaresgeles.lt\/en\/puokste\/freesias-bouquet\/\",\"url\":\"https:\/\/www.gintaresgeles.lt\/en\/puokste\/freesias-bouquet\/\",\"name\":\"Freesias bouquet | Bright colored flowers | Gintar\u0117sG\u0117l\u0117s\",\"isPartOf\":{\"@id\":\"https:\/\/www.gintaresgeles.lt\/en\/#website\"},\"primaryImageOfPage\":{\"@id\":\"https:\/\/www.gintaresgeles.lt\/en\/puokste\/freesias-bouquet\/#primaryimage\"},\"image\":{\"@id\":\"https:\/\/www.gintaresgeles.lt\/en\/puokste\/freesias-bouquet\/#primaryimage\"},\"thumbnailUrl\":\"https:\/\/www.gintaresgeles.lt\/wp-content\/uploads\/2018\/02\/ivairiaspalviu-freziju-puokste-gimtadienio-proga-scaled.jpg\",\"datePublished\":\"2018-05-27T21:33:06+00:00\",\"dateModified\":\"2025-11-16T15:56:52+00:00\",\"description\":\"If you are looking for a bouquet with which you would like to surprise a special person, but also you are looking for something more interesting and unique than rose or tulip then colorful and fragrant freesia will be a great choice. Choose the amount of freesia and order to home or office in Vilnius or Vilnius region.\",\"breadcrumb\":{\"@id\":\"https:\/\/www.gintaresgeles.lt\/en\/puokste\/freesias-bouquet\/#breadcrumb\"},\"inLanguage\":\"en-US\",\"potentialAction\":[{\"@type\":\"ReadAction\",\"target\":[\"https:\/\/www.gintaresgeles.lt\/en\/puokste\/freesias-bouquet\/\"]}]},{\"@type\":\"ImageObject\",\"inLanguage\":\"en-US\",\"@id\":\"https:\/\/www.gintaresgeles.lt\/en\/puokste\/freesias-bouquet\/#primaryimage\",\"url\":\"https:\/\/www.gintaresgeles.lt\/wp-content\/uploads\/2018\/02\/ivairiaspalviu-freziju-puokste-gimtadienio-proga-scaled.jpg\",\"contentUrl\":\"https:\/\/www.gintaresgeles.lt\/wp-content\/uploads\/2018\/02\/ivairiaspalviu-freziju-puokste-gimtadienio-proga-scaled.jpg\",\"width\":2560,\"height\":2560,\"caption\":\"Spalvingos frezijos puok\u0161t\u0117je gimtadienio proga\"},{\"@type\":\"BreadcrumbList\",\"@id\":\"https:\/\/www.gintaresgeles.lt\/en\/puokste\/freesias-bouquet\/#breadcrumb\",\"itemListElement\":[{\"@type\":\"ListItem\",\"position\":1,\"name\":\"Prad\u017eia\",\"item\":\"https:\/\/www.gintaresgeles.lt\/en\/\"},{\"@type\":\"ListItem\",\"position\":2,\"name\":\"All flowers and other products\",\"item\":\"https:\/\/www.gintaresgeles.lt\/en\/all-flowers-and-other-products\/\"},{\"@type\":\"ListItem\",\"position\":3,\"name\":\"Freesias bouquet\"}]},{\"@type\":\"WebSite\",\"@id\":\"https:\/\/www.gintaresgeles.lt\/en\/#website\",\"url\":\"https:\/\/www.gintaresgeles.lt\/en\/\",\"name\":\"Gintares Geles\",\"description\":\"Flower delivery in Vilnius | Same-day delivery | Gintares geles\",\"potentialAction\":[{\"@type\":\"SearchAction\",\"target\":{\"@type\":\"EntryPoint\",\"urlTemplate\":\"https:\/\/www.gintaresgeles.lt\/en\/?s={search_term_string}\"},\"query-input\":{\"@type\":\"PropertyValueSpecification\",\"valueRequired\":true,\"valueName\":\"search_term_string\"}}],\"inLanguage\":\"en-US\"}]}<\/script>\n<!-- \/ Yoast SEO plugin. -->","yoast_head_json":{"title":"Freesias bouquet | Bright colored flowers | Gintar\u0117sG\u0117l\u0117s","description":"If you are looking for a bouquet with which you would like to surprise a special person, but also you are looking for something more interesting and unique than rose or tulip then colorful and fragrant freesia will be a great choice. Choose the amount of freesia and order to home or office in Vilnius or Vilnius region.","robots":{"index":"index","follow":"follow","max-snippet":"max-snippet:-1","max-image-preview":"max-image-preview:large","max-video-preview":"max-video-preview:-1"},"canonical":"https:\/\/www.gintaresgeles.lt\/en\/puokste\/freesias-bouquet\/","og_locale":"en_US","og_type":"article","og_title":"Freesias bouquet | Bright colored flowers | Gintar\u0117sG\u0117l\u0117s","og_description":"If you are looking for a bouquet with which you would like to surprise a special person, but also you are looking for something more interesting and unique than rose or tulip then colorful and fragrant freesia will be a great choice. Choose the amount of freesia and order to home or office in Vilnius or Vilnius region.","og_url":"https:\/\/www.gintaresgeles.lt\/en\/puokste\/freesias-bouquet\/","og_site_name":"gintaresgeles.lt","article_modified_time":"2025-11-16T15:56:52+00:00","og_image":[{"width":2560,"height":2560,"url":"https:\/\/www.gintaresgeles.lt\/wp-content\/uploads\/2018\/02\/ivairiaspalviu-freziju-puokste-gimtadienio-proga-scaled.jpg","type":"image\/jpeg"}],"twitter_card":"summary_large_image","schema":{"@context":"https:\/\/schema.org","@graph":[{"@type":"WebPage","@id":"https:\/\/www.gintaresgeles.lt\/en\/puokste\/freesias-bouquet\/","url":"https:\/\/www.gintaresgeles.lt\/en\/puokste\/freesias-bouquet\/","name":"Freesias bouquet | Bright colored flowers | Gintar\u0117sG\u0117l\u0117s","isPartOf":{"@id":"https:\/\/www.gintaresgeles.lt\/en\/#website"},"primaryImageOfPage":{"@id":"https:\/\/www.gintaresgeles.lt\/en\/puokste\/freesias-bouquet\/#primaryimage"},"image":{"@id":"https:\/\/www.gintaresgeles.lt\/en\/puokste\/freesias-bouquet\/#primaryimage"},"thumbnailUrl":"https:\/\/www.gintaresgeles.lt\/wp-content\/uploads\/2018\/02\/ivairiaspalviu-freziju-puokste-gimtadienio-proga-scaled.jpg","datePublished":"2018-05-27T21:33:06+00:00","dateModified":"2025-11-16T15:56:52+00:00","description":"If you are looking for a bouquet with which you would like to surprise a special person, but also you are looking for something more interesting and unique than rose or tulip then colorful and fragrant freesia will be a great choice. Choose the amount of freesia and order to home or office in Vilnius or Vilnius region.","breadcrumb":{"@id":"https:\/\/www.gintaresgeles.lt\/en\/puokste\/freesias-bouquet\/#breadcrumb"},"inLanguage":"en-US","potentialAction":[{"@type":"ReadAction","target":["https:\/\/www.gintaresgeles.lt\/en\/puokste\/freesias-bouquet\/"]}]},{"@type":"ImageObject","inLanguage":"en-US","@id":"https:\/\/www.gintaresgeles.lt\/en\/puokste\/freesias-bouquet\/#primaryimage","url":"https:\/\/www.gintaresgeles.lt\/wp-content\/uploads\/2018\/02\/ivairiaspalviu-freziju-puokste-gimtadienio-proga-scaled.jpg","contentUrl":"https:\/\/www.gintaresgeles.lt\/wp-content\/uploads\/2018\/02\/ivairiaspalviu-freziju-puokste-gimtadienio-proga-scaled.jpg","width":2560,"height":2560,"caption":"Spalvingos frezijos puok\u0161t\u0117je gimtadienio proga"},{"@type":"BreadcrumbList","@id":"https:\/\/www.gintaresgeles.lt\/en\/puokste\/freesias-bouquet\/#breadcrumb","itemListElement":[{"@type":"ListItem","position":1,"name":"Prad\u017eia","item":"https:\/\/www.gintaresgeles.lt\/en\/"},{"@type":"ListItem","position":2,"name":"All flowers and other products","item":"https:\/\/www.gintaresgeles.lt\/en\/all-flowers-and-other-products\/"},{"@type":"ListItem","position":3,"name":"Freesias bouquet"}]},{"@type":"WebSite","@id":"https:\/\/www.gintaresgeles.lt\/en\/#website","url":"https:\/\/www.gintaresgeles.lt\/en\/","name":"Gintares Geles","description":"Flower delivery in Vilnius | Same-day delivery | Gintares geles","potentialAction":[{"@type":"SearchAction","target":{"@type":"EntryPoint","urlTemplate":"https:\/\/www.gintaresgeles.lt\/en\/?s={search_term_string}"},"query-input":{"@type":"PropertyValueSpecification","valueRequired":true,"valueName":"search_term_string"}}],"inLanguage":"en-US"}]}},"_links":{"self":[{"href":"https:\/\/www.gintaresgeles.lt\/en\/wp-json\/wp\/v2\/product\/18392","targetHints":{"allow":["GET"]}}],"collection":[{"href":"https:\/\/www.gintaresgeles.lt\/en\/wp-json\/wp\/v2\/product"}],"about":[{"href":"https:\/\/www.gintaresgeles.lt\/en\/wp-json\/wp\/v2\/types\/product"}],"wp:featuredmedia":[{"embeddable":true,"href":"https:\/\/www.gintaresgeles.lt\/en\/wp-json\/wp\/v2\/media\/57081"}],"wp:attachment":[{"href":"https:\/\/www.gintaresgeles.lt\/en\/wp-json\/wp\/v2\/media?parent=18392"}],"wp:term":[{"taxonomy":"product_brand","embeddable":true,"href":"https:\/\/www.gintaresgeles.lt\/en\/wp-json\/wp\/v2\/product_brand?post=18392"},{"taxonomy":"product_cat","embeddable":true,"href":"https:\/\/www.gintaresgeles.lt\/en\/wp-json\/wp\/v2\/product_cat?post=18392"},{"taxonomy":"product_tag","embeddable":true,"href":"https:\/\/www.gintaresgeles.lt\/en\/wp-json\/wp\/v2\/product_tag?post=18392"}],"curies":[{"name":"wp","href":"https:\/\/api.w.org\/{rel}","templated":true}]}}