{"id":18418,"date":"2018-02-21T12:40:02","date_gmt":"2018-02-21T14:40:02","guid":{"rendered":"https:\/\/www.gintaresgeles.lt\/?post_type=product&#038;p=18418\/"},"modified":"2025-05-29T02:01:45","modified_gmt":"2025-05-29T00:01:45","slug":"colorful-alstroemerias-box","status":"publish","type":"product","link":"https:\/\/www.gintaresgeles.lt\/en\/puokste\/colorful-alstroemerias-box\/","title":{"rendered":"Colorful alstroemerias box"},"content":{"rendered":"<p>The color of the box is chosen randomly, but we always try to match the colors and make a beautiful composition. The box will consist of at least three color alstroemerias. The box contains alstroemerias of different colors according to the colors we have at the moment. If you want to choose the color of the box, contact us and we will definitely find a way out! Also, the box may contain several alstroemerias more or less, depending on the size of the flowers and the size of the flowers blossoms.<\/p>\n","protected":false},"excerpt":{"rendered":"<p style=\"text-align: justify\">If you are looking for a flower composition that would amaze not only with beautiful flowers, but also bright and joyful colors &#8211; then choose a box of different color alstroemerias that will raise mood for everyone! You can choose the amount of flowers in the box, that will depend the size of the box.<\/p>\n<p><strong>The colors are selected from those that we currently have for sale, if you want a specific color, please contact us.<\/strong><\/p>\n<p style=\"text-align: right\">\n","protected":false},"featured_media":22597,"template":"","meta":[],"product_brand":[],"product_cat":[260,259,252,266,265,256,258,253,257,428,262,263,264,240,267],"product_tag":[],"class_list":{"0":"post-18418","1":"product","2":"type-product","3":"status-publish","4":"has-post-thumbnail","6":"product_cat-birthday-flowers","7":"product_cat-flowers-by-occasion","8":"product_cat-flowers-by-recipient","9":"product_cat-flowers-by-style","10":"product_cat-flowers-by-type","11":"product_cat-flowers-for-girlfriend","12":"product_cat-flowers-for-men","13":"product_cat-flowers-for-mom","14":"product_cat-flowers-for-women","15":"product_cat-jubilee-flowers","16":"product_cat-march8th-flowers","17":"product_cat-mothers-day-flowers","18":"product_cat-valentines-day-flowers","19":"product_cat-alstroemerias","20":"product_cat-flower-boxes","21":"tm-no-options","23":"first","24":"instock","25":"taxable","26":"shipping-taxable","27":"purchasable","28":"product-type-variable","29":"has-default-attributes"},"yoast_head":"<!-- This site is optimized with the Yoast SEO plugin v25.3 - https:\/\/yoast.com\/wordpress\/plugins\/seo\/ -->\n<title>Colorful alstroemerias box | Flower delivery | Gintar\u0117sG\u0117l\u0117s<\/title>\n<meta name=\"description\" content=\"If you want to surprise a friend or family member with subtlety and elegance, while having fun colors and a positive gift - then this alstroemerias box will be just that what you need! Order a colorful alstroemerias box online and send it to your buddy, colleague or other person to their home or office!\" \/>\n<meta name=\"robots\" content=\"index, follow, max-snippet:-1, max-image-preview:large, max-video-preview:-1\" \/>\n<link rel=\"canonical\" href=\"https:\/\/www.gintaresgeles.lt\/en\/puokste\/colorful-alstroemerias-box\/\" \/>\n<meta property=\"og:locale\" content=\"en_US\" \/>\n<meta property=\"og:type\" content=\"article\" \/>\n<meta property=\"og:title\" content=\"Colorful alstroemerias box | Flower delivery | Gintar\u0117sG\u0117l\u0117s\" \/>\n<meta property=\"og:description\" content=\"If you want to surprise a friend or family member with subtlety and elegance, while having fun colors and a positive gift - then this alstroemerias box will be just that what you need! Order a colorful alstroemerias box online and send it to your buddy, colleague or other person to their home or office!\" \/>\n<meta property=\"og:url\" content=\"https:\/\/www.gintaresgeles.lt\/en\/puokste\/colorful-alstroemerias-box\/\" \/>\n<meta property=\"og:site_name\" content=\"gintaresgeles.lt\" \/>\n<meta property=\"article:modified_time\" content=\"2025-05-29T00:01:45+00:00\" \/>\n<meta property=\"og:image\" content=\"https:\/\/www.gintaresgeles.lt\/wp-content\/uploads\/2018\/02\/geles-dezuteje-spalvingos-alstromerijos.jpg\" \/>\n\t<meta property=\"og:image:width\" content=\"600\" \/>\n\t<meta property=\"og:image:height\" content=\"600\" \/>\n\t<meta property=\"og:image:type\" content=\"image\/jpeg\" \/>\n<meta name=\"twitter:card\" content=\"summary_large_image\" \/>\n<script type=\"application\/ld+json\" class=\"yoast-schema-graph\">{\"@context\":\"https:\/\/schema.org\",\"@graph\":[{\"@type\":\"WebPage\",\"@id\":\"https:\/\/www.gintaresgeles.lt\/en\/puokste\/colorful-alstroemerias-box\/\",\"url\":\"https:\/\/www.gintaresgeles.lt\/en\/puokste\/colorful-alstroemerias-box\/\",\"name\":\"Colorful alstroemerias box | Flower delivery | Gintar\u0117sG\u0117l\u0117s\",\"isPartOf\":{\"@id\":\"https:\/\/www.gintaresgeles.lt\/en\/#website\"},\"primaryImageOfPage\":{\"@id\":\"https:\/\/www.gintaresgeles.lt\/en\/puokste\/colorful-alstroemerias-box\/#primaryimage\"},\"image\":{\"@id\":\"https:\/\/www.gintaresgeles.lt\/en\/puokste\/colorful-alstroemerias-box\/#primaryimage\"},\"thumbnailUrl\":\"https:\/\/www.gintaresgeles.lt\/wp-content\/uploads\/2018\/02\/geles-dezuteje-spalvingos-alstromerijos.jpg\",\"datePublished\":\"2018-02-21T14:40:02+00:00\",\"dateModified\":\"2025-05-29T00:01:45+00:00\",\"description\":\"If you want to surprise a friend or family member with subtlety and elegance, while having fun colors and a positive gift - then this alstroemerias box will be just that what you need! Order a colorful alstroemerias box online and send it to your buddy, colleague or other person to their home or office!\",\"breadcrumb\":{\"@id\":\"https:\/\/www.gintaresgeles.lt\/en\/puokste\/colorful-alstroemerias-box\/#breadcrumb\"},\"inLanguage\":\"en-US\",\"potentialAction\":[{\"@type\":\"ReadAction\",\"target\":[\"https:\/\/www.gintaresgeles.lt\/en\/puokste\/colorful-alstroemerias-box\/\"]}]},{\"@type\":\"ImageObject\",\"inLanguage\":\"en-US\",\"@id\":\"https:\/\/www.gintaresgeles.lt\/en\/puokste\/colorful-alstroemerias-box\/#primaryimage\",\"url\":\"https:\/\/www.gintaresgeles.lt\/wp-content\/uploads\/2018\/02\/geles-dezuteje-spalvingos-alstromerijos.jpg\",\"contentUrl\":\"https:\/\/www.gintaresgeles.lt\/wp-content\/uploads\/2018\/02\/geles-dezuteje-spalvingos-alstromerijos.jpg\",\"width\":600,\"height\":600,\"caption\":\"\u012evairi\u0173 spalv\u0173 alstromerij\u0173 d\u0117\u017eut\u0117\"},{\"@type\":\"BreadcrumbList\",\"@id\":\"https:\/\/www.gintaresgeles.lt\/en\/puokste\/colorful-alstroemerias-box\/#breadcrumb\",\"itemListElement\":[{\"@type\":\"ListItem\",\"position\":1,\"name\":\"Prad\u017eia\",\"item\":\"https:\/\/www.gintaresgeles.lt\/en\/\"},{\"@type\":\"ListItem\",\"position\":2,\"name\":\"All flowers and other products\",\"item\":\"https:\/\/www.gintaresgeles.lt\/en\/all-flowers-and-other-products\/\"},{\"@type\":\"ListItem\",\"position\":3,\"name\":\"Colorful alstroemerias box\"}]},{\"@type\":\"WebSite\",\"@id\":\"https:\/\/www.gintaresgeles.lt\/en\/#website\",\"url\":\"https:\/\/www.gintaresgeles.lt\/en\/\",\"name\":\"gintaresgeles.lt\",\"description\":\"G\u0117li\u0173 parduotuv\u0117 internete\",\"potentialAction\":[{\"@type\":\"SearchAction\",\"target\":{\"@type\":\"EntryPoint\",\"urlTemplate\":\"https:\/\/www.gintaresgeles.lt\/en\/?s={search_term_string}\"},\"query-input\":{\"@type\":\"PropertyValueSpecification\",\"valueRequired\":true,\"valueName\":\"search_term_string\"}}],\"inLanguage\":\"en-US\"}]}<\/script>\n<!-- \/ Yoast SEO plugin. -->","yoast_head_json":{"title":"Colorful alstroemerias box | Flower delivery | Gintar\u0117sG\u0117l\u0117s","description":"If you want to surprise a friend or family member with subtlety and elegance, while having fun colors and a positive gift - then this alstroemerias box will be just that what you need! Order a colorful alstroemerias box online and send it to your buddy, colleague or other person to their home or office!","robots":{"index":"index","follow":"follow","max-snippet":"max-snippet:-1","max-image-preview":"max-image-preview:large","max-video-preview":"max-video-preview:-1"},"canonical":"https:\/\/www.gintaresgeles.lt\/en\/puokste\/colorful-alstroemerias-box\/","og_locale":"en_US","og_type":"article","og_title":"Colorful alstroemerias box | Flower delivery | Gintar\u0117sG\u0117l\u0117s","og_description":"If you want to surprise a friend or family member with subtlety and elegance, while having fun colors and a positive gift - then this alstroemerias box will be just that what you need! Order a colorful alstroemerias box online and send it to your buddy, colleague or other person to their home or office!","og_url":"https:\/\/www.gintaresgeles.lt\/en\/puokste\/colorful-alstroemerias-box\/","og_site_name":"gintaresgeles.lt","article_modified_time":"2025-05-29T00:01:45+00:00","og_image":[{"width":600,"height":600,"url":"https:\/\/www.gintaresgeles.lt\/wp-content\/uploads\/2018\/02\/geles-dezuteje-spalvingos-alstromerijos.jpg","type":"image\/jpeg"}],"twitter_card":"summary_large_image","schema":{"@context":"https:\/\/schema.org","@graph":[{"@type":"WebPage","@id":"https:\/\/www.gintaresgeles.lt\/en\/puokste\/colorful-alstroemerias-box\/","url":"https:\/\/www.gintaresgeles.lt\/en\/puokste\/colorful-alstroemerias-box\/","name":"Colorful alstroemerias box | Flower delivery | Gintar\u0117sG\u0117l\u0117s","isPartOf":{"@id":"https:\/\/www.gintaresgeles.lt\/en\/#website"},"primaryImageOfPage":{"@id":"https:\/\/www.gintaresgeles.lt\/en\/puokste\/colorful-alstroemerias-box\/#primaryimage"},"image":{"@id":"https:\/\/www.gintaresgeles.lt\/en\/puokste\/colorful-alstroemerias-box\/#primaryimage"},"thumbnailUrl":"https:\/\/www.gintaresgeles.lt\/wp-content\/uploads\/2018\/02\/geles-dezuteje-spalvingos-alstromerijos.jpg","datePublished":"2018-02-21T14:40:02+00:00","dateModified":"2025-05-29T00:01:45+00:00","description":"If you want to surprise a friend or family member with subtlety and elegance, while having fun colors and a positive gift - then this alstroemerias box will be just that what you need! Order a colorful alstroemerias box online and send it to your buddy, colleague or other person to their home or office!","breadcrumb":{"@id":"https:\/\/www.gintaresgeles.lt\/en\/puokste\/colorful-alstroemerias-box\/#breadcrumb"},"inLanguage":"en-US","potentialAction":[{"@type":"ReadAction","target":["https:\/\/www.gintaresgeles.lt\/en\/puokste\/colorful-alstroemerias-box\/"]}]},{"@type":"ImageObject","inLanguage":"en-US","@id":"https:\/\/www.gintaresgeles.lt\/en\/puokste\/colorful-alstroemerias-box\/#primaryimage","url":"https:\/\/www.gintaresgeles.lt\/wp-content\/uploads\/2018\/02\/geles-dezuteje-spalvingos-alstromerijos.jpg","contentUrl":"https:\/\/www.gintaresgeles.lt\/wp-content\/uploads\/2018\/02\/geles-dezuteje-spalvingos-alstromerijos.jpg","width":600,"height":600,"caption":"\u012evairi\u0173 spalv\u0173 alstromerij\u0173 d\u0117\u017eut\u0117"},{"@type":"BreadcrumbList","@id":"https:\/\/www.gintaresgeles.lt\/en\/puokste\/colorful-alstroemerias-box\/#breadcrumb","itemListElement":[{"@type":"ListItem","position":1,"name":"Prad\u017eia","item":"https:\/\/www.gintaresgeles.lt\/en\/"},{"@type":"ListItem","position":2,"name":"All flowers and other products","item":"https:\/\/www.gintaresgeles.lt\/en\/all-flowers-and-other-products\/"},{"@type":"ListItem","position":3,"name":"Colorful alstroemerias box"}]},{"@type":"WebSite","@id":"https:\/\/www.gintaresgeles.lt\/en\/#website","url":"https:\/\/www.gintaresgeles.lt\/en\/","name":"gintaresgeles.lt","description":"G\u0117li\u0173 parduotuv\u0117 internete","potentialAction":[{"@type":"SearchAction","target":{"@type":"EntryPoint","urlTemplate":"https:\/\/www.gintaresgeles.lt\/en\/?s={search_term_string}"},"query-input":{"@type":"PropertyValueSpecification","valueRequired":true,"valueName":"search_term_string"}}],"inLanguage":"en-US"}]}},"_links":{"self":[{"href":"https:\/\/www.gintaresgeles.lt\/en\/wp-json\/wp\/v2\/product\/18418","targetHints":{"allow":["GET"]}}],"collection":[{"href":"https:\/\/www.gintaresgeles.lt\/en\/wp-json\/wp\/v2\/product"}],"about":[{"href":"https:\/\/www.gintaresgeles.lt\/en\/wp-json\/wp\/v2\/types\/product"}],"wp:featuredmedia":[{"embeddable":true,"href":"https:\/\/www.gintaresgeles.lt\/en\/wp-json\/wp\/v2\/media\/22597"}],"wp:attachment":[{"href":"https:\/\/www.gintaresgeles.lt\/en\/wp-json\/wp\/v2\/media?parent=18418"}],"wp:term":[{"taxonomy":"product_brand","embeddable":true,"href":"https:\/\/www.gintaresgeles.lt\/en\/wp-json\/wp\/v2\/product_brand?post=18418"},{"taxonomy":"product_cat","embeddable":true,"href":"https:\/\/www.gintaresgeles.lt\/en\/wp-json\/wp\/v2\/product_cat?post=18418"},{"taxonomy":"product_tag","embeddable":true,"href":"https:\/\/www.gintaresgeles.lt\/en\/wp-json\/wp\/v2\/product_tag?post=18418"}],"curies":[{"name":"wp","href":"https:\/\/api.w.org\/{rel}","templated":true}]}}