{"id":18436,"date":"2017-06-26T11:32:19","date_gmt":"2018-05-27T22:20:52","guid":{"rendered":"https:\/\/www.gintaresgeles.lt\/?post_type=product&#038;p=18436\/"},"modified":"2025-05-29T02:01:59","modified_gmt":"2025-05-29T00:01:59","slug":"colorful-gladiolus","status":"publish","type":"product","link":"https:\/\/www.gintaresgeles.lt\/en\/puokste\/colorful-gladiolus\/","title":{"rendered":"Colorful gladiolus"},"content":{"rendered":"<p style=\"text-align: justify\">Choose desired gladiolus quantity and create a perfect bouquet for friends, relatives or loved ones. These flowers just cannot be disliked. They are admired not only by their length, size, but also by the bright color of large blossoms. For this reason, even a small bouquet of gladiolus looks great, and the big bouquet of blossoms will not leave anyone indifferent! The bouquet consists of your chosen gladiolus quantity and various colors that we have.<\/p>\n","protected":false},"excerpt":{"rendered":"<p style=\"text-align: justify\">A fresh, colorful and festive bouquet is a great gift for friends, family, relatives or loved ones in the warm season! This warmth and good mood spreading flowers will lift the mood and brighten the day for each recipient. Order gladiolus and we will deliver to your special person warmth of the summer!<\/p>\n<p>&nbsp;<\/p>\n<p style=\"text-align: center\"><strong><span lang=\"en\">These flowers are perfect with:<\/span><\/strong><\/p>\n<ul>\n<li style=\"text-align: justify\"><span lang=\"en\" style=\"text-align: justify\"><a style=\"text-align: justify\" href=\"https:\/\/www.gintaresgeles.lt\/en\/geles\/greeting-cards\/\" target=\"_blank\" rel=\"noopener noreferrer\">Postcard. <strong>View\u2026<\/strong><\/a><\/span><\/li>\n<li style=\"text-align: justify\"><span lang=\"en\" style=\"text-align: justify\"><a style=\"text-align: justify\" href=\"https:\/\/www.gintaresgeles.lt\/en\/geles\/helium-balloons\/\" target=\"_blank\" rel=\"noopener noreferrer\">Helium balloons. <strong>View\u2026<\/strong><\/a><\/span><\/li>\n<li style=\"text-align: justify\"><span lang=\"en\" style=\"text-align: justify\"><a style=\"text-align: justify\" href=\"https:\/\/www.gintaresgeles.lt\/en\/puokste\/standing-decoration\/\" target=\"_blank\" rel=\"noopener noreferrer\">The standing decor . <strong>View\u2026<\/strong><\/a><\/span><\/li>\n<li style=\"text-align: justify\"><span lang=\"en\" style=\"text-align: justify\"><a href=\"https:\/\/www.gintaresgeles.lt\/en\/puokste\/pillow-heart-xxl\/\" target=\"_blank\" rel=\"noopener noreferrer\">Pillow &#8220;I love you&#8221; XXL . <strong>View&#8230;<\/strong><\/a><\/span><\/li>\n<li style=\"text-align: justify\"><span lang=\"en\" style=\"text-align: justify\"><a href=\"https:\/\/www.gintaresgeles.lt\/en\/puokste\/candy-raffaello\/\" target=\"_blank\" rel=\"noopener noreferrer\">Candy box &#8220;Raffaello&#8221;. <strong>View\u2026<\/strong><\/a><\/span><\/li>\n<li style=\"text-align: justify\"><span lang=\"en\" style=\"text-align: justify\"><a href=\"https:\/\/www.gintaresgeles.lt\/en\/puokste\/candy-ferrero-rocher\/\" target=\"_blank\" rel=\"noopener noreferrer\">Sweets &#8220;Ferrero Rocher&#8221;. <strong>View\u2026<\/strong><\/a><\/span><\/li>\n<\/ul>\n<p style=\"text-align: right\"><a href=\"https:\/\/www.gintaresgeles.lt\/en\/geles\/gifts\/\" target=\"_blank\" rel=\"noopener noreferrer\"><span lang=\"en\">All the gifts you can add to flowers can be found <strong>here.<\/strong><\/span><\/a><\/p>\n","protected":false},"featured_media":44659,"template":"","meta":[],"product_brand":[],"product_cat":[261,260,259,252,266,265,256,258,253,2157,257,428,268,1966,2154],"product_tag":[],"class_list":{"0":"post-18436","1":"product","2":"type-product","3":"status-publish","4":"has-post-thumbnail","6":"product_cat-birthday-bouquets","7":"product_cat-birthday-flowers","8":"product_cat-flowers-by-occasion","9":"product_cat-flowers-by-recipient","10":"product_cat-flowers-by-style","11":"product_cat-flowers-by-type","12":"product_cat-flowers-for-girlfriend","13":"product_cat-flowers-for-men","14":"product_cat-flowers-for-mom","15":"product_cat-september-1","16":"product_cat-flowers-for-women","17":"product_cat-jubilee-flowers","18":"product_cat-flower-bouquets","19":"product_cat-flowers-wrapped-in-paper","20":"product_cat-small","21":"tm-has-options","23":"first","24":"outofstock","25":"taxable","26":"shipping-taxable","27":"purchasable","28":"product-type-variable","29":"has-default-attributes"},"yoast_head":"<!-- This site is optimized with the Yoast SEO plugin v25.3 - https:\/\/yoast.com\/wordpress\/plugins\/seo\/ -->\n<title>Colorful gladiolus | Flower delivery in VIlnius | Gintar\u0117sG\u0117l\u0117s<\/title>\n<meta name=\"description\" content=\"Want to send flowers and looking for sumptuous, colorful and summertime bouquets? If yes, then gladiolus is good choice!\" \/>\n<meta name=\"robots\" content=\"index, follow, max-snippet:-1, max-image-preview:large, max-video-preview:-1\" \/>\n<link rel=\"canonical\" href=\"https:\/\/www.gintaresgeles.lt\/en\/puokste\/colorful-gladiolus\/\" \/>\n<meta property=\"og:locale\" content=\"en_US\" \/>\n<meta property=\"og:type\" content=\"article\" \/>\n<meta property=\"og:title\" content=\"Colorful gladiolus | Flower delivery in VIlnius | Gintar\u0117sG\u0117l\u0117s\" \/>\n<meta property=\"og:description\" content=\"Want to send flowers and looking for sumptuous, colorful and summertime bouquets? If yes, then gladiolus is good choice!\" \/>\n<meta property=\"og:url\" content=\"https:\/\/www.gintaresgeles.lt\/en\/puokste\/colorful-gladiolus\/\" \/>\n<meta property=\"og:site_name\" content=\"gintaresgeles.lt\" \/>\n<meta property=\"article:modified_time\" content=\"2025-05-29T00:01:59+00:00\" \/>\n<meta property=\"og:image\" content=\"https:\/\/www.gintaresgeles.lt\/wp-content\/uploads\/2017\/06\/spalvingi-kardeliai-gladioles.jpg\" \/>\n\t<meta property=\"og:image:width\" content=\"600\" \/>\n\t<meta property=\"og:image:height\" content=\"600\" \/>\n\t<meta property=\"og:image:type\" content=\"image\/jpeg\" \/>\n<meta name=\"twitter:card\" content=\"summary_large_image\" \/>\n<script type=\"application\/ld+json\" class=\"yoast-schema-graph\">{\"@context\":\"https:\/\/schema.org\",\"@graph\":[{\"@type\":\"WebPage\",\"@id\":\"https:\/\/www.gintaresgeles.lt\/en\/puokste\/colorful-gladiolus\/\",\"url\":\"https:\/\/www.gintaresgeles.lt\/en\/puokste\/colorful-gladiolus\/\",\"name\":\"Colorful gladiolus | Flower delivery in VIlnius | Gintar\u0117sG\u0117l\u0117s\",\"isPartOf\":{\"@id\":\"https:\/\/www.gintaresgeles.lt\/en\/#website\"},\"primaryImageOfPage\":{\"@id\":\"https:\/\/www.gintaresgeles.lt\/en\/puokste\/colorful-gladiolus\/#primaryimage\"},\"image\":{\"@id\":\"https:\/\/www.gintaresgeles.lt\/en\/puokste\/colorful-gladiolus\/#primaryimage\"},\"thumbnailUrl\":\"https:\/\/www.gintaresgeles.lt\/wp-content\/uploads\/2017\/06\/geliu-puokstes-raudoni-kardeliai.jpg\",\"datePublished\":\"2018-05-27T22:20:52+00:00\",\"dateModified\":\"2025-05-29T00:01:59+00:00\",\"description\":\"Want to send flowers and looking for sumptuous, colorful and summertime bouquets? If yes, then gladiolus is good choice!\",\"breadcrumb\":{\"@id\":\"https:\/\/www.gintaresgeles.lt\/en\/puokste\/colorful-gladiolus\/#breadcrumb\"},\"inLanguage\":\"en-US\",\"potentialAction\":[{\"@type\":\"ReadAction\",\"target\":[\"https:\/\/www.gintaresgeles.lt\/en\/puokste\/colorful-gladiolus\/\"]}]},{\"@type\":\"ImageObject\",\"inLanguage\":\"en-US\",\"@id\":\"https:\/\/www.gintaresgeles.lt\/en\/puokste\/colorful-gladiolus\/#primaryimage\",\"url\":\"https:\/\/www.gintaresgeles.lt\/wp-content\/uploads\/2017\/06\/geliu-puokstes-raudoni-kardeliai.jpg\",\"contentUrl\":\"https:\/\/www.gintaresgeles.lt\/wp-content\/uploads\/2017\/06\/geliu-puokstes-raudoni-kardeliai.jpg\",\"width\":1200,\"height\":1200,\"caption\":\"Raudon\u0173 kardeli\u0173 puok\u0161t\u0117\"},{\"@type\":\"BreadcrumbList\",\"@id\":\"https:\/\/www.gintaresgeles.lt\/en\/puokste\/colorful-gladiolus\/#breadcrumb\",\"itemListElement\":[{\"@type\":\"ListItem\",\"position\":1,\"name\":\"Prad\u017eia\",\"item\":\"https:\/\/www.gintaresgeles.lt\/en\/\"},{\"@type\":\"ListItem\",\"position\":2,\"name\":\"All flowers and other products\",\"item\":\"https:\/\/www.gintaresgeles.lt\/en\/all-flowers-and-other-products\/\"},{\"@type\":\"ListItem\",\"position\":3,\"name\":\"Colorful gladiolus\"}]},{\"@type\":\"WebSite\",\"@id\":\"https:\/\/www.gintaresgeles.lt\/en\/#website\",\"url\":\"https:\/\/www.gintaresgeles.lt\/en\/\",\"name\":\"gintaresgeles.lt\",\"description\":\"G\u0117li\u0173 parduotuv\u0117 internete\",\"potentialAction\":[{\"@type\":\"SearchAction\",\"target\":{\"@type\":\"EntryPoint\",\"urlTemplate\":\"https:\/\/www.gintaresgeles.lt\/en\/?s={search_term_string}\"},\"query-input\":{\"@type\":\"PropertyValueSpecification\",\"valueRequired\":true,\"valueName\":\"search_term_string\"}}],\"inLanguage\":\"en-US\"}]}<\/script>\n<!-- \/ Yoast SEO plugin. -->","yoast_head_json":{"title":"Colorful gladiolus | Flower delivery in VIlnius | Gintar\u0117sG\u0117l\u0117s","description":"Want to send flowers and looking for sumptuous, colorful and summertime bouquets? If yes, then gladiolus is good choice!","robots":{"index":"index","follow":"follow","max-snippet":"max-snippet:-1","max-image-preview":"max-image-preview:large","max-video-preview":"max-video-preview:-1"},"canonical":"https:\/\/www.gintaresgeles.lt\/en\/puokste\/colorful-gladiolus\/","og_locale":"en_US","og_type":"article","og_title":"Colorful gladiolus | Flower delivery in VIlnius | Gintar\u0117sG\u0117l\u0117s","og_description":"Want to send flowers and looking for sumptuous, colorful and summertime bouquets? If yes, then gladiolus is good choice!","og_url":"https:\/\/www.gintaresgeles.lt\/en\/puokste\/colorful-gladiolus\/","og_site_name":"gintaresgeles.lt","article_modified_time":"2025-05-29T00:01:59+00:00","og_image":[{"width":600,"height":600,"url":"https:\/\/www.gintaresgeles.lt\/wp-content\/uploads\/2017\/06\/spalvingi-kardeliai-gladioles.jpg","type":"image\/jpeg"}],"twitter_card":"summary_large_image","schema":{"@context":"https:\/\/schema.org","@graph":[{"@type":"WebPage","@id":"https:\/\/www.gintaresgeles.lt\/en\/puokste\/colorful-gladiolus\/","url":"https:\/\/www.gintaresgeles.lt\/en\/puokste\/colorful-gladiolus\/","name":"Colorful gladiolus | Flower delivery in VIlnius | Gintar\u0117sG\u0117l\u0117s","isPartOf":{"@id":"https:\/\/www.gintaresgeles.lt\/en\/#website"},"primaryImageOfPage":{"@id":"https:\/\/www.gintaresgeles.lt\/en\/puokste\/colorful-gladiolus\/#primaryimage"},"image":{"@id":"https:\/\/www.gintaresgeles.lt\/en\/puokste\/colorful-gladiolus\/#primaryimage"},"thumbnailUrl":"https:\/\/www.gintaresgeles.lt\/wp-content\/uploads\/2017\/06\/geliu-puokstes-raudoni-kardeliai.jpg","datePublished":"2018-05-27T22:20:52+00:00","dateModified":"2025-05-29T00:01:59+00:00","description":"Want to send flowers and looking for sumptuous, colorful and summertime bouquets? If yes, then gladiolus is good choice!","breadcrumb":{"@id":"https:\/\/www.gintaresgeles.lt\/en\/puokste\/colorful-gladiolus\/#breadcrumb"},"inLanguage":"en-US","potentialAction":[{"@type":"ReadAction","target":["https:\/\/www.gintaresgeles.lt\/en\/puokste\/colorful-gladiolus\/"]}]},{"@type":"ImageObject","inLanguage":"en-US","@id":"https:\/\/www.gintaresgeles.lt\/en\/puokste\/colorful-gladiolus\/#primaryimage","url":"https:\/\/www.gintaresgeles.lt\/wp-content\/uploads\/2017\/06\/geliu-puokstes-raudoni-kardeliai.jpg","contentUrl":"https:\/\/www.gintaresgeles.lt\/wp-content\/uploads\/2017\/06\/geliu-puokstes-raudoni-kardeliai.jpg","width":1200,"height":1200,"caption":"Raudon\u0173 kardeli\u0173 puok\u0161t\u0117"},{"@type":"BreadcrumbList","@id":"https:\/\/www.gintaresgeles.lt\/en\/puokste\/colorful-gladiolus\/#breadcrumb","itemListElement":[{"@type":"ListItem","position":1,"name":"Prad\u017eia","item":"https:\/\/www.gintaresgeles.lt\/en\/"},{"@type":"ListItem","position":2,"name":"All flowers and other products","item":"https:\/\/www.gintaresgeles.lt\/en\/all-flowers-and-other-products\/"},{"@type":"ListItem","position":3,"name":"Colorful gladiolus"}]},{"@type":"WebSite","@id":"https:\/\/www.gintaresgeles.lt\/en\/#website","url":"https:\/\/www.gintaresgeles.lt\/en\/","name":"gintaresgeles.lt","description":"G\u0117li\u0173 parduotuv\u0117 internete","potentialAction":[{"@type":"SearchAction","target":{"@type":"EntryPoint","urlTemplate":"https:\/\/www.gintaresgeles.lt\/en\/?s={search_term_string}"},"query-input":{"@type":"PropertyValueSpecification","valueRequired":true,"valueName":"search_term_string"}}],"inLanguage":"en-US"}]}},"_links":{"self":[{"href":"https:\/\/www.gintaresgeles.lt\/en\/wp-json\/wp\/v2\/product\/18436","targetHints":{"allow":["GET"]}}],"collection":[{"href":"https:\/\/www.gintaresgeles.lt\/en\/wp-json\/wp\/v2\/product"}],"about":[{"href":"https:\/\/www.gintaresgeles.lt\/en\/wp-json\/wp\/v2\/types\/product"}],"wp:featuredmedia":[{"embeddable":true,"href":"https:\/\/www.gintaresgeles.lt\/en\/wp-json\/wp\/v2\/media\/44659"}],"wp:attachment":[{"href":"https:\/\/www.gintaresgeles.lt\/en\/wp-json\/wp\/v2\/media?parent=18436"}],"wp:term":[{"taxonomy":"product_brand","embeddable":true,"href":"https:\/\/www.gintaresgeles.lt\/en\/wp-json\/wp\/v2\/product_brand?post=18436"},{"taxonomy":"product_cat","embeddable":true,"href":"https:\/\/www.gintaresgeles.lt\/en\/wp-json\/wp\/v2\/product_cat?post=18436"},{"taxonomy":"product_tag","embeddable":true,"href":"https:\/\/www.gintaresgeles.lt\/en\/wp-json\/wp\/v2\/product_tag?post=18436"}],"curies":[{"name":"wp","href":"https:\/\/api.w.org\/{rel}","templated":true}]}}