{"id":18461,"date":"2016-09-30T07:53:51","date_gmt":"2018-05-27T23:17:41","guid":{"rendered":"https:\/\/www.gintaresgeles.lt\/?post_type=product&#038;p=18461\/"},"modified":"2025-05-29T02:02:26","modified_gmt":"2025-05-29T00:02:26","slug":"colorful-gerberas-bouquet","status":"publish","type":"product","link":"https:\/\/www.gintaresgeles.lt\/en\/puokste\/colorful-gerberas-bouquet\/","title":{"rendered":"Colorful gerberas bouquet"},"content":{"rendered":"<p style=\"text-align: justify\">Gerberas &#8211; it&#8217;s spring flowers which charm with their contrasting blossoms and the variety of colors. These flowers can bring the warm summer heat of the sun to every heart even during the coldest season! So surprise your beloved person with this delightful gerberas bouquet! It consists of 13\/21\/29 flowers, depending on your choice. It is an ideal gift for congratulating a loved one on the happy occasion, spreading positivity, which will give a great smile to the person who has received such gift. A colorful gerberas bouquet consists of your choice of different colors of gerberas.<\/p>\n","protected":false},"excerpt":{"rendered":"<p style=\"text-align: justify\">One of the most universal flowers suitable for everyone without exception: for men, women, children, couples or families. Colorful gerberas are considered a symbol of positivity and goodness, and their bouquet can convey even more feelings!<\/p>\n<p>&nbsp;<\/p>\n<p style=\"text-align: right\">\n","protected":false},"featured_media":17786,"template":"","meta":[],"product_brand":[],"product_cat":[261,260,259,252,266,265,256,258,253,257,263,268,1966,245],"product_tag":[],"class_list":{"0":"post-18461","1":"product","2":"type-product","3":"status-publish","4":"has-post-thumbnail","6":"product_cat-birthday-bouquets","7":"product_cat-birthday-flowers","8":"product_cat-flowers-by-occasion","9":"product_cat-flowers-by-recipient","10":"product_cat-flowers-by-style","11":"product_cat-flowers-by-type","12":"product_cat-flowers-for-girlfriend","13":"product_cat-flowers-for-men","14":"product_cat-flowers-for-mom","15":"product_cat-flowers-for-women","16":"product_cat-mothers-day-flowers","17":"product_cat-flower-bouquets","18":"product_cat-flowers-wrapped-in-paper","19":"product_cat-gerberas","20":"tm-has-options","22":"first","23":"outofstock","24":"taxable","25":"shipping-taxable","26":"purchasable","27":"product-type-variable","28":"has-default-attributes"},"yoast_head":"<!-- This site is optimized with the Yoast SEO plugin v25.3 - https:\/\/yoast.com\/wordpress\/plugins\/seo\/ -->\n<title>Colorful gerberas bouquet | Playful flowers | GIntar\u0117sG\u0117l\u0117s<\/title>\n<meta name=\"description\" content=\"A colorful and cheerful gerberas bouquet will be a great gift for a family member, friend or loved one. Order this colorful bouquet for your friends or loved one to home or office and we will help you surprise them!\" \/>\n<meta name=\"robots\" content=\"index, follow, max-snippet:-1, max-image-preview:large, max-video-preview:-1\" \/>\n<link rel=\"canonical\" href=\"https:\/\/www.gintaresgeles.lt\/en\/puokste\/colorful-gerberas-bouquet\/\" \/>\n<meta property=\"og:locale\" content=\"en_US\" \/>\n<meta property=\"og:type\" content=\"article\" \/>\n<meta property=\"og:title\" content=\"Colorful gerberas bouquet | Playful flowers | GIntar\u0117sG\u0117l\u0117s\" \/>\n<meta property=\"og:description\" content=\"A colorful and cheerful gerberas bouquet will be a great gift for a family member, friend or loved one. Order this colorful bouquet for your friends or loved one to home or office and we will help you surprise them!\" \/>\n<meta property=\"og:url\" content=\"https:\/\/www.gintaresgeles.lt\/en\/puokste\/colorful-gerberas-bouquet\/\" \/>\n<meta property=\"og:site_name\" content=\"gintaresgeles.lt\" \/>\n<meta property=\"article:modified_time\" content=\"2025-05-29T00:02:26+00:00\" \/>\n<meta property=\"og:image\" content=\"https:\/\/www.gintaresgeles.lt\/wp-content\/uploads\/2016\/09\/spalvingos-gerberos.jpg\" \/>\n\t<meta property=\"og:image:width\" content=\"1500\" \/>\n\t<meta property=\"og:image:height\" content=\"1500\" \/>\n\t<meta property=\"og:image:type\" content=\"image\/jpeg\" \/>\n<meta name=\"twitter:card\" content=\"summary_large_image\" \/>\n<script type=\"application\/ld+json\" class=\"yoast-schema-graph\">{\"@context\":\"https:\/\/schema.org\",\"@graph\":[{\"@type\":\"WebPage\",\"@id\":\"https:\/\/www.gintaresgeles.lt\/en\/puokste\/colorful-gerberas-bouquet\/\",\"url\":\"https:\/\/www.gintaresgeles.lt\/en\/puokste\/colorful-gerberas-bouquet\/\",\"name\":\"Colorful gerberas bouquet | Playful flowers | GIntar\u0117sG\u0117l\u0117s\",\"isPartOf\":{\"@id\":\"https:\/\/www.gintaresgeles.lt\/en\/#website\"},\"primaryImageOfPage\":{\"@id\":\"https:\/\/www.gintaresgeles.lt\/en\/puokste\/colorful-gerberas-bouquet\/#primaryimage\"},\"image\":{\"@id\":\"https:\/\/www.gintaresgeles.lt\/en\/puokste\/colorful-gerberas-bouquet\/#primaryimage\"},\"thumbnailUrl\":\"https:\/\/www.gintaresgeles.lt\/wp-content\/uploads\/2016\/09\/spalvingos-gerberos.jpg\",\"datePublished\":\"2018-05-27T23:17:41+00:00\",\"dateModified\":\"2025-05-29T00:02:26+00:00\",\"description\":\"A colorful and cheerful gerberas bouquet will be a great gift for a family member, friend or loved one. Order this colorful bouquet for your friends or loved one to home or office and we will help you surprise them!\",\"breadcrumb\":{\"@id\":\"https:\/\/www.gintaresgeles.lt\/en\/puokste\/colorful-gerberas-bouquet\/#breadcrumb\"},\"inLanguage\":\"en-US\",\"potentialAction\":[{\"@type\":\"ReadAction\",\"target\":[\"https:\/\/www.gintaresgeles.lt\/en\/puokste\/colorful-gerberas-bouquet\/\"]}]},{\"@type\":\"ImageObject\",\"inLanguage\":\"en-US\",\"@id\":\"https:\/\/www.gintaresgeles.lt\/en\/puokste\/colorful-gerberas-bouquet\/#primaryimage\",\"url\":\"https:\/\/www.gintaresgeles.lt\/wp-content\/uploads\/2016\/09\/spalvingos-gerberos.jpg\",\"contentUrl\":\"https:\/\/www.gintaresgeles.lt\/wp-content\/uploads\/2016\/09\/spalvingos-gerberos.jpg\",\"width\":1500,\"height\":1500},{\"@type\":\"BreadcrumbList\",\"@id\":\"https:\/\/www.gintaresgeles.lt\/en\/puokste\/colorful-gerberas-bouquet\/#breadcrumb\",\"itemListElement\":[{\"@type\":\"ListItem\",\"position\":1,\"name\":\"Prad\u017eia\",\"item\":\"https:\/\/www.gintaresgeles.lt\/en\/\"},{\"@type\":\"ListItem\",\"position\":2,\"name\":\"All flowers and other products\",\"item\":\"https:\/\/www.gintaresgeles.lt\/en\/all-flowers-and-other-products\/\"},{\"@type\":\"ListItem\",\"position\":3,\"name\":\"Colorful gerberas bouquet\"}]},{\"@type\":\"WebSite\",\"@id\":\"https:\/\/www.gintaresgeles.lt\/en\/#website\",\"url\":\"https:\/\/www.gintaresgeles.lt\/en\/\",\"name\":\"gintaresgeles.lt\",\"description\":\"G\u0117li\u0173 parduotuv\u0117 internete\",\"potentialAction\":[{\"@type\":\"SearchAction\",\"target\":{\"@type\":\"EntryPoint\",\"urlTemplate\":\"https:\/\/www.gintaresgeles.lt\/en\/?s={search_term_string}\"},\"query-input\":{\"@type\":\"PropertyValueSpecification\",\"valueRequired\":true,\"valueName\":\"search_term_string\"}}],\"inLanguage\":\"en-US\"}]}<\/script>\n<!-- \/ Yoast SEO plugin. -->","yoast_head_json":{"title":"Colorful gerberas bouquet | Playful flowers | GIntar\u0117sG\u0117l\u0117s","description":"A colorful and cheerful gerberas bouquet will be a great gift for a family member, friend or loved one. Order this colorful bouquet for your friends or loved one to home or office and we will help you surprise them!","robots":{"index":"index","follow":"follow","max-snippet":"max-snippet:-1","max-image-preview":"max-image-preview:large","max-video-preview":"max-video-preview:-1"},"canonical":"https:\/\/www.gintaresgeles.lt\/en\/puokste\/colorful-gerberas-bouquet\/","og_locale":"en_US","og_type":"article","og_title":"Colorful gerberas bouquet | Playful flowers | GIntar\u0117sG\u0117l\u0117s","og_description":"A colorful and cheerful gerberas bouquet will be a great gift for a family member, friend or loved one. Order this colorful bouquet for your friends or loved one to home or office and we will help you surprise them!","og_url":"https:\/\/www.gintaresgeles.lt\/en\/puokste\/colorful-gerberas-bouquet\/","og_site_name":"gintaresgeles.lt","article_modified_time":"2025-05-29T00:02:26+00:00","og_image":[{"width":1500,"height":1500,"url":"https:\/\/www.gintaresgeles.lt\/wp-content\/uploads\/2016\/09\/spalvingos-gerberos.jpg","type":"image\/jpeg"}],"twitter_card":"summary_large_image","schema":{"@context":"https:\/\/schema.org","@graph":[{"@type":"WebPage","@id":"https:\/\/www.gintaresgeles.lt\/en\/puokste\/colorful-gerberas-bouquet\/","url":"https:\/\/www.gintaresgeles.lt\/en\/puokste\/colorful-gerberas-bouquet\/","name":"Colorful gerberas bouquet | Playful flowers | GIntar\u0117sG\u0117l\u0117s","isPartOf":{"@id":"https:\/\/www.gintaresgeles.lt\/en\/#website"},"primaryImageOfPage":{"@id":"https:\/\/www.gintaresgeles.lt\/en\/puokste\/colorful-gerberas-bouquet\/#primaryimage"},"image":{"@id":"https:\/\/www.gintaresgeles.lt\/en\/puokste\/colorful-gerberas-bouquet\/#primaryimage"},"thumbnailUrl":"https:\/\/www.gintaresgeles.lt\/wp-content\/uploads\/2016\/09\/spalvingos-gerberos.jpg","datePublished":"2018-05-27T23:17:41+00:00","dateModified":"2025-05-29T00:02:26+00:00","description":"A colorful and cheerful gerberas bouquet will be a great gift for a family member, friend or loved one. Order this colorful bouquet for your friends or loved one to home or office and we will help you surprise them!","breadcrumb":{"@id":"https:\/\/www.gintaresgeles.lt\/en\/puokste\/colorful-gerberas-bouquet\/#breadcrumb"},"inLanguage":"en-US","potentialAction":[{"@type":"ReadAction","target":["https:\/\/www.gintaresgeles.lt\/en\/puokste\/colorful-gerberas-bouquet\/"]}]},{"@type":"ImageObject","inLanguage":"en-US","@id":"https:\/\/www.gintaresgeles.lt\/en\/puokste\/colorful-gerberas-bouquet\/#primaryimage","url":"https:\/\/www.gintaresgeles.lt\/wp-content\/uploads\/2016\/09\/spalvingos-gerberos.jpg","contentUrl":"https:\/\/www.gintaresgeles.lt\/wp-content\/uploads\/2016\/09\/spalvingos-gerberos.jpg","width":1500,"height":1500},{"@type":"BreadcrumbList","@id":"https:\/\/www.gintaresgeles.lt\/en\/puokste\/colorful-gerberas-bouquet\/#breadcrumb","itemListElement":[{"@type":"ListItem","position":1,"name":"Prad\u017eia","item":"https:\/\/www.gintaresgeles.lt\/en\/"},{"@type":"ListItem","position":2,"name":"All flowers and other products","item":"https:\/\/www.gintaresgeles.lt\/en\/all-flowers-and-other-products\/"},{"@type":"ListItem","position":3,"name":"Colorful gerberas bouquet"}]},{"@type":"WebSite","@id":"https:\/\/www.gintaresgeles.lt\/en\/#website","url":"https:\/\/www.gintaresgeles.lt\/en\/","name":"gintaresgeles.lt","description":"G\u0117li\u0173 parduotuv\u0117 internete","potentialAction":[{"@type":"SearchAction","target":{"@type":"EntryPoint","urlTemplate":"https:\/\/www.gintaresgeles.lt\/en\/?s={search_term_string}"},"query-input":{"@type":"PropertyValueSpecification","valueRequired":true,"valueName":"search_term_string"}}],"inLanguage":"en-US"}]}},"_links":{"self":[{"href":"https:\/\/www.gintaresgeles.lt\/en\/wp-json\/wp\/v2\/product\/18461","targetHints":{"allow":["GET"]}}],"collection":[{"href":"https:\/\/www.gintaresgeles.lt\/en\/wp-json\/wp\/v2\/product"}],"about":[{"href":"https:\/\/www.gintaresgeles.lt\/en\/wp-json\/wp\/v2\/types\/product"}],"wp:featuredmedia":[{"embeddable":true,"href":"https:\/\/www.gintaresgeles.lt\/en\/wp-json\/wp\/v2\/media\/17786"}],"wp:attachment":[{"href":"https:\/\/www.gintaresgeles.lt\/en\/wp-json\/wp\/v2\/media?parent=18461"}],"wp:term":[{"taxonomy":"product_brand","embeddable":true,"href":"https:\/\/www.gintaresgeles.lt\/en\/wp-json\/wp\/v2\/product_brand?post=18461"},{"taxonomy":"product_cat","embeddable":true,"href":"https:\/\/www.gintaresgeles.lt\/en\/wp-json\/wp\/v2\/product_cat?post=18461"},{"taxonomy":"product_tag","embeddable":true,"href":"https:\/\/www.gintaresgeles.lt\/en\/wp-json\/wp\/v2\/product_tag?post=18461"}],"curies":[{"name":"wp","href":"https:\/\/api.w.org\/{rel}","templated":true}]}}