{"id":18468,"date":"2018-02-08T14:43:17","date_gmt":"2018-02-08T16:43:17","guid":{"rendered":"https:\/\/www.gintaresgeles.lt\/?post_type=product&#038;p=18468\/"},"modified":"2026-02-11T20:23:17","modified_gmt":"2026-02-11T18:23:17","slug":"white-and-red-roses-box","status":"publish","type":"product","link":"https:\/\/www.gintaresgeles.lt\/en\/puokste\/white-and-red-roses-box\/","title":{"rendered":"White and red roses box"},"content":{"rendered":"<p>Exotic, romantic, intriguing and really impressive option &#8211; red and white roses in one box. The color of the box is chosen randomly. Ribbon and silky paper adapted to the color of the roses and the box. The box contains the amount of roses you choose, from whom depends the size of the box. Also, the box may contain several roses more or less, depending on the size of the flowers and the size of the flowers blossoms.<\/p>\n","protected":false},"excerpt":{"rendered":"<p style=\"text-align: justify;\">Looking for an impressive gift for a special occasion? Maybe it&#8217;s a mother&#8217;s birthday or a beloved girl&#8217;s birthday? In any case, this red and white rose box will be the luxurious unique gift.<\/p>\n<p>&nbsp;<\/p>\n<p style=\"text-align: right;\">\n","protected":false},"featured_media":32257,"template":"","meta":[],"product_brand":[],"product_cat":[260,259,252,266,265,256,258,253,257,428,262,263,891,650,264,908,267,238],"product_tag":[],"class_list":{"0":"post-18468","1":"product","2":"type-product","3":"status-publish","4":"has-post-thumbnail","6":"product_cat-birthday-flowers","7":"product_cat-flowers-by-occasion","8":"product_cat-flowers-by-recipient","9":"product_cat-flowers-by-style","10":"product_cat-flowers-by-type","11":"product_cat-flowers-for-girlfriend","12":"product_cat-flowers-for-men","13":"product_cat-flowers-for-mom","14":"product_cat-flowers-for-women","15":"product_cat-jubilee-flowers","16":"product_cat-march8th-flowers","17":"product_cat-mothers-day-flowers","18":"product_cat-red-roses","19":"product_cat-roses-in-a-box","20":"product_cat-valentines-day-flowers","21":"product_cat-white-roses","22":"product_cat-flower-boxes","23":"product_cat-roses","24":"tm-no-options","26":"first","27":"instock","28":"taxable","29":"shipping-taxable","30":"purchasable","31":"product-type-variable","32":"has-default-attributes"},"yoast_head":"<!-- This site is optimized with the Yoast SEO plugin v25.3 - https:\/\/yoast.com\/wordpress\/plugins\/seo\/ -->\n<title>White and red roses box | Flower delivery in Vilnius | Gintar\u0117sG\u0117l\u0117s<\/title>\n<meta name=\"description\" content=\"An unforgettable surprise for everyone - the unexpected delivery of flowers to the house. Even bigger impression will be left by luxuriously looking red and white rose box. This gift will captivate each recipient with its subtlety and harmonious colors.\" \/>\n<meta name=\"robots\" content=\"index, follow, max-snippet:-1, max-image-preview:large, max-video-preview:-1\" \/>\n<link rel=\"canonical\" href=\"https:\/\/www.gintaresgeles.lt\/en\/puokste\/white-and-red-roses-box\/\" \/>\n<meta property=\"og:locale\" content=\"en_US\" \/>\n<meta property=\"og:type\" content=\"article\" \/>\n<meta property=\"og:title\" content=\"White and red roses box | Flower delivery in Vilnius | Gintar\u0117sG\u0117l\u0117s\" \/>\n<meta property=\"og:description\" content=\"An unforgettable surprise for everyone - the unexpected delivery of flowers to the house. Even bigger impression will be left by luxuriously looking red and white rose box. This gift will captivate each recipient with its subtlety and harmonious colors.\" \/>\n<meta property=\"og:url\" content=\"https:\/\/www.gintaresgeles.lt\/en\/puokste\/white-and-red-roses-box\/\" \/>\n<meta property=\"og:site_name\" content=\"gintaresgeles.lt\" \/>\n<meta property=\"article:modified_time\" content=\"2026-02-11T18:23:17+00:00\" \/>\n<meta property=\"og:image\" content=\"https:\/\/www.gintaresgeles.lt\/wp-content\/uploads\/2018\/02\/rozes-dezutese-raudonos-ir-baltos-scaled.jpg\" \/>\n\t<meta property=\"og:image:width\" content=\"2560\" \/>\n\t<meta property=\"og:image:height\" content=\"2560\" \/>\n\t<meta property=\"og:image:type\" content=\"image\/jpeg\" \/>\n<meta name=\"twitter:card\" content=\"summary_large_image\" \/>\n<script type=\"application\/ld+json\" class=\"yoast-schema-graph\">{\"@context\":\"https:\/\/schema.org\",\"@graph\":[{\"@type\":\"WebPage\",\"@id\":\"https:\/\/www.gintaresgeles.lt\/en\/puokste\/white-and-red-roses-box\/\",\"url\":\"https:\/\/www.gintaresgeles.lt\/en\/puokste\/white-and-red-roses-box\/\",\"name\":\"White and red roses box | Flower delivery in Vilnius | Gintar\u0117sG\u0117l\u0117s\",\"isPartOf\":{\"@id\":\"https:\/\/www.gintaresgeles.lt\/en\/#website\"},\"primaryImageOfPage\":{\"@id\":\"https:\/\/www.gintaresgeles.lt\/en\/puokste\/white-and-red-roses-box\/#primaryimage\"},\"image\":{\"@id\":\"https:\/\/www.gintaresgeles.lt\/en\/puokste\/white-and-red-roses-box\/#primaryimage\"},\"thumbnailUrl\":\"https:\/\/www.gintaresgeles.lt\/wp-content\/uploads\/2018\/02\/rozes-dezutese-raudonos-ir-baltos-scaled.jpg\",\"datePublished\":\"2018-02-08T16:43:17+00:00\",\"dateModified\":\"2026-02-11T18:23:17+00:00\",\"description\":\"An unforgettable surprise for everyone - the unexpected delivery of flowers to the house. Even bigger impression will be left by luxuriously looking red and white rose box. This gift will captivate each recipient with its subtlety and harmonious colors.\",\"breadcrumb\":{\"@id\":\"https:\/\/www.gintaresgeles.lt\/en\/puokste\/white-and-red-roses-box\/#breadcrumb\"},\"inLanguage\":\"en-US\",\"potentialAction\":[{\"@type\":\"ReadAction\",\"target\":[\"https:\/\/www.gintaresgeles.lt\/en\/puokste\/white-and-red-roses-box\/\"]}]},{\"@type\":\"ImageObject\",\"inLanguage\":\"en-US\",\"@id\":\"https:\/\/www.gintaresgeles.lt\/en\/puokste\/white-and-red-roses-box\/#primaryimage\",\"url\":\"https:\/\/www.gintaresgeles.lt\/wp-content\/uploads\/2018\/02\/rozes-dezutese-raudonos-ir-baltos-scaled.jpg\",\"contentUrl\":\"https:\/\/www.gintaresgeles.lt\/wp-content\/uploads\/2018\/02\/rozes-dezutese-raudonos-ir-baltos-scaled.jpg\",\"width\":2560,\"height\":2560,\"caption\":\"G\u0117l\u0117s merginai raudon\u0173 ir balt\u0173 ro\u017ei\u0173 d\u0117\u017eut\u0117\"},{\"@type\":\"BreadcrumbList\",\"@id\":\"https:\/\/www.gintaresgeles.lt\/en\/puokste\/white-and-red-roses-box\/#breadcrumb\",\"itemListElement\":[{\"@type\":\"ListItem\",\"position\":1,\"name\":\"Prad\u017eia\",\"item\":\"https:\/\/www.gintaresgeles.lt\/en\/\"},{\"@type\":\"ListItem\",\"position\":2,\"name\":\"All flowers and other products\",\"item\":\"https:\/\/www.gintaresgeles.lt\/en\/all-flowers-and-other-products\/\"},{\"@type\":\"ListItem\",\"position\":3,\"name\":\"White and red roses box\"}]},{\"@type\":\"WebSite\",\"@id\":\"https:\/\/www.gintaresgeles.lt\/en\/#website\",\"url\":\"https:\/\/www.gintaresgeles.lt\/en\/\",\"name\":\"gintaresgeles.lt\",\"description\":\"G\u0117li\u0173 parduotuv\u0117 internete\",\"potentialAction\":[{\"@type\":\"SearchAction\",\"target\":{\"@type\":\"EntryPoint\",\"urlTemplate\":\"https:\/\/www.gintaresgeles.lt\/en\/?s={search_term_string}\"},\"query-input\":{\"@type\":\"PropertyValueSpecification\",\"valueRequired\":true,\"valueName\":\"search_term_string\"}}],\"inLanguage\":\"en-US\"}]}<\/script>\n<!-- \/ Yoast SEO plugin. -->","yoast_head_json":{"title":"White and red roses box | Flower delivery in Vilnius | Gintar\u0117sG\u0117l\u0117s","description":"An unforgettable surprise for everyone - the unexpected delivery of flowers to the house. Even bigger impression will be left by luxuriously looking red and white rose box. This gift will captivate each recipient with its subtlety and harmonious colors.","robots":{"index":"index","follow":"follow","max-snippet":"max-snippet:-1","max-image-preview":"max-image-preview:large","max-video-preview":"max-video-preview:-1"},"canonical":"https:\/\/www.gintaresgeles.lt\/en\/puokste\/white-and-red-roses-box\/","og_locale":"en_US","og_type":"article","og_title":"White and red roses box | Flower delivery in Vilnius | Gintar\u0117sG\u0117l\u0117s","og_description":"An unforgettable surprise for everyone - the unexpected delivery of flowers to the house. Even bigger impression will be left by luxuriously looking red and white rose box. This gift will captivate each recipient with its subtlety and harmonious colors.","og_url":"https:\/\/www.gintaresgeles.lt\/en\/puokste\/white-and-red-roses-box\/","og_site_name":"gintaresgeles.lt","article_modified_time":"2026-02-11T18:23:17+00:00","og_image":[{"width":2560,"height":2560,"url":"https:\/\/www.gintaresgeles.lt\/wp-content\/uploads\/2018\/02\/rozes-dezutese-raudonos-ir-baltos-scaled.jpg","type":"image\/jpeg"}],"twitter_card":"summary_large_image","schema":{"@context":"https:\/\/schema.org","@graph":[{"@type":"WebPage","@id":"https:\/\/www.gintaresgeles.lt\/en\/puokste\/white-and-red-roses-box\/","url":"https:\/\/www.gintaresgeles.lt\/en\/puokste\/white-and-red-roses-box\/","name":"White and red roses box | Flower delivery in Vilnius | Gintar\u0117sG\u0117l\u0117s","isPartOf":{"@id":"https:\/\/www.gintaresgeles.lt\/en\/#website"},"primaryImageOfPage":{"@id":"https:\/\/www.gintaresgeles.lt\/en\/puokste\/white-and-red-roses-box\/#primaryimage"},"image":{"@id":"https:\/\/www.gintaresgeles.lt\/en\/puokste\/white-and-red-roses-box\/#primaryimage"},"thumbnailUrl":"https:\/\/www.gintaresgeles.lt\/wp-content\/uploads\/2018\/02\/rozes-dezutese-raudonos-ir-baltos-scaled.jpg","datePublished":"2018-02-08T16:43:17+00:00","dateModified":"2026-02-11T18:23:17+00:00","description":"An unforgettable surprise for everyone - the unexpected delivery of flowers to the house. Even bigger impression will be left by luxuriously looking red and white rose box. This gift will captivate each recipient with its subtlety and harmonious colors.","breadcrumb":{"@id":"https:\/\/www.gintaresgeles.lt\/en\/puokste\/white-and-red-roses-box\/#breadcrumb"},"inLanguage":"en-US","potentialAction":[{"@type":"ReadAction","target":["https:\/\/www.gintaresgeles.lt\/en\/puokste\/white-and-red-roses-box\/"]}]},{"@type":"ImageObject","inLanguage":"en-US","@id":"https:\/\/www.gintaresgeles.lt\/en\/puokste\/white-and-red-roses-box\/#primaryimage","url":"https:\/\/www.gintaresgeles.lt\/wp-content\/uploads\/2018\/02\/rozes-dezutese-raudonos-ir-baltos-scaled.jpg","contentUrl":"https:\/\/www.gintaresgeles.lt\/wp-content\/uploads\/2018\/02\/rozes-dezutese-raudonos-ir-baltos-scaled.jpg","width":2560,"height":2560,"caption":"G\u0117l\u0117s merginai raudon\u0173 ir balt\u0173 ro\u017ei\u0173 d\u0117\u017eut\u0117"},{"@type":"BreadcrumbList","@id":"https:\/\/www.gintaresgeles.lt\/en\/puokste\/white-and-red-roses-box\/#breadcrumb","itemListElement":[{"@type":"ListItem","position":1,"name":"Prad\u017eia","item":"https:\/\/www.gintaresgeles.lt\/en\/"},{"@type":"ListItem","position":2,"name":"All flowers and other products","item":"https:\/\/www.gintaresgeles.lt\/en\/all-flowers-and-other-products\/"},{"@type":"ListItem","position":3,"name":"White and red roses box"}]},{"@type":"WebSite","@id":"https:\/\/www.gintaresgeles.lt\/en\/#website","url":"https:\/\/www.gintaresgeles.lt\/en\/","name":"gintaresgeles.lt","description":"G\u0117li\u0173 parduotuv\u0117 internete","potentialAction":[{"@type":"SearchAction","target":{"@type":"EntryPoint","urlTemplate":"https:\/\/www.gintaresgeles.lt\/en\/?s={search_term_string}"},"query-input":{"@type":"PropertyValueSpecification","valueRequired":true,"valueName":"search_term_string"}}],"inLanguage":"en-US"}]}},"_links":{"self":[{"href":"https:\/\/www.gintaresgeles.lt\/en\/wp-json\/wp\/v2\/product\/18468","targetHints":{"allow":["GET"]}}],"collection":[{"href":"https:\/\/www.gintaresgeles.lt\/en\/wp-json\/wp\/v2\/product"}],"about":[{"href":"https:\/\/www.gintaresgeles.lt\/en\/wp-json\/wp\/v2\/types\/product"}],"wp:featuredmedia":[{"embeddable":true,"href":"https:\/\/www.gintaresgeles.lt\/en\/wp-json\/wp\/v2\/media\/32257"}],"wp:attachment":[{"href":"https:\/\/www.gintaresgeles.lt\/en\/wp-json\/wp\/v2\/media?parent=18468"}],"wp:term":[{"taxonomy":"product_brand","embeddable":true,"href":"https:\/\/www.gintaresgeles.lt\/en\/wp-json\/wp\/v2\/product_brand?post=18468"},{"taxonomy":"product_cat","embeddable":true,"href":"https:\/\/www.gintaresgeles.lt\/en\/wp-json\/wp\/v2\/product_cat?post=18468"},{"taxonomy":"product_tag","embeddable":true,"href":"https:\/\/www.gintaresgeles.lt\/en\/wp-json\/wp\/v2\/product_tag?post=18468"}],"curies":[{"name":"wp","href":"https:\/\/api.w.org\/{rel}","templated":true}]}}