{"id":18543,"date":"2018-02-08T14:27:01","date_gmt":"2018-02-08T16:27:01","guid":{"rendered":"https:\/\/www.gintaresgeles.lt\/?post_type=product&#038;p=18543\/"},"modified":"2025-05-29T02:01:48","modified_gmt":"2025-05-29T00:01:48","slug":"luxurious-box-of-roses","status":"publish","type":"product","link":"https:\/\/www.gintaresgeles.lt\/en\/puokste\/luxurious-box-of-roses\/","title":{"rendered":"Luxurious box of roses"},"content":{"rendered":"<p>This box is special because it looks really romantic. That&#8217;s why giving a white and red roses box to a loved one can express the most beautiful and warmest feelings &#8211; such as love, longing, caring and others. Otherwise, this box will be great for a special occasion for a person to whom you want to express respect, for example, on the jubilee occasion. This box will look solid and tasteful. The color of the box is chosen randomly, but we always take care that the overall composition looks great. Also, the box may contain several roses more or less, depending on the size of the flowers and the size of the flowers blossoms.<\/p>\n","protected":false},"excerpt":{"rendered":"<p style=\"text-align: justify\">A special roses box is really suitable for a special occasions. This box is ideal for a Valentine&#8217;s Day, a woman&#8217;s day or a birthday party for a dear person. The box consists of red roses from the sides and white in the middle.<\/p>\n<p>&nbsp;<\/p>\n<p style=\"text-align: right\">\n","protected":false},"featured_media":40179,"template":"","meta":[],"product_brand":[],"product_cat":[260,259,252,266,265,256,253,257,428,262,263,891,650,264,908,267,238],"product_tag":[],"class_list":{"0":"post-18543","1":"product","2":"type-product","3":"status-publish","4":"has-post-thumbnail","6":"product_cat-birthday-flowers","7":"product_cat-flowers-by-occasion","8":"product_cat-flowers-by-recipient","9":"product_cat-flowers-by-style","10":"product_cat-flowers-by-type","11":"product_cat-flowers-for-girlfriend","12":"product_cat-flowers-for-mom","13":"product_cat-flowers-for-women","14":"product_cat-jubilee-flowers","15":"product_cat-march8th-flowers","16":"product_cat-mothers-day-flowers","17":"product_cat-red-roses","18":"product_cat-roses-in-a-box","19":"product_cat-valentines-day-flowers","20":"product_cat-white-roses","21":"product_cat-flower-boxes","22":"product_cat-roses","23":"tm-no-options","25":"first","26":"instock","27":"taxable","28":"shipping-taxable","29":"purchasable","30":"product-type-variable","31":"has-default-attributes"},"yoast_head":"<!-- This site is optimized with the Yoast SEO plugin v25.3 - https:\/\/yoast.com\/wordpress\/plugins\/seo\/ -->\n<title>Luxury roses box | Flower delivery in Vilnius | Gintar\u0117sG\u0117l\u0117s<\/title>\n<meta name=\"description\" content=\"A spectacular, expressive and special occasion gift - a box of red and white roses. This box will captivate with its subtlety, elegance and luxury effect. This box will not only be suitable for a romantic occasion, but also a luxurious jubilee or another great event.\" \/>\n<meta name=\"robots\" content=\"index, follow, max-snippet:-1, max-image-preview:large, max-video-preview:-1\" \/>\n<link rel=\"canonical\" href=\"https:\/\/www.gintaresgeles.lt\/en\/puokste\/luxurious-box-of-roses\/\" \/>\n<meta property=\"og:locale\" content=\"en_US\" \/>\n<meta property=\"og:type\" content=\"article\" \/>\n<meta property=\"og:title\" content=\"Luxury roses box | Flower delivery in Vilnius | Gintar\u0117sG\u0117l\u0117s\" \/>\n<meta property=\"og:description\" content=\"A spectacular, expressive and special occasion gift - a box of red and white roses. This box will captivate with its subtlety, elegance and luxury effect. This box will not only be suitable for a romantic occasion, but also a luxurious jubilee or another great event.\" \/>\n<meta property=\"og:url\" content=\"https:\/\/www.gintaresgeles.lt\/en\/puokste\/luxurious-box-of-roses\/\" \/>\n<meta property=\"og:site_name\" content=\"gintaresgeles.lt\" \/>\n<meta property=\"article:modified_time\" content=\"2025-05-29T00:01:48+00:00\" \/>\n<meta property=\"og:image\" content=\"https:\/\/www.gintaresgeles.lt\/wp-content\/uploads\/2018\/02\/prabangi-roziu-dezute-baltos-ir-raudonos-rozes.jpg\" \/>\n\t<meta property=\"og:image:width\" content=\"1000\" \/>\n\t<meta property=\"og:image:height\" content=\"1000\" \/>\n\t<meta property=\"og:image:type\" content=\"image\/jpeg\" \/>\n<meta name=\"twitter:card\" content=\"summary_large_image\" \/>\n<meta name=\"twitter:label1\" content=\"Est. reading time\" \/>\n\t<meta name=\"twitter:data1\" content=\"1 minute\" \/>\n<script type=\"application\/ld+json\" class=\"yoast-schema-graph\">{\"@context\":\"https:\/\/schema.org\",\"@graph\":[{\"@type\":\"WebPage\",\"@id\":\"https:\/\/www.gintaresgeles.lt\/en\/puokste\/luxurious-box-of-roses\/\",\"url\":\"https:\/\/www.gintaresgeles.lt\/en\/puokste\/luxurious-box-of-roses\/\",\"name\":\"Luxury roses box | Flower delivery in Vilnius | Gintar\u0117sG\u0117l\u0117s\",\"isPartOf\":{\"@id\":\"https:\/\/www.gintaresgeles.lt\/en\/#website\"},\"primaryImageOfPage\":{\"@id\":\"https:\/\/www.gintaresgeles.lt\/en\/puokste\/luxurious-box-of-roses\/#primaryimage\"},\"image\":{\"@id\":\"https:\/\/www.gintaresgeles.lt\/en\/puokste\/luxurious-box-of-roses\/#primaryimage\"},\"thumbnailUrl\":\"https:\/\/www.gintaresgeles.lt\/wp-content\/uploads\/2018\/02\/prabangi-roziu-dezute-baltos-ir-raudonos-rozes.jpg\",\"datePublished\":\"2018-02-08T16:27:01+00:00\",\"dateModified\":\"2025-05-29T00:01:48+00:00\",\"description\":\"A spectacular, expressive and special occasion gift - a box of red and white roses. This box will captivate with its subtlety, elegance and luxury effect. This box will not only be suitable for a romantic occasion, but also a luxurious jubilee or another great event.\",\"breadcrumb\":{\"@id\":\"https:\/\/www.gintaresgeles.lt\/en\/puokste\/luxurious-box-of-roses\/#breadcrumb\"},\"inLanguage\":\"en-US\",\"potentialAction\":[{\"@type\":\"ReadAction\",\"target\":[\"https:\/\/www.gintaresgeles.lt\/en\/puokste\/luxurious-box-of-roses\/\"]}]},{\"@type\":\"ImageObject\",\"inLanguage\":\"en-US\",\"@id\":\"https:\/\/www.gintaresgeles.lt\/en\/puokste\/luxurious-box-of-roses\/#primaryimage\",\"url\":\"https:\/\/www.gintaresgeles.lt\/wp-content\/uploads\/2018\/02\/prabangi-roziu-dezute-baltos-ir-raudonos-rozes.jpg\",\"contentUrl\":\"https:\/\/www.gintaresgeles.lt\/wp-content\/uploads\/2018\/02\/prabangi-roziu-dezute-baltos-ir-raudonos-rozes.jpg\",\"width\":1000,\"height\":1000,\"caption\":\"Baltos viduryje ir raudonos ro\u017e\u0117s i\u0161or\u0117je prabangi ro\u017ei\u0173 d\u0117\u017eut\u0117\"},{\"@type\":\"BreadcrumbList\",\"@id\":\"https:\/\/www.gintaresgeles.lt\/en\/puokste\/luxurious-box-of-roses\/#breadcrumb\",\"itemListElement\":[{\"@type\":\"ListItem\",\"position\":1,\"name\":\"Prad\u017eia\",\"item\":\"https:\/\/www.gintaresgeles.lt\/en\/\"},{\"@type\":\"ListItem\",\"position\":2,\"name\":\"All flowers and other products\",\"item\":\"https:\/\/www.gintaresgeles.lt\/en\/all-flowers-and-other-products\/\"},{\"@type\":\"ListItem\",\"position\":3,\"name\":\"Luxurious box of roses\"}]},{\"@type\":\"WebSite\",\"@id\":\"https:\/\/www.gintaresgeles.lt\/en\/#website\",\"url\":\"https:\/\/www.gintaresgeles.lt\/en\/\",\"name\":\"gintaresgeles.lt\",\"description\":\"G\u0117li\u0173 parduotuv\u0117 internete\",\"potentialAction\":[{\"@type\":\"SearchAction\",\"target\":{\"@type\":\"EntryPoint\",\"urlTemplate\":\"https:\/\/www.gintaresgeles.lt\/en\/?s={search_term_string}\"},\"query-input\":{\"@type\":\"PropertyValueSpecification\",\"valueRequired\":true,\"valueName\":\"search_term_string\"}}],\"inLanguage\":\"en-US\"}]}<\/script>\n<!-- \/ Yoast SEO plugin. -->","yoast_head_json":{"title":"Luxury roses box | Flower delivery in Vilnius | Gintar\u0117sG\u0117l\u0117s","description":"A spectacular, expressive and special occasion gift - a box of red and white roses. This box will captivate with its subtlety, elegance and luxury effect. This box will not only be suitable for a romantic occasion, but also a luxurious jubilee or another great event.","robots":{"index":"index","follow":"follow","max-snippet":"max-snippet:-1","max-image-preview":"max-image-preview:large","max-video-preview":"max-video-preview:-1"},"canonical":"https:\/\/www.gintaresgeles.lt\/en\/puokste\/luxurious-box-of-roses\/","og_locale":"en_US","og_type":"article","og_title":"Luxury roses box | Flower delivery in Vilnius | Gintar\u0117sG\u0117l\u0117s","og_description":"A spectacular, expressive and special occasion gift - a box of red and white roses. This box will captivate with its subtlety, elegance and luxury effect. This box will not only be suitable for a romantic occasion, but also a luxurious jubilee or another great event.","og_url":"https:\/\/www.gintaresgeles.lt\/en\/puokste\/luxurious-box-of-roses\/","og_site_name":"gintaresgeles.lt","article_modified_time":"2025-05-29T00:01:48+00:00","og_image":[{"width":1000,"height":1000,"url":"https:\/\/www.gintaresgeles.lt\/wp-content\/uploads\/2018\/02\/prabangi-roziu-dezute-baltos-ir-raudonos-rozes.jpg","type":"image\/jpeg"}],"twitter_card":"summary_large_image","twitter_misc":{"Est. reading time":"1 minute"},"schema":{"@context":"https:\/\/schema.org","@graph":[{"@type":"WebPage","@id":"https:\/\/www.gintaresgeles.lt\/en\/puokste\/luxurious-box-of-roses\/","url":"https:\/\/www.gintaresgeles.lt\/en\/puokste\/luxurious-box-of-roses\/","name":"Luxury roses box | Flower delivery in Vilnius | Gintar\u0117sG\u0117l\u0117s","isPartOf":{"@id":"https:\/\/www.gintaresgeles.lt\/en\/#website"},"primaryImageOfPage":{"@id":"https:\/\/www.gintaresgeles.lt\/en\/puokste\/luxurious-box-of-roses\/#primaryimage"},"image":{"@id":"https:\/\/www.gintaresgeles.lt\/en\/puokste\/luxurious-box-of-roses\/#primaryimage"},"thumbnailUrl":"https:\/\/www.gintaresgeles.lt\/wp-content\/uploads\/2018\/02\/prabangi-roziu-dezute-baltos-ir-raudonos-rozes.jpg","datePublished":"2018-02-08T16:27:01+00:00","dateModified":"2025-05-29T00:01:48+00:00","description":"A spectacular, expressive and special occasion gift - a box of red and white roses. This box will captivate with its subtlety, elegance and luxury effect. This box will not only be suitable for a romantic occasion, but also a luxurious jubilee or another great event.","breadcrumb":{"@id":"https:\/\/www.gintaresgeles.lt\/en\/puokste\/luxurious-box-of-roses\/#breadcrumb"},"inLanguage":"en-US","potentialAction":[{"@type":"ReadAction","target":["https:\/\/www.gintaresgeles.lt\/en\/puokste\/luxurious-box-of-roses\/"]}]},{"@type":"ImageObject","inLanguage":"en-US","@id":"https:\/\/www.gintaresgeles.lt\/en\/puokste\/luxurious-box-of-roses\/#primaryimage","url":"https:\/\/www.gintaresgeles.lt\/wp-content\/uploads\/2018\/02\/prabangi-roziu-dezute-baltos-ir-raudonos-rozes.jpg","contentUrl":"https:\/\/www.gintaresgeles.lt\/wp-content\/uploads\/2018\/02\/prabangi-roziu-dezute-baltos-ir-raudonos-rozes.jpg","width":1000,"height":1000,"caption":"Baltos viduryje ir raudonos ro\u017e\u0117s i\u0161or\u0117je prabangi ro\u017ei\u0173 d\u0117\u017eut\u0117"},{"@type":"BreadcrumbList","@id":"https:\/\/www.gintaresgeles.lt\/en\/puokste\/luxurious-box-of-roses\/#breadcrumb","itemListElement":[{"@type":"ListItem","position":1,"name":"Prad\u017eia","item":"https:\/\/www.gintaresgeles.lt\/en\/"},{"@type":"ListItem","position":2,"name":"All flowers and other products","item":"https:\/\/www.gintaresgeles.lt\/en\/all-flowers-and-other-products\/"},{"@type":"ListItem","position":3,"name":"Luxurious box of roses"}]},{"@type":"WebSite","@id":"https:\/\/www.gintaresgeles.lt\/en\/#website","url":"https:\/\/www.gintaresgeles.lt\/en\/","name":"gintaresgeles.lt","description":"G\u0117li\u0173 parduotuv\u0117 internete","potentialAction":[{"@type":"SearchAction","target":{"@type":"EntryPoint","urlTemplate":"https:\/\/www.gintaresgeles.lt\/en\/?s={search_term_string}"},"query-input":{"@type":"PropertyValueSpecification","valueRequired":true,"valueName":"search_term_string"}}],"inLanguage":"en-US"}]}},"_links":{"self":[{"href":"https:\/\/www.gintaresgeles.lt\/en\/wp-json\/wp\/v2\/product\/18543","targetHints":{"allow":["GET"]}}],"collection":[{"href":"https:\/\/www.gintaresgeles.lt\/en\/wp-json\/wp\/v2\/product"}],"about":[{"href":"https:\/\/www.gintaresgeles.lt\/en\/wp-json\/wp\/v2\/types\/product"}],"wp:featuredmedia":[{"embeddable":true,"href":"https:\/\/www.gintaresgeles.lt\/en\/wp-json\/wp\/v2\/media\/40179"}],"wp:attachment":[{"href":"https:\/\/www.gintaresgeles.lt\/en\/wp-json\/wp\/v2\/media?parent=18543"}],"wp:term":[{"taxonomy":"product_brand","embeddable":true,"href":"https:\/\/www.gintaresgeles.lt\/en\/wp-json\/wp\/v2\/product_brand?post=18543"},{"taxonomy":"product_cat","embeddable":true,"href":"https:\/\/www.gintaresgeles.lt\/en\/wp-json\/wp\/v2\/product_cat?post=18543"},{"taxonomy":"product_tag","embeddable":true,"href":"https:\/\/www.gintaresgeles.lt\/en\/wp-json\/wp\/v2\/product_tag?post=18543"}],"curies":[{"name":"wp","href":"https:\/\/api.w.org\/{rel}","templated":true}]}}