{"id":18550,"date":"2018-02-08T14:24:48","date_gmt":"2018-02-08T16:24:48","guid":{"rendered":"https:\/\/www.gintaresgeles.lt\/?post_type=product&#038;p=18550\/"},"modified":"2026-02-18T11:43:05","modified_gmt":"2026-02-18T09:43:05","slug":"rose-bouquet-envelope","status":"publish","type":"product","link":"https:\/\/www.gintaresgeles.lt\/en\/puokste\/rose-bouquet-envelope\/","title":{"rendered":"Roses bouquet \u201eEnvelope\u201c"},"content":{"rendered":"<p>Envelope &#8211; is the option when you want to give the traditional red roses stylishly and memorably. For that this kind of looking envelope will allow you to send the most warm feelings to a special person. Roses envelope consists of 9 red roses. If you want to change the color of flowers, contact us and we will surely find a compromise. The envelope is decorated with a red satin ribbon.<\/p>\n","protected":false},"excerpt":{"rendered":"<p style=\"text-align: justify\">Rose envelope consist of 9 red color roses and beautiful packaging with a ribbon. This bouquet will become a fun and joyful message for every recipient.<\/p>\n","protected":false},"featured_media":20620,"template":"","meta":[],"product_brand":[],"product_cat":[261,260,259,252,265,256,258,253,257,428,262,263,891,264,238],"product_tag":[],"class_list":{"0":"post-18550","1":"product","2":"type-product","3":"status-publish","4":"has-post-thumbnail","6":"product_cat-birthday-bouquets","7":"product_cat-birthday-flowers","8":"product_cat-flowers-by-occasion","9":"product_cat-flowers-by-recipient","10":"product_cat-flowers-by-type","11":"product_cat-flowers-for-girlfriend","12":"product_cat-flowers-for-men","13":"product_cat-flowers-for-mom","14":"product_cat-flowers-for-women","15":"product_cat-jubilee-flowers","16":"product_cat-march8th-flowers","17":"product_cat-mothers-day-flowers","18":"product_cat-red-roses","19":"product_cat-valentines-day-flowers","20":"product_cat-roses","21":"tm-has-options","23":"first","24":"instock","25":"taxable","26":"shipping-taxable","27":"purchasable","28":"product-type-simple"},"yoast_head":"<!-- This site is optimized with the Yoast SEO plugin v25.3 - https:\/\/yoast.com\/wordpress\/plugins\/seo\/ -->\n<title>Rose bouquet \u201eEnvelope\u201c | Flower delivery in Vilnius | Gintar\u0117sG\u0117l\u0117s<\/title>\n<meta name=\"description\" content=\"If you are looking for traditional roses with home delivery and with more interesting packaging then this roses envelope will be the right choice. Send a happy &quot;message&quot; to a close person or a loved one by ordering this bouquet online.\" \/>\n<meta name=\"robots\" content=\"index, follow, max-snippet:-1, max-image-preview:large, max-video-preview:-1\" \/>\n<link rel=\"canonical\" href=\"https:\/\/www.gintaresgeles.lt\/en\/puokste\/rose-bouquet-envelope\/\" \/>\n<meta property=\"og:locale\" content=\"en_US\" \/>\n<meta property=\"og:type\" content=\"article\" \/>\n<meta property=\"og:title\" content=\"Rose bouquet \u201eEnvelope\u201c | Flower delivery in Vilnius | Gintar\u0117sG\u0117l\u0117s\" \/>\n<meta property=\"og:description\" content=\"If you are looking for traditional roses with home delivery and with more interesting packaging then this roses envelope will be the right choice. Send a happy &quot;message&quot; to a close person or a loved one by ordering this bouquet online.\" \/>\n<meta property=\"og:url\" content=\"https:\/\/www.gintaresgeles.lt\/en\/puokste\/rose-bouquet-envelope\/\" \/>\n<meta property=\"og:site_name\" content=\"gintaresgeles.lt\" \/>\n<meta property=\"article:modified_time\" content=\"2026-02-18T09:43:05+00:00\" \/>\n<meta property=\"og:image\" content=\"https:\/\/www.gintaresgeles.lt\/wp-content\/uploads\/2018\/02\/raudonos-rozes-puokste-vokelis.jpg\" \/>\n\t<meta property=\"og:image:width\" content=\"4000\" \/>\n\t<meta property=\"og:image:height\" content=\"4000\" \/>\n\t<meta property=\"og:image:type\" content=\"image\/jpeg\" \/>\n<meta name=\"twitter:card\" content=\"summary_large_image\" \/>\n<script type=\"application\/ld+json\" class=\"yoast-schema-graph\">{\"@context\":\"https:\/\/schema.org\",\"@graph\":[{\"@type\":\"WebPage\",\"@id\":\"https:\/\/www.gintaresgeles.lt\/en\/puokste\/rose-bouquet-envelope\/\",\"url\":\"https:\/\/www.gintaresgeles.lt\/en\/puokste\/rose-bouquet-envelope\/\",\"name\":\"Rose bouquet \u201eEnvelope\u201c | Flower delivery in Vilnius | Gintar\u0117sG\u0117l\u0117s\",\"isPartOf\":{\"@id\":\"https:\/\/www.gintaresgeles.lt\/en\/#website\"},\"primaryImageOfPage\":{\"@id\":\"https:\/\/www.gintaresgeles.lt\/en\/puokste\/rose-bouquet-envelope\/#primaryimage\"},\"image\":{\"@id\":\"https:\/\/www.gintaresgeles.lt\/en\/puokste\/rose-bouquet-envelope\/#primaryimage\"},\"thumbnailUrl\":\"https:\/\/www.gintaresgeles.lt\/wp-content\/uploads\/2018\/02\/raudonos-rozes-puokste-vokelis.jpg\",\"datePublished\":\"2018-02-08T16:24:48+00:00\",\"dateModified\":\"2026-02-18T09:43:05+00:00\",\"description\":\"If you are looking for traditional roses with home delivery and with more interesting packaging then this roses envelope will be the right choice. Send a happy \\\"message\\\" to a close person or a loved one by ordering this bouquet online.\",\"breadcrumb\":{\"@id\":\"https:\/\/www.gintaresgeles.lt\/en\/puokste\/rose-bouquet-envelope\/#breadcrumb\"},\"inLanguage\":\"en-US\",\"potentialAction\":[{\"@type\":\"ReadAction\",\"target\":[\"https:\/\/www.gintaresgeles.lt\/en\/puokste\/rose-bouquet-envelope\/\"]}]},{\"@type\":\"ImageObject\",\"inLanguage\":\"en-US\",\"@id\":\"https:\/\/www.gintaresgeles.lt\/en\/puokste\/rose-bouquet-envelope\/#primaryimage\",\"url\":\"https:\/\/www.gintaresgeles.lt\/wp-content\/uploads\/2018\/02\/raudonos-rozes-puokste-vokelis.jpg\",\"contentUrl\":\"https:\/\/www.gintaresgeles.lt\/wp-content\/uploads\/2018\/02\/raudonos-rozes-puokste-vokelis.jpg\",\"width\":4000,\"height\":4000,\"caption\":\"Rose bouquet \u201eEnvelope\u201c\"},{\"@type\":\"BreadcrumbList\",\"@id\":\"https:\/\/www.gintaresgeles.lt\/en\/puokste\/rose-bouquet-envelope\/#breadcrumb\",\"itemListElement\":[{\"@type\":\"ListItem\",\"position\":1,\"name\":\"Prad\u017eia\",\"item\":\"https:\/\/www.gintaresgeles.lt\/en\/\"},{\"@type\":\"ListItem\",\"position\":2,\"name\":\"All flowers and other products\",\"item\":\"https:\/\/www.gintaresgeles.lt\/en\/all-flowers-and-other-products\/\"},{\"@type\":\"ListItem\",\"position\":3,\"name\":\"Roses bouquet \u201eEnvelope\u201c\"}]},{\"@type\":\"WebSite\",\"@id\":\"https:\/\/www.gintaresgeles.lt\/en\/#website\",\"url\":\"https:\/\/www.gintaresgeles.lt\/en\/\",\"name\":\"gintaresgeles.lt\",\"description\":\"G\u0117li\u0173 parduotuv\u0117 internete\",\"potentialAction\":[{\"@type\":\"SearchAction\",\"target\":{\"@type\":\"EntryPoint\",\"urlTemplate\":\"https:\/\/www.gintaresgeles.lt\/en\/?s={search_term_string}\"},\"query-input\":{\"@type\":\"PropertyValueSpecification\",\"valueRequired\":true,\"valueName\":\"search_term_string\"}}],\"inLanguage\":\"en-US\"}]}<\/script>\n<!-- \/ Yoast SEO plugin. -->","yoast_head_json":{"title":"Rose bouquet \u201eEnvelope\u201c | Flower delivery in Vilnius | Gintar\u0117sG\u0117l\u0117s","description":"If you are looking for traditional roses with home delivery and with more interesting packaging then this roses envelope will be the right choice. Send a happy \"message\" to a close person or a loved one by ordering this bouquet online.","robots":{"index":"index","follow":"follow","max-snippet":"max-snippet:-1","max-image-preview":"max-image-preview:large","max-video-preview":"max-video-preview:-1"},"canonical":"https:\/\/www.gintaresgeles.lt\/en\/puokste\/rose-bouquet-envelope\/","og_locale":"en_US","og_type":"article","og_title":"Rose bouquet \u201eEnvelope\u201c | Flower delivery in Vilnius | Gintar\u0117sG\u0117l\u0117s","og_description":"If you are looking for traditional roses with home delivery and with more interesting packaging then this roses envelope will be the right choice. Send a happy \"message\" to a close person or a loved one by ordering this bouquet online.","og_url":"https:\/\/www.gintaresgeles.lt\/en\/puokste\/rose-bouquet-envelope\/","og_site_name":"gintaresgeles.lt","article_modified_time":"2026-02-18T09:43:05+00:00","og_image":[{"width":4000,"height":4000,"url":"https:\/\/www.gintaresgeles.lt\/wp-content\/uploads\/2018\/02\/raudonos-rozes-puokste-vokelis.jpg","type":"image\/jpeg"}],"twitter_card":"summary_large_image","schema":{"@context":"https:\/\/schema.org","@graph":[{"@type":"WebPage","@id":"https:\/\/www.gintaresgeles.lt\/en\/puokste\/rose-bouquet-envelope\/","url":"https:\/\/www.gintaresgeles.lt\/en\/puokste\/rose-bouquet-envelope\/","name":"Rose bouquet \u201eEnvelope\u201c | Flower delivery in Vilnius | Gintar\u0117sG\u0117l\u0117s","isPartOf":{"@id":"https:\/\/www.gintaresgeles.lt\/en\/#website"},"primaryImageOfPage":{"@id":"https:\/\/www.gintaresgeles.lt\/en\/puokste\/rose-bouquet-envelope\/#primaryimage"},"image":{"@id":"https:\/\/www.gintaresgeles.lt\/en\/puokste\/rose-bouquet-envelope\/#primaryimage"},"thumbnailUrl":"https:\/\/www.gintaresgeles.lt\/wp-content\/uploads\/2018\/02\/raudonos-rozes-puokste-vokelis.jpg","datePublished":"2018-02-08T16:24:48+00:00","dateModified":"2026-02-18T09:43:05+00:00","description":"If you are looking for traditional roses with home delivery and with more interesting packaging then this roses envelope will be the right choice. Send a happy \"message\" to a close person or a loved one by ordering this bouquet online.","breadcrumb":{"@id":"https:\/\/www.gintaresgeles.lt\/en\/puokste\/rose-bouquet-envelope\/#breadcrumb"},"inLanguage":"en-US","potentialAction":[{"@type":"ReadAction","target":["https:\/\/www.gintaresgeles.lt\/en\/puokste\/rose-bouquet-envelope\/"]}]},{"@type":"ImageObject","inLanguage":"en-US","@id":"https:\/\/www.gintaresgeles.lt\/en\/puokste\/rose-bouquet-envelope\/#primaryimage","url":"https:\/\/www.gintaresgeles.lt\/wp-content\/uploads\/2018\/02\/raudonos-rozes-puokste-vokelis.jpg","contentUrl":"https:\/\/www.gintaresgeles.lt\/wp-content\/uploads\/2018\/02\/raudonos-rozes-puokste-vokelis.jpg","width":4000,"height":4000,"caption":"Rose bouquet \u201eEnvelope\u201c"},{"@type":"BreadcrumbList","@id":"https:\/\/www.gintaresgeles.lt\/en\/puokste\/rose-bouquet-envelope\/#breadcrumb","itemListElement":[{"@type":"ListItem","position":1,"name":"Prad\u017eia","item":"https:\/\/www.gintaresgeles.lt\/en\/"},{"@type":"ListItem","position":2,"name":"All flowers and other products","item":"https:\/\/www.gintaresgeles.lt\/en\/all-flowers-and-other-products\/"},{"@type":"ListItem","position":3,"name":"Roses bouquet \u201eEnvelope\u201c"}]},{"@type":"WebSite","@id":"https:\/\/www.gintaresgeles.lt\/en\/#website","url":"https:\/\/www.gintaresgeles.lt\/en\/","name":"gintaresgeles.lt","description":"G\u0117li\u0173 parduotuv\u0117 internete","potentialAction":[{"@type":"SearchAction","target":{"@type":"EntryPoint","urlTemplate":"https:\/\/www.gintaresgeles.lt\/en\/?s={search_term_string}"},"query-input":{"@type":"PropertyValueSpecification","valueRequired":true,"valueName":"search_term_string"}}],"inLanguage":"en-US"}]}},"_links":{"self":[{"href":"https:\/\/www.gintaresgeles.lt\/en\/wp-json\/wp\/v2\/product\/18550","targetHints":{"allow":["GET"]}}],"collection":[{"href":"https:\/\/www.gintaresgeles.lt\/en\/wp-json\/wp\/v2\/product"}],"about":[{"href":"https:\/\/www.gintaresgeles.lt\/en\/wp-json\/wp\/v2\/types\/product"}],"wp:featuredmedia":[{"embeddable":true,"href":"https:\/\/www.gintaresgeles.lt\/en\/wp-json\/wp\/v2\/media\/20620"}],"wp:attachment":[{"href":"https:\/\/www.gintaresgeles.lt\/en\/wp-json\/wp\/v2\/media?parent=18550"}],"wp:term":[{"taxonomy":"product_brand","embeddable":true,"href":"https:\/\/www.gintaresgeles.lt\/en\/wp-json\/wp\/v2\/product_brand?post=18550"},{"taxonomy":"product_cat","embeddable":true,"href":"https:\/\/www.gintaresgeles.lt\/en\/wp-json\/wp\/v2\/product_cat?post=18550"},{"taxonomy":"product_tag","embeddable":true,"href":"https:\/\/www.gintaresgeles.lt\/en\/wp-json\/wp\/v2\/product_tag?post=18550"}],"curies":[{"name":"wp","href":"https:\/\/api.w.org\/{rel}","templated":true}]}}