{"id":18556,"date":"2018-02-08T14:21:05","date_gmt":"2018-02-08T16:21:05","guid":{"rendered":"https:\/\/www.gintaresgeles.lt\/?post_type=product&#038;p=18556\/"},"modified":"2025-05-29T02:01:50","modified_gmt":"2025-05-29T00:01:50","slug":"roses-box-one-white-rose","status":"publish","type":"product","link":"https:\/\/www.gintaresgeles.lt\/en\/puokste\/roses-box-one-white-rose\/","title":{"rendered":"Roses box \u201eOne white rose\u201c"},"content":{"rendered":"<p>If you are looking for a romantic box full of roses that is suitable for expressing hot love, a great longing or heartfelt apology &#8211; you will not find a better option than this red rose box with one white rose. A single white rose gives the box a romantic accent, making it original and memorable. The color of the box is chosen randomly, but we always match the colors and we don&#8217;t let go of the romantic composition. Also, the box may contain several roses more or less, depending on the size of the flowers and the size of the flowers blossoms.<\/p>\n","protected":false},"excerpt":{"rendered":"<p style=\"text-align: justify\">One white rose in a lot of red roses &#8211; truly unforgettable gift. Even more impressive will be the unexpected delivery of a flower box to home or office in Vilnius. Choose desired box size and create the perfect box option.<\/p>\n<p>&nbsp;<\/p>\n<p style=\"text-align: right\">\n","protected":false},"featured_media":40185,"template":"","meta":[],"product_brand":[],"product_cat":[260,259,252,266,265,256,253,257,428,262,263,891,650,264,267,238],"product_tag":[],"class_list":{"0":"post-18556","1":"product","2":"type-product","3":"status-publish","4":"has-post-thumbnail","6":"product_cat-birthday-flowers","7":"product_cat-flowers-by-occasion","8":"product_cat-flowers-by-recipient","9":"product_cat-flowers-by-style","10":"product_cat-flowers-by-type","11":"product_cat-flowers-for-girlfriend","12":"product_cat-flowers-for-mom","13":"product_cat-flowers-for-women","14":"product_cat-jubilee-flowers","15":"product_cat-march8th-flowers","16":"product_cat-mothers-day-flowers","17":"product_cat-red-roses","18":"product_cat-roses-in-a-box","19":"product_cat-valentines-day-flowers","20":"product_cat-flower-boxes","21":"product_cat-roses","22":"tm-no-options","24":"first","25":"instock","26":"taxable","27":"shipping-taxable","28":"purchasable","29":"product-type-variable"},"yoast_head":"<!-- This site is optimized with the Yoast SEO plugin v25.3 - https:\/\/yoast.com\/wordpress\/plugins\/seo\/ -->\n<title>Roses box \u201eOne white rose\u201c | Flower delivery in Vilnius | Gintar\u0117sG\u0117l\u0117s<\/title>\n<meta name=\"description\" content=\"Do you want to make a surprise and simultaneously express the most beautiful feelings? If so, then this wonderful rose box that stands out for its design and composition will help you do that. Order it for a special person and surprise the recipient!\" \/>\n<meta name=\"robots\" content=\"index, follow, max-snippet:-1, max-image-preview:large, max-video-preview:-1\" \/>\n<link rel=\"canonical\" href=\"https:\/\/www.gintaresgeles.lt\/en\/puokste\/roses-box-one-white-rose\/\" \/>\n<meta property=\"og:locale\" content=\"en_US\" \/>\n<meta property=\"og:type\" content=\"article\" \/>\n<meta property=\"og:title\" content=\"Roses box \u201eOne white rose\u201c | Flower delivery in Vilnius | Gintar\u0117sG\u0117l\u0117s\" \/>\n<meta property=\"og:description\" content=\"Do you want to make a surprise and simultaneously express the most beautiful feelings? If so, then this wonderful rose box that stands out for its design and composition will help you do that. Order it for a special person and surprise the recipient!\" \/>\n<meta property=\"og:url\" content=\"https:\/\/www.gintaresgeles.lt\/en\/puokste\/roses-box-one-white-rose\/\" \/>\n<meta property=\"og:site_name\" content=\"gintaresgeles.lt\" \/>\n<meta property=\"article:modified_time\" content=\"2025-05-29T00:01:50+00:00\" \/>\n<meta property=\"og:image\" content=\"https:\/\/www.gintaresgeles.lt\/wp-content\/uploads\/2018\/02\/raudonu-ir-vienos-baltos-rozes-dezute-gimtadienio-geles.jpg\" \/>\n\t<meta property=\"og:image:width\" content=\"1000\" \/>\n\t<meta property=\"og:image:height\" content=\"1000\" \/>\n\t<meta property=\"og:image:type\" content=\"image\/jpeg\" \/>\n<meta name=\"twitter:card\" content=\"summary_large_image\" \/>\n<meta name=\"twitter:label1\" content=\"Est. reading time\" \/>\n\t<meta name=\"twitter:data1\" content=\"1 minute\" \/>\n<script type=\"application\/ld+json\" class=\"yoast-schema-graph\">{\"@context\":\"https:\/\/schema.org\",\"@graph\":[{\"@type\":\"WebPage\",\"@id\":\"https:\/\/www.gintaresgeles.lt\/en\/puokste\/roses-box-one-white-rose\/\",\"url\":\"https:\/\/www.gintaresgeles.lt\/en\/puokste\/roses-box-one-white-rose\/\",\"name\":\"Roses box \u201eOne white rose\u201c | Flower delivery in Vilnius | Gintar\u0117sG\u0117l\u0117s\",\"isPartOf\":{\"@id\":\"https:\/\/www.gintaresgeles.lt\/en\/#website\"},\"primaryImageOfPage\":{\"@id\":\"https:\/\/www.gintaresgeles.lt\/en\/puokste\/roses-box-one-white-rose\/#primaryimage\"},\"image\":{\"@id\":\"https:\/\/www.gintaresgeles.lt\/en\/puokste\/roses-box-one-white-rose\/#primaryimage\"},\"thumbnailUrl\":\"https:\/\/www.gintaresgeles.lt\/wp-content\/uploads\/2018\/02\/raudonu-ir-vienos-baltos-rozes-dezute-gimtadienio-geles.jpg\",\"datePublished\":\"2018-02-08T16:21:05+00:00\",\"dateModified\":\"2025-05-29T00:01:50+00:00\",\"description\":\"Do you want to make a surprise and simultaneously express the most beautiful feelings? If so, then this wonderful rose box that stands out for its design and composition will help you do that. Order it for a special person and surprise the recipient!\",\"breadcrumb\":{\"@id\":\"https:\/\/www.gintaresgeles.lt\/en\/puokste\/roses-box-one-white-rose\/#breadcrumb\"},\"inLanguage\":\"en-US\",\"potentialAction\":[{\"@type\":\"ReadAction\",\"target\":[\"https:\/\/www.gintaresgeles.lt\/en\/puokste\/roses-box-one-white-rose\/\"]}]},{\"@type\":\"ImageObject\",\"inLanguage\":\"en-US\",\"@id\":\"https:\/\/www.gintaresgeles.lt\/en\/puokste\/roses-box-one-white-rose\/#primaryimage\",\"url\":\"https:\/\/www.gintaresgeles.lt\/wp-content\/uploads\/2018\/02\/raudonu-ir-vienos-baltos-rozes-dezute-gimtadienio-geles.jpg\",\"contentUrl\":\"https:\/\/www.gintaresgeles.lt\/wp-content\/uploads\/2018\/02\/raudonu-ir-vienos-baltos-rozes-dezute-gimtadienio-geles.jpg\",\"width\":1000,\"height\":1000,\"caption\":\"Raudon\u0173 ir baltos ro\u017e\u0117s d\u0117\u017eut\u0117 g\u0117l\u0117s merginai\"},{\"@type\":\"BreadcrumbList\",\"@id\":\"https:\/\/www.gintaresgeles.lt\/en\/puokste\/roses-box-one-white-rose\/#breadcrumb\",\"itemListElement\":[{\"@type\":\"ListItem\",\"position\":1,\"name\":\"Prad\u017eia\",\"item\":\"https:\/\/www.gintaresgeles.lt\/en\/\"},{\"@type\":\"ListItem\",\"position\":2,\"name\":\"All flowers and other products\",\"item\":\"https:\/\/www.gintaresgeles.lt\/en\/all-flowers-and-other-products\/\"},{\"@type\":\"ListItem\",\"position\":3,\"name\":\"Roses box \u201eOne white rose\u201c\"}]},{\"@type\":\"WebSite\",\"@id\":\"https:\/\/www.gintaresgeles.lt\/en\/#website\",\"url\":\"https:\/\/www.gintaresgeles.lt\/en\/\",\"name\":\"gintaresgeles.lt\",\"description\":\"G\u0117li\u0173 parduotuv\u0117 internete\",\"potentialAction\":[{\"@type\":\"SearchAction\",\"target\":{\"@type\":\"EntryPoint\",\"urlTemplate\":\"https:\/\/www.gintaresgeles.lt\/en\/?s={search_term_string}\"},\"query-input\":{\"@type\":\"PropertyValueSpecification\",\"valueRequired\":true,\"valueName\":\"search_term_string\"}}],\"inLanguage\":\"en-US\"}]}<\/script>\n<!-- \/ Yoast SEO plugin. -->","yoast_head_json":{"title":"Roses box \u201eOne white rose\u201c | Flower delivery in Vilnius | Gintar\u0117sG\u0117l\u0117s","description":"Do you want to make a surprise and simultaneously express the most beautiful feelings? If so, then this wonderful rose box that stands out for its design and composition will help you do that. Order it for a special person and surprise the recipient!","robots":{"index":"index","follow":"follow","max-snippet":"max-snippet:-1","max-image-preview":"max-image-preview:large","max-video-preview":"max-video-preview:-1"},"canonical":"https:\/\/www.gintaresgeles.lt\/en\/puokste\/roses-box-one-white-rose\/","og_locale":"en_US","og_type":"article","og_title":"Roses box \u201eOne white rose\u201c | Flower delivery in Vilnius | Gintar\u0117sG\u0117l\u0117s","og_description":"Do you want to make a surprise and simultaneously express the most beautiful feelings? If so, then this wonderful rose box that stands out for its design and composition will help you do that. Order it for a special person and surprise the recipient!","og_url":"https:\/\/www.gintaresgeles.lt\/en\/puokste\/roses-box-one-white-rose\/","og_site_name":"gintaresgeles.lt","article_modified_time":"2025-05-29T00:01:50+00:00","og_image":[{"width":1000,"height":1000,"url":"https:\/\/www.gintaresgeles.lt\/wp-content\/uploads\/2018\/02\/raudonu-ir-vienos-baltos-rozes-dezute-gimtadienio-geles.jpg","type":"image\/jpeg"}],"twitter_card":"summary_large_image","twitter_misc":{"Est. reading time":"1 minute"},"schema":{"@context":"https:\/\/schema.org","@graph":[{"@type":"WebPage","@id":"https:\/\/www.gintaresgeles.lt\/en\/puokste\/roses-box-one-white-rose\/","url":"https:\/\/www.gintaresgeles.lt\/en\/puokste\/roses-box-one-white-rose\/","name":"Roses box \u201eOne white rose\u201c | Flower delivery in Vilnius | Gintar\u0117sG\u0117l\u0117s","isPartOf":{"@id":"https:\/\/www.gintaresgeles.lt\/en\/#website"},"primaryImageOfPage":{"@id":"https:\/\/www.gintaresgeles.lt\/en\/puokste\/roses-box-one-white-rose\/#primaryimage"},"image":{"@id":"https:\/\/www.gintaresgeles.lt\/en\/puokste\/roses-box-one-white-rose\/#primaryimage"},"thumbnailUrl":"https:\/\/www.gintaresgeles.lt\/wp-content\/uploads\/2018\/02\/raudonu-ir-vienos-baltos-rozes-dezute-gimtadienio-geles.jpg","datePublished":"2018-02-08T16:21:05+00:00","dateModified":"2025-05-29T00:01:50+00:00","description":"Do you want to make a surprise and simultaneously express the most beautiful feelings? If so, then this wonderful rose box that stands out for its design and composition will help you do that. Order it for a special person and surprise the recipient!","breadcrumb":{"@id":"https:\/\/www.gintaresgeles.lt\/en\/puokste\/roses-box-one-white-rose\/#breadcrumb"},"inLanguage":"en-US","potentialAction":[{"@type":"ReadAction","target":["https:\/\/www.gintaresgeles.lt\/en\/puokste\/roses-box-one-white-rose\/"]}]},{"@type":"ImageObject","inLanguage":"en-US","@id":"https:\/\/www.gintaresgeles.lt\/en\/puokste\/roses-box-one-white-rose\/#primaryimage","url":"https:\/\/www.gintaresgeles.lt\/wp-content\/uploads\/2018\/02\/raudonu-ir-vienos-baltos-rozes-dezute-gimtadienio-geles.jpg","contentUrl":"https:\/\/www.gintaresgeles.lt\/wp-content\/uploads\/2018\/02\/raudonu-ir-vienos-baltos-rozes-dezute-gimtadienio-geles.jpg","width":1000,"height":1000,"caption":"Raudon\u0173 ir baltos ro\u017e\u0117s d\u0117\u017eut\u0117 g\u0117l\u0117s merginai"},{"@type":"BreadcrumbList","@id":"https:\/\/www.gintaresgeles.lt\/en\/puokste\/roses-box-one-white-rose\/#breadcrumb","itemListElement":[{"@type":"ListItem","position":1,"name":"Prad\u017eia","item":"https:\/\/www.gintaresgeles.lt\/en\/"},{"@type":"ListItem","position":2,"name":"All flowers and other products","item":"https:\/\/www.gintaresgeles.lt\/en\/all-flowers-and-other-products\/"},{"@type":"ListItem","position":3,"name":"Roses box \u201eOne white rose\u201c"}]},{"@type":"WebSite","@id":"https:\/\/www.gintaresgeles.lt\/en\/#website","url":"https:\/\/www.gintaresgeles.lt\/en\/","name":"gintaresgeles.lt","description":"G\u0117li\u0173 parduotuv\u0117 internete","potentialAction":[{"@type":"SearchAction","target":{"@type":"EntryPoint","urlTemplate":"https:\/\/www.gintaresgeles.lt\/en\/?s={search_term_string}"},"query-input":{"@type":"PropertyValueSpecification","valueRequired":true,"valueName":"search_term_string"}}],"inLanguage":"en-US"}]}},"_links":{"self":[{"href":"https:\/\/www.gintaresgeles.lt\/en\/wp-json\/wp\/v2\/product\/18556","targetHints":{"allow":["GET"]}}],"collection":[{"href":"https:\/\/www.gintaresgeles.lt\/en\/wp-json\/wp\/v2\/product"}],"about":[{"href":"https:\/\/www.gintaresgeles.lt\/en\/wp-json\/wp\/v2\/types\/product"}],"wp:featuredmedia":[{"embeddable":true,"href":"https:\/\/www.gintaresgeles.lt\/en\/wp-json\/wp\/v2\/media\/40185"}],"wp:attachment":[{"href":"https:\/\/www.gintaresgeles.lt\/en\/wp-json\/wp\/v2\/media?parent=18556"}],"wp:term":[{"taxonomy":"product_brand","embeddable":true,"href":"https:\/\/www.gintaresgeles.lt\/en\/wp-json\/wp\/v2\/product_brand?post=18556"},{"taxonomy":"product_cat","embeddable":true,"href":"https:\/\/www.gintaresgeles.lt\/en\/wp-json\/wp\/v2\/product_cat?post=18556"},{"taxonomy":"product_tag","embeddable":true,"href":"https:\/\/www.gintaresgeles.lt\/en\/wp-json\/wp\/v2\/product_tag?post=18556"}],"curies":[{"name":"wp","href":"https:\/\/api.w.org\/{rel}","templated":true}]}}