{"id":18569,"date":"2018-02-08T11:48:00","date_gmt":"2018-02-08T13:48:00","guid":{"rendered":"https:\/\/www.gintaresgeles.lt\/?post_type=product&#038;p=18569\/"},"modified":"2025-05-29T02:01:51","modified_gmt":"2025-05-29T00:01:51","slug":"white-and-pink-tulips-box","status":"publish","type":"product","link":"https:\/\/www.gintaresgeles.lt\/en\/puokste\/white-and-pink-tulips-box\/","title":{"rendered":"White and pink tulips box"},"content":{"rendered":"<p>The gentle pastel colors of this composition makes this box the best for women and girls. The color of the box is chosen randomly, but we always match the colors and adjust the ribbon so that the overall composition looks tasteful. The box contains the number of tulips you have selected. The pink tulip shade may be a little darker or lighter. Also, the box may have several tulips more or less, depending on the size of the flowers and the size of the flowers blossoms.<\/p>\n","protected":false},"excerpt":{"rendered":"<p style=\"text-align: justify\">White and pink tulips are the most mildest and most sensitive combination of tulip colors. Not for nothing, tulips are considered as flowers for women &#8211; this box will not leave indifferent any recipient.<\/p>\n<p>&nbsp;<\/p>\n<p style=\"text-align: right\">\n","protected":false},"featured_media":28937,"template":"","meta":[],"product_brand":[],"product_cat":[261,260,259,252,266,265,256,253,257,428,262,263,264,267,239],"product_tag":[],"class_list":{"0":"post-18569","1":"product","2":"type-product","3":"status-publish","4":"has-post-thumbnail","6":"product_cat-birthday-bouquets","7":"product_cat-birthday-flowers","8":"product_cat-flowers-by-occasion","9":"product_cat-flowers-by-recipient","10":"product_cat-flowers-by-style","11":"product_cat-flowers-by-type","12":"product_cat-flowers-for-girlfriend","13":"product_cat-flowers-for-mom","14":"product_cat-flowers-for-women","15":"product_cat-jubilee-flowers","16":"product_cat-march8th-flowers","17":"product_cat-mothers-day-flowers","18":"product_cat-valentines-day-flowers","19":"product_cat-flower-boxes","20":"product_cat-tulips","21":"tm-no-options","23":"first","24":"outofstock","25":"taxable","26":"shipping-taxable","27":"purchasable","28":"product-type-variable","29":"has-default-attributes"},"yoast_head":"<!-- This site is optimized with the Yoast SEO plugin v25.3 - https:\/\/yoast.com\/wordpress\/plugins\/seo\/ -->\n<title>White and pink tulips box | Flower delivery in Vilnius | Gintar\u0117sG\u0117l\u0117s<\/title>\n<meta name=\"description\" content=\"Surprise woman with soft colors and romantic gale - send a pink box full of tulips to home. Such a gift will be an unforgettable surprise for a woman or girl who loves elegance. Order a pink and white tulip box online and amaze women on any occasion!\" \/>\n<meta name=\"robots\" content=\"index, follow, max-snippet:-1, max-image-preview:large, max-video-preview:-1\" \/>\n<link rel=\"canonical\" href=\"https:\/\/www.gintaresgeles.lt\/en\/puokste\/white-and-pink-tulips-box\/\" \/>\n<meta property=\"og:locale\" content=\"en_US\" \/>\n<meta property=\"og:type\" content=\"article\" \/>\n<meta property=\"og:title\" content=\"White and pink tulips box | Flower delivery in Vilnius | Gintar\u0117sG\u0117l\u0117s\" \/>\n<meta property=\"og:description\" content=\"Surprise woman with soft colors and romantic gale - send a pink box full of tulips to home. Such a gift will be an unforgettable surprise for a woman or girl who loves elegance. Order a pink and white tulip box online and amaze women on any occasion!\" \/>\n<meta property=\"og:url\" content=\"https:\/\/www.gintaresgeles.lt\/en\/puokste\/white-and-pink-tulips-box\/\" \/>\n<meta property=\"og:site_name\" content=\"gintaresgeles.lt\" \/>\n<meta property=\"article:modified_time\" content=\"2025-05-29T00:01:51+00:00\" \/>\n<meta property=\"og:image\" content=\"https:\/\/www.gintaresgeles.lt\/wp-content\/uploads\/2018\/02\/roziniu-ir-baltu-tulpiu-dezute.jpg\" \/>\n\t<meta property=\"og:image:width\" content=\"4000\" \/>\n\t<meta property=\"og:image:height\" content=\"4000\" \/>\n\t<meta property=\"og:image:type\" content=\"image\/jpeg\" \/>\n<meta name=\"twitter:card\" content=\"summary_large_image\" \/>\n<script type=\"application\/ld+json\" class=\"yoast-schema-graph\">{\"@context\":\"https:\/\/schema.org\",\"@graph\":[{\"@type\":\"WebPage\",\"@id\":\"https:\/\/www.gintaresgeles.lt\/en\/puokste\/white-and-pink-tulips-box\/\",\"url\":\"https:\/\/www.gintaresgeles.lt\/en\/puokste\/white-and-pink-tulips-box\/\",\"name\":\"White and pink tulips box | Flower delivery in Vilnius | Gintar\u0117sG\u0117l\u0117s\",\"isPartOf\":{\"@id\":\"https:\/\/www.gintaresgeles.lt\/en\/#website\"},\"primaryImageOfPage\":{\"@id\":\"https:\/\/www.gintaresgeles.lt\/en\/puokste\/white-and-pink-tulips-box\/#primaryimage\"},\"image\":{\"@id\":\"https:\/\/www.gintaresgeles.lt\/en\/puokste\/white-and-pink-tulips-box\/#primaryimage\"},\"thumbnailUrl\":\"https:\/\/www.gintaresgeles.lt\/wp-content\/uploads\/2018\/02\/roziniu-ir-baltu-tulpiu-dezute.jpg\",\"datePublished\":\"2018-02-08T13:48:00+00:00\",\"dateModified\":\"2025-05-29T00:01:51+00:00\",\"description\":\"Surprise woman with soft colors and romantic gale - send a pink box full of tulips to home. Such a gift will be an unforgettable surprise for a woman or girl who loves elegance. Order a pink and white tulip box online and amaze women on any occasion!\",\"breadcrumb\":{\"@id\":\"https:\/\/www.gintaresgeles.lt\/en\/puokste\/white-and-pink-tulips-box\/#breadcrumb\"},\"inLanguage\":\"en-US\",\"potentialAction\":[{\"@type\":\"ReadAction\",\"target\":[\"https:\/\/www.gintaresgeles.lt\/en\/puokste\/white-and-pink-tulips-box\/\"]}]},{\"@type\":\"ImageObject\",\"inLanguage\":\"en-US\",\"@id\":\"https:\/\/www.gintaresgeles.lt\/en\/puokste\/white-and-pink-tulips-box\/#primaryimage\",\"url\":\"https:\/\/www.gintaresgeles.lt\/wp-content\/uploads\/2018\/02\/roziniu-ir-baltu-tulpiu-dezute.jpg\",\"contentUrl\":\"https:\/\/www.gintaresgeles.lt\/wp-content\/uploads\/2018\/02\/roziniu-ir-baltu-tulpiu-dezute.jpg\",\"width\":4000,\"height\":4000,\"caption\":\"Baltos ir ro\u017ein\u0117s tulp\u0117s d\u0117\u017eut\u0117je gimtadienio g\u0117l\u0117s\"},{\"@type\":\"BreadcrumbList\",\"@id\":\"https:\/\/www.gintaresgeles.lt\/en\/puokste\/white-and-pink-tulips-box\/#breadcrumb\",\"itemListElement\":[{\"@type\":\"ListItem\",\"position\":1,\"name\":\"Prad\u017eia\",\"item\":\"https:\/\/www.gintaresgeles.lt\/en\/\"},{\"@type\":\"ListItem\",\"position\":2,\"name\":\"All flowers and other products\",\"item\":\"https:\/\/www.gintaresgeles.lt\/en\/all-flowers-and-other-products\/\"},{\"@type\":\"ListItem\",\"position\":3,\"name\":\"White and pink tulips box\"}]},{\"@type\":\"WebSite\",\"@id\":\"https:\/\/www.gintaresgeles.lt\/en\/#website\",\"url\":\"https:\/\/www.gintaresgeles.lt\/en\/\",\"name\":\"Gintares Geles\",\"description\":\"Flower delivery in Vilnius | Same-day delivery | Gintares geles\",\"potentialAction\":[{\"@type\":\"SearchAction\",\"target\":{\"@type\":\"EntryPoint\",\"urlTemplate\":\"https:\/\/www.gintaresgeles.lt\/en\/?s={search_term_string}\"},\"query-input\":{\"@type\":\"PropertyValueSpecification\",\"valueRequired\":true,\"valueName\":\"search_term_string\"}}],\"inLanguage\":\"en-US\"}]}<\/script>\n<!-- \/ Yoast SEO plugin. -->","yoast_head_json":{"title":"White and pink tulips box | Flower delivery in Vilnius | Gintar\u0117sG\u0117l\u0117s","description":"Surprise woman with soft colors and romantic gale - send a pink box full of tulips to home. Such a gift will be an unforgettable surprise for a woman or girl who loves elegance. Order a pink and white tulip box online and amaze women on any occasion!","robots":{"index":"index","follow":"follow","max-snippet":"max-snippet:-1","max-image-preview":"max-image-preview:large","max-video-preview":"max-video-preview:-1"},"canonical":"https:\/\/www.gintaresgeles.lt\/en\/puokste\/white-and-pink-tulips-box\/","og_locale":"en_US","og_type":"article","og_title":"White and pink tulips box | Flower delivery in Vilnius | Gintar\u0117sG\u0117l\u0117s","og_description":"Surprise woman with soft colors and romantic gale - send a pink box full of tulips to home. Such a gift will be an unforgettable surprise for a woman or girl who loves elegance. Order a pink and white tulip box online and amaze women on any occasion!","og_url":"https:\/\/www.gintaresgeles.lt\/en\/puokste\/white-and-pink-tulips-box\/","og_site_name":"gintaresgeles.lt","article_modified_time":"2025-05-29T00:01:51+00:00","og_image":[{"width":4000,"height":4000,"url":"https:\/\/www.gintaresgeles.lt\/wp-content\/uploads\/2018\/02\/roziniu-ir-baltu-tulpiu-dezute.jpg","type":"image\/jpeg"}],"twitter_card":"summary_large_image","schema":{"@context":"https:\/\/schema.org","@graph":[{"@type":"WebPage","@id":"https:\/\/www.gintaresgeles.lt\/en\/puokste\/white-and-pink-tulips-box\/","url":"https:\/\/www.gintaresgeles.lt\/en\/puokste\/white-and-pink-tulips-box\/","name":"White and pink tulips box | Flower delivery in Vilnius | Gintar\u0117sG\u0117l\u0117s","isPartOf":{"@id":"https:\/\/www.gintaresgeles.lt\/en\/#website"},"primaryImageOfPage":{"@id":"https:\/\/www.gintaresgeles.lt\/en\/puokste\/white-and-pink-tulips-box\/#primaryimage"},"image":{"@id":"https:\/\/www.gintaresgeles.lt\/en\/puokste\/white-and-pink-tulips-box\/#primaryimage"},"thumbnailUrl":"https:\/\/www.gintaresgeles.lt\/wp-content\/uploads\/2018\/02\/roziniu-ir-baltu-tulpiu-dezute.jpg","datePublished":"2018-02-08T13:48:00+00:00","dateModified":"2025-05-29T00:01:51+00:00","description":"Surprise woman with soft colors and romantic gale - send a pink box full of tulips to home. Such a gift will be an unforgettable surprise for a woman or girl who loves elegance. Order a pink and white tulip box online and amaze women on any occasion!","breadcrumb":{"@id":"https:\/\/www.gintaresgeles.lt\/en\/puokste\/white-and-pink-tulips-box\/#breadcrumb"},"inLanguage":"en-US","potentialAction":[{"@type":"ReadAction","target":["https:\/\/www.gintaresgeles.lt\/en\/puokste\/white-and-pink-tulips-box\/"]}]},{"@type":"ImageObject","inLanguage":"en-US","@id":"https:\/\/www.gintaresgeles.lt\/en\/puokste\/white-and-pink-tulips-box\/#primaryimage","url":"https:\/\/www.gintaresgeles.lt\/wp-content\/uploads\/2018\/02\/roziniu-ir-baltu-tulpiu-dezute.jpg","contentUrl":"https:\/\/www.gintaresgeles.lt\/wp-content\/uploads\/2018\/02\/roziniu-ir-baltu-tulpiu-dezute.jpg","width":4000,"height":4000,"caption":"Baltos ir ro\u017ein\u0117s tulp\u0117s d\u0117\u017eut\u0117je gimtadienio g\u0117l\u0117s"},{"@type":"BreadcrumbList","@id":"https:\/\/www.gintaresgeles.lt\/en\/puokste\/white-and-pink-tulips-box\/#breadcrumb","itemListElement":[{"@type":"ListItem","position":1,"name":"Prad\u017eia","item":"https:\/\/www.gintaresgeles.lt\/en\/"},{"@type":"ListItem","position":2,"name":"All flowers and other products","item":"https:\/\/www.gintaresgeles.lt\/en\/all-flowers-and-other-products\/"},{"@type":"ListItem","position":3,"name":"White and pink tulips box"}]},{"@type":"WebSite","@id":"https:\/\/www.gintaresgeles.lt\/en\/#website","url":"https:\/\/www.gintaresgeles.lt\/en\/","name":"Gintares Geles","description":"Flower delivery in Vilnius | Same-day delivery | Gintares geles","potentialAction":[{"@type":"SearchAction","target":{"@type":"EntryPoint","urlTemplate":"https:\/\/www.gintaresgeles.lt\/en\/?s={search_term_string}"},"query-input":{"@type":"PropertyValueSpecification","valueRequired":true,"valueName":"search_term_string"}}],"inLanguage":"en-US"}]}},"_links":{"self":[{"href":"https:\/\/www.gintaresgeles.lt\/en\/wp-json\/wp\/v2\/product\/18569","targetHints":{"allow":["GET"]}}],"collection":[{"href":"https:\/\/www.gintaresgeles.lt\/en\/wp-json\/wp\/v2\/product"}],"about":[{"href":"https:\/\/www.gintaresgeles.lt\/en\/wp-json\/wp\/v2\/types\/product"}],"wp:featuredmedia":[{"embeddable":true,"href":"https:\/\/www.gintaresgeles.lt\/en\/wp-json\/wp\/v2\/media\/28937"}],"wp:attachment":[{"href":"https:\/\/www.gintaresgeles.lt\/en\/wp-json\/wp\/v2\/media?parent=18569"}],"wp:term":[{"taxonomy":"product_brand","embeddable":true,"href":"https:\/\/www.gintaresgeles.lt\/en\/wp-json\/wp\/v2\/product_brand?post=18569"},{"taxonomy":"product_cat","embeddable":true,"href":"https:\/\/www.gintaresgeles.lt\/en\/wp-json\/wp\/v2\/product_cat?post=18569"},{"taxonomy":"product_tag","embeddable":true,"href":"https:\/\/www.gintaresgeles.lt\/en\/wp-json\/wp\/v2\/product_tag?post=18569"}],"curies":[{"name":"wp","href":"https:\/\/api.w.org\/{rel}","templated":true}]}}