{"id":18581,"date":"2018-02-08T11:44:57","date_gmt":"2018-02-08T13:44:57","guid":{"rendered":"https:\/\/www.gintaresgeles.lt\/?post_type=product&#038;p=18581\/"},"modified":"2025-05-29T02:01:52","modified_gmt":"2025-05-29T00:01:52","slug":"purple-and-white-tulips-bouquet","status":"publish","type":"product","link":"https:\/\/www.gintaresgeles.lt\/en\/puokste\/purple-and-white-tulips-bouquet\/","title":{"rendered":"Purple and white tulips bouquet"},"content":{"rendered":"<p style=\"text-align: justify\">This tulip bouquet consists of your choice of purple and white tulips. The color of the tulips and the size of the flowers blossoms may differ slightly from the picture shown. Send this to your beloved person &#8211; mom, girlfriend or second half &#8211; this expressive tulip bouquet and recipient will remember a surprise for a long time and will appreciate your great flavor for flowers.<\/p>\n","protected":false},"excerpt":{"rendered":"<p style=\"text-align: justify\">White and purple tulips &#8211; an original and unexpected combination that looks flawless. Send this tulip bouquet to your dame and she will be surprised!<\/p>\n<p>&nbsp;<\/p>\n<p style=\"text-align: right\">\n","protected":false},"featured_media":39280,"template":"","meta":[],"product_brand":[],"product_cat":[261,260,259,252,266,265,256,253,257,428,262,263,264,268,1966,239],"product_tag":[],"class_list":{"0":"post-18581","1":"product","2":"type-product","3":"status-publish","4":"has-post-thumbnail","6":"product_cat-birthday-bouquets","7":"product_cat-birthday-flowers","8":"product_cat-flowers-by-occasion","9":"product_cat-flowers-by-recipient","10":"product_cat-flowers-by-style","11":"product_cat-flowers-by-type","12":"product_cat-flowers-for-girlfriend","13":"product_cat-flowers-for-mom","14":"product_cat-flowers-for-women","15":"product_cat-jubilee-flowers","16":"product_cat-march8th-flowers","17":"product_cat-mothers-day-flowers","18":"product_cat-valentines-day-flowers","19":"product_cat-flower-bouquets","20":"product_cat-flowers-wrapped-in-paper","21":"product_cat-tulips","22":"tm-has-options","24":"first","25":"outofstock","26":"taxable","27":"shipping-taxable","28":"purchasable","29":"product-type-variable","30":"has-default-attributes"},"yoast_head":"<!-- This site is optimized with the Yoast SEO plugin v25.3 - https:\/\/yoast.com\/wordpress\/plugins\/seo\/ -->\n<title>Purple and white tulips bouquet | Flowers delivery in Vilnius | Gintar\u0117sG\u0117l\u0117s<\/title>\n<meta name=\"description\" content=\"Are you looking for the right bouquet for a woman on a special occasion? In this case, the bouquet of violet and white tulips will look just flawless. Surprise your woman or girlfriend with a brightly colored tulips and send it to any place In Vilnius.\" \/>\n<meta name=\"robots\" content=\"index, follow, max-snippet:-1, max-image-preview:large, max-video-preview:-1\" \/>\n<link rel=\"canonical\" href=\"https:\/\/www.gintaresgeles.lt\/en\/puokste\/purple-and-white-tulips-bouquet\/\" \/>\n<meta property=\"og:locale\" content=\"en_US\" \/>\n<meta property=\"og:type\" content=\"article\" \/>\n<meta property=\"og:title\" content=\"Purple and white tulips bouquet | Flowers delivery in Vilnius | Gintar\u0117sG\u0117l\u0117s\" \/>\n<meta property=\"og:description\" content=\"Are you looking for the right bouquet for a woman on a special occasion? In this case, the bouquet of violet and white tulips will look just flawless. Surprise your woman or girlfriend with a brightly colored tulips and send it to any place In Vilnius.\" \/>\n<meta property=\"og:url\" content=\"https:\/\/www.gintaresgeles.lt\/en\/puokste\/purple-and-white-tulips-bouquet\/\" \/>\n<meta property=\"og:site_name\" content=\"gintaresgeles.lt\" \/>\n<meta property=\"article:modified_time\" content=\"2025-05-29T00:01:52+00:00\" \/>\n<meta property=\"og:image\" content=\"https:\/\/www.gintaresgeles.lt\/wp-content\/uploads\/2018\/02\/baltu-ir-vioetiniu-tulpiu-puokste-geles-moterims-scaled.jpg\" \/>\n\t<meta property=\"og:image:width\" content=\"2560\" \/>\n\t<meta property=\"og:image:height\" content=\"2560\" \/>\n\t<meta property=\"og:image:type\" content=\"image\/jpeg\" \/>\n<meta name=\"twitter:card\" content=\"summary_large_image\" \/>\n<script type=\"application\/ld+json\" class=\"yoast-schema-graph\">{\"@context\":\"https:\/\/schema.org\",\"@graph\":[{\"@type\":\"WebPage\",\"@id\":\"https:\/\/www.gintaresgeles.lt\/en\/puokste\/purple-and-white-tulips-bouquet\/\",\"url\":\"https:\/\/www.gintaresgeles.lt\/en\/puokste\/purple-and-white-tulips-bouquet\/\",\"name\":\"Purple and white tulips bouquet | Flowers delivery in Vilnius | Gintar\u0117sG\u0117l\u0117s\",\"isPartOf\":{\"@id\":\"https:\/\/www.gintaresgeles.lt\/en\/#website\"},\"primaryImageOfPage\":{\"@id\":\"https:\/\/www.gintaresgeles.lt\/en\/puokste\/purple-and-white-tulips-bouquet\/#primaryimage\"},\"image\":{\"@id\":\"https:\/\/www.gintaresgeles.lt\/en\/puokste\/purple-and-white-tulips-bouquet\/#primaryimage\"},\"thumbnailUrl\":\"https:\/\/www.gintaresgeles.lt\/wp-content\/uploads\/2018\/02\/baltu-ir-vioetiniu-tulpiu-puokste-geles-moterims-scaled.jpg\",\"datePublished\":\"2018-02-08T13:44:57+00:00\",\"dateModified\":\"2025-05-29T00:01:52+00:00\",\"description\":\"Are you looking for the right bouquet for a woman on a special occasion? In this case, the bouquet of violet and white tulips will look just flawless. Surprise your woman or girlfriend with a brightly colored tulips and send it to any place In Vilnius.\",\"breadcrumb\":{\"@id\":\"https:\/\/www.gintaresgeles.lt\/en\/puokste\/purple-and-white-tulips-bouquet\/#breadcrumb\"},\"inLanguage\":\"en-US\",\"potentialAction\":[{\"@type\":\"ReadAction\",\"target\":[\"https:\/\/www.gintaresgeles.lt\/en\/puokste\/purple-and-white-tulips-bouquet\/\"]}]},{\"@type\":\"ImageObject\",\"inLanguage\":\"en-US\",\"@id\":\"https:\/\/www.gintaresgeles.lt\/en\/puokste\/purple-and-white-tulips-bouquet\/#primaryimage\",\"url\":\"https:\/\/www.gintaresgeles.lt\/wp-content\/uploads\/2018\/02\/baltu-ir-vioetiniu-tulpiu-puokste-geles-moterims-scaled.jpg\",\"contentUrl\":\"https:\/\/www.gintaresgeles.lt\/wp-content\/uploads\/2018\/02\/baltu-ir-vioetiniu-tulpiu-puokste-geles-moterims-scaled.jpg\",\"width\":2560,\"height\":2560,\"caption\":\"Tulpi\u0173 puok\u0161t\u0117 violetin\u012f\"},{\"@type\":\"BreadcrumbList\",\"@id\":\"https:\/\/www.gintaresgeles.lt\/en\/puokste\/purple-and-white-tulips-bouquet\/#breadcrumb\",\"itemListElement\":[{\"@type\":\"ListItem\",\"position\":1,\"name\":\"Prad\u017eia\",\"item\":\"https:\/\/www.gintaresgeles.lt\/en\/\"},{\"@type\":\"ListItem\",\"position\":2,\"name\":\"All flowers and other products\",\"item\":\"https:\/\/www.gintaresgeles.lt\/en\/all-flowers-and-other-products\/\"},{\"@type\":\"ListItem\",\"position\":3,\"name\":\"Purple and white tulips bouquet\"}]},{\"@type\":\"WebSite\",\"@id\":\"https:\/\/www.gintaresgeles.lt\/en\/#website\",\"url\":\"https:\/\/www.gintaresgeles.lt\/en\/\",\"name\":\"Gintares Geles\",\"description\":\"Flower delivery in Vilnius | Same-day delivery | Gintares geles\",\"potentialAction\":[{\"@type\":\"SearchAction\",\"target\":{\"@type\":\"EntryPoint\",\"urlTemplate\":\"https:\/\/www.gintaresgeles.lt\/en\/?s={search_term_string}\"},\"query-input\":{\"@type\":\"PropertyValueSpecification\",\"valueRequired\":true,\"valueName\":\"search_term_string\"}}],\"inLanguage\":\"en-US\"}]}<\/script>\n<!-- \/ Yoast SEO plugin. -->","yoast_head_json":{"title":"Purple and white tulips bouquet | Flowers delivery in Vilnius | Gintar\u0117sG\u0117l\u0117s","description":"Are you looking for the right bouquet for a woman on a special occasion? In this case, the bouquet of violet and white tulips will look just flawless. Surprise your woman or girlfriend with a brightly colored tulips and send it to any place In Vilnius.","robots":{"index":"index","follow":"follow","max-snippet":"max-snippet:-1","max-image-preview":"max-image-preview:large","max-video-preview":"max-video-preview:-1"},"canonical":"https:\/\/www.gintaresgeles.lt\/en\/puokste\/purple-and-white-tulips-bouquet\/","og_locale":"en_US","og_type":"article","og_title":"Purple and white tulips bouquet | Flowers delivery in Vilnius | Gintar\u0117sG\u0117l\u0117s","og_description":"Are you looking for the right bouquet for a woman on a special occasion? In this case, the bouquet of violet and white tulips will look just flawless. Surprise your woman or girlfriend with a brightly colored tulips and send it to any place In Vilnius.","og_url":"https:\/\/www.gintaresgeles.lt\/en\/puokste\/purple-and-white-tulips-bouquet\/","og_site_name":"gintaresgeles.lt","article_modified_time":"2025-05-29T00:01:52+00:00","og_image":[{"width":2560,"height":2560,"url":"https:\/\/www.gintaresgeles.lt\/wp-content\/uploads\/2018\/02\/baltu-ir-vioetiniu-tulpiu-puokste-geles-moterims-scaled.jpg","type":"image\/jpeg"}],"twitter_card":"summary_large_image","schema":{"@context":"https:\/\/schema.org","@graph":[{"@type":"WebPage","@id":"https:\/\/www.gintaresgeles.lt\/en\/puokste\/purple-and-white-tulips-bouquet\/","url":"https:\/\/www.gintaresgeles.lt\/en\/puokste\/purple-and-white-tulips-bouquet\/","name":"Purple and white tulips bouquet | Flowers delivery in Vilnius | Gintar\u0117sG\u0117l\u0117s","isPartOf":{"@id":"https:\/\/www.gintaresgeles.lt\/en\/#website"},"primaryImageOfPage":{"@id":"https:\/\/www.gintaresgeles.lt\/en\/puokste\/purple-and-white-tulips-bouquet\/#primaryimage"},"image":{"@id":"https:\/\/www.gintaresgeles.lt\/en\/puokste\/purple-and-white-tulips-bouquet\/#primaryimage"},"thumbnailUrl":"https:\/\/www.gintaresgeles.lt\/wp-content\/uploads\/2018\/02\/baltu-ir-vioetiniu-tulpiu-puokste-geles-moterims-scaled.jpg","datePublished":"2018-02-08T13:44:57+00:00","dateModified":"2025-05-29T00:01:52+00:00","description":"Are you looking for the right bouquet for a woman on a special occasion? In this case, the bouquet of violet and white tulips will look just flawless. Surprise your woman or girlfriend with a brightly colored tulips and send it to any place In Vilnius.","breadcrumb":{"@id":"https:\/\/www.gintaresgeles.lt\/en\/puokste\/purple-and-white-tulips-bouquet\/#breadcrumb"},"inLanguage":"en-US","potentialAction":[{"@type":"ReadAction","target":["https:\/\/www.gintaresgeles.lt\/en\/puokste\/purple-and-white-tulips-bouquet\/"]}]},{"@type":"ImageObject","inLanguage":"en-US","@id":"https:\/\/www.gintaresgeles.lt\/en\/puokste\/purple-and-white-tulips-bouquet\/#primaryimage","url":"https:\/\/www.gintaresgeles.lt\/wp-content\/uploads\/2018\/02\/baltu-ir-vioetiniu-tulpiu-puokste-geles-moterims-scaled.jpg","contentUrl":"https:\/\/www.gintaresgeles.lt\/wp-content\/uploads\/2018\/02\/baltu-ir-vioetiniu-tulpiu-puokste-geles-moterims-scaled.jpg","width":2560,"height":2560,"caption":"Tulpi\u0173 puok\u0161t\u0117 violetin\u012f"},{"@type":"BreadcrumbList","@id":"https:\/\/www.gintaresgeles.lt\/en\/puokste\/purple-and-white-tulips-bouquet\/#breadcrumb","itemListElement":[{"@type":"ListItem","position":1,"name":"Prad\u017eia","item":"https:\/\/www.gintaresgeles.lt\/en\/"},{"@type":"ListItem","position":2,"name":"All flowers and other products","item":"https:\/\/www.gintaresgeles.lt\/en\/all-flowers-and-other-products\/"},{"@type":"ListItem","position":3,"name":"Purple and white tulips bouquet"}]},{"@type":"WebSite","@id":"https:\/\/www.gintaresgeles.lt\/en\/#website","url":"https:\/\/www.gintaresgeles.lt\/en\/","name":"Gintares Geles","description":"Flower delivery in Vilnius | Same-day delivery | Gintares geles","potentialAction":[{"@type":"SearchAction","target":{"@type":"EntryPoint","urlTemplate":"https:\/\/www.gintaresgeles.lt\/en\/?s={search_term_string}"},"query-input":{"@type":"PropertyValueSpecification","valueRequired":true,"valueName":"search_term_string"}}],"inLanguage":"en-US"}]}},"_links":{"self":[{"href":"https:\/\/www.gintaresgeles.lt\/en\/wp-json\/wp\/v2\/product\/18581","targetHints":{"allow":["GET"]}}],"collection":[{"href":"https:\/\/www.gintaresgeles.lt\/en\/wp-json\/wp\/v2\/product"}],"about":[{"href":"https:\/\/www.gintaresgeles.lt\/en\/wp-json\/wp\/v2\/types\/product"}],"wp:featuredmedia":[{"embeddable":true,"href":"https:\/\/www.gintaresgeles.lt\/en\/wp-json\/wp\/v2\/media\/39280"}],"wp:attachment":[{"href":"https:\/\/www.gintaresgeles.lt\/en\/wp-json\/wp\/v2\/media?parent=18581"}],"wp:term":[{"taxonomy":"product_brand","embeddable":true,"href":"https:\/\/www.gintaresgeles.lt\/en\/wp-json\/wp\/v2\/product_brand?post=18581"},{"taxonomy":"product_cat","embeddable":true,"href":"https:\/\/www.gintaresgeles.lt\/en\/wp-json\/wp\/v2\/product_cat?post=18581"},{"taxonomy":"product_tag","embeddable":true,"href":"https:\/\/www.gintaresgeles.lt\/en\/wp-json\/wp\/v2\/product_tag?post=18581"}],"curies":[{"name":"wp","href":"https:\/\/api.w.org\/{rel}","templated":true}]}}