{"id":18694,"date":"2016-09-28T07:22:20","date_gmt":"2016-09-28T07:22:20","guid":{"rendered":"https:\/\/www.gintaresgeles.lt\/?post_type=product&#038;p=18694"},"modified":"2025-11-16T14:03:57","modified_gmt":"2025-11-16T12:03:57","slug":"white-roses-bouquet","status":"publish","type":"product","link":"https:\/\/www.gintaresgeles.lt\/en\/puokste\/white-roses-bouquet\/","title":{"rendered":"White roses bouquet"},"content":{"rendered":"<p style=\"text-align: justify;\">White roses &#8211; an universal gift that will be good for a lot of different occasions. This is due to the symbols of the white roses that are favorable to them &#8211; they symbolize purity, mystery and respect, and therefore there aren&#8217;t any occasions in which this would be an inappropriate gift. So please your close friend with these meaningful and elegant flowers! The choice of medium or long roses will increase the effect of your present.<\/p>\n","protected":false},"excerpt":{"rendered":"<p style=\"text-align: justify;\">White as snow, bouquet of roses is a great gift for everyone! It has been known since ancient times that white roses symbolize purity, innocence, mystery and respect. This bouquet will undoubtedly appeal to all type of people romantic, luxurious and elegant people! Cheer up your close person with classic flowers! This bouquet will undoubtedly appeal to both romantic and luxurious people! The bouquet consists of the number of white roses you choose. The bouquet is tied with a satin ribbon.<\/p>\n","protected":false},"featured_media":46191,"template":"","meta":[],"product_brand":[],"product_cat":[261,260,259,252,266,265,256,258,253,257,428,262,263,264,908,1807,268,1966,238],"product_tag":[],"class_list":{"0":"post-18694","1":"product","2":"type-product","3":"status-publish","4":"has-post-thumbnail","6":"product_cat-birthday-bouquets","7":"product_cat-birthday-flowers","8":"product_cat-flowers-by-occasion","9":"product_cat-flowers-by-recipient","10":"product_cat-flowers-by-style","11":"product_cat-flowers-by-type","12":"product_cat-flowers-for-girlfriend","13":"product_cat-flowers-for-men","14":"product_cat-flowers-for-mom","15":"product_cat-flowers-for-women","16":"product_cat-jubilee-flowers","17":"product_cat-march8th-flowers","18":"product_cat-mothers-day-flowers","19":"product_cat-valentines-day-flowers","20":"product_cat-white-roses","21":"product_cat-101-rose","22":"product_cat-flower-bouquets","23":"product_cat-flowers-wrapped-in-paper","24":"product_cat-roses","25":"tm-has-options","27":"first","28":"instock","29":"featured","30":"taxable","31":"shipping-taxable","32":"purchasable","33":"product-type-variable","34":"has-default-attributes"},"yoast_head":"<!-- This site is optimized with the Yoast SEO plugin v25.3 - https:\/\/yoast.com\/wordpress\/plugins\/seo\/ -->\n<title>White roses bouquet | Love, purity and respect | Gintar\u0117sG\u0117l\u0117s<\/title>\n<meta name=\"description\" content=\"White Roses - a symbol of respect and purity, so the bouquet will reveal these feelings. Classic and at the same time luxurious roses will always be best shot. By giving these roses you can express love and especially white roses is good to apologize. Order online.\" \/>\n<meta name=\"robots\" content=\"index, follow, max-snippet:-1, max-image-preview:large, max-video-preview:-1\" \/>\n<link rel=\"canonical\" href=\"https:\/\/www.gintaresgeles.lt\/en\/puokste\/white-roses-bouquet\/\" \/>\n<meta property=\"og:locale\" content=\"en_US\" \/>\n<meta property=\"og:type\" content=\"article\" \/>\n<meta property=\"og:title\" content=\"White roses bouquet | Love, purity and respect | Gintar\u0117sG\u0117l\u0117s\" \/>\n<meta property=\"og:description\" content=\"White Roses - a symbol of respect and purity, so the bouquet will reveal these feelings. Classic and at the same time luxurious roses will always be best shot. By giving these roses you can express love and especially white roses is good to apologize. Order online.\" \/>\n<meta property=\"og:url\" content=\"https:\/\/www.gintaresgeles.lt\/en\/puokste\/white-roses-bouquet\/\" \/>\n<meta property=\"og:site_name\" content=\"gintaresgeles.lt\" \/>\n<meta property=\"article:modified_time\" content=\"2025-11-16T12:03:57+00:00\" \/>\n<meta property=\"og:image\" content=\"https:\/\/www.gintaresgeles.lt\/wp-content\/uploads\/2016\/09\/baltos-rozes-puoksteje-gimtadienio-geles.jpg\" \/>\n\t<meta property=\"og:image:width\" content=\"1200\" \/>\n\t<meta property=\"og:image:height\" content=\"1200\" \/>\n\t<meta property=\"og:image:type\" content=\"image\/jpeg\" \/>\n<meta name=\"twitter:card\" content=\"summary_large_image\" \/>\n<script type=\"application\/ld+json\" class=\"yoast-schema-graph\">{\"@context\":\"https:\/\/schema.org\",\"@graph\":[{\"@type\":\"WebPage\",\"@id\":\"https:\/\/www.gintaresgeles.lt\/en\/puokste\/white-roses-bouquet\/\",\"url\":\"https:\/\/www.gintaresgeles.lt\/en\/puokste\/white-roses-bouquet\/\",\"name\":\"White roses bouquet | Love, purity and respect | Gintar\u0117sG\u0117l\u0117s\",\"isPartOf\":{\"@id\":\"https:\/\/www.gintaresgeles.lt\/en\/#website\"},\"primaryImageOfPage\":{\"@id\":\"https:\/\/www.gintaresgeles.lt\/en\/puokste\/white-roses-bouquet\/#primaryimage\"},\"image\":{\"@id\":\"https:\/\/www.gintaresgeles.lt\/en\/puokste\/white-roses-bouquet\/#primaryimage\"},\"thumbnailUrl\":\"https:\/\/www.gintaresgeles.lt\/wp-content\/uploads\/2016\/09\/baltos-rozes-puoksteje-gimtadienio-geles.jpg\",\"datePublished\":\"2016-09-28T07:22:20+00:00\",\"dateModified\":\"2025-11-16T12:03:57+00:00\",\"description\":\"White Roses - a symbol of respect and purity, so the bouquet will reveal these feelings. Classic and at the same time luxurious roses will always be best shot. By giving these roses you can express love and especially white roses is good to apologize. Order online.\",\"breadcrumb\":{\"@id\":\"https:\/\/www.gintaresgeles.lt\/en\/puokste\/white-roses-bouquet\/#breadcrumb\"},\"inLanguage\":\"en-US\",\"potentialAction\":[{\"@type\":\"ReadAction\",\"target\":[\"https:\/\/www.gintaresgeles.lt\/en\/puokste\/white-roses-bouquet\/\"]}]},{\"@type\":\"ImageObject\",\"inLanguage\":\"en-US\",\"@id\":\"https:\/\/www.gintaresgeles.lt\/en\/puokste\/white-roses-bouquet\/#primaryimage\",\"url\":\"https:\/\/www.gintaresgeles.lt\/wp-content\/uploads\/2016\/09\/baltos-rozes-puoksteje-gimtadienio-geles.jpg\",\"contentUrl\":\"https:\/\/www.gintaresgeles.lt\/wp-content\/uploads\/2016\/09\/baltos-rozes-puoksteje-gimtadienio-geles.jpg\",\"width\":1200,\"height\":1200,\"caption\":\"Balt\u0173 ro\u017ei\u0173 puok\u0161t\u0117 popieriuje\"},{\"@type\":\"BreadcrumbList\",\"@id\":\"https:\/\/www.gintaresgeles.lt\/en\/puokste\/white-roses-bouquet\/#breadcrumb\",\"itemListElement\":[{\"@type\":\"ListItem\",\"position\":1,\"name\":\"Prad\u017eia\",\"item\":\"https:\/\/www.gintaresgeles.lt\/en\/\"},{\"@type\":\"ListItem\",\"position\":2,\"name\":\"All flowers and other products\",\"item\":\"https:\/\/www.gintaresgeles.lt\/en\/all-flowers-and-other-products\/\"},{\"@type\":\"ListItem\",\"position\":3,\"name\":\"White roses bouquet\"}]},{\"@type\":\"WebSite\",\"@id\":\"https:\/\/www.gintaresgeles.lt\/en\/#website\",\"url\":\"https:\/\/www.gintaresgeles.lt\/en\/\",\"name\":\"gintaresgeles.lt\",\"description\":\"G\u0117li\u0173 parduotuv\u0117 internete\",\"potentialAction\":[{\"@type\":\"SearchAction\",\"target\":{\"@type\":\"EntryPoint\",\"urlTemplate\":\"https:\/\/www.gintaresgeles.lt\/en\/?s={search_term_string}\"},\"query-input\":{\"@type\":\"PropertyValueSpecification\",\"valueRequired\":true,\"valueName\":\"search_term_string\"}}],\"inLanguage\":\"en-US\"}]}<\/script>\n<!-- \/ Yoast SEO plugin. -->","yoast_head_json":{"title":"White roses bouquet | Love, purity and respect | Gintar\u0117sG\u0117l\u0117s","description":"White Roses - a symbol of respect and purity, so the bouquet will reveal these feelings. Classic and at the same time luxurious roses will always be best shot. By giving these roses you can express love and especially white roses is good to apologize. Order online.","robots":{"index":"index","follow":"follow","max-snippet":"max-snippet:-1","max-image-preview":"max-image-preview:large","max-video-preview":"max-video-preview:-1"},"canonical":"https:\/\/www.gintaresgeles.lt\/en\/puokste\/white-roses-bouquet\/","og_locale":"en_US","og_type":"article","og_title":"White roses bouquet | Love, purity and respect | Gintar\u0117sG\u0117l\u0117s","og_description":"White Roses - a symbol of respect and purity, so the bouquet will reveal these feelings. Classic and at the same time luxurious roses will always be best shot. By giving these roses you can express love and especially white roses is good to apologize. Order online.","og_url":"https:\/\/www.gintaresgeles.lt\/en\/puokste\/white-roses-bouquet\/","og_site_name":"gintaresgeles.lt","article_modified_time":"2025-11-16T12:03:57+00:00","og_image":[{"width":1200,"height":1200,"url":"https:\/\/www.gintaresgeles.lt\/wp-content\/uploads\/2016\/09\/baltos-rozes-puoksteje-gimtadienio-geles.jpg","type":"image\/jpeg"}],"twitter_card":"summary_large_image","schema":{"@context":"https:\/\/schema.org","@graph":[{"@type":"WebPage","@id":"https:\/\/www.gintaresgeles.lt\/en\/puokste\/white-roses-bouquet\/","url":"https:\/\/www.gintaresgeles.lt\/en\/puokste\/white-roses-bouquet\/","name":"White roses bouquet | Love, purity and respect | Gintar\u0117sG\u0117l\u0117s","isPartOf":{"@id":"https:\/\/www.gintaresgeles.lt\/en\/#website"},"primaryImageOfPage":{"@id":"https:\/\/www.gintaresgeles.lt\/en\/puokste\/white-roses-bouquet\/#primaryimage"},"image":{"@id":"https:\/\/www.gintaresgeles.lt\/en\/puokste\/white-roses-bouquet\/#primaryimage"},"thumbnailUrl":"https:\/\/www.gintaresgeles.lt\/wp-content\/uploads\/2016\/09\/baltos-rozes-puoksteje-gimtadienio-geles.jpg","datePublished":"2016-09-28T07:22:20+00:00","dateModified":"2025-11-16T12:03:57+00:00","description":"White Roses - a symbol of respect and purity, so the bouquet will reveal these feelings. Classic and at the same time luxurious roses will always be best shot. By giving these roses you can express love and especially white roses is good to apologize. Order online.","breadcrumb":{"@id":"https:\/\/www.gintaresgeles.lt\/en\/puokste\/white-roses-bouquet\/#breadcrumb"},"inLanguage":"en-US","potentialAction":[{"@type":"ReadAction","target":["https:\/\/www.gintaresgeles.lt\/en\/puokste\/white-roses-bouquet\/"]}]},{"@type":"ImageObject","inLanguage":"en-US","@id":"https:\/\/www.gintaresgeles.lt\/en\/puokste\/white-roses-bouquet\/#primaryimage","url":"https:\/\/www.gintaresgeles.lt\/wp-content\/uploads\/2016\/09\/baltos-rozes-puoksteje-gimtadienio-geles.jpg","contentUrl":"https:\/\/www.gintaresgeles.lt\/wp-content\/uploads\/2016\/09\/baltos-rozes-puoksteje-gimtadienio-geles.jpg","width":1200,"height":1200,"caption":"Balt\u0173 ro\u017ei\u0173 puok\u0161t\u0117 popieriuje"},{"@type":"BreadcrumbList","@id":"https:\/\/www.gintaresgeles.lt\/en\/puokste\/white-roses-bouquet\/#breadcrumb","itemListElement":[{"@type":"ListItem","position":1,"name":"Prad\u017eia","item":"https:\/\/www.gintaresgeles.lt\/en\/"},{"@type":"ListItem","position":2,"name":"All flowers and other products","item":"https:\/\/www.gintaresgeles.lt\/en\/all-flowers-and-other-products\/"},{"@type":"ListItem","position":3,"name":"White roses bouquet"}]},{"@type":"WebSite","@id":"https:\/\/www.gintaresgeles.lt\/en\/#website","url":"https:\/\/www.gintaresgeles.lt\/en\/","name":"gintaresgeles.lt","description":"G\u0117li\u0173 parduotuv\u0117 internete","potentialAction":[{"@type":"SearchAction","target":{"@type":"EntryPoint","urlTemplate":"https:\/\/www.gintaresgeles.lt\/en\/?s={search_term_string}"},"query-input":{"@type":"PropertyValueSpecification","valueRequired":true,"valueName":"search_term_string"}}],"inLanguage":"en-US"}]}},"_links":{"self":[{"href":"https:\/\/www.gintaresgeles.lt\/en\/wp-json\/wp\/v2\/product\/18694","targetHints":{"allow":["GET"]}}],"collection":[{"href":"https:\/\/www.gintaresgeles.lt\/en\/wp-json\/wp\/v2\/product"}],"about":[{"href":"https:\/\/www.gintaresgeles.lt\/en\/wp-json\/wp\/v2\/types\/product"}],"wp:featuredmedia":[{"embeddable":true,"href":"https:\/\/www.gintaresgeles.lt\/en\/wp-json\/wp\/v2\/media\/46191"}],"wp:attachment":[{"href":"https:\/\/www.gintaresgeles.lt\/en\/wp-json\/wp\/v2\/media?parent=18694"}],"wp:term":[{"taxonomy":"product_brand","embeddable":true,"href":"https:\/\/www.gintaresgeles.lt\/en\/wp-json\/wp\/v2\/product_brand?post=18694"},{"taxonomy":"product_cat","embeddable":true,"href":"https:\/\/www.gintaresgeles.lt\/en\/wp-json\/wp\/v2\/product_cat?post=18694"},{"taxonomy":"product_tag","embeddable":true,"href":"https:\/\/www.gintaresgeles.lt\/en\/wp-json\/wp\/v2\/product_tag?post=18694"}],"curies":[{"name":"wp","href":"https:\/\/api.w.org\/{rel}","templated":true}]}}