{"id":18997,"date":"2018-07-03T07:34:12","date_gmt":"2018-07-03T09:34:12","guid":{"rendered":"https:\/\/www.gintaresgeles.lt\/?post_type=product&#038;p=18997"},"modified":"2026-02-11T20:11:51","modified_gmt":"2026-02-11T18:11:51","slug":"white-rose-and-alstroemeria-box","status":"publish","type":"product","link":"https:\/\/www.gintaresgeles.lt\/en\/puokste\/white-rose-and-alstroemeria-box\/","title":{"rendered":"White Roses and Alstroemeria Box"},"content":{"rendered":"<p>Send the sincerest greetings and congratulations to your friends or family together with this wonderful box of white roses and lovely alstroemerias. These flowers will look luxurious, elegant, and joyful. The color of alstroemerias is chosen according to the flowers we have when the order is placed. We are always trying to combine the right colors of flowers and the box in order to get the most impeccable composition.<\/p>\n","protected":false},"excerpt":{"rendered":"<p>Send this elegant-looking flower box to someone you want to surprise on any occasion. We can deliver it to their office, home, or the party.<\/p>\n<p><strong>You may choose from several box sizes:<\/strong><\/p>\n<p>Medium-sized box contains 7 roses and 6 alstroemerias,<\/p>\n<p>Large box contains 10 roses and 9 alstroemerias.<\/p>\n<p style=\"text-align: left;\"><em><strong><span class=\"HwtZe\" lang=\"en\"><span class=\"jCAhz ChMk0b C1N51c\"><span class=\"ryNqvb\">Alstroemeria<\/span><\/span><\/span> colors are chosen from those we have on sale at the time, if you want a specific color contact us.<\/strong><\/em><\/p>\n","protected":false},"featured_media":40136,"template":"","meta":[],"product_brand":[],"product_cat":[260,259,252,266,265,256,253,257,428,263,650,264,908,240,267,238],"product_tag":[],"class_list":{"0":"post-18997","1":"product","2":"type-product","3":"status-publish","4":"has-post-thumbnail","6":"product_cat-birthday-flowers","7":"product_cat-flowers-by-occasion","8":"product_cat-flowers-by-recipient","9":"product_cat-flowers-by-style","10":"product_cat-flowers-by-type","11":"product_cat-flowers-for-girlfriend","12":"product_cat-flowers-for-mom","13":"product_cat-flowers-for-women","14":"product_cat-jubilee-flowers","15":"product_cat-mothers-day-flowers","16":"product_cat-roses-in-a-box","17":"product_cat-valentines-day-flowers","18":"product_cat-white-roses","19":"product_cat-alstroemerias","20":"product_cat-flower-boxes","21":"product_cat-roses","22":"tm-no-options","24":"first","25":"instock","26":"taxable","27":"shipping-taxable","28":"purchasable","29":"product-type-variable","30":"has-default-attributes"},"yoast_head":"<!-- This site is optimized with the Yoast SEO plugin v25.3 - https:\/\/yoast.com\/wordpress\/plugins\/seo\/ -->\n<title>White roses and alstroemeria box | Flower delivery | Gintar\u0117sG\u0117l\u0117s<\/title>\n<meta name=\"description\" content=\"Looking for flower bouquets that are suitable for sending to the office? Or maybe you want to send flowers directly to the party of precious people? The flower box is the most appropriate choice. Order online and surprise your loved one.\" \/>\n<meta name=\"robots\" content=\"index, follow, max-snippet:-1, max-image-preview:large, max-video-preview:-1\" \/>\n<link rel=\"canonical\" href=\"https:\/\/www.gintaresgeles.lt\/en\/puokste\/white-rose-and-alstroemeria-box\/\" \/>\n<meta property=\"og:locale\" content=\"en_US\" \/>\n<meta property=\"og:type\" content=\"article\" \/>\n<meta property=\"og:title\" content=\"White roses and alstroemeria box | Flower delivery | Gintar\u0117sG\u0117l\u0117s\" \/>\n<meta property=\"og:description\" content=\"Looking for flower bouquets that are suitable for sending to the office? Or maybe you want to send flowers directly to the party of precious people? The flower box is the most appropriate choice. Order online and surprise your loved one.\" \/>\n<meta property=\"og:url\" content=\"https:\/\/www.gintaresgeles.lt\/en\/puokste\/white-rose-and-alstroemeria-box\/\" \/>\n<meta property=\"og:site_name\" content=\"gintaresgeles.lt\" \/>\n<meta property=\"article:modified_time\" content=\"2026-02-11T18:11:51+00:00\" \/>\n<meta property=\"og:image\" content=\"https:\/\/www.gintaresgeles.lt\/wp-content\/uploads\/2018\/07\/baltos-rozes-ir-alstromerijos-dezuteje.jpg\" \/>\n\t<meta property=\"og:image:width\" content=\"1000\" \/>\n\t<meta property=\"og:image:height\" content=\"1000\" \/>\n\t<meta property=\"og:image:type\" content=\"image\/jpeg\" \/>\n<meta name=\"twitter:card\" content=\"summary_large_image\" \/>\n<script type=\"application\/ld+json\" class=\"yoast-schema-graph\">{\"@context\":\"https:\/\/schema.org\",\"@graph\":[{\"@type\":\"WebPage\",\"@id\":\"https:\/\/www.gintaresgeles.lt\/en\/puokste\/white-rose-and-alstroemeria-box\/\",\"url\":\"https:\/\/www.gintaresgeles.lt\/en\/puokste\/white-rose-and-alstroemeria-box\/\",\"name\":\"White roses and alstroemeria box | Flower delivery | Gintar\u0117sG\u0117l\u0117s\",\"isPartOf\":{\"@id\":\"https:\/\/www.gintaresgeles.lt\/en\/#website\"},\"primaryImageOfPage\":{\"@id\":\"https:\/\/www.gintaresgeles.lt\/en\/puokste\/white-rose-and-alstroemeria-box\/#primaryimage\"},\"image\":{\"@id\":\"https:\/\/www.gintaresgeles.lt\/en\/puokste\/white-rose-and-alstroemeria-box\/#primaryimage\"},\"thumbnailUrl\":\"https:\/\/www.gintaresgeles.lt\/wp-content\/uploads\/2018\/07\/baltos-rozes-ir-alstromerijos-dezuteje.jpg\",\"datePublished\":\"2018-07-03T09:34:12+00:00\",\"dateModified\":\"2026-02-11T18:11:51+00:00\",\"description\":\"Looking for flower bouquets that are suitable for sending to the office? Or maybe you want to send flowers directly to the party of precious people? The flower box is the most appropriate choice. Order online and surprise your loved one.\",\"breadcrumb\":{\"@id\":\"https:\/\/www.gintaresgeles.lt\/en\/puokste\/white-rose-and-alstroemeria-box\/#breadcrumb\"},\"inLanguage\":\"en-US\",\"potentialAction\":[{\"@type\":\"ReadAction\",\"target\":[\"https:\/\/www.gintaresgeles.lt\/en\/puokste\/white-rose-and-alstroemeria-box\/\"]}]},{\"@type\":\"ImageObject\",\"inLanguage\":\"en-US\",\"@id\":\"https:\/\/www.gintaresgeles.lt\/en\/puokste\/white-rose-and-alstroemeria-box\/#primaryimage\",\"url\":\"https:\/\/www.gintaresgeles.lt\/wp-content\/uploads\/2018\/07\/baltos-rozes-ir-alstromerijos-dezuteje.jpg\",\"contentUrl\":\"https:\/\/www.gintaresgeles.lt\/wp-content\/uploads\/2018\/07\/baltos-rozes-ir-alstromerijos-dezuteje.jpg\",\"width\":1000,\"height\":1000,\"caption\":\"Spalvot\u0173 alstromerij\u0173 ir balt\u0173 ro\u017ei\u0173 d\u0117\u017eut\u0117 g\u0117l\u0117s moterims\"},{\"@type\":\"BreadcrumbList\",\"@id\":\"https:\/\/www.gintaresgeles.lt\/en\/puokste\/white-rose-and-alstroemeria-box\/#breadcrumb\",\"itemListElement\":[{\"@type\":\"ListItem\",\"position\":1,\"name\":\"Prad\u017eia\",\"item\":\"https:\/\/www.gintaresgeles.lt\/en\/\"},{\"@type\":\"ListItem\",\"position\":2,\"name\":\"All flowers and other products\",\"item\":\"https:\/\/www.gintaresgeles.lt\/en\/all-flowers-and-other-products\/\"},{\"@type\":\"ListItem\",\"position\":3,\"name\":\"White Roses and Alstroemeria Box\"}]},{\"@type\":\"WebSite\",\"@id\":\"https:\/\/www.gintaresgeles.lt\/en\/#website\",\"url\":\"https:\/\/www.gintaresgeles.lt\/en\/\",\"name\":\"gintaresgeles.lt\",\"description\":\"G\u0117li\u0173 parduotuv\u0117 internete\",\"potentialAction\":[{\"@type\":\"SearchAction\",\"target\":{\"@type\":\"EntryPoint\",\"urlTemplate\":\"https:\/\/www.gintaresgeles.lt\/en\/?s={search_term_string}\"},\"query-input\":{\"@type\":\"PropertyValueSpecification\",\"valueRequired\":true,\"valueName\":\"search_term_string\"}}],\"inLanguage\":\"en-US\"}]}<\/script>\n<!-- \/ Yoast SEO plugin. -->","yoast_head_json":{"title":"White roses and alstroemeria box | Flower delivery | Gintar\u0117sG\u0117l\u0117s","description":"Looking for flower bouquets that are suitable for sending to the office? Or maybe you want to send flowers directly to the party of precious people? The flower box is the most appropriate choice. Order online and surprise your loved one.","robots":{"index":"index","follow":"follow","max-snippet":"max-snippet:-1","max-image-preview":"max-image-preview:large","max-video-preview":"max-video-preview:-1"},"canonical":"https:\/\/www.gintaresgeles.lt\/en\/puokste\/white-rose-and-alstroemeria-box\/","og_locale":"en_US","og_type":"article","og_title":"White roses and alstroemeria box | Flower delivery | Gintar\u0117sG\u0117l\u0117s","og_description":"Looking for flower bouquets that are suitable for sending to the office? Or maybe you want to send flowers directly to the party of precious people? The flower box is the most appropriate choice. Order online and surprise your loved one.","og_url":"https:\/\/www.gintaresgeles.lt\/en\/puokste\/white-rose-and-alstroemeria-box\/","og_site_name":"gintaresgeles.lt","article_modified_time":"2026-02-11T18:11:51+00:00","og_image":[{"width":1000,"height":1000,"url":"https:\/\/www.gintaresgeles.lt\/wp-content\/uploads\/2018\/07\/baltos-rozes-ir-alstromerijos-dezuteje.jpg","type":"image\/jpeg"}],"twitter_card":"summary_large_image","schema":{"@context":"https:\/\/schema.org","@graph":[{"@type":"WebPage","@id":"https:\/\/www.gintaresgeles.lt\/en\/puokste\/white-rose-and-alstroemeria-box\/","url":"https:\/\/www.gintaresgeles.lt\/en\/puokste\/white-rose-and-alstroemeria-box\/","name":"White roses and alstroemeria box | Flower delivery | Gintar\u0117sG\u0117l\u0117s","isPartOf":{"@id":"https:\/\/www.gintaresgeles.lt\/en\/#website"},"primaryImageOfPage":{"@id":"https:\/\/www.gintaresgeles.lt\/en\/puokste\/white-rose-and-alstroemeria-box\/#primaryimage"},"image":{"@id":"https:\/\/www.gintaresgeles.lt\/en\/puokste\/white-rose-and-alstroemeria-box\/#primaryimage"},"thumbnailUrl":"https:\/\/www.gintaresgeles.lt\/wp-content\/uploads\/2018\/07\/baltos-rozes-ir-alstromerijos-dezuteje.jpg","datePublished":"2018-07-03T09:34:12+00:00","dateModified":"2026-02-11T18:11:51+00:00","description":"Looking for flower bouquets that are suitable for sending to the office? Or maybe you want to send flowers directly to the party of precious people? The flower box is the most appropriate choice. Order online and surprise your loved one.","breadcrumb":{"@id":"https:\/\/www.gintaresgeles.lt\/en\/puokste\/white-rose-and-alstroemeria-box\/#breadcrumb"},"inLanguage":"en-US","potentialAction":[{"@type":"ReadAction","target":["https:\/\/www.gintaresgeles.lt\/en\/puokste\/white-rose-and-alstroemeria-box\/"]}]},{"@type":"ImageObject","inLanguage":"en-US","@id":"https:\/\/www.gintaresgeles.lt\/en\/puokste\/white-rose-and-alstroemeria-box\/#primaryimage","url":"https:\/\/www.gintaresgeles.lt\/wp-content\/uploads\/2018\/07\/baltos-rozes-ir-alstromerijos-dezuteje.jpg","contentUrl":"https:\/\/www.gintaresgeles.lt\/wp-content\/uploads\/2018\/07\/baltos-rozes-ir-alstromerijos-dezuteje.jpg","width":1000,"height":1000,"caption":"Spalvot\u0173 alstromerij\u0173 ir balt\u0173 ro\u017ei\u0173 d\u0117\u017eut\u0117 g\u0117l\u0117s moterims"},{"@type":"BreadcrumbList","@id":"https:\/\/www.gintaresgeles.lt\/en\/puokste\/white-rose-and-alstroemeria-box\/#breadcrumb","itemListElement":[{"@type":"ListItem","position":1,"name":"Prad\u017eia","item":"https:\/\/www.gintaresgeles.lt\/en\/"},{"@type":"ListItem","position":2,"name":"All flowers and other products","item":"https:\/\/www.gintaresgeles.lt\/en\/all-flowers-and-other-products\/"},{"@type":"ListItem","position":3,"name":"White Roses and Alstroemeria Box"}]},{"@type":"WebSite","@id":"https:\/\/www.gintaresgeles.lt\/en\/#website","url":"https:\/\/www.gintaresgeles.lt\/en\/","name":"gintaresgeles.lt","description":"G\u0117li\u0173 parduotuv\u0117 internete","potentialAction":[{"@type":"SearchAction","target":{"@type":"EntryPoint","urlTemplate":"https:\/\/www.gintaresgeles.lt\/en\/?s={search_term_string}"},"query-input":{"@type":"PropertyValueSpecification","valueRequired":true,"valueName":"search_term_string"}}],"inLanguage":"en-US"}]}},"_links":{"self":[{"href":"https:\/\/www.gintaresgeles.lt\/en\/wp-json\/wp\/v2\/product\/18997","targetHints":{"allow":["GET"]}}],"collection":[{"href":"https:\/\/www.gintaresgeles.lt\/en\/wp-json\/wp\/v2\/product"}],"about":[{"href":"https:\/\/www.gintaresgeles.lt\/en\/wp-json\/wp\/v2\/types\/product"}],"wp:featuredmedia":[{"embeddable":true,"href":"https:\/\/www.gintaresgeles.lt\/en\/wp-json\/wp\/v2\/media\/40136"}],"wp:attachment":[{"href":"https:\/\/www.gintaresgeles.lt\/en\/wp-json\/wp\/v2\/media?parent=18997"}],"wp:term":[{"taxonomy":"product_brand","embeddable":true,"href":"https:\/\/www.gintaresgeles.lt\/en\/wp-json\/wp\/v2\/product_brand?post=18997"},{"taxonomy":"product_cat","embeddable":true,"href":"https:\/\/www.gintaresgeles.lt\/en\/wp-json\/wp\/v2\/product_cat?post=18997"},{"taxonomy":"product_tag","embeddable":true,"href":"https:\/\/www.gintaresgeles.lt\/en\/wp-json\/wp\/v2\/product_tag?post=18997"}],"curies":[{"name":"wp","href":"https:\/\/api.w.org\/{rel}","templated":true}]}}