{"id":19022,"date":"2018-06-26T06:53:03","date_gmt":"2018-07-04T11:05:43","guid":{"rendered":"https:\/\/www.gintaresgeles.lt\/?post_type=product&#038;p=19022"},"modified":"2025-05-29T02:01:18","modified_gmt":"2025-05-29T00:01:18","slug":"white-blossom-box","status":"publish","type":"product","link":"https:\/\/www.gintaresgeles.lt\/en\/puokste\/white-blossom-box\/","title":{"rendered":"White blossom box"},"content":{"rendered":"<p>A wonderful box full of white blossoms is a perfect gift for any celebration. White blossom box consists of various white flowers such as roses, carnations, hydrangeas, alstroemerias, or others. Flower types are chosen according to the season, however, the composition will always look impeccably, nonetheless. We also match the color of the box (it may vary) and decorations (silky paper and satin ribbon).<\/p>\n","protected":false},"excerpt":{"rendered":"<p style=\"text-align: justify;\">This flower box is an ideal gift for weddings because the color white is dominating. The box can also become a romantic and very expressive gift to your significant other especially when you want to express the feeling of pure love and care. Choose the size of the box, and from that will depend the abundance of flowers.<\/p>\n<p style=\"text-align: right;\">\n","protected":false},"featured_media":53234,"template":"","meta":[],"product_brand":[],"product_cat":[260,259,252,266,265,256,253,257,1539,428,262,263,650,908,240,242,267,426,238],"product_tag":[],"class_list":{"0":"post-19022","1":"product","2":"type-product","3":"status-publish","4":"has-post-thumbnail","6":"product_cat-birthday-flowers","7":"product_cat-flowers-by-occasion","8":"product_cat-flowers-by-recipient","9":"product_cat-flowers-by-style","10":"product_cat-flowers-by-type","11":"product_cat-flowers-for-girlfriend","12":"product_cat-flowers-for-mom","13":"product_cat-flowers-for-women","14":"product_cat-flowers-of-mourning","15":"product_cat-jubilee-flowers","16":"product_cat-march8th-flowers","17":"product_cat-mothers-day-flowers","18":"product_cat-roses-in-a-box","19":"product_cat-white-roses","20":"product_cat-alstroemerias","21":"product_cat-eustomas","22":"product_cat-flower-boxes","23":"product_cat-freesias","24":"product_cat-roses","25":"tm-no-options","27":"first","28":"instock","29":"taxable","30":"shipping-taxable","31":"purchasable","32":"product-type-variable","33":"has-default-attributes"},"yoast_head":"<!-- This site is optimized with the Yoast SEO plugin v25.3 - https:\/\/yoast.com\/wordpress\/plugins\/seo\/ -->\n<title>White blossom box| Flower delivery | Gintar\u0117sG\u0117l\u0117s<\/title>\n<meta name=\"description\" content=\"Send a beautiful white flower box for a wedding feast, for a lovely couple, or a loved one on the birthday party. You just need to wish for it, and the white flower box will be an ideal gift for various occasions and for various recipients. Order online with delivery in Vilnius or Vilnius suburbs.\" \/>\n<meta name=\"robots\" content=\"index, follow, max-snippet:-1, max-image-preview:large, max-video-preview:-1\" \/>\n<link rel=\"canonical\" href=\"https:\/\/www.gintaresgeles.lt\/en\/puokste\/white-blossom-box\/\" \/>\n<meta property=\"og:locale\" content=\"en_US\" \/>\n<meta property=\"og:type\" content=\"article\" \/>\n<meta property=\"og:title\" content=\"White blossom box| Flower delivery | Gintar\u0117sG\u0117l\u0117s\" \/>\n<meta property=\"og:description\" content=\"Send a beautiful white flower box for a wedding feast, for a lovely couple, or a loved one on the birthday party. You just need to wish for it, and the white flower box will be an ideal gift for various occasions and for various recipients. Order online with delivery in Vilnius or Vilnius suburbs.\" \/>\n<meta property=\"og:url\" content=\"https:\/\/www.gintaresgeles.lt\/en\/puokste\/white-blossom-box\/\" \/>\n<meta property=\"og:site_name\" content=\"gintaresgeles.lt\" \/>\n<meta property=\"article:modified_time\" content=\"2025-05-29T00:01:18+00:00\" \/>\n<meta property=\"og:image\" content=\"https:\/\/www.gintaresgeles.lt\/wp-content\/uploads\/2018\/06\/baltu-geliu-dezute-1-scaled.jpg\" \/>\n\t<meta property=\"og:image:width\" content=\"2560\" \/>\n\t<meta property=\"og:image:height\" content=\"2560\" \/>\n\t<meta property=\"og:image:type\" content=\"image\/jpeg\" \/>\n<meta name=\"twitter:card\" content=\"summary_large_image\" \/>\n<script type=\"application\/ld+json\" class=\"yoast-schema-graph\">{\"@context\":\"https:\/\/schema.org\",\"@graph\":[{\"@type\":\"WebPage\",\"@id\":\"https:\/\/www.gintaresgeles.lt\/en\/puokste\/white-blossom-box\/\",\"url\":\"https:\/\/www.gintaresgeles.lt\/en\/puokste\/white-blossom-box\/\",\"name\":\"White blossom box| Flower delivery | Gintar\u0117sG\u0117l\u0117s\",\"isPartOf\":{\"@id\":\"https:\/\/www.gintaresgeles.lt\/en\/#website\"},\"primaryImageOfPage\":{\"@id\":\"https:\/\/www.gintaresgeles.lt\/en\/puokste\/white-blossom-box\/#primaryimage\"},\"image\":{\"@id\":\"https:\/\/www.gintaresgeles.lt\/en\/puokste\/white-blossom-box\/#primaryimage\"},\"thumbnailUrl\":\"https:\/\/www.gintaresgeles.lt\/wp-content\/uploads\/2018\/06\/baltu-geliu-dezute-1-scaled.jpg\",\"datePublished\":\"2018-07-04T11:05:43+00:00\",\"dateModified\":\"2025-05-29T00:01:18+00:00\",\"description\":\"Send a beautiful white flower box for a wedding feast, for a lovely couple, or a loved one on the birthday party. You just need to wish for it, and the white flower box will be an ideal gift for various occasions and for various recipients. Order online with delivery in Vilnius or Vilnius suburbs.\",\"breadcrumb\":{\"@id\":\"https:\/\/www.gintaresgeles.lt\/en\/puokste\/white-blossom-box\/#breadcrumb\"},\"inLanguage\":\"en-US\",\"potentialAction\":[{\"@type\":\"ReadAction\",\"target\":[\"https:\/\/www.gintaresgeles.lt\/en\/puokste\/white-blossom-box\/\"]}]},{\"@type\":\"ImageObject\",\"inLanguage\":\"en-US\",\"@id\":\"https:\/\/www.gintaresgeles.lt\/en\/puokste\/white-blossom-box\/#primaryimage\",\"url\":\"https:\/\/www.gintaresgeles.lt\/wp-content\/uploads\/2018\/06\/baltu-geliu-dezute-1-scaled.jpg\",\"contentUrl\":\"https:\/\/www.gintaresgeles.lt\/wp-content\/uploads\/2018\/06\/baltu-geliu-dezute-1-scaled.jpg\",\"width\":2560,\"height\":2560,\"caption\":\"\u012evairios baltos g\u0117l\u0117s d\u0117\u017eut\u0117je g\u0117l\u0117s gimtadienio proga\"},{\"@type\":\"BreadcrumbList\",\"@id\":\"https:\/\/www.gintaresgeles.lt\/en\/puokste\/white-blossom-box\/#breadcrumb\",\"itemListElement\":[{\"@type\":\"ListItem\",\"position\":1,\"name\":\"Prad\u017eia\",\"item\":\"https:\/\/www.gintaresgeles.lt\/en\/\"},{\"@type\":\"ListItem\",\"position\":2,\"name\":\"All flowers and other products\",\"item\":\"https:\/\/www.gintaresgeles.lt\/en\/all-flowers-and-other-products\/\"},{\"@type\":\"ListItem\",\"position\":3,\"name\":\"White blossom box\"}]},{\"@type\":\"WebSite\",\"@id\":\"https:\/\/www.gintaresgeles.lt\/en\/#website\",\"url\":\"https:\/\/www.gintaresgeles.lt\/en\/\",\"name\":\"gintaresgeles.lt\",\"description\":\"G\u0117li\u0173 parduotuv\u0117 internete\",\"potentialAction\":[{\"@type\":\"SearchAction\",\"target\":{\"@type\":\"EntryPoint\",\"urlTemplate\":\"https:\/\/www.gintaresgeles.lt\/en\/?s={search_term_string}\"},\"query-input\":{\"@type\":\"PropertyValueSpecification\",\"valueRequired\":true,\"valueName\":\"search_term_string\"}}],\"inLanguage\":\"en-US\"}]}<\/script>\n<!-- \/ Yoast SEO plugin. -->","yoast_head_json":{"title":"White blossom box| Flower delivery | Gintar\u0117sG\u0117l\u0117s","description":"Send a beautiful white flower box for a wedding feast, for a lovely couple, or a loved one on the birthday party. You just need to wish for it, and the white flower box will be an ideal gift for various occasions and for various recipients. Order online with delivery in Vilnius or Vilnius suburbs.","robots":{"index":"index","follow":"follow","max-snippet":"max-snippet:-1","max-image-preview":"max-image-preview:large","max-video-preview":"max-video-preview:-1"},"canonical":"https:\/\/www.gintaresgeles.lt\/en\/puokste\/white-blossom-box\/","og_locale":"en_US","og_type":"article","og_title":"White blossom box| Flower delivery | Gintar\u0117sG\u0117l\u0117s","og_description":"Send a beautiful white flower box for a wedding feast, for a lovely couple, or a loved one on the birthday party. You just need to wish for it, and the white flower box will be an ideal gift for various occasions and for various recipients. Order online with delivery in Vilnius or Vilnius suburbs.","og_url":"https:\/\/www.gintaresgeles.lt\/en\/puokste\/white-blossom-box\/","og_site_name":"gintaresgeles.lt","article_modified_time":"2025-05-29T00:01:18+00:00","og_image":[{"width":2560,"height":2560,"url":"https:\/\/www.gintaresgeles.lt\/wp-content\/uploads\/2018\/06\/baltu-geliu-dezute-1-scaled.jpg","type":"image\/jpeg"}],"twitter_card":"summary_large_image","schema":{"@context":"https:\/\/schema.org","@graph":[{"@type":"WebPage","@id":"https:\/\/www.gintaresgeles.lt\/en\/puokste\/white-blossom-box\/","url":"https:\/\/www.gintaresgeles.lt\/en\/puokste\/white-blossom-box\/","name":"White blossom box| Flower delivery | Gintar\u0117sG\u0117l\u0117s","isPartOf":{"@id":"https:\/\/www.gintaresgeles.lt\/en\/#website"},"primaryImageOfPage":{"@id":"https:\/\/www.gintaresgeles.lt\/en\/puokste\/white-blossom-box\/#primaryimage"},"image":{"@id":"https:\/\/www.gintaresgeles.lt\/en\/puokste\/white-blossom-box\/#primaryimage"},"thumbnailUrl":"https:\/\/www.gintaresgeles.lt\/wp-content\/uploads\/2018\/06\/baltu-geliu-dezute-1-scaled.jpg","datePublished":"2018-07-04T11:05:43+00:00","dateModified":"2025-05-29T00:01:18+00:00","description":"Send a beautiful white flower box for a wedding feast, for a lovely couple, or a loved one on the birthday party. You just need to wish for it, and the white flower box will be an ideal gift for various occasions and for various recipients. Order online with delivery in Vilnius or Vilnius suburbs.","breadcrumb":{"@id":"https:\/\/www.gintaresgeles.lt\/en\/puokste\/white-blossom-box\/#breadcrumb"},"inLanguage":"en-US","potentialAction":[{"@type":"ReadAction","target":["https:\/\/www.gintaresgeles.lt\/en\/puokste\/white-blossom-box\/"]}]},{"@type":"ImageObject","inLanguage":"en-US","@id":"https:\/\/www.gintaresgeles.lt\/en\/puokste\/white-blossom-box\/#primaryimage","url":"https:\/\/www.gintaresgeles.lt\/wp-content\/uploads\/2018\/06\/baltu-geliu-dezute-1-scaled.jpg","contentUrl":"https:\/\/www.gintaresgeles.lt\/wp-content\/uploads\/2018\/06\/baltu-geliu-dezute-1-scaled.jpg","width":2560,"height":2560,"caption":"\u012evairios baltos g\u0117l\u0117s d\u0117\u017eut\u0117je g\u0117l\u0117s gimtadienio proga"},{"@type":"BreadcrumbList","@id":"https:\/\/www.gintaresgeles.lt\/en\/puokste\/white-blossom-box\/#breadcrumb","itemListElement":[{"@type":"ListItem","position":1,"name":"Prad\u017eia","item":"https:\/\/www.gintaresgeles.lt\/en\/"},{"@type":"ListItem","position":2,"name":"All flowers and other products","item":"https:\/\/www.gintaresgeles.lt\/en\/all-flowers-and-other-products\/"},{"@type":"ListItem","position":3,"name":"White blossom box"}]},{"@type":"WebSite","@id":"https:\/\/www.gintaresgeles.lt\/en\/#website","url":"https:\/\/www.gintaresgeles.lt\/en\/","name":"gintaresgeles.lt","description":"G\u0117li\u0173 parduotuv\u0117 internete","potentialAction":[{"@type":"SearchAction","target":{"@type":"EntryPoint","urlTemplate":"https:\/\/www.gintaresgeles.lt\/en\/?s={search_term_string}"},"query-input":{"@type":"PropertyValueSpecification","valueRequired":true,"valueName":"search_term_string"}}],"inLanguage":"en-US"}]}},"_links":{"self":[{"href":"https:\/\/www.gintaresgeles.lt\/en\/wp-json\/wp\/v2\/product\/19022","targetHints":{"allow":["GET"]}}],"collection":[{"href":"https:\/\/www.gintaresgeles.lt\/en\/wp-json\/wp\/v2\/product"}],"about":[{"href":"https:\/\/www.gintaresgeles.lt\/en\/wp-json\/wp\/v2\/types\/product"}],"wp:featuredmedia":[{"embeddable":true,"href":"https:\/\/www.gintaresgeles.lt\/en\/wp-json\/wp\/v2\/media\/53234"}],"wp:attachment":[{"href":"https:\/\/www.gintaresgeles.lt\/en\/wp-json\/wp\/v2\/media?parent=19022"}],"wp:term":[{"taxonomy":"product_brand","embeddable":true,"href":"https:\/\/www.gintaresgeles.lt\/en\/wp-json\/wp\/v2\/product_brand?post=19022"},{"taxonomy":"product_cat","embeddable":true,"href":"https:\/\/www.gintaresgeles.lt\/en\/wp-json\/wp\/v2\/product_cat?post=19022"},{"taxonomy":"product_tag","embeddable":true,"href":"https:\/\/www.gintaresgeles.lt\/en\/wp-json\/wp\/v2\/product_tag?post=19022"}],"curies":[{"name":"wp","href":"https:\/\/api.w.org\/{rel}","templated":true}]}}