{"id":19037,"date":"2018-06-25T15:51:50","date_gmt":"2018-07-04T13:27:52","guid":{"rendered":"https:\/\/www.gintaresgeles.lt\/?post_type=product&#038;p=19037"},"modified":"2025-05-29T02:01:19","modified_gmt":"2025-05-29T00:01:19","slug":"box-of-various-colorful-flowers","status":"publish","type":"product","link":"https:\/\/www.gintaresgeles.lt\/en\/puokste\/box-of-various-colorful-flowers\/","title":{"rendered":"Box of various colorful flowers"},"content":{"rendered":"<p>What can be more festive and joyful than the box full of colorful blossoms! Such a colorful, cheerful, and expressive flower box cannot be disliked, it will definitely captivate anyone. The box consists of various types of flowers such as roses, alstroemerias, freesias, carnations, etc. Every time the box looks different and unique, and because of that it becomes the most unforgettable and original gift. We always match the box and decorations to the flowers (colors may differ from the photo).<\/p>\n","protected":false},"excerpt":{"rendered":"<p style=\"text-align: justify\">The warmest wishes will be even warmer, and the most heartfelt congratulations will sound even more convincing if you send them together with this colorful floral box filled with various types of flowers. Choose the size of the box, which will determine the abundance of flowers in it.<\/p>\n<p><strong><span class=\"HwtZe\" lang=\"en\"><span class=\"jCAhz ChMk0b\"><span class=\"ryNqvb\">The type of flowers is chosen randomly, based on what we have at the time.<\/span><\/span><\/span><\/strong><\/p>\n","protected":false},"featured_media":18935,"template":"","meta":[],"product_brand":[],"product_cat":[260,259,252,266,265,256,253,257,428,262,263,651,891,650,908,909,240,246,242,267,426,238],"product_tag":[],"class_list":{"0":"post-19037","1":"product","2":"type-product","3":"status-publish","4":"has-post-thumbnail","6":"product_cat-birthday-flowers","7":"product_cat-flowers-by-occasion","8":"product_cat-flowers-by-recipient","9":"product_cat-flowers-by-style","10":"product_cat-flowers-by-type","11":"product_cat-flowers-for-girlfriend","12":"product_cat-flowers-for-mom","13":"product_cat-flowers-for-women","14":"product_cat-jubilee-flowers","15":"product_cat-march8th-flowers","16":"product_cat-mothers-day-flowers","17":"product_cat-pink-roses","18":"product_cat-red-roses","19":"product_cat-roses-in-a-box","20":"product_cat-white-roses","21":"product_cat-yellow-roses","22":"product_cat-alstroemerias","23":"product_cat-carnations","24":"product_cat-eustomas","25":"product_cat-flower-boxes","26":"product_cat-freesias","27":"product_cat-roses","28":"tm-no-options","30":"first","31":"instock","32":"taxable","33":"shipping-taxable","34":"purchasable","35":"product-type-variable","36":"has-default-attributes"},"yoast_head":"<!-- This site is optimized with the Yoast SEO plugin v25.3 - https:\/\/yoast.com\/wordpress\/plugins\/seo\/ -->\n<title>Box of various colorful flowers | Flower box delivery | Gintar\u0117sG\u0117l\u0117s<\/title>\n<meta name=\"description\" content=\"A box of various colorful flowers that will definitely be a perfect choice for a gift to anyone. This box will cheer you up, inspire positive energy and, of course, express the warmest sentiments on any occasion. Order online with delivery in Vilnius or Vilnius districts.\" \/>\n<meta name=\"robots\" content=\"index, follow, max-snippet:-1, max-image-preview:large, max-video-preview:-1\" \/>\n<link rel=\"canonical\" href=\"https:\/\/www.gintaresgeles.lt\/en\/puokste\/box-of-various-colorful-flowers\/\" \/>\n<meta property=\"og:locale\" content=\"en_US\" \/>\n<meta property=\"og:type\" content=\"article\" \/>\n<meta property=\"og:title\" content=\"Box of various colorful flowers | Flower box delivery | Gintar\u0117sG\u0117l\u0117s\" \/>\n<meta property=\"og:description\" content=\"A box of various colorful flowers that will definitely be a perfect choice for a gift to anyone. This box will cheer you up, inspire positive energy and, of course, express the warmest sentiments on any occasion. Order online with delivery in Vilnius or Vilnius districts.\" \/>\n<meta property=\"og:url\" content=\"https:\/\/www.gintaresgeles.lt\/en\/puokste\/box-of-various-colorful-flowers\/\" \/>\n<meta property=\"og:site_name\" content=\"gintaresgeles.lt\" \/>\n<meta property=\"article:modified_time\" content=\"2025-05-29T00:01:19+00:00\" \/>\n<meta property=\"og:image\" content=\"https:\/\/www.gintaresgeles.lt\/wp-content\/uploads\/2018\/06\/ivairiu-spalvu-geles.jpg\" \/>\n\t<meta property=\"og:image:width\" content=\"600\" \/>\n\t<meta property=\"og:image:height\" content=\"600\" \/>\n\t<meta property=\"og:image:type\" content=\"image\/jpeg\" \/>\n<meta name=\"twitter:card\" content=\"summary_large_image\" \/>\n<script type=\"application\/ld+json\" class=\"yoast-schema-graph\">{\"@context\":\"https:\/\/schema.org\",\"@graph\":[{\"@type\":\"WebPage\",\"@id\":\"https:\/\/www.gintaresgeles.lt\/en\/puokste\/box-of-various-colorful-flowers\/\",\"url\":\"https:\/\/www.gintaresgeles.lt\/en\/puokste\/box-of-various-colorful-flowers\/\",\"name\":\"Box of various colorful flowers | Flower box delivery | Gintar\u0117sG\u0117l\u0117s\",\"isPartOf\":{\"@id\":\"https:\/\/www.gintaresgeles.lt\/en\/#website\"},\"primaryImageOfPage\":{\"@id\":\"https:\/\/www.gintaresgeles.lt\/en\/puokste\/box-of-various-colorful-flowers\/#primaryimage\"},\"image\":{\"@id\":\"https:\/\/www.gintaresgeles.lt\/en\/puokste\/box-of-various-colorful-flowers\/#primaryimage\"},\"thumbnailUrl\":\"https:\/\/www.gintaresgeles.lt\/wp-content\/uploads\/2018\/06\/ivairiu-spalvu-geles.jpg\",\"datePublished\":\"2018-07-04T13:27:52+00:00\",\"dateModified\":\"2025-05-29T00:01:19+00:00\",\"description\":\"A box of various colorful flowers that will definitely be a perfect choice for a gift to anyone. This box will cheer you up, inspire positive energy and, of course, express the warmest sentiments on any occasion. Order online with delivery in Vilnius or Vilnius districts.\",\"breadcrumb\":{\"@id\":\"https:\/\/www.gintaresgeles.lt\/en\/puokste\/box-of-various-colorful-flowers\/#breadcrumb\"},\"inLanguage\":\"en-US\",\"potentialAction\":[{\"@type\":\"ReadAction\",\"target\":[\"https:\/\/www.gintaresgeles.lt\/en\/puokste\/box-of-various-colorful-flowers\/\"]}]},{\"@type\":\"ImageObject\",\"inLanguage\":\"en-US\",\"@id\":\"https:\/\/www.gintaresgeles.lt\/en\/puokste\/box-of-various-colorful-flowers\/#primaryimage\",\"url\":\"https:\/\/www.gintaresgeles.lt\/wp-content\/uploads\/2018\/06\/ivairiu-spalvu-geles.jpg\",\"contentUrl\":\"https:\/\/www.gintaresgeles.lt\/wp-content\/uploads\/2018\/06\/ivairiu-spalvu-geles.jpg\",\"width\":600,\"height\":600,\"caption\":\"Flower box of different colors\"},{\"@type\":\"BreadcrumbList\",\"@id\":\"https:\/\/www.gintaresgeles.lt\/en\/puokste\/box-of-various-colorful-flowers\/#breadcrumb\",\"itemListElement\":[{\"@type\":\"ListItem\",\"position\":1,\"name\":\"Prad\u017eia\",\"item\":\"https:\/\/www.gintaresgeles.lt\/en\/\"},{\"@type\":\"ListItem\",\"position\":2,\"name\":\"All flowers and other products\",\"item\":\"https:\/\/www.gintaresgeles.lt\/en\/all-flowers-and-other-products\/\"},{\"@type\":\"ListItem\",\"position\":3,\"name\":\"Box of various colorful flowers\"}]},{\"@type\":\"WebSite\",\"@id\":\"https:\/\/www.gintaresgeles.lt\/en\/#website\",\"url\":\"https:\/\/www.gintaresgeles.lt\/en\/\",\"name\":\"gintaresgeles.lt\",\"description\":\"G\u0117li\u0173 parduotuv\u0117 internete\",\"potentialAction\":[{\"@type\":\"SearchAction\",\"target\":{\"@type\":\"EntryPoint\",\"urlTemplate\":\"https:\/\/www.gintaresgeles.lt\/en\/?s={search_term_string}\"},\"query-input\":{\"@type\":\"PropertyValueSpecification\",\"valueRequired\":true,\"valueName\":\"search_term_string\"}}],\"inLanguage\":\"en-US\"}]}<\/script>\n<!-- \/ Yoast SEO plugin. -->","yoast_head_json":{"title":"Box of various colorful flowers | Flower box delivery | Gintar\u0117sG\u0117l\u0117s","description":"A box of various colorful flowers that will definitely be a perfect choice for a gift to anyone. This box will cheer you up, inspire positive energy and, of course, express the warmest sentiments on any occasion. Order online with delivery in Vilnius or Vilnius districts.","robots":{"index":"index","follow":"follow","max-snippet":"max-snippet:-1","max-image-preview":"max-image-preview:large","max-video-preview":"max-video-preview:-1"},"canonical":"https:\/\/www.gintaresgeles.lt\/en\/puokste\/box-of-various-colorful-flowers\/","og_locale":"en_US","og_type":"article","og_title":"Box of various colorful flowers | Flower box delivery | Gintar\u0117sG\u0117l\u0117s","og_description":"A box of various colorful flowers that will definitely be a perfect choice for a gift to anyone. This box will cheer you up, inspire positive energy and, of course, express the warmest sentiments on any occasion. Order online with delivery in Vilnius or Vilnius districts.","og_url":"https:\/\/www.gintaresgeles.lt\/en\/puokste\/box-of-various-colorful-flowers\/","og_site_name":"gintaresgeles.lt","article_modified_time":"2025-05-29T00:01:19+00:00","og_image":[{"width":600,"height":600,"url":"https:\/\/www.gintaresgeles.lt\/wp-content\/uploads\/2018\/06\/ivairiu-spalvu-geles.jpg","type":"image\/jpeg"}],"twitter_card":"summary_large_image","schema":{"@context":"https:\/\/schema.org","@graph":[{"@type":"WebPage","@id":"https:\/\/www.gintaresgeles.lt\/en\/puokste\/box-of-various-colorful-flowers\/","url":"https:\/\/www.gintaresgeles.lt\/en\/puokste\/box-of-various-colorful-flowers\/","name":"Box of various colorful flowers | Flower box delivery | Gintar\u0117sG\u0117l\u0117s","isPartOf":{"@id":"https:\/\/www.gintaresgeles.lt\/en\/#website"},"primaryImageOfPage":{"@id":"https:\/\/www.gintaresgeles.lt\/en\/puokste\/box-of-various-colorful-flowers\/#primaryimage"},"image":{"@id":"https:\/\/www.gintaresgeles.lt\/en\/puokste\/box-of-various-colorful-flowers\/#primaryimage"},"thumbnailUrl":"https:\/\/www.gintaresgeles.lt\/wp-content\/uploads\/2018\/06\/ivairiu-spalvu-geles.jpg","datePublished":"2018-07-04T13:27:52+00:00","dateModified":"2025-05-29T00:01:19+00:00","description":"A box of various colorful flowers that will definitely be a perfect choice for a gift to anyone. This box will cheer you up, inspire positive energy and, of course, express the warmest sentiments on any occasion. Order online with delivery in Vilnius or Vilnius districts.","breadcrumb":{"@id":"https:\/\/www.gintaresgeles.lt\/en\/puokste\/box-of-various-colorful-flowers\/#breadcrumb"},"inLanguage":"en-US","potentialAction":[{"@type":"ReadAction","target":["https:\/\/www.gintaresgeles.lt\/en\/puokste\/box-of-various-colorful-flowers\/"]}]},{"@type":"ImageObject","inLanguage":"en-US","@id":"https:\/\/www.gintaresgeles.lt\/en\/puokste\/box-of-various-colorful-flowers\/#primaryimage","url":"https:\/\/www.gintaresgeles.lt\/wp-content\/uploads\/2018\/06\/ivairiu-spalvu-geles.jpg","contentUrl":"https:\/\/www.gintaresgeles.lt\/wp-content\/uploads\/2018\/06\/ivairiu-spalvu-geles.jpg","width":600,"height":600,"caption":"Flower box of different colors"},{"@type":"BreadcrumbList","@id":"https:\/\/www.gintaresgeles.lt\/en\/puokste\/box-of-various-colorful-flowers\/#breadcrumb","itemListElement":[{"@type":"ListItem","position":1,"name":"Prad\u017eia","item":"https:\/\/www.gintaresgeles.lt\/en\/"},{"@type":"ListItem","position":2,"name":"All flowers and other products","item":"https:\/\/www.gintaresgeles.lt\/en\/all-flowers-and-other-products\/"},{"@type":"ListItem","position":3,"name":"Box of various colorful flowers"}]},{"@type":"WebSite","@id":"https:\/\/www.gintaresgeles.lt\/en\/#website","url":"https:\/\/www.gintaresgeles.lt\/en\/","name":"gintaresgeles.lt","description":"G\u0117li\u0173 parduotuv\u0117 internete","potentialAction":[{"@type":"SearchAction","target":{"@type":"EntryPoint","urlTemplate":"https:\/\/www.gintaresgeles.lt\/en\/?s={search_term_string}"},"query-input":{"@type":"PropertyValueSpecification","valueRequired":true,"valueName":"search_term_string"}}],"inLanguage":"en-US"}]}},"_links":{"self":[{"href":"https:\/\/www.gintaresgeles.lt\/en\/wp-json\/wp\/v2\/product\/19037","targetHints":{"allow":["GET"]}}],"collection":[{"href":"https:\/\/www.gintaresgeles.lt\/en\/wp-json\/wp\/v2\/product"}],"about":[{"href":"https:\/\/www.gintaresgeles.lt\/en\/wp-json\/wp\/v2\/types\/product"}],"wp:featuredmedia":[{"embeddable":true,"href":"https:\/\/www.gintaresgeles.lt\/en\/wp-json\/wp\/v2\/media\/18935"}],"wp:attachment":[{"href":"https:\/\/www.gintaresgeles.lt\/en\/wp-json\/wp\/v2\/media?parent=19037"}],"wp:term":[{"taxonomy":"product_brand","embeddable":true,"href":"https:\/\/www.gintaresgeles.lt\/en\/wp-json\/wp\/v2\/product_brand?post=19037"},{"taxonomy":"product_cat","embeddable":true,"href":"https:\/\/www.gintaresgeles.lt\/en\/wp-json\/wp\/v2\/product_cat?post=19037"},{"taxonomy":"product_tag","embeddable":true,"href":"https:\/\/www.gintaresgeles.lt\/en\/wp-json\/wp\/v2\/product_tag?post=19037"}],"curies":[{"name":"wp","href":"https:\/\/api.w.org\/{rel}","templated":true}]}}