{"id":19050,"date":"2018-06-25T07:32:14","date_gmt":"2018-06-25T09:32:14","guid":{"rendered":"https:\/\/www.gintaresgeles.lt\/?post_type=product&#038;p=19050"},"modified":"2026-02-10T18:38:54","modified_gmt":"2026-02-10T16:38:54","slug":"bouquet-of-white-roses-and-alstromeries","status":"publish","type":"product","link":"https:\/\/www.gintaresgeles.lt\/en\/puokste\/bouquet-of-white-roses-and-alstromeries\/","title":{"rendered":"Bouquet of white roses and alstromeries"},"content":{"rendered":"<p>If you want to gift an elegant bouquet &#8211; white roses is a great choice. However, this bouquet is somewhat more perky and universal. White roses are combined together with colorful alstroemerias that brings not only more colors but also some freshness. The color of alstroemerias is chosen randomly depending on the flowers we have at the moment. The bouquet will be an ideal gift for a solemn occasion such as anniversary. It can also be gifted to your loved person.<\/p>\n","protected":false},"excerpt":{"rendered":"<p style=\"text-align: justify;\">Elegant white roses and playful alstromeries are a great combination for a businesslike, or warm gift.<\/p>\n<p style=\"text-align: justify;\"><strong>You can choose from three bouquet sizes:<\/strong><\/p>\n<p style=\"text-align: justify;\">Small bouquet &#8211; 5 roses and 6 alstromeries,<\/p>\n<p style=\"text-align: justify;\">Medium bouquet &#8211; 10 roses and 7 alstromeries,<\/p>\n<p style=\"text-align: justify;\">Large bouquet &#8211; 14 roses and 11 alstromeries.<\/p>\n<p><em><strong><span class=\"HwtZe\" lang=\"en\"><span class=\"jCAhz ChMk0b C1N51c\"><span class=\"ryNqvb\">Alstroemeria<\/span><\/span><\/span> colors are chosen from those we have on sale at the time, if you want a specific color contact us.<\/strong><\/em><\/p>\n","protected":false},"featured_media":37013,"template":"","meta":[],"product_brand":[],"product_cat":[261,260,259,252,266,265,256,258,253,257,428,264,908,240,268,1966,238],"product_tag":[],"class_list":{"0":"post-19050","1":"product","2":"type-product","3":"status-publish","4":"has-post-thumbnail","6":"product_cat-birthday-bouquets","7":"product_cat-birthday-flowers","8":"product_cat-flowers-by-occasion","9":"product_cat-flowers-by-recipient","10":"product_cat-flowers-by-style","11":"product_cat-flowers-by-type","12":"product_cat-flowers-for-girlfriend","13":"product_cat-flowers-for-men","14":"product_cat-flowers-for-mom","15":"product_cat-flowers-for-women","16":"product_cat-jubilee-flowers","17":"product_cat-valentines-day-flowers","18":"product_cat-white-roses","19":"product_cat-alstroemerias","20":"product_cat-flower-bouquets","21":"product_cat-flowers-wrapped-in-paper","22":"product_cat-roses","23":"tm-has-options","25":"first","26":"instock","27":"taxable","28":"shipping-taxable","29":"purchasable","30":"product-type-variable","31":"has-default-attributes"},"yoast_head":"<!-- This site is optimized with the Yoast SEO plugin v25.3 - https:\/\/yoast.com\/wordpress\/plugins\/seo\/ -->\n<title>Bouquet of white roses and alstromeries | Flowers to home | Gintar\u0117sG\u0117l\u0117s<\/title>\n<meta name=\"description\" content=\"Looking for an elegant gift to your precious someone? Or maybe you cannot choose luxurious-looking and together unique flowers for the jubilee? In any case, the best and the most tasteful choice will be the bouquet of white roses and altroemerias. Place the order online.\" \/>\n<meta name=\"robots\" content=\"index, follow, max-snippet:-1, max-image-preview:large, max-video-preview:-1\" \/>\n<link rel=\"canonical\" href=\"https:\/\/www.gintaresgeles.lt\/en\/puokste\/bouquet-of-white-roses-and-alstromeries\/\" \/>\n<meta property=\"og:locale\" content=\"en_US\" \/>\n<meta property=\"og:type\" content=\"article\" \/>\n<meta property=\"og:title\" content=\"Bouquet of white roses and alstromeries | Flowers to home | Gintar\u0117sG\u0117l\u0117s\" \/>\n<meta property=\"og:description\" content=\"Looking for an elegant gift to your precious someone? Or maybe you cannot choose luxurious-looking and together unique flowers for the jubilee? In any case, the best and the most tasteful choice will be the bouquet of white roses and altroemerias. Place the order online.\" \/>\n<meta property=\"og:url\" content=\"https:\/\/www.gintaresgeles.lt\/en\/puokste\/bouquet-of-white-roses-and-alstromeries\/\" \/>\n<meta property=\"og:site_name\" content=\"gintaresgeles.lt\" \/>\n<meta property=\"article:modified_time\" content=\"2026-02-10T16:38:54+00:00\" \/>\n<meta property=\"og:image\" content=\"https:\/\/www.gintaresgeles.lt\/wp-content\/uploads\/2018\/06\/geliu-puokstes-baltos-rozes-su-spalvingomis-alstromerijomis-scaled.jpg\" \/>\n\t<meta property=\"og:image:width\" content=\"2560\" \/>\n\t<meta property=\"og:image:height\" content=\"2560\" \/>\n\t<meta property=\"og:image:type\" content=\"image\/jpeg\" \/>\n<meta name=\"twitter:card\" content=\"summary_large_image\" \/>\n<script type=\"application\/ld+json\" class=\"yoast-schema-graph\">{\"@context\":\"https:\/\/schema.org\",\"@graph\":[{\"@type\":\"WebPage\",\"@id\":\"https:\/\/www.gintaresgeles.lt\/en\/puokste\/bouquet-of-white-roses-and-alstromeries\/\",\"url\":\"https:\/\/www.gintaresgeles.lt\/en\/puokste\/bouquet-of-white-roses-and-alstromeries\/\",\"name\":\"Bouquet of white roses and alstromeries | Flowers to home | Gintar\u0117sG\u0117l\u0117s\",\"isPartOf\":{\"@id\":\"https:\/\/www.gintaresgeles.lt\/en\/#website\"},\"primaryImageOfPage\":{\"@id\":\"https:\/\/www.gintaresgeles.lt\/en\/puokste\/bouquet-of-white-roses-and-alstromeries\/#primaryimage\"},\"image\":{\"@id\":\"https:\/\/www.gintaresgeles.lt\/en\/puokste\/bouquet-of-white-roses-and-alstromeries\/#primaryimage\"},\"thumbnailUrl\":\"https:\/\/www.gintaresgeles.lt\/wp-content\/uploads\/2018\/06\/geliu-puokstes-baltos-rozes-su-spalvingomis-alstromerijomis-scaled.jpg\",\"datePublished\":\"2018-06-25T09:32:14+00:00\",\"dateModified\":\"2026-02-10T16:38:54+00:00\",\"description\":\"Looking for an elegant gift to your precious someone? Or maybe you cannot choose luxurious-looking and together unique flowers for the jubilee? In any case, the best and the most tasteful choice will be the bouquet of white roses and altroemerias. Place the order online.\",\"breadcrumb\":{\"@id\":\"https:\/\/www.gintaresgeles.lt\/en\/puokste\/bouquet-of-white-roses-and-alstromeries\/#breadcrumb\"},\"inLanguage\":\"en-US\",\"potentialAction\":[{\"@type\":\"ReadAction\",\"target\":[\"https:\/\/www.gintaresgeles.lt\/en\/puokste\/bouquet-of-white-roses-and-alstromeries\/\"]}]},{\"@type\":\"ImageObject\",\"inLanguage\":\"en-US\",\"@id\":\"https:\/\/www.gintaresgeles.lt\/en\/puokste\/bouquet-of-white-roses-and-alstromeries\/#primaryimage\",\"url\":\"https:\/\/www.gintaresgeles.lt\/wp-content\/uploads\/2018\/06\/geliu-puokstes-baltos-rozes-su-spalvingomis-alstromerijomis-scaled.jpg\",\"contentUrl\":\"https:\/\/www.gintaresgeles.lt\/wp-content\/uploads\/2018\/06\/geliu-puokstes-baltos-rozes-su-spalvingomis-alstromerijomis-scaled.jpg\",\"width\":2560,\"height\":2560,\"caption\":\"\u012evairi\u0173 spalv\u0173 alstromerijos ir baltos ro\u017e\u0117s puok\u0161t\u0117je gimtadienio g\u0117l\u0117s\"},{\"@type\":\"BreadcrumbList\",\"@id\":\"https:\/\/www.gintaresgeles.lt\/en\/puokste\/bouquet-of-white-roses-and-alstromeries\/#breadcrumb\",\"itemListElement\":[{\"@type\":\"ListItem\",\"position\":1,\"name\":\"Prad\u017eia\",\"item\":\"https:\/\/www.gintaresgeles.lt\/en\/\"},{\"@type\":\"ListItem\",\"position\":2,\"name\":\"All flowers and other products\",\"item\":\"https:\/\/www.gintaresgeles.lt\/en\/all-flowers-and-other-products\/\"},{\"@type\":\"ListItem\",\"position\":3,\"name\":\"Bouquet of white roses and alstromeries\"}]},{\"@type\":\"WebSite\",\"@id\":\"https:\/\/www.gintaresgeles.lt\/en\/#website\",\"url\":\"https:\/\/www.gintaresgeles.lt\/en\/\",\"name\":\"Gintares Geles\",\"description\":\"Flower delivery in Vilnius | Same-day delivery | Gintares geles\",\"potentialAction\":[{\"@type\":\"SearchAction\",\"target\":{\"@type\":\"EntryPoint\",\"urlTemplate\":\"https:\/\/www.gintaresgeles.lt\/en\/?s={search_term_string}\"},\"query-input\":{\"@type\":\"PropertyValueSpecification\",\"valueRequired\":true,\"valueName\":\"search_term_string\"}}],\"inLanguage\":\"en-US\"}]}<\/script>\n<!-- \/ Yoast SEO plugin. -->","yoast_head_json":{"title":"Bouquet of white roses and alstromeries | Flowers to home | Gintar\u0117sG\u0117l\u0117s","description":"Looking for an elegant gift to your precious someone? Or maybe you cannot choose luxurious-looking and together unique flowers for the jubilee? In any case, the best and the most tasteful choice will be the bouquet of white roses and altroemerias. Place the order online.","robots":{"index":"index","follow":"follow","max-snippet":"max-snippet:-1","max-image-preview":"max-image-preview:large","max-video-preview":"max-video-preview:-1"},"canonical":"https:\/\/www.gintaresgeles.lt\/en\/puokste\/bouquet-of-white-roses-and-alstromeries\/","og_locale":"en_US","og_type":"article","og_title":"Bouquet of white roses and alstromeries | Flowers to home | Gintar\u0117sG\u0117l\u0117s","og_description":"Looking for an elegant gift to your precious someone? Or maybe you cannot choose luxurious-looking and together unique flowers for the jubilee? In any case, the best and the most tasteful choice will be the bouquet of white roses and altroemerias. Place the order online.","og_url":"https:\/\/www.gintaresgeles.lt\/en\/puokste\/bouquet-of-white-roses-and-alstromeries\/","og_site_name":"gintaresgeles.lt","article_modified_time":"2026-02-10T16:38:54+00:00","og_image":[{"width":2560,"height":2560,"url":"https:\/\/www.gintaresgeles.lt\/wp-content\/uploads\/2018\/06\/geliu-puokstes-baltos-rozes-su-spalvingomis-alstromerijomis-scaled.jpg","type":"image\/jpeg"}],"twitter_card":"summary_large_image","schema":{"@context":"https:\/\/schema.org","@graph":[{"@type":"WebPage","@id":"https:\/\/www.gintaresgeles.lt\/en\/puokste\/bouquet-of-white-roses-and-alstromeries\/","url":"https:\/\/www.gintaresgeles.lt\/en\/puokste\/bouquet-of-white-roses-and-alstromeries\/","name":"Bouquet of white roses and alstromeries | Flowers to home | Gintar\u0117sG\u0117l\u0117s","isPartOf":{"@id":"https:\/\/www.gintaresgeles.lt\/en\/#website"},"primaryImageOfPage":{"@id":"https:\/\/www.gintaresgeles.lt\/en\/puokste\/bouquet-of-white-roses-and-alstromeries\/#primaryimage"},"image":{"@id":"https:\/\/www.gintaresgeles.lt\/en\/puokste\/bouquet-of-white-roses-and-alstromeries\/#primaryimage"},"thumbnailUrl":"https:\/\/www.gintaresgeles.lt\/wp-content\/uploads\/2018\/06\/geliu-puokstes-baltos-rozes-su-spalvingomis-alstromerijomis-scaled.jpg","datePublished":"2018-06-25T09:32:14+00:00","dateModified":"2026-02-10T16:38:54+00:00","description":"Looking for an elegant gift to your precious someone? Or maybe you cannot choose luxurious-looking and together unique flowers for the jubilee? In any case, the best and the most tasteful choice will be the bouquet of white roses and altroemerias. Place the order online.","breadcrumb":{"@id":"https:\/\/www.gintaresgeles.lt\/en\/puokste\/bouquet-of-white-roses-and-alstromeries\/#breadcrumb"},"inLanguage":"en-US","potentialAction":[{"@type":"ReadAction","target":["https:\/\/www.gintaresgeles.lt\/en\/puokste\/bouquet-of-white-roses-and-alstromeries\/"]}]},{"@type":"ImageObject","inLanguage":"en-US","@id":"https:\/\/www.gintaresgeles.lt\/en\/puokste\/bouquet-of-white-roses-and-alstromeries\/#primaryimage","url":"https:\/\/www.gintaresgeles.lt\/wp-content\/uploads\/2018\/06\/geliu-puokstes-baltos-rozes-su-spalvingomis-alstromerijomis-scaled.jpg","contentUrl":"https:\/\/www.gintaresgeles.lt\/wp-content\/uploads\/2018\/06\/geliu-puokstes-baltos-rozes-su-spalvingomis-alstromerijomis-scaled.jpg","width":2560,"height":2560,"caption":"\u012evairi\u0173 spalv\u0173 alstromerijos ir baltos ro\u017e\u0117s puok\u0161t\u0117je gimtadienio g\u0117l\u0117s"},{"@type":"BreadcrumbList","@id":"https:\/\/www.gintaresgeles.lt\/en\/puokste\/bouquet-of-white-roses-and-alstromeries\/#breadcrumb","itemListElement":[{"@type":"ListItem","position":1,"name":"Prad\u017eia","item":"https:\/\/www.gintaresgeles.lt\/en\/"},{"@type":"ListItem","position":2,"name":"All flowers and other products","item":"https:\/\/www.gintaresgeles.lt\/en\/all-flowers-and-other-products\/"},{"@type":"ListItem","position":3,"name":"Bouquet of white roses and alstromeries"}]},{"@type":"WebSite","@id":"https:\/\/www.gintaresgeles.lt\/en\/#website","url":"https:\/\/www.gintaresgeles.lt\/en\/","name":"Gintares Geles","description":"Flower delivery in Vilnius | Same-day delivery | Gintares geles","potentialAction":[{"@type":"SearchAction","target":{"@type":"EntryPoint","urlTemplate":"https:\/\/www.gintaresgeles.lt\/en\/?s={search_term_string}"},"query-input":{"@type":"PropertyValueSpecification","valueRequired":true,"valueName":"search_term_string"}}],"inLanguage":"en-US"}]}},"_links":{"self":[{"href":"https:\/\/www.gintaresgeles.lt\/en\/wp-json\/wp\/v2\/product\/19050","targetHints":{"allow":["GET"]}}],"collection":[{"href":"https:\/\/www.gintaresgeles.lt\/en\/wp-json\/wp\/v2\/product"}],"about":[{"href":"https:\/\/www.gintaresgeles.lt\/en\/wp-json\/wp\/v2\/types\/product"}],"wp:featuredmedia":[{"embeddable":true,"href":"https:\/\/www.gintaresgeles.lt\/en\/wp-json\/wp\/v2\/media\/37013"}],"wp:attachment":[{"href":"https:\/\/www.gintaresgeles.lt\/en\/wp-json\/wp\/v2\/media?parent=19050"}],"wp:term":[{"taxonomy":"product_brand","embeddable":true,"href":"https:\/\/www.gintaresgeles.lt\/en\/wp-json\/wp\/v2\/product_brand?post=19050"},{"taxonomy":"product_cat","embeddable":true,"href":"https:\/\/www.gintaresgeles.lt\/en\/wp-json\/wp\/v2\/product_cat?post=19050"},{"taxonomy":"product_tag","embeddable":true,"href":"https:\/\/www.gintaresgeles.lt\/en\/wp-json\/wp\/v2\/product_tag?post=19050"}],"curies":[{"name":"wp","href":"https:\/\/api.w.org\/{rel}","templated":true}]}}