{"id":19068,"date":"2018-06-28T12:01:51","date_gmt":"2018-07-05T09:20:55","guid":{"rendered":"https:\/\/www.gintaresgeles.lt\/?post_type=product&#038;p=19068"},"modified":"2025-05-29T02:01:17","modified_gmt":"2025-05-29T00:01:17","slug":"two-color-carnation-box","status":"publish","type":"product","link":"https:\/\/www.gintaresgeles.lt\/en\/puokste\/two-color-carnation-box\/","title":{"rendered":"Two color carnation box"},"content":{"rendered":"<p>If you still believe that carnations are very traditional flowers that one usually buys for elder people, we will change your idea of these lovely flowers. One only needs to combine two flower colors, compose them in the box, add some decorations and voila: the most fascinating flower box. It will make even the choosiest people happy. The color of carnations is chosen depending on the flowers we have at the moment. Also, we choose the most suitable box and decorations (it may differ from the photo).<\/p>\n","protected":false},"excerpt":{"rendered":"<p style=\"text-align: justify\">Carnations symbolize love and respect in the family, so this two-colored carnation box will be suitable for your relatives or loved for any celebrations.<\/p>\n<p><em><strong>The colors are chosen from those we have on sale at the time, if you want a specific color contact us.<\/strong><\/em><\/p>\n","protected":false},"featured_media":18969,"template":"","meta":[],"product_brand":[],"product_cat":[260,259,252,266,265,256,258,253,257,428,246,267],"product_tag":[],"class_list":{"0":"post-19068","1":"product","2":"type-product","3":"status-publish","4":"has-post-thumbnail","6":"product_cat-birthday-flowers","7":"product_cat-flowers-by-occasion","8":"product_cat-flowers-by-recipient","9":"product_cat-flowers-by-style","10":"product_cat-flowers-by-type","11":"product_cat-flowers-for-girlfriend","12":"product_cat-flowers-for-men","13":"product_cat-flowers-for-mom","14":"product_cat-flowers-for-women","15":"product_cat-jubilee-flowers","16":"product_cat-carnations","17":"product_cat-flower-boxes","18":"tm-no-options","20":"first","21":"instock","22":"taxable","23":"shipping-taxable","24":"purchasable","25":"product-type-variable","26":"has-default-attributes"},"yoast_head":"<!-- This site is optimized with the Yoast SEO plugin v25.3 - https:\/\/yoast.com\/wordpress\/plugins\/seo\/ -->\n<title>Two-color carnation box | Carnations online| Gintar\u0117s G\u0117l\u0117s<\/title>\n<meta name=\"description\" content=\"Looking for gifts for mom or dad? Or maybe you need a bouquet that is suitable for a wedding? This two-colored carnation box is definitely the right choice! Send this box to friends or relatives. A surprise for them is guaranteed!\" \/>\n<meta name=\"robots\" content=\"index, follow, max-snippet:-1, max-image-preview:large, max-video-preview:-1\" \/>\n<link rel=\"canonical\" href=\"https:\/\/www.gintaresgeles.lt\/en\/puokste\/two-color-carnation-box\/\" \/>\n<meta property=\"og:locale\" content=\"en_US\" \/>\n<meta property=\"og:type\" content=\"article\" \/>\n<meta property=\"og:title\" content=\"Two-color carnation box | Carnations online| Gintar\u0117s G\u0117l\u0117s\" \/>\n<meta property=\"og:description\" content=\"Looking for gifts for mom or dad? Or maybe you need a bouquet that is suitable for a wedding? This two-colored carnation box is definitely the right choice! Send this box to friends or relatives. A surprise for them is guaranteed!\" \/>\n<meta property=\"og:url\" content=\"https:\/\/www.gintaresgeles.lt\/en\/puokste\/two-color-carnation-box\/\" \/>\n<meta property=\"og:site_name\" content=\"gintaresgeles.lt\" \/>\n<meta property=\"article:modified_time\" content=\"2025-05-29T00:01:17+00:00\" \/>\n<meta property=\"og:image\" content=\"https:\/\/www.gintaresgeles.lt\/wp-content\/uploads\/2018\/06\/dvieju-spalvu-gvazdiku-dezute.jpg\" \/>\n\t<meta property=\"og:image:width\" content=\"600\" \/>\n\t<meta property=\"og:image:height\" content=\"600\" \/>\n\t<meta property=\"og:image:type\" content=\"image\/jpeg\" \/>\n<meta name=\"twitter:card\" content=\"summary_large_image\" \/>\n<script type=\"application\/ld+json\" class=\"yoast-schema-graph\">{\"@context\":\"https:\/\/schema.org\",\"@graph\":[{\"@type\":\"WebPage\",\"@id\":\"https:\/\/www.gintaresgeles.lt\/en\/puokste\/two-color-carnation-box\/\",\"url\":\"https:\/\/www.gintaresgeles.lt\/en\/puokste\/two-color-carnation-box\/\",\"name\":\"Two-color carnation box | Carnations online| Gintar\u0117s G\u0117l\u0117s\",\"isPartOf\":{\"@id\":\"https:\/\/www.gintaresgeles.lt\/en\/#website\"},\"primaryImageOfPage\":{\"@id\":\"https:\/\/www.gintaresgeles.lt\/en\/puokste\/two-color-carnation-box\/#primaryimage\"},\"image\":{\"@id\":\"https:\/\/www.gintaresgeles.lt\/en\/puokste\/two-color-carnation-box\/#primaryimage\"},\"thumbnailUrl\":\"https:\/\/www.gintaresgeles.lt\/wp-content\/uploads\/2018\/06\/dvieju-spalvu-gvazdiku-dezute.jpg\",\"datePublished\":\"2018-07-05T09:20:55+00:00\",\"dateModified\":\"2025-05-29T00:01:17+00:00\",\"description\":\"Looking for gifts for mom or dad? Or maybe you need a bouquet that is suitable for a wedding? This two-colored carnation box is definitely the right choice! Send this box to friends or relatives. A surprise for them is guaranteed!\",\"breadcrumb\":{\"@id\":\"https:\/\/www.gintaresgeles.lt\/en\/puokste\/two-color-carnation-box\/#breadcrumb\"},\"inLanguage\":\"en-US\",\"potentialAction\":[{\"@type\":\"ReadAction\",\"target\":[\"https:\/\/www.gintaresgeles.lt\/en\/puokste\/two-color-carnation-box\/\"]}]},{\"@type\":\"ImageObject\",\"inLanguage\":\"en-US\",\"@id\":\"https:\/\/www.gintaresgeles.lt\/en\/puokste\/two-color-carnation-box\/#primaryimage\",\"url\":\"https:\/\/www.gintaresgeles.lt\/wp-content\/uploads\/2018\/06\/dvieju-spalvu-gvazdiku-dezute.jpg\",\"contentUrl\":\"https:\/\/www.gintaresgeles.lt\/wp-content\/uploads\/2018\/06\/dvieju-spalvu-gvazdiku-dezute.jpg\",\"width\":600,\"height\":600,\"caption\":\"Two-color carnation box\"},{\"@type\":\"BreadcrumbList\",\"@id\":\"https:\/\/www.gintaresgeles.lt\/en\/puokste\/two-color-carnation-box\/#breadcrumb\",\"itemListElement\":[{\"@type\":\"ListItem\",\"position\":1,\"name\":\"Prad\u017eia\",\"item\":\"https:\/\/www.gintaresgeles.lt\/en\/\"},{\"@type\":\"ListItem\",\"position\":2,\"name\":\"All flowers and other products\",\"item\":\"https:\/\/www.gintaresgeles.lt\/en\/all-flowers-and-other-products\/\"},{\"@type\":\"ListItem\",\"position\":3,\"name\":\"Two color carnation box\"}]},{\"@type\":\"WebSite\",\"@id\":\"https:\/\/www.gintaresgeles.lt\/en\/#website\",\"url\":\"https:\/\/www.gintaresgeles.lt\/en\/\",\"name\":\"Gintares Geles\",\"description\":\"Flower delivery in Vilnius | Same-day delivery | Gintares geles\",\"potentialAction\":[{\"@type\":\"SearchAction\",\"target\":{\"@type\":\"EntryPoint\",\"urlTemplate\":\"https:\/\/www.gintaresgeles.lt\/en\/?s={search_term_string}\"},\"query-input\":{\"@type\":\"PropertyValueSpecification\",\"valueRequired\":true,\"valueName\":\"search_term_string\"}}],\"inLanguage\":\"en-US\"}]}<\/script>\n<!-- \/ Yoast SEO plugin. -->","yoast_head_json":{"title":"Two-color carnation box | Carnations online| Gintar\u0117s G\u0117l\u0117s","description":"Looking for gifts for mom or dad? Or maybe you need a bouquet that is suitable for a wedding? This two-colored carnation box is definitely the right choice! Send this box to friends or relatives. A surprise for them is guaranteed!","robots":{"index":"index","follow":"follow","max-snippet":"max-snippet:-1","max-image-preview":"max-image-preview:large","max-video-preview":"max-video-preview:-1"},"canonical":"https:\/\/www.gintaresgeles.lt\/en\/puokste\/two-color-carnation-box\/","og_locale":"en_US","og_type":"article","og_title":"Two-color carnation box | Carnations online| Gintar\u0117s G\u0117l\u0117s","og_description":"Looking for gifts for mom or dad? Or maybe you need a bouquet that is suitable for a wedding? This two-colored carnation box is definitely the right choice! Send this box to friends or relatives. A surprise for them is guaranteed!","og_url":"https:\/\/www.gintaresgeles.lt\/en\/puokste\/two-color-carnation-box\/","og_site_name":"gintaresgeles.lt","article_modified_time":"2025-05-29T00:01:17+00:00","og_image":[{"width":600,"height":600,"url":"https:\/\/www.gintaresgeles.lt\/wp-content\/uploads\/2018\/06\/dvieju-spalvu-gvazdiku-dezute.jpg","type":"image\/jpeg"}],"twitter_card":"summary_large_image","schema":{"@context":"https:\/\/schema.org","@graph":[{"@type":"WebPage","@id":"https:\/\/www.gintaresgeles.lt\/en\/puokste\/two-color-carnation-box\/","url":"https:\/\/www.gintaresgeles.lt\/en\/puokste\/two-color-carnation-box\/","name":"Two-color carnation box | Carnations online| Gintar\u0117s G\u0117l\u0117s","isPartOf":{"@id":"https:\/\/www.gintaresgeles.lt\/en\/#website"},"primaryImageOfPage":{"@id":"https:\/\/www.gintaresgeles.lt\/en\/puokste\/two-color-carnation-box\/#primaryimage"},"image":{"@id":"https:\/\/www.gintaresgeles.lt\/en\/puokste\/two-color-carnation-box\/#primaryimage"},"thumbnailUrl":"https:\/\/www.gintaresgeles.lt\/wp-content\/uploads\/2018\/06\/dvieju-spalvu-gvazdiku-dezute.jpg","datePublished":"2018-07-05T09:20:55+00:00","dateModified":"2025-05-29T00:01:17+00:00","description":"Looking for gifts for mom or dad? Or maybe you need a bouquet that is suitable for a wedding? This two-colored carnation box is definitely the right choice! Send this box to friends or relatives. A surprise for them is guaranteed!","breadcrumb":{"@id":"https:\/\/www.gintaresgeles.lt\/en\/puokste\/two-color-carnation-box\/#breadcrumb"},"inLanguage":"en-US","potentialAction":[{"@type":"ReadAction","target":["https:\/\/www.gintaresgeles.lt\/en\/puokste\/two-color-carnation-box\/"]}]},{"@type":"ImageObject","inLanguage":"en-US","@id":"https:\/\/www.gintaresgeles.lt\/en\/puokste\/two-color-carnation-box\/#primaryimage","url":"https:\/\/www.gintaresgeles.lt\/wp-content\/uploads\/2018\/06\/dvieju-spalvu-gvazdiku-dezute.jpg","contentUrl":"https:\/\/www.gintaresgeles.lt\/wp-content\/uploads\/2018\/06\/dvieju-spalvu-gvazdiku-dezute.jpg","width":600,"height":600,"caption":"Two-color carnation box"},{"@type":"BreadcrumbList","@id":"https:\/\/www.gintaresgeles.lt\/en\/puokste\/two-color-carnation-box\/#breadcrumb","itemListElement":[{"@type":"ListItem","position":1,"name":"Prad\u017eia","item":"https:\/\/www.gintaresgeles.lt\/en\/"},{"@type":"ListItem","position":2,"name":"All flowers and other products","item":"https:\/\/www.gintaresgeles.lt\/en\/all-flowers-and-other-products\/"},{"@type":"ListItem","position":3,"name":"Two color carnation box"}]},{"@type":"WebSite","@id":"https:\/\/www.gintaresgeles.lt\/en\/#website","url":"https:\/\/www.gintaresgeles.lt\/en\/","name":"Gintares Geles","description":"Flower delivery in Vilnius | Same-day delivery | Gintares geles","potentialAction":[{"@type":"SearchAction","target":{"@type":"EntryPoint","urlTemplate":"https:\/\/www.gintaresgeles.lt\/en\/?s={search_term_string}"},"query-input":{"@type":"PropertyValueSpecification","valueRequired":true,"valueName":"search_term_string"}}],"inLanguage":"en-US"}]}},"_links":{"self":[{"href":"https:\/\/www.gintaresgeles.lt\/en\/wp-json\/wp\/v2\/product\/19068","targetHints":{"allow":["GET"]}}],"collection":[{"href":"https:\/\/www.gintaresgeles.lt\/en\/wp-json\/wp\/v2\/product"}],"about":[{"href":"https:\/\/www.gintaresgeles.lt\/en\/wp-json\/wp\/v2\/types\/product"}],"wp:featuredmedia":[{"embeddable":true,"href":"https:\/\/www.gintaresgeles.lt\/en\/wp-json\/wp\/v2\/media\/18969"}],"wp:attachment":[{"href":"https:\/\/www.gintaresgeles.lt\/en\/wp-json\/wp\/v2\/media?parent=19068"}],"wp:term":[{"taxonomy":"product_brand","embeddable":true,"href":"https:\/\/www.gintaresgeles.lt\/en\/wp-json\/wp\/v2\/product_brand?post=19068"},{"taxonomy":"product_cat","embeddable":true,"href":"https:\/\/www.gintaresgeles.lt\/en\/wp-json\/wp\/v2\/product_cat?post=19068"},{"taxonomy":"product_tag","embeddable":true,"href":"https:\/\/www.gintaresgeles.lt\/en\/wp-json\/wp\/v2\/product_tag?post=19068"}],"curies":[{"name":"wp","href":"https:\/\/api.w.org\/{rel}","templated":true}]}}