{"id":19101,"date":"2018-06-14T16:17:03","date_gmt":"2018-07-09T06:48:48","guid":{"rendered":"https:\/\/www.gintaresgeles.lt\/?post_type=product&#038;p=19101"},"modified":"2025-05-29T02:01:21","modified_gmt":"2025-05-29T00:01:21","slug":"different-colors-of-the-hydrangea-box","status":"publish","type":"product","link":"https:\/\/www.gintaresgeles.lt\/en\/puokste\/different-colors-of-the-hydrangea-box\/","title":{"rendered":"Different colors of the hydrangea box"},"content":{"rendered":"<p>Congratulate and surprise each other on various occasions. This colorful hydrangea box can become the most wonderful gift. Hydrangea is exceptional because of its massive blossoms, thus medium-sized and large boxes will consist of three hydrangeas of different colors. The color of flowers is chosen randomly. We match the color of the ribbon and the box (colors may differ from the photo).<\/p>\n","protected":false},"excerpt":{"rendered":"<p style=\"text-align: justify\">In the colorful hydrangea box &#8211; original, holy, full of all the delightful gifts of your little flower. Choose the amount of flowers that will depend on the size of the box. Send a special gift to a loved one or a loved one!<\/p>\n<p><em><strong>The colors are chosen from those we have on sale at the time, if you want a specific color contact us.<\/strong><\/em><\/p>\n","protected":false},"featured_media":18872,"template":"","meta":[],"product_brand":[],"product_cat":[261,260,259,252,266,265,256,258,253,257,428,267,906],"product_tag":[],"class_list":{"0":"post-19101","1":"product","2":"type-product","3":"status-publish","4":"has-post-thumbnail","6":"product_cat-birthday-bouquets","7":"product_cat-birthday-flowers","8":"product_cat-flowers-by-occasion","9":"product_cat-flowers-by-recipient","10":"product_cat-flowers-by-style","11":"product_cat-flowers-by-type","12":"product_cat-flowers-for-girlfriend","13":"product_cat-flowers-for-men","14":"product_cat-flowers-for-mom","15":"product_cat-flowers-for-women","16":"product_cat-jubilee-flowers","17":"product_cat-flower-boxes","18":"product_cat-hydrangea","19":"tm-no-options","21":"first","22":"outofstock","23":"taxable","24":"shipping-taxable","25":"purchasable","26":"product-type-variable","27":"has-default-attributes"},"yoast_head":"<!-- This site is optimized with the Yoast SEO plugin v25.3 - https:\/\/yoast.com\/wordpress\/plugins\/seo\/ -->\n<title>Different colors of the hydrangea box | Flowers to home | Gintar\u0117sG\u0117l\u0117s<\/title>\n<meta name=\"description\" content=\"Hydrangeas are in itself expressive and highly entertaining flowers. However, by sending a box of different colored hydrangeas to a dear person, you will make a truly unforgettable holiday and give a memorable gift. Order online with delivery in Vilnius or Vilnius suburbs.\" \/>\n<meta name=\"robots\" content=\"index, follow, max-snippet:-1, max-image-preview:large, max-video-preview:-1\" \/>\n<link rel=\"canonical\" href=\"https:\/\/www.gintaresgeles.lt\/en\/puokste\/different-colors-of-the-hydrangea-box\/\" \/>\n<meta property=\"og:locale\" content=\"en_US\" \/>\n<meta property=\"og:type\" content=\"article\" \/>\n<meta property=\"og:title\" content=\"Different colors of the hydrangea box | Flowers to home | Gintar\u0117sG\u0117l\u0117s\" \/>\n<meta property=\"og:description\" content=\"Hydrangeas are in itself expressive and highly entertaining flowers. However, by sending a box of different colored hydrangeas to a dear person, you will make a truly unforgettable holiday and give a memorable gift. Order online with delivery in Vilnius or Vilnius suburbs.\" \/>\n<meta property=\"og:url\" content=\"https:\/\/www.gintaresgeles.lt\/en\/puokste\/different-colors-of-the-hydrangea-box\/\" \/>\n<meta property=\"og:site_name\" content=\"gintaresgeles.lt\" \/>\n<meta property=\"article:modified_time\" content=\"2025-05-29T00:01:21+00:00\" \/>\n<meta property=\"og:image\" content=\"https:\/\/www.gintaresgeles.lt\/wp-content\/uploads\/2018\/06\/ivairiu-spalvu-hortenziju-dezute.jpg\" \/>\n\t<meta property=\"og:image:width\" content=\"600\" \/>\n\t<meta property=\"og:image:height\" content=\"600\" \/>\n\t<meta property=\"og:image:type\" content=\"image\/jpeg\" \/>\n<meta name=\"twitter:card\" content=\"summary_large_image\" \/>\n<script type=\"application\/ld+json\" class=\"yoast-schema-graph\">{\"@context\":\"https:\/\/schema.org\",\"@graph\":[{\"@type\":\"WebPage\",\"@id\":\"https:\/\/www.gintaresgeles.lt\/en\/puokste\/different-colors-of-the-hydrangea-box\/\",\"url\":\"https:\/\/www.gintaresgeles.lt\/en\/puokste\/different-colors-of-the-hydrangea-box\/\",\"name\":\"Different colors of the hydrangea box | Flowers to home | Gintar\u0117sG\u0117l\u0117s\",\"isPartOf\":{\"@id\":\"https:\/\/www.gintaresgeles.lt\/en\/#website\"},\"primaryImageOfPage\":{\"@id\":\"https:\/\/www.gintaresgeles.lt\/en\/puokste\/different-colors-of-the-hydrangea-box\/#primaryimage\"},\"image\":{\"@id\":\"https:\/\/www.gintaresgeles.lt\/en\/puokste\/different-colors-of-the-hydrangea-box\/#primaryimage\"},\"thumbnailUrl\":\"https:\/\/www.gintaresgeles.lt\/wp-content\/uploads\/2018\/06\/ivairiu-spalvu-hortenziju-dezute.jpg\",\"datePublished\":\"2018-07-09T06:48:48+00:00\",\"dateModified\":\"2025-05-29T00:01:21+00:00\",\"description\":\"Hydrangeas are in itself expressive and highly entertaining flowers. However, by sending a box of different colored hydrangeas to a dear person, you will make a truly unforgettable holiday and give a memorable gift. Order online with delivery in Vilnius or Vilnius suburbs.\",\"breadcrumb\":{\"@id\":\"https:\/\/www.gintaresgeles.lt\/en\/puokste\/different-colors-of-the-hydrangea-box\/#breadcrumb\"},\"inLanguage\":\"en-US\",\"potentialAction\":[{\"@type\":\"ReadAction\",\"target\":[\"https:\/\/www.gintaresgeles.lt\/en\/puokste\/different-colors-of-the-hydrangea-box\/\"]}]},{\"@type\":\"ImageObject\",\"inLanguage\":\"en-US\",\"@id\":\"https:\/\/www.gintaresgeles.lt\/en\/puokste\/different-colors-of-the-hydrangea-box\/#primaryimage\",\"url\":\"https:\/\/www.gintaresgeles.lt\/wp-content\/uploads\/2018\/06\/ivairiu-spalvu-hortenziju-dezute.jpg\",\"contentUrl\":\"https:\/\/www.gintaresgeles.lt\/wp-content\/uploads\/2018\/06\/ivairiu-spalvu-hortenziju-dezute.jpg\",\"width\":600,\"height\":600,\"caption\":\"Different colors of the hydrangea box\"},{\"@type\":\"BreadcrumbList\",\"@id\":\"https:\/\/www.gintaresgeles.lt\/en\/puokste\/different-colors-of-the-hydrangea-box\/#breadcrumb\",\"itemListElement\":[{\"@type\":\"ListItem\",\"position\":1,\"name\":\"Prad\u017eia\",\"item\":\"https:\/\/www.gintaresgeles.lt\/en\/\"},{\"@type\":\"ListItem\",\"position\":2,\"name\":\"All flowers and other products\",\"item\":\"https:\/\/www.gintaresgeles.lt\/en\/all-flowers-and-other-products\/\"},{\"@type\":\"ListItem\",\"position\":3,\"name\":\"Different colors of the hydrangea box\"}]},{\"@type\":\"WebSite\",\"@id\":\"https:\/\/www.gintaresgeles.lt\/en\/#website\",\"url\":\"https:\/\/www.gintaresgeles.lt\/en\/\",\"name\":\"gintaresgeles.lt\",\"description\":\"G\u0117li\u0173 parduotuv\u0117 internete\",\"potentialAction\":[{\"@type\":\"SearchAction\",\"target\":{\"@type\":\"EntryPoint\",\"urlTemplate\":\"https:\/\/www.gintaresgeles.lt\/en\/?s={search_term_string}\"},\"query-input\":{\"@type\":\"PropertyValueSpecification\",\"valueRequired\":true,\"valueName\":\"search_term_string\"}}],\"inLanguage\":\"en-US\"}]}<\/script>\n<!-- \/ Yoast SEO plugin. -->","yoast_head_json":{"title":"Different colors of the hydrangea box | Flowers to home | Gintar\u0117sG\u0117l\u0117s","description":"Hydrangeas are in itself expressive and highly entertaining flowers. However, by sending a box of different colored hydrangeas to a dear person, you will make a truly unforgettable holiday and give a memorable gift. Order online with delivery in Vilnius or Vilnius suburbs.","robots":{"index":"index","follow":"follow","max-snippet":"max-snippet:-1","max-image-preview":"max-image-preview:large","max-video-preview":"max-video-preview:-1"},"canonical":"https:\/\/www.gintaresgeles.lt\/en\/puokste\/different-colors-of-the-hydrangea-box\/","og_locale":"en_US","og_type":"article","og_title":"Different colors of the hydrangea box | Flowers to home | Gintar\u0117sG\u0117l\u0117s","og_description":"Hydrangeas are in itself expressive and highly entertaining flowers. However, by sending a box of different colored hydrangeas to a dear person, you will make a truly unforgettable holiday and give a memorable gift. Order online with delivery in Vilnius or Vilnius suburbs.","og_url":"https:\/\/www.gintaresgeles.lt\/en\/puokste\/different-colors-of-the-hydrangea-box\/","og_site_name":"gintaresgeles.lt","article_modified_time":"2025-05-29T00:01:21+00:00","og_image":[{"width":600,"height":600,"url":"https:\/\/www.gintaresgeles.lt\/wp-content\/uploads\/2018\/06\/ivairiu-spalvu-hortenziju-dezute.jpg","type":"image\/jpeg"}],"twitter_card":"summary_large_image","schema":{"@context":"https:\/\/schema.org","@graph":[{"@type":"WebPage","@id":"https:\/\/www.gintaresgeles.lt\/en\/puokste\/different-colors-of-the-hydrangea-box\/","url":"https:\/\/www.gintaresgeles.lt\/en\/puokste\/different-colors-of-the-hydrangea-box\/","name":"Different colors of the hydrangea box | Flowers to home | Gintar\u0117sG\u0117l\u0117s","isPartOf":{"@id":"https:\/\/www.gintaresgeles.lt\/en\/#website"},"primaryImageOfPage":{"@id":"https:\/\/www.gintaresgeles.lt\/en\/puokste\/different-colors-of-the-hydrangea-box\/#primaryimage"},"image":{"@id":"https:\/\/www.gintaresgeles.lt\/en\/puokste\/different-colors-of-the-hydrangea-box\/#primaryimage"},"thumbnailUrl":"https:\/\/www.gintaresgeles.lt\/wp-content\/uploads\/2018\/06\/ivairiu-spalvu-hortenziju-dezute.jpg","datePublished":"2018-07-09T06:48:48+00:00","dateModified":"2025-05-29T00:01:21+00:00","description":"Hydrangeas are in itself expressive and highly entertaining flowers. However, by sending a box of different colored hydrangeas to a dear person, you will make a truly unforgettable holiday and give a memorable gift. Order online with delivery in Vilnius or Vilnius suburbs.","breadcrumb":{"@id":"https:\/\/www.gintaresgeles.lt\/en\/puokste\/different-colors-of-the-hydrangea-box\/#breadcrumb"},"inLanguage":"en-US","potentialAction":[{"@type":"ReadAction","target":["https:\/\/www.gintaresgeles.lt\/en\/puokste\/different-colors-of-the-hydrangea-box\/"]}]},{"@type":"ImageObject","inLanguage":"en-US","@id":"https:\/\/www.gintaresgeles.lt\/en\/puokste\/different-colors-of-the-hydrangea-box\/#primaryimage","url":"https:\/\/www.gintaresgeles.lt\/wp-content\/uploads\/2018\/06\/ivairiu-spalvu-hortenziju-dezute.jpg","contentUrl":"https:\/\/www.gintaresgeles.lt\/wp-content\/uploads\/2018\/06\/ivairiu-spalvu-hortenziju-dezute.jpg","width":600,"height":600,"caption":"Different colors of the hydrangea box"},{"@type":"BreadcrumbList","@id":"https:\/\/www.gintaresgeles.lt\/en\/puokste\/different-colors-of-the-hydrangea-box\/#breadcrumb","itemListElement":[{"@type":"ListItem","position":1,"name":"Prad\u017eia","item":"https:\/\/www.gintaresgeles.lt\/en\/"},{"@type":"ListItem","position":2,"name":"All flowers and other products","item":"https:\/\/www.gintaresgeles.lt\/en\/all-flowers-and-other-products\/"},{"@type":"ListItem","position":3,"name":"Different colors of the hydrangea box"}]},{"@type":"WebSite","@id":"https:\/\/www.gintaresgeles.lt\/en\/#website","url":"https:\/\/www.gintaresgeles.lt\/en\/","name":"gintaresgeles.lt","description":"G\u0117li\u0173 parduotuv\u0117 internete","potentialAction":[{"@type":"SearchAction","target":{"@type":"EntryPoint","urlTemplate":"https:\/\/www.gintaresgeles.lt\/en\/?s={search_term_string}"},"query-input":{"@type":"PropertyValueSpecification","valueRequired":true,"valueName":"search_term_string"}}],"inLanguage":"en-US"}]}},"_links":{"self":[{"href":"https:\/\/www.gintaresgeles.lt\/en\/wp-json\/wp\/v2\/product\/19101","targetHints":{"allow":["GET"]}}],"collection":[{"href":"https:\/\/www.gintaresgeles.lt\/en\/wp-json\/wp\/v2\/product"}],"about":[{"href":"https:\/\/www.gintaresgeles.lt\/en\/wp-json\/wp\/v2\/types\/product"}],"wp:featuredmedia":[{"embeddable":true,"href":"https:\/\/www.gintaresgeles.lt\/en\/wp-json\/wp\/v2\/media\/18872"}],"wp:attachment":[{"href":"https:\/\/www.gintaresgeles.lt\/en\/wp-json\/wp\/v2\/media?parent=19101"}],"wp:term":[{"taxonomy":"product_brand","embeddable":true,"href":"https:\/\/www.gintaresgeles.lt\/en\/wp-json\/wp\/v2\/product_brand?post=19101"},{"taxonomy":"product_cat","embeddable":true,"href":"https:\/\/www.gintaresgeles.lt\/en\/wp-json\/wp\/v2\/product_cat?post=19101"},{"taxonomy":"product_tag","embeddable":true,"href":"https:\/\/www.gintaresgeles.lt\/en\/wp-json\/wp\/v2\/product_tag?post=19101"}],"curies":[{"name":"wp","href":"https:\/\/api.w.org\/{rel}","templated":true}]}}