{"id":19104,"date":"2018-06-14T15:55:19","date_gmt":"2018-07-09T06:56:39","guid":{"rendered":"https:\/\/www.gintaresgeles.lt\/?post_type=product&#038;p=19104"},"modified":"2025-05-29T02:01:21","modified_gmt":"2025-05-29T00:01:21","slug":"two-colored-hydrangeas-bouquet","status":"publish","type":"product","link":"https:\/\/www.gintaresgeles.lt\/en\/puokste\/two-colored-hydrangeas-bouquet\/","title":{"rendered":"Two colored hydrangeas bouquet"},"content":{"rendered":"<p>Blue, azure, purple, dark red, pink or other colors of hydrangea will become the irreplaceable gift during the summer. If you are searching for flowers to surprise someone or to express love, care, and to convey best wishes &#8211; hydrangeas are perfect for that. The color of flowers is chosen randomly; however, we always match the colors of hydrangea and the ribbon.<\/p>\n","protected":false},"excerpt":{"rendered":"<p style=\"text-align: justify\">Each hydrangea blossom looks like a full bouquet of flowers, so just a few of these flower blossoms will produce fine results. Whenever you want to give a spectacular bouquet &#8211; choose a larger amount of hydrangea &#8211; you&#8217;ll find it stunning and flawless.<\/p>\n<p><em><strong>The colors are chosen from those we have on sale at the time, if you want a specific color contact us.<\/strong><\/em><\/p>\n","protected":false},"featured_media":44028,"template":"","meta":[],"product_brand":[],"product_cat":[261,260,259,252,266,265,256,258,253,257,428,268,1966,906],"product_tag":[],"class_list":{"0":"post-19104","1":"product","2":"type-product","3":"status-publish","4":"has-post-thumbnail","6":"product_cat-birthday-bouquets","7":"product_cat-birthday-flowers","8":"product_cat-flowers-by-occasion","9":"product_cat-flowers-by-recipient","10":"product_cat-flowers-by-style","11":"product_cat-flowers-by-type","12":"product_cat-flowers-for-girlfriend","13":"product_cat-flowers-for-men","14":"product_cat-flowers-for-mom","15":"product_cat-flowers-for-women","16":"product_cat-jubilee-flowers","17":"product_cat-flower-bouquets","18":"product_cat-flowers-wrapped-in-paper","19":"product_cat-hydrangea","20":"tm-has-options","22":"first","23":"outofstock","24":"taxable","25":"shipping-taxable","26":"purchasable","27":"product-type-variable","28":"has-default-attributes"},"yoast_head":"<!-- This site is optimized with the Yoast SEO plugin v25.3 - https:\/\/yoast.com\/wordpress\/plugins\/seo\/ -->\n<title>Two colored hydrangeas bouquet | Hydrangeas delivery | Gintar\u0117sG\u0117l\u0117s<\/title>\n<meta name=\"description\" content=\"A bouquet of two colors of hydrangeas is a charming gift for any occasion that takes place in the summer. Wide flower flowers will look flawless and will surprise everyone with their excitement of comfort and warmth. Order a bouquet with delivery at home in Vilnius or in the suburbs of Vilnius.\" \/>\n<meta name=\"robots\" content=\"index, follow, max-snippet:-1, max-image-preview:large, max-video-preview:-1\" \/>\n<link rel=\"canonical\" href=\"https:\/\/www.gintaresgeles.lt\/en\/puokste\/two-colored-hydrangeas-bouquet\/\" \/>\n<meta property=\"og:locale\" content=\"en_US\" \/>\n<meta property=\"og:type\" content=\"article\" \/>\n<meta property=\"og:title\" content=\"Two colored hydrangeas bouquet | Hydrangeas delivery | Gintar\u0117sG\u0117l\u0117s\" \/>\n<meta property=\"og:description\" content=\"A bouquet of two colors of hydrangeas is a charming gift for any occasion that takes place in the summer. Wide flower flowers will look flawless and will surprise everyone with their excitement of comfort and warmth. Order a bouquet with delivery at home in Vilnius or in the suburbs of Vilnius.\" \/>\n<meta property=\"og:url\" content=\"https:\/\/www.gintaresgeles.lt\/en\/puokste\/two-colored-hydrangeas-bouquet\/\" \/>\n<meta property=\"og:site_name\" content=\"gintaresgeles.lt\" \/>\n<meta property=\"article:modified_time\" content=\"2025-05-29T00:01:21+00:00\" \/>\n<meta property=\"og:image\" content=\"https:\/\/www.gintaresgeles.lt\/wp-content\/uploads\/2018\/06\/dvieju-spalvu-hortenziju-puokste-geles-moterims.jpg\" \/>\n\t<meta property=\"og:image:width\" content=\"1200\" \/>\n\t<meta property=\"og:image:height\" content=\"1200\" \/>\n\t<meta property=\"og:image:type\" content=\"image\/jpeg\" \/>\n<meta name=\"twitter:card\" content=\"summary_large_image\" \/>\n<script type=\"application\/ld+json\" class=\"yoast-schema-graph\">{\"@context\":\"https:\/\/schema.org\",\"@graph\":[{\"@type\":\"WebPage\",\"@id\":\"https:\/\/www.gintaresgeles.lt\/en\/puokste\/two-colored-hydrangeas-bouquet\/\",\"url\":\"https:\/\/www.gintaresgeles.lt\/en\/puokste\/two-colored-hydrangeas-bouquet\/\",\"name\":\"Two colored hydrangeas bouquet | Hydrangeas delivery | Gintar\u0117sG\u0117l\u0117s\",\"isPartOf\":{\"@id\":\"https:\/\/www.gintaresgeles.lt\/en\/#website\"},\"primaryImageOfPage\":{\"@id\":\"https:\/\/www.gintaresgeles.lt\/en\/puokste\/two-colored-hydrangeas-bouquet\/#primaryimage\"},\"image\":{\"@id\":\"https:\/\/www.gintaresgeles.lt\/en\/puokste\/two-colored-hydrangeas-bouquet\/#primaryimage\"},\"thumbnailUrl\":\"https:\/\/www.gintaresgeles.lt\/wp-content\/uploads\/2018\/06\/dvieju-spalvu-hortenziju-puokste-geles-moterims.jpg\",\"datePublished\":\"2018-07-09T06:56:39+00:00\",\"dateModified\":\"2025-05-29T00:01:21+00:00\",\"description\":\"A bouquet of two colors of hydrangeas is a charming gift for any occasion that takes place in the summer. Wide flower flowers will look flawless and will surprise everyone with their excitement of comfort and warmth. Order a bouquet with delivery at home in Vilnius or in the suburbs of Vilnius.\",\"breadcrumb\":{\"@id\":\"https:\/\/www.gintaresgeles.lt\/en\/puokste\/two-colored-hydrangeas-bouquet\/#breadcrumb\"},\"inLanguage\":\"en-US\",\"potentialAction\":[{\"@type\":\"ReadAction\",\"target\":[\"https:\/\/www.gintaresgeles.lt\/en\/puokste\/two-colored-hydrangeas-bouquet\/\"]}]},{\"@type\":\"ImageObject\",\"inLanguage\":\"en-US\",\"@id\":\"https:\/\/www.gintaresgeles.lt\/en\/puokste\/two-colored-hydrangeas-bouquet\/#primaryimage\",\"url\":\"https:\/\/www.gintaresgeles.lt\/wp-content\/uploads\/2018\/06\/dvieju-spalvu-hortenziju-puokste-geles-moterims.jpg\",\"contentUrl\":\"https:\/\/www.gintaresgeles.lt\/wp-content\/uploads\/2018\/06\/dvieju-spalvu-hortenziju-puokste-geles-moterims.jpg\",\"width\":1200,\"height\":1200,\"caption\":\"Hortenzijos puok\u0161t\u0117je dviej\u0173 spalv\u0173 gimtadienio g\u0117l\u0117s\"},{\"@type\":\"BreadcrumbList\",\"@id\":\"https:\/\/www.gintaresgeles.lt\/en\/puokste\/two-colored-hydrangeas-bouquet\/#breadcrumb\",\"itemListElement\":[{\"@type\":\"ListItem\",\"position\":1,\"name\":\"Prad\u017eia\",\"item\":\"https:\/\/www.gintaresgeles.lt\/en\/\"},{\"@type\":\"ListItem\",\"position\":2,\"name\":\"All flowers and other products\",\"item\":\"https:\/\/www.gintaresgeles.lt\/en\/all-flowers-and-other-products\/\"},{\"@type\":\"ListItem\",\"position\":3,\"name\":\"Two colored hydrangeas bouquet\"}]},{\"@type\":\"WebSite\",\"@id\":\"https:\/\/www.gintaresgeles.lt\/en\/#website\",\"url\":\"https:\/\/www.gintaresgeles.lt\/en\/\",\"name\":\"gintaresgeles.lt\",\"description\":\"G\u0117li\u0173 parduotuv\u0117 internete\",\"potentialAction\":[{\"@type\":\"SearchAction\",\"target\":{\"@type\":\"EntryPoint\",\"urlTemplate\":\"https:\/\/www.gintaresgeles.lt\/en\/?s={search_term_string}\"},\"query-input\":{\"@type\":\"PropertyValueSpecification\",\"valueRequired\":true,\"valueName\":\"search_term_string\"}}],\"inLanguage\":\"en-US\"}]}<\/script>\n<!-- \/ Yoast SEO plugin. -->","yoast_head_json":{"title":"Two colored hydrangeas bouquet | Hydrangeas delivery | Gintar\u0117sG\u0117l\u0117s","description":"A bouquet of two colors of hydrangeas is a charming gift for any occasion that takes place in the summer. Wide flower flowers will look flawless and will surprise everyone with their excitement of comfort and warmth. Order a bouquet with delivery at home in Vilnius or in the suburbs of Vilnius.","robots":{"index":"index","follow":"follow","max-snippet":"max-snippet:-1","max-image-preview":"max-image-preview:large","max-video-preview":"max-video-preview:-1"},"canonical":"https:\/\/www.gintaresgeles.lt\/en\/puokste\/two-colored-hydrangeas-bouquet\/","og_locale":"en_US","og_type":"article","og_title":"Two colored hydrangeas bouquet | Hydrangeas delivery | Gintar\u0117sG\u0117l\u0117s","og_description":"A bouquet of two colors of hydrangeas is a charming gift for any occasion that takes place in the summer. Wide flower flowers will look flawless and will surprise everyone with their excitement of comfort and warmth. Order a bouquet with delivery at home in Vilnius or in the suburbs of Vilnius.","og_url":"https:\/\/www.gintaresgeles.lt\/en\/puokste\/two-colored-hydrangeas-bouquet\/","og_site_name":"gintaresgeles.lt","article_modified_time":"2025-05-29T00:01:21+00:00","og_image":[{"width":1200,"height":1200,"url":"https:\/\/www.gintaresgeles.lt\/wp-content\/uploads\/2018\/06\/dvieju-spalvu-hortenziju-puokste-geles-moterims.jpg","type":"image\/jpeg"}],"twitter_card":"summary_large_image","schema":{"@context":"https:\/\/schema.org","@graph":[{"@type":"WebPage","@id":"https:\/\/www.gintaresgeles.lt\/en\/puokste\/two-colored-hydrangeas-bouquet\/","url":"https:\/\/www.gintaresgeles.lt\/en\/puokste\/two-colored-hydrangeas-bouquet\/","name":"Two colored hydrangeas bouquet | Hydrangeas delivery | Gintar\u0117sG\u0117l\u0117s","isPartOf":{"@id":"https:\/\/www.gintaresgeles.lt\/en\/#website"},"primaryImageOfPage":{"@id":"https:\/\/www.gintaresgeles.lt\/en\/puokste\/two-colored-hydrangeas-bouquet\/#primaryimage"},"image":{"@id":"https:\/\/www.gintaresgeles.lt\/en\/puokste\/two-colored-hydrangeas-bouquet\/#primaryimage"},"thumbnailUrl":"https:\/\/www.gintaresgeles.lt\/wp-content\/uploads\/2018\/06\/dvieju-spalvu-hortenziju-puokste-geles-moterims.jpg","datePublished":"2018-07-09T06:56:39+00:00","dateModified":"2025-05-29T00:01:21+00:00","description":"A bouquet of two colors of hydrangeas is a charming gift for any occasion that takes place in the summer. Wide flower flowers will look flawless and will surprise everyone with their excitement of comfort and warmth. Order a bouquet with delivery at home in Vilnius or in the suburbs of Vilnius.","breadcrumb":{"@id":"https:\/\/www.gintaresgeles.lt\/en\/puokste\/two-colored-hydrangeas-bouquet\/#breadcrumb"},"inLanguage":"en-US","potentialAction":[{"@type":"ReadAction","target":["https:\/\/www.gintaresgeles.lt\/en\/puokste\/two-colored-hydrangeas-bouquet\/"]}]},{"@type":"ImageObject","inLanguage":"en-US","@id":"https:\/\/www.gintaresgeles.lt\/en\/puokste\/two-colored-hydrangeas-bouquet\/#primaryimage","url":"https:\/\/www.gintaresgeles.lt\/wp-content\/uploads\/2018\/06\/dvieju-spalvu-hortenziju-puokste-geles-moterims.jpg","contentUrl":"https:\/\/www.gintaresgeles.lt\/wp-content\/uploads\/2018\/06\/dvieju-spalvu-hortenziju-puokste-geles-moterims.jpg","width":1200,"height":1200,"caption":"Hortenzijos puok\u0161t\u0117je dviej\u0173 spalv\u0173 gimtadienio g\u0117l\u0117s"},{"@type":"BreadcrumbList","@id":"https:\/\/www.gintaresgeles.lt\/en\/puokste\/two-colored-hydrangeas-bouquet\/#breadcrumb","itemListElement":[{"@type":"ListItem","position":1,"name":"Prad\u017eia","item":"https:\/\/www.gintaresgeles.lt\/en\/"},{"@type":"ListItem","position":2,"name":"All flowers and other products","item":"https:\/\/www.gintaresgeles.lt\/en\/all-flowers-and-other-products\/"},{"@type":"ListItem","position":3,"name":"Two colored hydrangeas bouquet"}]},{"@type":"WebSite","@id":"https:\/\/www.gintaresgeles.lt\/en\/#website","url":"https:\/\/www.gintaresgeles.lt\/en\/","name":"gintaresgeles.lt","description":"G\u0117li\u0173 parduotuv\u0117 internete","potentialAction":[{"@type":"SearchAction","target":{"@type":"EntryPoint","urlTemplate":"https:\/\/www.gintaresgeles.lt\/en\/?s={search_term_string}"},"query-input":{"@type":"PropertyValueSpecification","valueRequired":true,"valueName":"search_term_string"}}],"inLanguage":"en-US"}]}},"_links":{"self":[{"href":"https:\/\/www.gintaresgeles.lt\/en\/wp-json\/wp\/v2\/product\/19104","targetHints":{"allow":["GET"]}}],"collection":[{"href":"https:\/\/www.gintaresgeles.lt\/en\/wp-json\/wp\/v2\/product"}],"about":[{"href":"https:\/\/www.gintaresgeles.lt\/en\/wp-json\/wp\/v2\/types\/product"}],"wp:featuredmedia":[{"embeddable":true,"href":"https:\/\/www.gintaresgeles.lt\/en\/wp-json\/wp\/v2\/media\/44028"}],"wp:attachment":[{"href":"https:\/\/www.gintaresgeles.lt\/en\/wp-json\/wp\/v2\/media?parent=19104"}],"wp:term":[{"taxonomy":"product_brand","embeddable":true,"href":"https:\/\/www.gintaresgeles.lt\/en\/wp-json\/wp\/v2\/product_brand?post=19104"},{"taxonomy":"product_cat","embeddable":true,"href":"https:\/\/www.gintaresgeles.lt\/en\/wp-json\/wp\/v2\/product_cat?post=19104"},{"taxonomy":"product_tag","embeddable":true,"href":"https:\/\/www.gintaresgeles.lt\/en\/wp-json\/wp\/v2\/product_tag?post=19104"}],"curies":[{"name":"wp","href":"https:\/\/api.w.org\/{rel}","templated":true}]}}