{"id":19115,"date":"2018-05-28T16:56:55","date_gmt":"2018-05-28T18:56:55","guid":{"rendered":"https:\/\/www.gintaresgeles.lt\/?post_type=product&#038;p=19115"},"modified":"2026-02-10T18:39:47","modified_gmt":"2026-02-10T16:39:47","slug":"box-of-red-roses-and-alstromeries","status":"publish","type":"product","link":"https:\/\/www.gintaresgeles.lt\/en\/puokste\/box-of-red-roses-and-alstromeries\/","title":{"rendered":"Box of red roses and alstromeries"},"content":{"rendered":"<p>Searching for a lovely gift for your loved person? Or maybe you want to prepare an unforgettable surprise to your precious friend? In that case, box of red roses and alstroemerias will be just the right option. Surprise your precious people with this elegant and expressive flower box. The color of alstroemerias is chosen randomly depending on the flowers we have when the order is placed. We also match the color of the box and the ribbon so that the composition looks unique and incomparable.<\/p>\n","protected":false},"excerpt":{"rendered":"<p style=\"text-align: justify;\">The flower box, which consists of traditional red roses and colorful alstroemerias, is an excellent choice when you want to not only to surprise but also to be original!<\/p>\n<p style=\"text-align: justify;\"><strong>You can choose from several box sizes:<\/strong><\/p>\n<p style=\"text-align: justify;\">Medium box &#8211; 7 roses and 6 alstromeries<\/p>\n<p style=\"text-align: justify;\">Large box &#8211; 10 roses and 9 alstromeries.<\/p>\n<p><em><strong><span class=\"HwtZe\" lang=\"en\"><span class=\"jCAhz ChMk0b C1N51c\"><span class=\"ryNqvb\">Alstroemeria<\/span><\/span><\/span> colors are chosen from those we have on sale at the time, if you want a specific color contact us.<\/strong><\/em><\/p>\n","protected":false},"featured_media":49760,"template":"","meta":[],"product_brand":[],"product_cat":[260,259,252,266,265,256,253,257,428,262,263,891,650,264,240,267,238],"product_tag":[],"class_list":{"0":"post-19115","1":"product","2":"type-product","3":"status-publish","4":"has-post-thumbnail","6":"product_cat-birthday-flowers","7":"product_cat-flowers-by-occasion","8":"product_cat-flowers-by-recipient","9":"product_cat-flowers-by-style","10":"product_cat-flowers-by-type","11":"product_cat-flowers-for-girlfriend","12":"product_cat-flowers-for-mom","13":"product_cat-flowers-for-women","14":"product_cat-jubilee-flowers","15":"product_cat-march8th-flowers","16":"product_cat-mothers-day-flowers","17":"product_cat-red-roses","18":"product_cat-roses-in-a-box","19":"product_cat-valentines-day-flowers","20":"product_cat-alstroemerias","21":"product_cat-flower-boxes","22":"product_cat-roses","23":"tm-no-options","25":"first","26":"instock","27":"taxable","28":"shipping-taxable","29":"purchasable","30":"product-type-variable","31":"has-default-attributes"},"yoast_head":"<!-- This site is optimized with the Yoast SEO plugin v25.3 - https:\/\/yoast.com\/wordpress\/plugins\/seo\/ -->\n<title>Box of red roses and alstromeries | Flower delivery | Gintar\u0117sG\u0117l\u0117s<\/title>\n<meta name=\"description\" content=\"Congratulate friends on the occasion of birthday. Astonish your loved ones or friends at weddings, birthdays, or other happy parties. For all these and other occasions, the box of red rose and colorful astromeries will look great. Order online with delivery in Vilnius or Vilnius suburbs.\" \/>\n<meta name=\"robots\" content=\"index, follow, max-snippet:-1, max-image-preview:large, max-video-preview:-1\" \/>\n<link rel=\"canonical\" href=\"https:\/\/www.gintaresgeles.lt\/en\/puokste\/box-of-red-roses-and-alstromeries\/\" \/>\n<meta property=\"og:locale\" content=\"en_US\" \/>\n<meta property=\"og:type\" content=\"article\" \/>\n<meta property=\"og:title\" content=\"Box of red roses and alstromeries | Flower delivery | Gintar\u0117sG\u0117l\u0117s\" \/>\n<meta property=\"og:description\" content=\"Congratulate friends on the occasion of birthday. Astonish your loved ones or friends at weddings, birthdays, or other happy parties. For all these and other occasions, the box of red rose and colorful astromeries will look great. Order online with delivery in Vilnius or Vilnius suburbs.\" \/>\n<meta property=\"og:url\" content=\"https:\/\/www.gintaresgeles.lt\/en\/puokste\/box-of-red-roses-and-alstromeries\/\" \/>\n<meta property=\"og:site_name\" content=\"gintaresgeles.lt\" \/>\n<meta property=\"article:modified_time\" content=\"2026-02-10T16:39:47+00:00\" \/>\n<meta property=\"og:image\" content=\"https:\/\/www.gintaresgeles.lt\/wp-content\/uploads\/2018\/05\/raudonos-rozes-ir-alstromerijos-dezuteje-jubiliejaus-geles.jpg\" \/>\n\t<meta property=\"og:image:width\" content=\"1200\" \/>\n\t<meta property=\"og:image:height\" content=\"1200\" \/>\n\t<meta property=\"og:image:type\" content=\"image\/jpeg\" \/>\n<meta name=\"twitter:card\" content=\"summary_large_image\" \/>\n<script type=\"application\/ld+json\" class=\"yoast-schema-graph\">{\"@context\":\"https:\/\/schema.org\",\"@graph\":[{\"@type\":\"WebPage\",\"@id\":\"https:\/\/www.gintaresgeles.lt\/en\/puokste\/box-of-red-roses-and-alstromeries\/\",\"url\":\"https:\/\/www.gintaresgeles.lt\/en\/puokste\/box-of-red-roses-and-alstromeries\/\",\"name\":\"Box of red roses and alstromeries | Flower delivery | Gintar\u0117sG\u0117l\u0117s\",\"isPartOf\":{\"@id\":\"https:\/\/www.gintaresgeles.lt\/en\/#website\"},\"primaryImageOfPage\":{\"@id\":\"https:\/\/www.gintaresgeles.lt\/en\/puokste\/box-of-red-roses-and-alstromeries\/#primaryimage\"},\"image\":{\"@id\":\"https:\/\/www.gintaresgeles.lt\/en\/puokste\/box-of-red-roses-and-alstromeries\/#primaryimage\"},\"thumbnailUrl\":\"https:\/\/www.gintaresgeles.lt\/wp-content\/uploads\/2018\/05\/raudonos-rozes-ir-alstromerijos-dezuteje-jubiliejaus-geles.jpg\",\"datePublished\":\"2018-05-28T18:56:55+00:00\",\"dateModified\":\"2026-02-10T16:39:47+00:00\",\"description\":\"Congratulate friends on the occasion of birthday. Astonish your loved ones or friends at weddings, birthdays, or other happy parties. For all these and other occasions, the box of red rose and colorful astromeries will look great. Order online with delivery in Vilnius or Vilnius suburbs.\",\"breadcrumb\":{\"@id\":\"https:\/\/www.gintaresgeles.lt\/en\/puokste\/box-of-red-roses-and-alstromeries\/#breadcrumb\"},\"inLanguage\":\"en-US\",\"potentialAction\":[{\"@type\":\"ReadAction\",\"target\":[\"https:\/\/www.gintaresgeles.lt\/en\/puokste\/box-of-red-roses-and-alstromeries\/\"]}]},{\"@type\":\"ImageObject\",\"inLanguage\":\"en-US\",\"@id\":\"https:\/\/www.gintaresgeles.lt\/en\/puokste\/box-of-red-roses-and-alstromeries\/#primaryimage\",\"url\":\"https:\/\/www.gintaresgeles.lt\/wp-content\/uploads\/2018\/05\/raudonos-rozes-ir-alstromerijos-dezuteje-jubiliejaus-geles.jpg\",\"contentUrl\":\"https:\/\/www.gintaresgeles.lt\/wp-content\/uploads\/2018\/05\/raudonos-rozes-ir-alstromerijos-dezuteje-jubiliejaus-geles.jpg\",\"width\":1200,\"height\":1200,\"caption\":\"Subtili raudon\u0173 ro\u017ei\u0173 ir alstromerij\u0173 d\u0117\u017eut\u0117\"},{\"@type\":\"BreadcrumbList\",\"@id\":\"https:\/\/www.gintaresgeles.lt\/en\/puokste\/box-of-red-roses-and-alstromeries\/#breadcrumb\",\"itemListElement\":[{\"@type\":\"ListItem\",\"position\":1,\"name\":\"Prad\u017eia\",\"item\":\"https:\/\/www.gintaresgeles.lt\/en\/\"},{\"@type\":\"ListItem\",\"position\":2,\"name\":\"All flowers and other products\",\"item\":\"https:\/\/www.gintaresgeles.lt\/en\/all-flowers-and-other-products\/\"},{\"@type\":\"ListItem\",\"position\":3,\"name\":\"Box of red roses and alstromeries\"}]},{\"@type\":\"WebSite\",\"@id\":\"https:\/\/www.gintaresgeles.lt\/en\/#website\",\"url\":\"https:\/\/www.gintaresgeles.lt\/en\/\",\"name\":\"gintaresgeles.lt\",\"description\":\"G\u0117li\u0173 parduotuv\u0117 internete\",\"potentialAction\":[{\"@type\":\"SearchAction\",\"target\":{\"@type\":\"EntryPoint\",\"urlTemplate\":\"https:\/\/www.gintaresgeles.lt\/en\/?s={search_term_string}\"},\"query-input\":{\"@type\":\"PropertyValueSpecification\",\"valueRequired\":true,\"valueName\":\"search_term_string\"}}],\"inLanguage\":\"en-US\"}]}<\/script>\n<!-- \/ Yoast SEO plugin. -->","yoast_head_json":{"title":"Box of red roses and alstromeries | Flower delivery | Gintar\u0117sG\u0117l\u0117s","description":"Congratulate friends on the occasion of birthday. Astonish your loved ones or friends at weddings, birthdays, or other happy parties. For all these and other occasions, the box of red rose and colorful astromeries will look great. Order online with delivery in Vilnius or Vilnius suburbs.","robots":{"index":"index","follow":"follow","max-snippet":"max-snippet:-1","max-image-preview":"max-image-preview:large","max-video-preview":"max-video-preview:-1"},"canonical":"https:\/\/www.gintaresgeles.lt\/en\/puokste\/box-of-red-roses-and-alstromeries\/","og_locale":"en_US","og_type":"article","og_title":"Box of red roses and alstromeries | Flower delivery | Gintar\u0117sG\u0117l\u0117s","og_description":"Congratulate friends on the occasion of birthday. Astonish your loved ones or friends at weddings, birthdays, or other happy parties. For all these and other occasions, the box of red rose and colorful astromeries will look great. Order online with delivery in Vilnius or Vilnius suburbs.","og_url":"https:\/\/www.gintaresgeles.lt\/en\/puokste\/box-of-red-roses-and-alstromeries\/","og_site_name":"gintaresgeles.lt","article_modified_time":"2026-02-10T16:39:47+00:00","og_image":[{"width":1200,"height":1200,"url":"https:\/\/www.gintaresgeles.lt\/wp-content\/uploads\/2018\/05\/raudonos-rozes-ir-alstromerijos-dezuteje-jubiliejaus-geles.jpg","type":"image\/jpeg"}],"twitter_card":"summary_large_image","schema":{"@context":"https:\/\/schema.org","@graph":[{"@type":"WebPage","@id":"https:\/\/www.gintaresgeles.lt\/en\/puokste\/box-of-red-roses-and-alstromeries\/","url":"https:\/\/www.gintaresgeles.lt\/en\/puokste\/box-of-red-roses-and-alstromeries\/","name":"Box of red roses and alstromeries | Flower delivery | Gintar\u0117sG\u0117l\u0117s","isPartOf":{"@id":"https:\/\/www.gintaresgeles.lt\/en\/#website"},"primaryImageOfPage":{"@id":"https:\/\/www.gintaresgeles.lt\/en\/puokste\/box-of-red-roses-and-alstromeries\/#primaryimage"},"image":{"@id":"https:\/\/www.gintaresgeles.lt\/en\/puokste\/box-of-red-roses-and-alstromeries\/#primaryimage"},"thumbnailUrl":"https:\/\/www.gintaresgeles.lt\/wp-content\/uploads\/2018\/05\/raudonos-rozes-ir-alstromerijos-dezuteje-jubiliejaus-geles.jpg","datePublished":"2018-05-28T18:56:55+00:00","dateModified":"2026-02-10T16:39:47+00:00","description":"Congratulate friends on the occasion of birthday. Astonish your loved ones or friends at weddings, birthdays, or other happy parties. For all these and other occasions, the box of red rose and colorful astromeries will look great. Order online with delivery in Vilnius or Vilnius suburbs.","breadcrumb":{"@id":"https:\/\/www.gintaresgeles.lt\/en\/puokste\/box-of-red-roses-and-alstromeries\/#breadcrumb"},"inLanguage":"en-US","potentialAction":[{"@type":"ReadAction","target":["https:\/\/www.gintaresgeles.lt\/en\/puokste\/box-of-red-roses-and-alstromeries\/"]}]},{"@type":"ImageObject","inLanguage":"en-US","@id":"https:\/\/www.gintaresgeles.lt\/en\/puokste\/box-of-red-roses-and-alstromeries\/#primaryimage","url":"https:\/\/www.gintaresgeles.lt\/wp-content\/uploads\/2018\/05\/raudonos-rozes-ir-alstromerijos-dezuteje-jubiliejaus-geles.jpg","contentUrl":"https:\/\/www.gintaresgeles.lt\/wp-content\/uploads\/2018\/05\/raudonos-rozes-ir-alstromerijos-dezuteje-jubiliejaus-geles.jpg","width":1200,"height":1200,"caption":"Subtili raudon\u0173 ro\u017ei\u0173 ir alstromerij\u0173 d\u0117\u017eut\u0117"},{"@type":"BreadcrumbList","@id":"https:\/\/www.gintaresgeles.lt\/en\/puokste\/box-of-red-roses-and-alstromeries\/#breadcrumb","itemListElement":[{"@type":"ListItem","position":1,"name":"Prad\u017eia","item":"https:\/\/www.gintaresgeles.lt\/en\/"},{"@type":"ListItem","position":2,"name":"All flowers and other products","item":"https:\/\/www.gintaresgeles.lt\/en\/all-flowers-and-other-products\/"},{"@type":"ListItem","position":3,"name":"Box of red roses and alstromeries"}]},{"@type":"WebSite","@id":"https:\/\/www.gintaresgeles.lt\/en\/#website","url":"https:\/\/www.gintaresgeles.lt\/en\/","name":"gintaresgeles.lt","description":"G\u0117li\u0173 parduotuv\u0117 internete","potentialAction":[{"@type":"SearchAction","target":{"@type":"EntryPoint","urlTemplate":"https:\/\/www.gintaresgeles.lt\/en\/?s={search_term_string}"},"query-input":{"@type":"PropertyValueSpecification","valueRequired":true,"valueName":"search_term_string"}}],"inLanguage":"en-US"}]}},"_links":{"self":[{"href":"https:\/\/www.gintaresgeles.lt\/en\/wp-json\/wp\/v2\/product\/19115","targetHints":{"allow":["GET"]}}],"collection":[{"href":"https:\/\/www.gintaresgeles.lt\/en\/wp-json\/wp\/v2\/product"}],"about":[{"href":"https:\/\/www.gintaresgeles.lt\/en\/wp-json\/wp\/v2\/types\/product"}],"wp:featuredmedia":[{"embeddable":true,"href":"https:\/\/www.gintaresgeles.lt\/en\/wp-json\/wp\/v2\/media\/49760"}],"wp:attachment":[{"href":"https:\/\/www.gintaresgeles.lt\/en\/wp-json\/wp\/v2\/media?parent=19115"}],"wp:term":[{"taxonomy":"product_brand","embeddable":true,"href":"https:\/\/www.gintaresgeles.lt\/en\/wp-json\/wp\/v2\/product_brand?post=19115"},{"taxonomy":"product_cat","embeddable":true,"href":"https:\/\/www.gintaresgeles.lt\/en\/wp-json\/wp\/v2\/product_cat?post=19115"},{"taxonomy":"product_tag","embeddable":true,"href":"https:\/\/www.gintaresgeles.lt\/en\/wp-json\/wp\/v2\/product_tag?post=19115"}],"curies":[{"name":"wp","href":"https:\/\/api.w.org\/{rel}","templated":true}]}}