{"id":19119,"date":"2018-05-28T16:21:16","date_gmt":"2018-05-28T18:21:16","guid":{"rendered":"https:\/\/www.gintaresgeles.lt\/?post_type=product&#038;p=19119"},"modified":"2026-02-11T20:20:27","modified_gmt":"2026-02-11T18:20:27","slug":"bouquet-of-red-roses-and-alstromerie","status":"publish","type":"product","link":"https:\/\/www.gintaresgeles.lt\/en\/puokste\/bouquet-of-red-roses-and-alstromerie\/","title":{"rendered":"Bouquet of red roses and alstromeries"},"content":{"rendered":"<p>Red roses are traditional flowers,however, if you want to rediscover them anew and combine them with other flowers, alstroemerias will be the best choice. Red roses will still look as luxurious and enchanting while alstroemerias will not only bring out the charm of roses but also will add more colors, greenness. The color of alstroemerias is chosen randomly depending on the flowers we have when the order is placed. However, we always try to match the color of flowers, box, and the ribbon.<\/p>\n","protected":false},"excerpt":{"rendered":"<p style=\"text-align: justify;\">Turn the traditional red roses bouquet into a unique and even more memorable gift &#8211; deliver a tasteful bouquet of red roses and alstromeries.<\/p>\n<p style=\"text-align: justify;\"><strong>You can choose from three bouquet sizes:<\/strong><\/p>\n<p style=\"text-align: justify;\">Small bouquet &#8211; 5 roses and 7 alstromeries,<\/p>\n<p style=\"text-align: justify;\">Medium bouquet &#8211; 11 roses and 10 alstromeries,<\/p>\n<p style=\"text-align: justify;\">Large bouquet &#8211; 16 roses and 15 alstromeries.<\/p>\n<p><em><strong><span class=\"HwtZe\" lang=\"en\"><span class=\"jCAhz ChMk0b C1N51c\"><span class=\"ryNqvb\">Alstroemeria<\/span><\/span><\/span> colors are chosen from those we have on sale at the time, if you want a specific color contact us.<\/strong><\/em><\/p>\n","protected":false},"featured_media":57874,"template":"","meta":[],"product_brand":[],"product_cat":[261,260,259,252,266,265,256,258,253,257,428,891,264,240,268,1966,238],"product_tag":[],"class_list":{"0":"post-19119","1":"product","2":"type-product","3":"status-publish","4":"has-post-thumbnail","6":"product_cat-birthday-bouquets","7":"product_cat-birthday-flowers","8":"product_cat-flowers-by-occasion","9":"product_cat-flowers-by-recipient","10":"product_cat-flowers-by-style","11":"product_cat-flowers-by-type","12":"product_cat-flowers-for-girlfriend","13":"product_cat-flowers-for-men","14":"product_cat-flowers-for-mom","15":"product_cat-flowers-for-women","16":"product_cat-jubilee-flowers","17":"product_cat-red-roses","18":"product_cat-valentines-day-flowers","19":"product_cat-alstroemerias","20":"product_cat-flower-bouquets","21":"product_cat-flowers-wrapped-in-paper","22":"product_cat-roses","23":"tm-has-options","25":"first","26":"instock","27":"taxable","28":"shipping-taxable","29":"purchasable","30":"product-type-variable","31":"has-default-attributes"},"yoast_head":"<!-- This site is optimized with the Yoast SEO plugin v25.3 - https:\/\/yoast.com\/wordpress\/plugins\/seo\/ -->\n<title>Bouquet of red roses and alstromeries | Flowers to Home | Gintar\u0117sG\u0117l\u0117s<\/title>\n<meta name=\"description\" content=\"Rediscover the traditional bouquet of red roses anew: mix small-flowered alstroemerias in and the refreshened bouquet will leave an unforgettable impression to the receiver of such a gift. Order home delivery in Vilnius city or Vilnius suburbs.\" \/>\n<meta name=\"robots\" content=\"index, follow, max-snippet:-1, max-image-preview:large, max-video-preview:-1\" \/>\n<link rel=\"canonical\" href=\"https:\/\/www.gintaresgeles.lt\/en\/puokste\/bouquet-of-red-roses-and-alstromerie\/\" \/>\n<meta property=\"og:locale\" content=\"en_US\" \/>\n<meta property=\"og:type\" content=\"article\" \/>\n<meta property=\"og:title\" content=\"Bouquet of red roses and alstromeries | Flowers to Home | Gintar\u0117sG\u0117l\u0117s\" \/>\n<meta property=\"og:description\" content=\"Rediscover the traditional bouquet of red roses anew: mix small-flowered alstroemerias in and the refreshened bouquet will leave an unforgettable impression to the receiver of such a gift. Order home delivery in Vilnius city or Vilnius suburbs.\" \/>\n<meta property=\"og:url\" content=\"https:\/\/www.gintaresgeles.lt\/en\/puokste\/bouquet-of-red-roses-and-alstromerie\/\" \/>\n<meta property=\"og:site_name\" content=\"gintaresgeles.lt\" \/>\n<meta property=\"article:modified_time\" content=\"2026-02-11T18:20:27+00:00\" \/>\n<meta property=\"og:image\" content=\"https:\/\/www.gintaresgeles.lt\/wp-content\/uploads\/2018\/05\/raudonos-rozes-ir-spalvingos-alstromerijos-puoksteje-gimtadienio-proga-scaled.jpg\" \/>\n\t<meta property=\"og:image:width\" content=\"2560\" \/>\n\t<meta property=\"og:image:height\" content=\"2560\" \/>\n\t<meta property=\"og:image:type\" content=\"image\/jpeg\" \/>\n<meta name=\"twitter:card\" content=\"summary_large_image\" \/>\n<script type=\"application\/ld+json\" class=\"yoast-schema-graph\">{\"@context\":\"https:\/\/schema.org\",\"@graph\":[{\"@type\":\"WebPage\",\"@id\":\"https:\/\/www.gintaresgeles.lt\/en\/puokste\/bouquet-of-red-roses-and-alstromerie\/\",\"url\":\"https:\/\/www.gintaresgeles.lt\/en\/puokste\/bouquet-of-red-roses-and-alstromerie\/\",\"name\":\"Bouquet of red roses and alstromeries | Flowers to Home | Gintar\u0117sG\u0117l\u0117s\",\"isPartOf\":{\"@id\":\"https:\/\/www.gintaresgeles.lt\/en\/#website\"},\"primaryImageOfPage\":{\"@id\":\"https:\/\/www.gintaresgeles.lt\/en\/puokste\/bouquet-of-red-roses-and-alstromerie\/#primaryimage\"},\"image\":{\"@id\":\"https:\/\/www.gintaresgeles.lt\/en\/puokste\/bouquet-of-red-roses-and-alstromerie\/#primaryimage\"},\"thumbnailUrl\":\"https:\/\/www.gintaresgeles.lt\/wp-content\/uploads\/2018\/05\/raudonos-rozes-ir-spalvingos-alstromerijos-puoksteje-gimtadienio-proga-scaled.jpg\",\"datePublished\":\"2018-05-28T18:21:16+00:00\",\"dateModified\":\"2026-02-11T18:20:27+00:00\",\"description\":\"Rediscover the traditional bouquet of red roses anew: mix small-flowered alstroemerias in and the refreshened bouquet will leave an unforgettable impression to the receiver of such a gift. Order home delivery in Vilnius city or Vilnius suburbs.\",\"breadcrumb\":{\"@id\":\"https:\/\/www.gintaresgeles.lt\/en\/puokste\/bouquet-of-red-roses-and-alstromerie\/#breadcrumb\"},\"inLanguage\":\"en-US\",\"potentialAction\":[{\"@type\":\"ReadAction\",\"target\":[\"https:\/\/www.gintaresgeles.lt\/en\/puokste\/bouquet-of-red-roses-and-alstromerie\/\"]}]},{\"@type\":\"ImageObject\",\"inLanguage\":\"en-US\",\"@id\":\"https:\/\/www.gintaresgeles.lt\/en\/puokste\/bouquet-of-red-roses-and-alstromerie\/#primaryimage\",\"url\":\"https:\/\/www.gintaresgeles.lt\/wp-content\/uploads\/2018\/05\/raudonos-rozes-ir-spalvingos-alstromerijos-puoksteje-gimtadienio-proga-scaled.jpg\",\"contentUrl\":\"https:\/\/www.gintaresgeles.lt\/wp-content\/uploads\/2018\/05\/raudonos-rozes-ir-spalvingos-alstromerijos-puoksteje-gimtadienio-proga-scaled.jpg\",\"width\":2560,\"height\":2560,\"caption\":\"Raudon\u0173 ro\u017ei\u0173 ir \u012fvairiaspalvi\u0173 alstromerij\u0173 puok\u0161t\u0117\"},{\"@type\":\"BreadcrumbList\",\"@id\":\"https:\/\/www.gintaresgeles.lt\/en\/puokste\/bouquet-of-red-roses-and-alstromerie\/#breadcrumb\",\"itemListElement\":[{\"@type\":\"ListItem\",\"position\":1,\"name\":\"Prad\u017eia\",\"item\":\"https:\/\/www.gintaresgeles.lt\/en\/\"},{\"@type\":\"ListItem\",\"position\":2,\"name\":\"All flowers and other products\",\"item\":\"https:\/\/www.gintaresgeles.lt\/en\/all-flowers-and-other-products\/\"},{\"@type\":\"ListItem\",\"position\":3,\"name\":\"Bouquet of red roses and alstromeries\"}]},{\"@type\":\"WebSite\",\"@id\":\"https:\/\/www.gintaresgeles.lt\/en\/#website\",\"url\":\"https:\/\/www.gintaresgeles.lt\/en\/\",\"name\":\"Gintares Geles\",\"description\":\"Flower delivery in Vilnius | Same-day delivery | Gintares geles\",\"potentialAction\":[{\"@type\":\"SearchAction\",\"target\":{\"@type\":\"EntryPoint\",\"urlTemplate\":\"https:\/\/www.gintaresgeles.lt\/en\/?s={search_term_string}\"},\"query-input\":{\"@type\":\"PropertyValueSpecification\",\"valueRequired\":true,\"valueName\":\"search_term_string\"}}],\"inLanguage\":\"en-US\"}]}<\/script>\n<!-- \/ Yoast SEO plugin. -->","yoast_head_json":{"title":"Bouquet of red roses and alstromeries | Flowers to Home | Gintar\u0117sG\u0117l\u0117s","description":"Rediscover the traditional bouquet of red roses anew: mix small-flowered alstroemerias in and the refreshened bouquet will leave an unforgettable impression to the receiver of such a gift. Order home delivery in Vilnius city or Vilnius suburbs.","robots":{"index":"index","follow":"follow","max-snippet":"max-snippet:-1","max-image-preview":"max-image-preview:large","max-video-preview":"max-video-preview:-1"},"canonical":"https:\/\/www.gintaresgeles.lt\/en\/puokste\/bouquet-of-red-roses-and-alstromerie\/","og_locale":"en_US","og_type":"article","og_title":"Bouquet of red roses and alstromeries | Flowers to Home | Gintar\u0117sG\u0117l\u0117s","og_description":"Rediscover the traditional bouquet of red roses anew: mix small-flowered alstroemerias in and the refreshened bouquet will leave an unforgettable impression to the receiver of such a gift. Order home delivery in Vilnius city or Vilnius suburbs.","og_url":"https:\/\/www.gintaresgeles.lt\/en\/puokste\/bouquet-of-red-roses-and-alstromerie\/","og_site_name":"gintaresgeles.lt","article_modified_time":"2026-02-11T18:20:27+00:00","og_image":[{"width":2560,"height":2560,"url":"https:\/\/www.gintaresgeles.lt\/wp-content\/uploads\/2018\/05\/raudonos-rozes-ir-spalvingos-alstromerijos-puoksteje-gimtadienio-proga-scaled.jpg","type":"image\/jpeg"}],"twitter_card":"summary_large_image","schema":{"@context":"https:\/\/schema.org","@graph":[{"@type":"WebPage","@id":"https:\/\/www.gintaresgeles.lt\/en\/puokste\/bouquet-of-red-roses-and-alstromerie\/","url":"https:\/\/www.gintaresgeles.lt\/en\/puokste\/bouquet-of-red-roses-and-alstromerie\/","name":"Bouquet of red roses and alstromeries | Flowers to Home | Gintar\u0117sG\u0117l\u0117s","isPartOf":{"@id":"https:\/\/www.gintaresgeles.lt\/en\/#website"},"primaryImageOfPage":{"@id":"https:\/\/www.gintaresgeles.lt\/en\/puokste\/bouquet-of-red-roses-and-alstromerie\/#primaryimage"},"image":{"@id":"https:\/\/www.gintaresgeles.lt\/en\/puokste\/bouquet-of-red-roses-and-alstromerie\/#primaryimage"},"thumbnailUrl":"https:\/\/www.gintaresgeles.lt\/wp-content\/uploads\/2018\/05\/raudonos-rozes-ir-spalvingos-alstromerijos-puoksteje-gimtadienio-proga-scaled.jpg","datePublished":"2018-05-28T18:21:16+00:00","dateModified":"2026-02-11T18:20:27+00:00","description":"Rediscover the traditional bouquet of red roses anew: mix small-flowered alstroemerias in and the refreshened bouquet will leave an unforgettable impression to the receiver of such a gift. Order home delivery in Vilnius city or Vilnius suburbs.","breadcrumb":{"@id":"https:\/\/www.gintaresgeles.lt\/en\/puokste\/bouquet-of-red-roses-and-alstromerie\/#breadcrumb"},"inLanguage":"en-US","potentialAction":[{"@type":"ReadAction","target":["https:\/\/www.gintaresgeles.lt\/en\/puokste\/bouquet-of-red-roses-and-alstromerie\/"]}]},{"@type":"ImageObject","inLanguage":"en-US","@id":"https:\/\/www.gintaresgeles.lt\/en\/puokste\/bouquet-of-red-roses-and-alstromerie\/#primaryimage","url":"https:\/\/www.gintaresgeles.lt\/wp-content\/uploads\/2018\/05\/raudonos-rozes-ir-spalvingos-alstromerijos-puoksteje-gimtadienio-proga-scaled.jpg","contentUrl":"https:\/\/www.gintaresgeles.lt\/wp-content\/uploads\/2018\/05\/raudonos-rozes-ir-spalvingos-alstromerijos-puoksteje-gimtadienio-proga-scaled.jpg","width":2560,"height":2560,"caption":"Raudon\u0173 ro\u017ei\u0173 ir \u012fvairiaspalvi\u0173 alstromerij\u0173 puok\u0161t\u0117"},{"@type":"BreadcrumbList","@id":"https:\/\/www.gintaresgeles.lt\/en\/puokste\/bouquet-of-red-roses-and-alstromerie\/#breadcrumb","itemListElement":[{"@type":"ListItem","position":1,"name":"Prad\u017eia","item":"https:\/\/www.gintaresgeles.lt\/en\/"},{"@type":"ListItem","position":2,"name":"All flowers and other products","item":"https:\/\/www.gintaresgeles.lt\/en\/all-flowers-and-other-products\/"},{"@type":"ListItem","position":3,"name":"Bouquet of red roses and alstromeries"}]},{"@type":"WebSite","@id":"https:\/\/www.gintaresgeles.lt\/en\/#website","url":"https:\/\/www.gintaresgeles.lt\/en\/","name":"Gintares Geles","description":"Flower delivery in Vilnius | Same-day delivery | Gintares geles","potentialAction":[{"@type":"SearchAction","target":{"@type":"EntryPoint","urlTemplate":"https:\/\/www.gintaresgeles.lt\/en\/?s={search_term_string}"},"query-input":{"@type":"PropertyValueSpecification","valueRequired":true,"valueName":"search_term_string"}}],"inLanguage":"en-US"}]}},"_links":{"self":[{"href":"https:\/\/www.gintaresgeles.lt\/en\/wp-json\/wp\/v2\/product\/19119","targetHints":{"allow":["GET"]}}],"collection":[{"href":"https:\/\/www.gintaresgeles.lt\/en\/wp-json\/wp\/v2\/product"}],"about":[{"href":"https:\/\/www.gintaresgeles.lt\/en\/wp-json\/wp\/v2\/types\/product"}],"wp:featuredmedia":[{"embeddable":true,"href":"https:\/\/www.gintaresgeles.lt\/en\/wp-json\/wp\/v2\/media\/57874"}],"wp:attachment":[{"href":"https:\/\/www.gintaresgeles.lt\/en\/wp-json\/wp\/v2\/media?parent=19119"}],"wp:term":[{"taxonomy":"product_brand","embeddable":true,"href":"https:\/\/www.gintaresgeles.lt\/en\/wp-json\/wp\/v2\/product_brand?post=19119"},{"taxonomy":"product_cat","embeddable":true,"href":"https:\/\/www.gintaresgeles.lt\/en\/wp-json\/wp\/v2\/product_cat?post=19119"},{"taxonomy":"product_tag","embeddable":true,"href":"https:\/\/www.gintaresgeles.lt\/en\/wp-json\/wp\/v2\/product_tag?post=19119"}],"curies":[{"name":"wp","href":"https:\/\/api.w.org\/{rel}","templated":true}]}}