{"id":19129,"date":"2016-09-07T09:21:13","date_gmt":"2018-07-09T08:00:18","guid":{"rendered":"https:\/\/www.gintaresgeles.lt\/?post_type=product&#038;p=19129"},"modified":"2025-05-29T02:02:31","modified_gmt":"2025-05-29T00:02:31","slug":"hydrangea","status":"publish","type":"product","link":"https:\/\/www.gintaresgeles.lt\/en\/puokste\/hydrangea\/","title":{"rendered":"Hydrangea"},"content":{"rendered":"<p>The hydrangea itself is very refined and exceptional. It is a light, stylish flower that is suitable for many occasions, for interior decorating that is so developed among florists. It will make home more subtle and lighter. Since this flower is not very popular, you will not miss out by choosing it for a surprise. It is a proud flower. By giving it to your close people, you will express strong and sincere feelings, you will show trust. Hydrangea is truly exclusive, people often mistake it for an artificial flower, thus if you decorate your home, you will definitely be asked whether or not the blossoms are real.\u00a0<\/p>\n","protected":false},"excerpt":{"rendered":"<p style=\"text-align: justify\">The colorful, fast-growing in popularity hydrangeas are one of those flowers that look great alone, not necessarily in a bouquet. The same blossom, though large, but at the same time very light. The beautiful hydrangea will give you a bouquet of fullness and richness. It is a light and stylish flower suitable for both different occasions and interior decoration.<\/p>\n<p style=\"text-align: center\"><strong><span lang=\"en\">These flowers are perfect with:<\/span><\/strong><\/p>\n<ul>\n<li><span lang=\"en\"><a href=\"https:\/\/www.gintaresgeles.lt\/en\/geles\/greeting-cards\/\" target=\"_blank\" rel=\"noopener noreferrer\">Postcard.\u00a0<strong>View\u2026<\/strong><\/a><\/span><\/li>\n<li><span lang=\"en\"><a href=\"https:\/\/www.gintaresgeles.lt\/en\/geles\/helium-balloons\/\" target=\"_blank\" rel=\"noopener noreferrer\">Helium balloons.\u00a0<strong>View\u2026<\/strong><\/a><\/span><\/li>\n<li><span lang=\"en\"><a href=\"https:\/\/www.gintaresgeles.lt\/en\/puokste\/standing-decoration\/\" target=\"_blank\" rel=\"noopener noreferrer\">The standing decor .\u00a0<strong>View\u2026<\/strong><\/a><\/span><\/li>\n<li><span lang=\"en\"><a href=\"https:\/\/www.gintaresgeles.lt\/en\/puokste\/pillow-heart-xxl\/\" target=\"_blank\" rel=\"noopener noreferrer\">Pillow \u201cI love you\u201d XXL .\u00a0<strong>View\u2026<\/strong><\/a><\/span><\/li>\n<li><span lang=\"en\"><a href=\"https:\/\/www.gintaresgeles.lt\/en\/puokste\/candy-raffaello\/\" target=\"_blank\" rel=\"noopener noreferrer\">Candy box \u201cRaffaello\u201d.\u00a0<strong>View\u2026<\/strong><\/a><\/span><\/li>\n<li><span lang=\"en\"><a href=\"https:\/\/www.gintaresgeles.lt\/en\/puokste\/candy-ferrero-rocher\/\" target=\"_blank\" rel=\"noopener noreferrer\">Sweets \u201cFerrero Rocher\u201d.\u00a0<strong>View\u2026<\/strong><\/a><\/span><\/li>\n<\/ul>\n<p style=\"text-align: center\"><a href=\"https:\/\/www.gintaresgeles.lt\/en\/geles\/gifts\/\" target=\"_blank\" rel=\"noopener noreferrer\"><span lang=\"en\">All the gifts you can add to flowers can be found\u00a0<strong>here.<\/strong><\/span><\/a><\/p>\n","protected":false},"featured_media":23617,"template":"","meta":[],"product_brand":[],"product_cat":[261,260,259,252,266,265,256,258,253,257,428,262,263,264,906],"product_tag":[],"class_list":{"0":"post-19129","1":"product","2":"type-product","3":"status-publish","4":"has-post-thumbnail","6":"product_cat-birthday-bouquets","7":"product_cat-birthday-flowers","8":"product_cat-flowers-by-occasion","9":"product_cat-flowers-by-recipient","10":"product_cat-flowers-by-style","11":"product_cat-flowers-by-type","12":"product_cat-flowers-for-girlfriend","13":"product_cat-flowers-for-men","14":"product_cat-flowers-for-mom","15":"product_cat-flowers-for-women","16":"product_cat-jubilee-flowers","17":"product_cat-march8th-flowers","18":"product_cat-mothers-day-flowers","19":"product_cat-valentines-day-flowers","20":"product_cat-hydrangea","21":"tm-has-options","23":"first","24":"outofstock","25":"taxable","26":"shipping-taxable","27":"purchasable","28":"product-type-simple"},"yoast_head":"<!-- This site is optimized with the Yoast SEO plugin v25.3 - https:\/\/yoast.com\/wordpress\/plugins\/seo\/ -->\n<title>Hydrangea | Impressive flower rings | Gintar\u0117s G\u0117l\u0117s<\/title>\n<meta name=\"description\" content=\"Hydrangea will look great, one, not necessarily in a bouquet. It is a stylish, gorgeous and exclusive flower that will always remain delicate and refined.\" \/>\n<meta name=\"robots\" content=\"index, follow, max-snippet:-1, max-image-preview:large, max-video-preview:-1\" \/>\n<link rel=\"canonical\" href=\"https:\/\/www.gintaresgeles.lt\/en\/puokste\/hydrangea\/\" \/>\n<meta property=\"og:locale\" content=\"en_US\" \/>\n<meta property=\"og:type\" content=\"article\" \/>\n<meta property=\"og:title\" content=\"Hydrangea | Impressive flower rings | Gintar\u0117s G\u0117l\u0117s\" \/>\n<meta property=\"og:description\" content=\"Hydrangea will look great, one, not necessarily in a bouquet. It is a stylish, gorgeous and exclusive flower that will always remain delicate and refined.\" \/>\n<meta property=\"og:url\" content=\"https:\/\/www.gintaresgeles.lt\/en\/puokste\/hydrangea\/\" \/>\n<meta property=\"og:site_name\" content=\"gintaresgeles.lt\" \/>\n<meta property=\"article:modified_time\" content=\"2025-05-29T00:02:31+00:00\" \/>\n<meta property=\"og:image\" content=\"https:\/\/www.gintaresgeles.lt\/wp-content\/uploads\/2016\/09\/skintos-geles-hortenzijos.jpg\" \/>\n\t<meta property=\"og:image:width\" content=\"600\" \/>\n\t<meta property=\"og:image:height\" content=\"600\" \/>\n\t<meta property=\"og:image:type\" content=\"image\/jpeg\" \/>\n<meta name=\"twitter:card\" content=\"summary_large_image\" \/>\n<meta name=\"twitter:label1\" content=\"Est. reading time\" \/>\n\t<meta name=\"twitter:data1\" content=\"1 minute\" \/>\n<script type=\"application\/ld+json\" class=\"yoast-schema-graph\">{\"@context\":\"https:\/\/schema.org\",\"@graph\":[{\"@type\":\"WebPage\",\"@id\":\"https:\/\/www.gintaresgeles.lt\/en\/puokste\/hydrangea\/\",\"url\":\"https:\/\/www.gintaresgeles.lt\/en\/puokste\/hydrangea\/\",\"name\":\"Hydrangea | Impressive flower rings | Gintar\u0117s G\u0117l\u0117s\",\"isPartOf\":{\"@id\":\"https:\/\/www.gintaresgeles.lt\/en\/#website\"},\"primaryImageOfPage\":{\"@id\":\"https:\/\/www.gintaresgeles.lt\/en\/puokste\/hydrangea\/#primaryimage\"},\"image\":{\"@id\":\"https:\/\/www.gintaresgeles.lt\/en\/puokste\/hydrangea\/#primaryimage\"},\"thumbnailUrl\":\"https:\/\/www.gintaresgeles.lt\/wp-content\/uploads\/2016\/09\/skintos-geles-hortenzijos.jpg\",\"datePublished\":\"2018-07-09T08:00:18+00:00\",\"dateModified\":\"2025-05-29T00:02:31+00:00\",\"description\":\"Hydrangea will look great, one, not necessarily in a bouquet. It is a stylish, gorgeous and exclusive flower that will always remain delicate and refined.\",\"breadcrumb\":{\"@id\":\"https:\/\/www.gintaresgeles.lt\/en\/puokste\/hydrangea\/#breadcrumb\"},\"inLanguage\":\"en-US\",\"potentialAction\":[{\"@type\":\"ReadAction\",\"target\":[\"https:\/\/www.gintaresgeles.lt\/en\/puokste\/hydrangea\/\"]}]},{\"@type\":\"ImageObject\",\"inLanguage\":\"en-US\",\"@id\":\"https:\/\/www.gintaresgeles.lt\/en\/puokste\/hydrangea\/#primaryimage\",\"url\":\"https:\/\/www.gintaresgeles.lt\/wp-content\/uploads\/2016\/09\/skintos-geles-hortenzijos.jpg\",\"contentUrl\":\"https:\/\/www.gintaresgeles.lt\/wp-content\/uploads\/2016\/09\/skintos-geles-hortenzijos.jpg\",\"width\":600,\"height\":600,\"caption\":\"G\u0117l\u0117s draugei m\u0117lyna hortenzija\"},{\"@type\":\"BreadcrumbList\",\"@id\":\"https:\/\/www.gintaresgeles.lt\/en\/puokste\/hydrangea\/#breadcrumb\",\"itemListElement\":[{\"@type\":\"ListItem\",\"position\":1,\"name\":\"Prad\u017eia\",\"item\":\"https:\/\/www.gintaresgeles.lt\/en\/\"},{\"@type\":\"ListItem\",\"position\":2,\"name\":\"All flowers and other products\",\"item\":\"https:\/\/www.gintaresgeles.lt\/en\/all-flowers-and-other-products\/\"},{\"@type\":\"ListItem\",\"position\":3,\"name\":\"Hydrangea\"}]},{\"@type\":\"WebSite\",\"@id\":\"https:\/\/www.gintaresgeles.lt\/en\/#website\",\"url\":\"https:\/\/www.gintaresgeles.lt\/en\/\",\"name\":\"gintaresgeles.lt\",\"description\":\"G\u0117li\u0173 parduotuv\u0117 internete\",\"potentialAction\":[{\"@type\":\"SearchAction\",\"target\":{\"@type\":\"EntryPoint\",\"urlTemplate\":\"https:\/\/www.gintaresgeles.lt\/en\/?s={search_term_string}\"},\"query-input\":{\"@type\":\"PropertyValueSpecification\",\"valueRequired\":true,\"valueName\":\"search_term_string\"}}],\"inLanguage\":\"en-US\"}]}<\/script>\n<!-- \/ Yoast SEO plugin. -->","yoast_head_json":{"title":"Hydrangea | Impressive flower rings | Gintar\u0117s G\u0117l\u0117s","description":"Hydrangea will look great, one, not necessarily in a bouquet. It is a stylish, gorgeous and exclusive flower that will always remain delicate and refined.","robots":{"index":"index","follow":"follow","max-snippet":"max-snippet:-1","max-image-preview":"max-image-preview:large","max-video-preview":"max-video-preview:-1"},"canonical":"https:\/\/www.gintaresgeles.lt\/en\/puokste\/hydrangea\/","og_locale":"en_US","og_type":"article","og_title":"Hydrangea | Impressive flower rings | Gintar\u0117s G\u0117l\u0117s","og_description":"Hydrangea will look great, one, not necessarily in a bouquet. It is a stylish, gorgeous and exclusive flower that will always remain delicate and refined.","og_url":"https:\/\/www.gintaresgeles.lt\/en\/puokste\/hydrangea\/","og_site_name":"gintaresgeles.lt","article_modified_time":"2025-05-29T00:02:31+00:00","og_image":[{"width":600,"height":600,"url":"https:\/\/www.gintaresgeles.lt\/wp-content\/uploads\/2016\/09\/skintos-geles-hortenzijos.jpg","type":"image\/jpeg"}],"twitter_card":"summary_large_image","twitter_misc":{"Est. reading time":"1 minute"},"schema":{"@context":"https:\/\/schema.org","@graph":[{"@type":"WebPage","@id":"https:\/\/www.gintaresgeles.lt\/en\/puokste\/hydrangea\/","url":"https:\/\/www.gintaresgeles.lt\/en\/puokste\/hydrangea\/","name":"Hydrangea | Impressive flower rings | Gintar\u0117s G\u0117l\u0117s","isPartOf":{"@id":"https:\/\/www.gintaresgeles.lt\/en\/#website"},"primaryImageOfPage":{"@id":"https:\/\/www.gintaresgeles.lt\/en\/puokste\/hydrangea\/#primaryimage"},"image":{"@id":"https:\/\/www.gintaresgeles.lt\/en\/puokste\/hydrangea\/#primaryimage"},"thumbnailUrl":"https:\/\/www.gintaresgeles.lt\/wp-content\/uploads\/2016\/09\/skintos-geles-hortenzijos.jpg","datePublished":"2018-07-09T08:00:18+00:00","dateModified":"2025-05-29T00:02:31+00:00","description":"Hydrangea will look great, one, not necessarily in a bouquet. It is a stylish, gorgeous and exclusive flower that will always remain delicate and refined.","breadcrumb":{"@id":"https:\/\/www.gintaresgeles.lt\/en\/puokste\/hydrangea\/#breadcrumb"},"inLanguage":"en-US","potentialAction":[{"@type":"ReadAction","target":["https:\/\/www.gintaresgeles.lt\/en\/puokste\/hydrangea\/"]}]},{"@type":"ImageObject","inLanguage":"en-US","@id":"https:\/\/www.gintaresgeles.lt\/en\/puokste\/hydrangea\/#primaryimage","url":"https:\/\/www.gintaresgeles.lt\/wp-content\/uploads\/2016\/09\/skintos-geles-hortenzijos.jpg","contentUrl":"https:\/\/www.gintaresgeles.lt\/wp-content\/uploads\/2016\/09\/skintos-geles-hortenzijos.jpg","width":600,"height":600,"caption":"G\u0117l\u0117s draugei m\u0117lyna hortenzija"},{"@type":"BreadcrumbList","@id":"https:\/\/www.gintaresgeles.lt\/en\/puokste\/hydrangea\/#breadcrumb","itemListElement":[{"@type":"ListItem","position":1,"name":"Prad\u017eia","item":"https:\/\/www.gintaresgeles.lt\/en\/"},{"@type":"ListItem","position":2,"name":"All flowers and other products","item":"https:\/\/www.gintaresgeles.lt\/en\/all-flowers-and-other-products\/"},{"@type":"ListItem","position":3,"name":"Hydrangea"}]},{"@type":"WebSite","@id":"https:\/\/www.gintaresgeles.lt\/en\/#website","url":"https:\/\/www.gintaresgeles.lt\/en\/","name":"gintaresgeles.lt","description":"G\u0117li\u0173 parduotuv\u0117 internete","potentialAction":[{"@type":"SearchAction","target":{"@type":"EntryPoint","urlTemplate":"https:\/\/www.gintaresgeles.lt\/en\/?s={search_term_string}"},"query-input":{"@type":"PropertyValueSpecification","valueRequired":true,"valueName":"search_term_string"}}],"inLanguage":"en-US"}]}},"_links":{"self":[{"href":"https:\/\/www.gintaresgeles.lt\/en\/wp-json\/wp\/v2\/product\/19129","targetHints":{"allow":["GET"]}}],"collection":[{"href":"https:\/\/www.gintaresgeles.lt\/en\/wp-json\/wp\/v2\/product"}],"about":[{"href":"https:\/\/www.gintaresgeles.lt\/en\/wp-json\/wp\/v2\/types\/product"}],"wp:featuredmedia":[{"embeddable":true,"href":"https:\/\/www.gintaresgeles.lt\/en\/wp-json\/wp\/v2\/media\/23617"}],"wp:attachment":[{"href":"https:\/\/www.gintaresgeles.lt\/en\/wp-json\/wp\/v2\/media?parent=19129"}],"wp:term":[{"taxonomy":"product_brand","embeddable":true,"href":"https:\/\/www.gintaresgeles.lt\/en\/wp-json\/wp\/v2\/product_brand?post=19129"},{"taxonomy":"product_cat","embeddable":true,"href":"https:\/\/www.gintaresgeles.lt\/en\/wp-json\/wp\/v2\/product_cat?post=19129"},{"taxonomy":"product_tag","embeddable":true,"href":"https:\/\/www.gintaresgeles.lt\/en\/wp-json\/wp\/v2\/product_tag?post=19129"}],"curies":[{"name":"wp","href":"https:\/\/api.w.org\/{rel}","templated":true}]}}