{"id":19225,"date":"2018-03-30T08:10:42","date_gmt":"2018-07-16T11:10:19","guid":{"rendered":"https:\/\/www.gintaresgeles.lt\/?post_type=product&#038;p=19225"},"modified":"2025-05-29T02:01:39","modified_gmt":"2025-05-29T00:01:39","slug":"eustoma-bouquet-of-different-colors","status":"publish","type":"product","link":"https:\/\/www.gintaresgeles.lt\/en\/puokste\/eustoma-bouquet-of-different-colors\/","title":{"rendered":"Eustoma bouquet of different colors"},"content":{"rendered":"<p>The bouquet consists of various colors (at least three) eustomas. The color of eustoma is chosen randomly depending on the flowers we have when the order is placed. We always choose the most beautiful flowers, match the colors and tie a bright ribbon. Choose the right amount of eustomas for yourself and we will combine it into a unique bouquet that will definitely please the receiver.<\/p>\n","protected":false},"excerpt":{"rendered":"<p style=\"text-align: justify\">Playful, festive and at the same time elegant, colorful eustomas will be a great gift for a special person. Surprise your loved ones with these magnificent flowers.<\/p>\n<p><em><strong>The colors are chosen from those we have on sale at the time, if you want a specific color contact us.<\/strong><\/em><\/p>\n","protected":false},"featured_media":23594,"template":"","meta":[],"product_brand":[],"product_cat":[261,260,259,252,266,265,256,258,253,257,428,262,263,264,242,268,1966],"product_tag":[],"class_list":{"0":"post-19225","1":"product","2":"type-product","3":"status-publish","4":"has-post-thumbnail","6":"product_cat-birthday-bouquets","7":"product_cat-birthday-flowers","8":"product_cat-flowers-by-occasion","9":"product_cat-flowers-by-recipient","10":"product_cat-flowers-by-style","11":"product_cat-flowers-by-type","12":"product_cat-flowers-for-girlfriend","13":"product_cat-flowers-for-men","14":"product_cat-flowers-for-mom","15":"product_cat-flowers-for-women","16":"product_cat-jubilee-flowers","17":"product_cat-march8th-flowers","18":"product_cat-mothers-day-flowers","19":"product_cat-valentines-day-flowers","20":"product_cat-eustomas","21":"product_cat-flower-bouquets","22":"product_cat-flowers-wrapped-in-paper","23":"tm-has-options","25":"first","26":"instock","27":"taxable","28":"shipping-taxable","29":"purchasable","30":"product-type-variable","31":"has-default-attributes"},"yoast_head":"<!-- This site is optimized with the Yoast SEO plugin v25.3 - https:\/\/yoast.com\/wordpress\/plugins\/seo\/ -->\n<title>Eustoma bouquet of different colors | Romantic bouquets | Gintar\u0117sG\u0117l\u0117s<\/title>\n<meta name=\"description\" content=\"Elegant flowers eustoma - a great gift for women and men on various occasions. However, the different colors eustoma in one bouquet create not only an elegant but also a playful and joyful look. Order a bouquet of different colors on the Internet with delivery in Vilnius or Vilnius suburbs.\" \/>\n<meta name=\"robots\" content=\"index, follow, max-snippet:-1, max-image-preview:large, max-video-preview:-1\" \/>\n<link rel=\"canonical\" href=\"https:\/\/www.gintaresgeles.lt\/en\/puokste\/eustoma-bouquet-of-different-colors\/\" \/>\n<meta property=\"og:locale\" content=\"en_US\" \/>\n<meta property=\"og:type\" content=\"article\" \/>\n<meta property=\"og:title\" content=\"Eustoma bouquet of different colors | Romantic bouquets | Gintar\u0117sG\u0117l\u0117s\" \/>\n<meta property=\"og:description\" content=\"Elegant flowers eustoma - a great gift for women and men on various occasions. However, the different colors eustoma in one bouquet create not only an elegant but also a playful and joyful look. Order a bouquet of different colors on the Internet with delivery in Vilnius or Vilnius suburbs.\" \/>\n<meta property=\"og:url\" content=\"https:\/\/www.gintaresgeles.lt\/en\/puokste\/eustoma-bouquet-of-different-colors\/\" \/>\n<meta property=\"og:site_name\" content=\"gintaresgeles.lt\" \/>\n<meta property=\"article:modified_time\" content=\"2025-05-29T00:01:39+00:00\" \/>\n<meta property=\"og:image\" content=\"https:\/\/www.gintaresgeles.lt\/wp-content\/uploads\/2018\/03\/ivairiu-spalvu-eustomu-puokste.jpg\" \/>\n\t<meta property=\"og:image:width\" content=\"600\" \/>\n\t<meta property=\"og:image:height\" content=\"600\" \/>\n\t<meta property=\"og:image:type\" content=\"image\/jpeg\" \/>\n<meta name=\"twitter:card\" content=\"summary_large_image\" \/>\n<script type=\"application\/ld+json\" class=\"yoast-schema-graph\">{\"@context\":\"https:\/\/schema.org\",\"@graph\":[{\"@type\":\"WebPage\",\"@id\":\"https:\/\/www.gintaresgeles.lt\/en\/puokste\/eustoma-bouquet-of-different-colors\/\",\"url\":\"https:\/\/www.gintaresgeles.lt\/en\/puokste\/eustoma-bouquet-of-different-colors\/\",\"name\":\"Eustoma bouquet of different colors | Romantic bouquets | Gintar\u0117sG\u0117l\u0117s\",\"isPartOf\":{\"@id\":\"https:\/\/www.gintaresgeles.lt\/en\/#website\"},\"primaryImageOfPage\":{\"@id\":\"https:\/\/www.gintaresgeles.lt\/en\/puokste\/eustoma-bouquet-of-different-colors\/#primaryimage\"},\"image\":{\"@id\":\"https:\/\/www.gintaresgeles.lt\/en\/puokste\/eustoma-bouquet-of-different-colors\/#primaryimage\"},\"thumbnailUrl\":\"https:\/\/www.gintaresgeles.lt\/wp-content\/uploads\/2018\/03\/ivairiu-spalvu-eustomu-puokste.jpg\",\"datePublished\":\"2018-07-16T11:10:19+00:00\",\"dateModified\":\"2025-05-29T00:01:39+00:00\",\"description\":\"Elegant flowers eustoma - a great gift for women and men on various occasions. However, the different colors eustoma in one bouquet create not only an elegant but also a playful and joyful look. Order a bouquet of different colors on the Internet with delivery in Vilnius or Vilnius suburbs.\",\"breadcrumb\":{\"@id\":\"https:\/\/www.gintaresgeles.lt\/en\/puokste\/eustoma-bouquet-of-different-colors\/#breadcrumb\"},\"inLanguage\":\"en-US\",\"potentialAction\":[{\"@type\":\"ReadAction\",\"target\":[\"https:\/\/www.gintaresgeles.lt\/en\/puokste\/eustoma-bouquet-of-different-colors\/\"]}]},{\"@type\":\"ImageObject\",\"inLanguage\":\"en-US\",\"@id\":\"https:\/\/www.gintaresgeles.lt\/en\/puokste\/eustoma-bouquet-of-different-colors\/#primaryimage\",\"url\":\"https:\/\/www.gintaresgeles.lt\/wp-content\/uploads\/2018\/03\/ivairiu-spalvu-eustomu-puokste.jpg\",\"contentUrl\":\"https:\/\/www.gintaresgeles.lt\/wp-content\/uploads\/2018\/03\/ivairiu-spalvu-eustomu-puokste.jpg\",\"width\":600,\"height\":600,\"caption\":\"\u012evairiaspalv\u0117s eustomos g\u0117li\u0173 puok\u0161t\u0117s\"},{\"@type\":\"BreadcrumbList\",\"@id\":\"https:\/\/www.gintaresgeles.lt\/en\/puokste\/eustoma-bouquet-of-different-colors\/#breadcrumb\",\"itemListElement\":[{\"@type\":\"ListItem\",\"position\":1,\"name\":\"Prad\u017eia\",\"item\":\"https:\/\/www.gintaresgeles.lt\/en\/\"},{\"@type\":\"ListItem\",\"position\":2,\"name\":\"All flowers and other products\",\"item\":\"https:\/\/www.gintaresgeles.lt\/en\/all-flowers-and-other-products\/\"},{\"@type\":\"ListItem\",\"position\":3,\"name\":\"Eustoma bouquet of different colors\"}]},{\"@type\":\"WebSite\",\"@id\":\"https:\/\/www.gintaresgeles.lt\/en\/#website\",\"url\":\"https:\/\/www.gintaresgeles.lt\/en\/\",\"name\":\"gintaresgeles.lt\",\"description\":\"G\u0117li\u0173 parduotuv\u0117 internete\",\"potentialAction\":[{\"@type\":\"SearchAction\",\"target\":{\"@type\":\"EntryPoint\",\"urlTemplate\":\"https:\/\/www.gintaresgeles.lt\/en\/?s={search_term_string}\"},\"query-input\":{\"@type\":\"PropertyValueSpecification\",\"valueRequired\":true,\"valueName\":\"search_term_string\"}}],\"inLanguage\":\"en-US\"}]}<\/script>\n<!-- \/ Yoast SEO plugin. -->","yoast_head_json":{"title":"Eustoma bouquet of different colors | Romantic bouquets | Gintar\u0117sG\u0117l\u0117s","description":"Elegant flowers eustoma - a great gift for women and men on various occasions. However, the different colors eustoma in one bouquet create not only an elegant but also a playful and joyful look. Order a bouquet of different colors on the Internet with delivery in Vilnius or Vilnius suburbs.","robots":{"index":"index","follow":"follow","max-snippet":"max-snippet:-1","max-image-preview":"max-image-preview:large","max-video-preview":"max-video-preview:-1"},"canonical":"https:\/\/www.gintaresgeles.lt\/en\/puokste\/eustoma-bouquet-of-different-colors\/","og_locale":"en_US","og_type":"article","og_title":"Eustoma bouquet of different colors | Romantic bouquets | Gintar\u0117sG\u0117l\u0117s","og_description":"Elegant flowers eustoma - a great gift for women and men on various occasions. However, the different colors eustoma in one bouquet create not only an elegant but also a playful and joyful look. Order a bouquet of different colors on the Internet with delivery in Vilnius or Vilnius suburbs.","og_url":"https:\/\/www.gintaresgeles.lt\/en\/puokste\/eustoma-bouquet-of-different-colors\/","og_site_name":"gintaresgeles.lt","article_modified_time":"2025-05-29T00:01:39+00:00","og_image":[{"width":600,"height":600,"url":"https:\/\/www.gintaresgeles.lt\/wp-content\/uploads\/2018\/03\/ivairiu-spalvu-eustomu-puokste.jpg","type":"image\/jpeg"}],"twitter_card":"summary_large_image","schema":{"@context":"https:\/\/schema.org","@graph":[{"@type":"WebPage","@id":"https:\/\/www.gintaresgeles.lt\/en\/puokste\/eustoma-bouquet-of-different-colors\/","url":"https:\/\/www.gintaresgeles.lt\/en\/puokste\/eustoma-bouquet-of-different-colors\/","name":"Eustoma bouquet of different colors | Romantic bouquets | Gintar\u0117sG\u0117l\u0117s","isPartOf":{"@id":"https:\/\/www.gintaresgeles.lt\/en\/#website"},"primaryImageOfPage":{"@id":"https:\/\/www.gintaresgeles.lt\/en\/puokste\/eustoma-bouquet-of-different-colors\/#primaryimage"},"image":{"@id":"https:\/\/www.gintaresgeles.lt\/en\/puokste\/eustoma-bouquet-of-different-colors\/#primaryimage"},"thumbnailUrl":"https:\/\/www.gintaresgeles.lt\/wp-content\/uploads\/2018\/03\/ivairiu-spalvu-eustomu-puokste.jpg","datePublished":"2018-07-16T11:10:19+00:00","dateModified":"2025-05-29T00:01:39+00:00","description":"Elegant flowers eustoma - a great gift for women and men on various occasions. However, the different colors eustoma in one bouquet create not only an elegant but also a playful and joyful look. Order a bouquet of different colors on the Internet with delivery in Vilnius or Vilnius suburbs.","breadcrumb":{"@id":"https:\/\/www.gintaresgeles.lt\/en\/puokste\/eustoma-bouquet-of-different-colors\/#breadcrumb"},"inLanguage":"en-US","potentialAction":[{"@type":"ReadAction","target":["https:\/\/www.gintaresgeles.lt\/en\/puokste\/eustoma-bouquet-of-different-colors\/"]}]},{"@type":"ImageObject","inLanguage":"en-US","@id":"https:\/\/www.gintaresgeles.lt\/en\/puokste\/eustoma-bouquet-of-different-colors\/#primaryimage","url":"https:\/\/www.gintaresgeles.lt\/wp-content\/uploads\/2018\/03\/ivairiu-spalvu-eustomu-puokste.jpg","contentUrl":"https:\/\/www.gintaresgeles.lt\/wp-content\/uploads\/2018\/03\/ivairiu-spalvu-eustomu-puokste.jpg","width":600,"height":600,"caption":"\u012evairiaspalv\u0117s eustomos g\u0117li\u0173 puok\u0161t\u0117s"},{"@type":"BreadcrumbList","@id":"https:\/\/www.gintaresgeles.lt\/en\/puokste\/eustoma-bouquet-of-different-colors\/#breadcrumb","itemListElement":[{"@type":"ListItem","position":1,"name":"Prad\u017eia","item":"https:\/\/www.gintaresgeles.lt\/en\/"},{"@type":"ListItem","position":2,"name":"All flowers and other products","item":"https:\/\/www.gintaresgeles.lt\/en\/all-flowers-and-other-products\/"},{"@type":"ListItem","position":3,"name":"Eustoma bouquet of different colors"}]},{"@type":"WebSite","@id":"https:\/\/www.gintaresgeles.lt\/en\/#website","url":"https:\/\/www.gintaresgeles.lt\/en\/","name":"gintaresgeles.lt","description":"G\u0117li\u0173 parduotuv\u0117 internete","potentialAction":[{"@type":"SearchAction","target":{"@type":"EntryPoint","urlTemplate":"https:\/\/www.gintaresgeles.lt\/en\/?s={search_term_string}"},"query-input":{"@type":"PropertyValueSpecification","valueRequired":true,"valueName":"search_term_string"}}],"inLanguage":"en-US"}]}},"_links":{"self":[{"href":"https:\/\/www.gintaresgeles.lt\/en\/wp-json\/wp\/v2\/product\/19225","targetHints":{"allow":["GET"]}}],"collection":[{"href":"https:\/\/www.gintaresgeles.lt\/en\/wp-json\/wp\/v2\/product"}],"about":[{"href":"https:\/\/www.gintaresgeles.lt\/en\/wp-json\/wp\/v2\/types\/product"}],"wp:featuredmedia":[{"embeddable":true,"href":"https:\/\/www.gintaresgeles.lt\/en\/wp-json\/wp\/v2\/media\/23594"}],"wp:attachment":[{"href":"https:\/\/www.gintaresgeles.lt\/en\/wp-json\/wp\/v2\/media?parent=19225"}],"wp:term":[{"taxonomy":"product_brand","embeddable":true,"href":"https:\/\/www.gintaresgeles.lt\/en\/wp-json\/wp\/v2\/product_brand?post=19225"},{"taxonomy":"product_cat","embeddable":true,"href":"https:\/\/www.gintaresgeles.lt\/en\/wp-json\/wp\/v2\/product_cat?post=19225"},{"taxonomy":"product_tag","embeddable":true,"href":"https:\/\/www.gintaresgeles.lt\/en\/wp-json\/wp\/v2\/product_tag?post=19225"}],"curies":[{"name":"wp","href":"https:\/\/api.w.org\/{rel}","templated":true}]}}