{"id":19236,"date":"2018-03-30T04:51:12","date_gmt":"2018-07-16T12:04:30","guid":{"rendered":"https:\/\/www.gintaresgeles.lt\/?post_type=product&#038;p=19236"},"modified":"2025-05-29T02:01:39","modified_gmt":"2025-05-29T00:01:39","slug":"two-colors-bouquet-of-eustoma","status":"publish","type":"product","link":"https:\/\/www.gintaresgeles.lt\/en\/puokste\/two-colors-bouquet-of-eustoma\/","title":{"rendered":"Two colors Bouquet of Eustoma"},"content":{"rendered":"<p>Eustomas are special flowers because of their luxuriance. They fascinate with their elegance and the beauty of blossoms. The bouquet consists of the number of flowers you choose. We decide on two colors of eustomas that we have when the order is placed, the flowers are combined into a bouquet and tied with a bright ribbon. Every time the bouquet looks different,however, it always looks unique and lovely.<\/p>\n","protected":false},"excerpt":{"rendered":"<p style=\"text-align: justify\">The bouquet of elegant eustomas will really be appreciated by your chosen one, because it is they who understand the value, elegance and beauty of these flowers. Send it to your home or office and make a surprise to a loved one!<\/p>\n<p><em><strong>The colors are chosen from those we have on sale at the time, if you want a specific color contact us.<\/strong><\/em><\/p>\n<p style=\"text-align: right\">\n","protected":false},"featured_media":23174,"template":"","meta":[],"product_brand":[],"product_cat":[261,260,259,252,266,265,256,258,253,257,428,262,263,264,242,268,1966],"product_tag":[],"class_list":{"0":"post-19236","1":"product","2":"type-product","3":"status-publish","4":"has-post-thumbnail","6":"product_cat-birthday-bouquets","7":"product_cat-birthday-flowers","8":"product_cat-flowers-by-occasion","9":"product_cat-flowers-by-recipient","10":"product_cat-flowers-by-style","11":"product_cat-flowers-by-type","12":"product_cat-flowers-for-girlfriend","13":"product_cat-flowers-for-men","14":"product_cat-flowers-for-mom","15":"product_cat-flowers-for-women","16":"product_cat-jubilee-flowers","17":"product_cat-march8th-flowers","18":"product_cat-mothers-day-flowers","19":"product_cat-valentines-day-flowers","20":"product_cat-eustomas","21":"product_cat-flower-bouquets","22":"product_cat-flowers-wrapped-in-paper","23":"tm-has-options","25":"first","26":"instock","27":"taxable","28":"shipping-taxable","29":"purchasable","30":"product-type-variable","31":"has-default-attributes"},"yoast_head":"<!-- This site is optimized with the Yoast SEO plugin v25.3 - https:\/\/yoast.com\/wordpress\/plugins\/seo\/ -->\n<title>Two colors Bouquet of Eustoma | Romantic bouquets | Gintar\u0117sG\u0117l\u0117s<\/title>\n<meta name=\"description\" content=\"Elegant eustomas is a great gift for any occasion. Send flowers on wedding occasions, birthdays or other special occasions and congratulate the culprit of the party. Order flowers online with delivery at home in Vilnius or Vilnius suburbs.\" \/>\n<meta name=\"robots\" content=\"index, follow, max-snippet:-1, max-image-preview:large, max-video-preview:-1\" \/>\n<link rel=\"canonical\" href=\"https:\/\/www.gintaresgeles.lt\/en\/puokste\/two-colors-bouquet-of-eustoma\/\" \/>\n<meta property=\"og:locale\" content=\"en_US\" \/>\n<meta property=\"og:type\" content=\"article\" \/>\n<meta property=\"og:title\" content=\"Two colors Bouquet of Eustoma | Romantic bouquets | Gintar\u0117sG\u0117l\u0117s\" \/>\n<meta property=\"og:description\" content=\"Elegant eustomas is a great gift for any occasion. Send flowers on wedding occasions, birthdays or other special occasions and congratulate the culprit of the party. Order flowers online with delivery at home in Vilnius or Vilnius suburbs.\" \/>\n<meta property=\"og:url\" content=\"https:\/\/www.gintaresgeles.lt\/en\/puokste\/two-colors-bouquet-of-eustoma\/\" \/>\n<meta property=\"og:site_name\" content=\"gintaresgeles.lt\" \/>\n<meta property=\"article:modified_time\" content=\"2025-05-29T00:01:39+00:00\" \/>\n<meta property=\"og:image\" content=\"https:\/\/www.gintaresgeles.lt\/wp-content\/uploads\/2018\/03\/geliu-puokste-dvieu-spalvu-eustomos.jpg\" \/>\n\t<meta property=\"og:image:width\" content=\"600\" \/>\n\t<meta property=\"og:image:height\" content=\"600\" \/>\n\t<meta property=\"og:image:type\" content=\"image\/jpeg\" \/>\n<meta name=\"twitter:card\" content=\"summary_large_image\" \/>\n<script type=\"application\/ld+json\" class=\"yoast-schema-graph\">{\"@context\":\"https:\/\/schema.org\",\"@graph\":[{\"@type\":\"WebPage\",\"@id\":\"https:\/\/www.gintaresgeles.lt\/en\/puokste\/two-colors-bouquet-of-eustoma\/\",\"url\":\"https:\/\/www.gintaresgeles.lt\/en\/puokste\/two-colors-bouquet-of-eustoma\/\",\"name\":\"Two colors Bouquet of Eustoma | Romantic bouquets | Gintar\u0117sG\u0117l\u0117s\",\"isPartOf\":{\"@id\":\"https:\/\/www.gintaresgeles.lt\/en\/#website\"},\"primaryImageOfPage\":{\"@id\":\"https:\/\/www.gintaresgeles.lt\/en\/puokste\/two-colors-bouquet-of-eustoma\/#primaryimage\"},\"image\":{\"@id\":\"https:\/\/www.gintaresgeles.lt\/en\/puokste\/two-colors-bouquet-of-eustoma\/#primaryimage\"},\"thumbnailUrl\":\"https:\/\/www.gintaresgeles.lt\/wp-content\/uploads\/2018\/03\/geliu-puokste-dvieu-spalvu-eustomos.jpg\",\"datePublished\":\"2018-07-16T12:04:30+00:00\",\"dateModified\":\"2025-05-29T00:01:39+00:00\",\"description\":\"Elegant eustomas is a great gift for any occasion. Send flowers on wedding occasions, birthdays or other special occasions and congratulate the culprit of the party. Order flowers online with delivery at home in Vilnius or Vilnius suburbs.\",\"breadcrumb\":{\"@id\":\"https:\/\/www.gintaresgeles.lt\/en\/puokste\/two-colors-bouquet-of-eustoma\/#breadcrumb\"},\"inLanguage\":\"en-US\",\"potentialAction\":[{\"@type\":\"ReadAction\",\"target\":[\"https:\/\/www.gintaresgeles.lt\/en\/puokste\/two-colors-bouquet-of-eustoma\/\"]}]},{\"@type\":\"ImageObject\",\"inLanguage\":\"en-US\",\"@id\":\"https:\/\/www.gintaresgeles.lt\/en\/puokste\/two-colors-bouquet-of-eustoma\/#primaryimage\",\"url\":\"https:\/\/www.gintaresgeles.lt\/wp-content\/uploads\/2018\/03\/geliu-puokste-dvieu-spalvu-eustomos.jpg\",\"contentUrl\":\"https:\/\/www.gintaresgeles.lt\/wp-content\/uploads\/2018\/03\/geliu-puokste-dvieu-spalvu-eustomos.jpg\",\"width\":600,\"height\":600,\"caption\":\"Eustom\u0173 puok\u0161t\u0117 dviej\u0173 skirting\u0173 spalv\u0173\"},{\"@type\":\"BreadcrumbList\",\"@id\":\"https:\/\/www.gintaresgeles.lt\/en\/puokste\/two-colors-bouquet-of-eustoma\/#breadcrumb\",\"itemListElement\":[{\"@type\":\"ListItem\",\"position\":1,\"name\":\"Prad\u017eia\",\"item\":\"https:\/\/www.gintaresgeles.lt\/en\/\"},{\"@type\":\"ListItem\",\"position\":2,\"name\":\"All flowers and other products\",\"item\":\"https:\/\/www.gintaresgeles.lt\/en\/all-flowers-and-other-products\/\"},{\"@type\":\"ListItem\",\"position\":3,\"name\":\"Two colors Bouquet of Eustoma\"}]},{\"@type\":\"WebSite\",\"@id\":\"https:\/\/www.gintaresgeles.lt\/en\/#website\",\"url\":\"https:\/\/www.gintaresgeles.lt\/en\/\",\"name\":\"gintaresgeles.lt\",\"description\":\"G\u0117li\u0173 parduotuv\u0117 internete\",\"potentialAction\":[{\"@type\":\"SearchAction\",\"target\":{\"@type\":\"EntryPoint\",\"urlTemplate\":\"https:\/\/www.gintaresgeles.lt\/en\/?s={search_term_string}\"},\"query-input\":{\"@type\":\"PropertyValueSpecification\",\"valueRequired\":true,\"valueName\":\"search_term_string\"}}],\"inLanguage\":\"en-US\"}]}<\/script>\n<!-- \/ Yoast SEO plugin. -->","yoast_head_json":{"title":"Two colors Bouquet of Eustoma | Romantic bouquets | Gintar\u0117sG\u0117l\u0117s","description":"Elegant eustomas is a great gift for any occasion. Send flowers on wedding occasions, birthdays or other special occasions and congratulate the culprit of the party. Order flowers online with delivery at home in Vilnius or Vilnius suburbs.","robots":{"index":"index","follow":"follow","max-snippet":"max-snippet:-1","max-image-preview":"max-image-preview:large","max-video-preview":"max-video-preview:-1"},"canonical":"https:\/\/www.gintaresgeles.lt\/en\/puokste\/two-colors-bouquet-of-eustoma\/","og_locale":"en_US","og_type":"article","og_title":"Two colors Bouquet of Eustoma | Romantic bouquets | Gintar\u0117sG\u0117l\u0117s","og_description":"Elegant eustomas is a great gift for any occasion. Send flowers on wedding occasions, birthdays or other special occasions and congratulate the culprit of the party. Order flowers online with delivery at home in Vilnius or Vilnius suburbs.","og_url":"https:\/\/www.gintaresgeles.lt\/en\/puokste\/two-colors-bouquet-of-eustoma\/","og_site_name":"gintaresgeles.lt","article_modified_time":"2025-05-29T00:01:39+00:00","og_image":[{"width":600,"height":600,"url":"https:\/\/www.gintaresgeles.lt\/wp-content\/uploads\/2018\/03\/geliu-puokste-dvieu-spalvu-eustomos.jpg","type":"image\/jpeg"}],"twitter_card":"summary_large_image","schema":{"@context":"https:\/\/schema.org","@graph":[{"@type":"WebPage","@id":"https:\/\/www.gintaresgeles.lt\/en\/puokste\/two-colors-bouquet-of-eustoma\/","url":"https:\/\/www.gintaresgeles.lt\/en\/puokste\/two-colors-bouquet-of-eustoma\/","name":"Two colors Bouquet of Eustoma | Romantic bouquets | Gintar\u0117sG\u0117l\u0117s","isPartOf":{"@id":"https:\/\/www.gintaresgeles.lt\/en\/#website"},"primaryImageOfPage":{"@id":"https:\/\/www.gintaresgeles.lt\/en\/puokste\/two-colors-bouquet-of-eustoma\/#primaryimage"},"image":{"@id":"https:\/\/www.gintaresgeles.lt\/en\/puokste\/two-colors-bouquet-of-eustoma\/#primaryimage"},"thumbnailUrl":"https:\/\/www.gintaresgeles.lt\/wp-content\/uploads\/2018\/03\/geliu-puokste-dvieu-spalvu-eustomos.jpg","datePublished":"2018-07-16T12:04:30+00:00","dateModified":"2025-05-29T00:01:39+00:00","description":"Elegant eustomas is a great gift for any occasion. Send flowers on wedding occasions, birthdays or other special occasions and congratulate the culprit of the party. Order flowers online with delivery at home in Vilnius or Vilnius suburbs.","breadcrumb":{"@id":"https:\/\/www.gintaresgeles.lt\/en\/puokste\/two-colors-bouquet-of-eustoma\/#breadcrumb"},"inLanguage":"en-US","potentialAction":[{"@type":"ReadAction","target":["https:\/\/www.gintaresgeles.lt\/en\/puokste\/two-colors-bouquet-of-eustoma\/"]}]},{"@type":"ImageObject","inLanguage":"en-US","@id":"https:\/\/www.gintaresgeles.lt\/en\/puokste\/two-colors-bouquet-of-eustoma\/#primaryimage","url":"https:\/\/www.gintaresgeles.lt\/wp-content\/uploads\/2018\/03\/geliu-puokste-dvieu-spalvu-eustomos.jpg","contentUrl":"https:\/\/www.gintaresgeles.lt\/wp-content\/uploads\/2018\/03\/geliu-puokste-dvieu-spalvu-eustomos.jpg","width":600,"height":600,"caption":"Eustom\u0173 puok\u0161t\u0117 dviej\u0173 skirting\u0173 spalv\u0173"},{"@type":"BreadcrumbList","@id":"https:\/\/www.gintaresgeles.lt\/en\/puokste\/two-colors-bouquet-of-eustoma\/#breadcrumb","itemListElement":[{"@type":"ListItem","position":1,"name":"Prad\u017eia","item":"https:\/\/www.gintaresgeles.lt\/en\/"},{"@type":"ListItem","position":2,"name":"All flowers and other products","item":"https:\/\/www.gintaresgeles.lt\/en\/all-flowers-and-other-products\/"},{"@type":"ListItem","position":3,"name":"Two colors Bouquet of Eustoma"}]},{"@type":"WebSite","@id":"https:\/\/www.gintaresgeles.lt\/en\/#website","url":"https:\/\/www.gintaresgeles.lt\/en\/","name":"gintaresgeles.lt","description":"G\u0117li\u0173 parduotuv\u0117 internete","potentialAction":[{"@type":"SearchAction","target":{"@type":"EntryPoint","urlTemplate":"https:\/\/www.gintaresgeles.lt\/en\/?s={search_term_string}"},"query-input":{"@type":"PropertyValueSpecification","valueRequired":true,"valueName":"search_term_string"}}],"inLanguage":"en-US"}]}},"_links":{"self":[{"href":"https:\/\/www.gintaresgeles.lt\/en\/wp-json\/wp\/v2\/product\/19236","targetHints":{"allow":["GET"]}}],"collection":[{"href":"https:\/\/www.gintaresgeles.lt\/en\/wp-json\/wp\/v2\/product"}],"about":[{"href":"https:\/\/www.gintaresgeles.lt\/en\/wp-json\/wp\/v2\/types\/product"}],"wp:featuredmedia":[{"embeddable":true,"href":"https:\/\/www.gintaresgeles.lt\/en\/wp-json\/wp\/v2\/media\/23174"}],"wp:attachment":[{"href":"https:\/\/www.gintaresgeles.lt\/en\/wp-json\/wp\/v2\/media?parent=19236"}],"wp:term":[{"taxonomy":"product_brand","embeddable":true,"href":"https:\/\/www.gintaresgeles.lt\/en\/wp-json\/wp\/v2\/product_brand?post=19236"},{"taxonomy":"product_cat","embeddable":true,"href":"https:\/\/www.gintaresgeles.lt\/en\/wp-json\/wp\/v2\/product_cat?post=19236"},{"taxonomy":"product_tag","embeddable":true,"href":"https:\/\/www.gintaresgeles.lt\/en\/wp-json\/wp\/v2\/product_tag?post=19236"}],"curies":[{"name":"wp","href":"https:\/\/api.w.org\/{rel}","templated":true}]}}