{"id":19257,"date":"2018-02-08T11:38:46","date_gmt":"2018-02-08T13:38:46","guid":{"rendered":"https:\/\/www.gintaresgeles.lt\/?post_type=product&#038;p=19257"},"modified":"2025-05-29T02:01:53","modified_gmt":"2025-05-29T00:01:53","slug":"yellow-tulips-bouquet","status":"publish","type":"product","link":"https:\/\/www.gintaresgeles.lt\/en\/puokste\/yellow-tulips-bouquet\/","title":{"rendered":"Yellow tulips bouquet"},"content":{"rendered":"<p>Yellow tulips symbolize friendship and radiate warmth. Because of that, these flowers are especially popular when it is still cold outside, and we miss the colors. The bouquet consists of the number of tulips you choose, cellophane, and the ribbon. The size of the tulip blossom may differ from the photo. Tulips may be a little bigger or smaller.<\/p>\n","protected":false},"excerpt":{"rendered":"<p style=\"text-align: justify;\">Looking for a way to surprise a beloved woman &#8211; girlfriend, wife or mother? If so, send a bright yellow tulip bouquet and surprise your special one on any occasion or even occasionally!<\/p>\n<p style=\"text-align: right;\">\n","protected":false},"featured_media":54455,"template":"","meta":[],"product_brand":[],"product_cat":[261,260,259,252,266,265,256,253,257,428,262,263,264,268,1966,239],"product_tag":[],"class_list":{"0":"post-19257","1":"product","2":"type-product","3":"status-publish","4":"has-post-thumbnail","6":"product_cat-birthday-bouquets","7":"product_cat-birthday-flowers","8":"product_cat-flowers-by-occasion","9":"product_cat-flowers-by-recipient","10":"product_cat-flowers-by-style","11":"product_cat-flowers-by-type","12":"product_cat-flowers-for-girlfriend","13":"product_cat-flowers-for-mom","14":"product_cat-flowers-for-women","15":"product_cat-jubilee-flowers","16":"product_cat-march8th-flowers","17":"product_cat-mothers-day-flowers","18":"product_cat-valentines-day-flowers","19":"product_cat-flower-bouquets","20":"product_cat-flowers-wrapped-in-paper","21":"product_cat-tulips","22":"tm-has-options","24":"first","25":"outofstock","26":"taxable","27":"shipping-taxable","28":"purchasable","29":"product-type-variable","30":"has-default-attributes"},"yoast_head":"<!-- This site is optimized with the Yoast SEO plugin v25.3 - https:\/\/yoast.com\/wordpress\/plugins\/seo\/ -->\n<title>Yellow tulips bouquet | Flower delivery to home | Gintar\u0117s G\u0117l\u0117s<\/title>\n<meta name=\"description\" content=\"An extraordinary gift for a woman - flowers at home, at work or right at the feast! Order online a wonderful and bright yellow tulip bouquet with delivery to your home in Vilnius or the suburbs of Vilnius and amaze the women with flowers!\" \/>\n<meta name=\"robots\" content=\"index, follow, max-snippet:-1, max-image-preview:large, max-video-preview:-1\" \/>\n<link rel=\"canonical\" href=\"https:\/\/www.gintaresgeles.lt\/en\/puokste\/yellow-tulips-bouquet\/\" \/>\n<meta property=\"og:locale\" content=\"en_US\" \/>\n<meta property=\"og:type\" content=\"article\" \/>\n<meta property=\"og:title\" content=\"Yellow tulips bouquet | Flower delivery to home | Gintar\u0117s G\u0117l\u0117s\" \/>\n<meta property=\"og:description\" content=\"An extraordinary gift for a woman - flowers at home, at work or right at the feast! Order online a wonderful and bright yellow tulip bouquet with delivery to your home in Vilnius or the suburbs of Vilnius and amaze the women with flowers!\" \/>\n<meta property=\"og:url\" content=\"https:\/\/www.gintaresgeles.lt\/en\/puokste\/yellow-tulips-bouquet\/\" \/>\n<meta property=\"og:site_name\" content=\"gintaresgeles.lt\" \/>\n<meta property=\"article:modified_time\" content=\"2025-05-29T00:01:53+00:00\" \/>\n<meta property=\"og:image\" content=\"https:\/\/www.gintaresgeles.lt\/wp-content\/uploads\/2018\/02\/geltonos-tulpes-puoksteje-kovo-8-geles-scaled.jpg\" \/>\n\t<meta property=\"og:image:width\" content=\"2560\" \/>\n\t<meta property=\"og:image:height\" content=\"2560\" \/>\n\t<meta property=\"og:image:type\" content=\"image\/jpeg\" \/>\n<meta name=\"twitter:card\" content=\"summary_large_image\" \/>\n<script type=\"application\/ld+json\" class=\"yoast-schema-graph\">{\"@context\":\"https:\/\/schema.org\",\"@graph\":[{\"@type\":\"WebPage\",\"@id\":\"https:\/\/www.gintaresgeles.lt\/en\/puokste\/yellow-tulips-bouquet\/\",\"url\":\"https:\/\/www.gintaresgeles.lt\/en\/puokste\/yellow-tulips-bouquet\/\",\"name\":\"Yellow tulips bouquet | Flower delivery to home | Gintar\u0117s G\u0117l\u0117s\",\"isPartOf\":{\"@id\":\"https:\/\/www.gintaresgeles.lt\/en\/#website\"},\"primaryImageOfPage\":{\"@id\":\"https:\/\/www.gintaresgeles.lt\/en\/puokste\/yellow-tulips-bouquet\/#primaryimage\"},\"image\":{\"@id\":\"https:\/\/www.gintaresgeles.lt\/en\/puokste\/yellow-tulips-bouquet\/#primaryimage\"},\"thumbnailUrl\":\"https:\/\/www.gintaresgeles.lt\/wp-content\/uploads\/2018\/02\/geltonos-tulpes-puoksteje-kovo-8-geles-scaled.jpg\",\"datePublished\":\"2018-02-08T13:38:46+00:00\",\"dateModified\":\"2025-05-29T00:01:53+00:00\",\"description\":\"An extraordinary gift for a woman - flowers at home, at work or right at the feast! Order online a wonderful and bright yellow tulip bouquet with delivery to your home in Vilnius or the suburbs of Vilnius and amaze the women with flowers!\",\"breadcrumb\":{\"@id\":\"https:\/\/www.gintaresgeles.lt\/en\/puokste\/yellow-tulips-bouquet\/#breadcrumb\"},\"inLanguage\":\"en-US\",\"potentialAction\":[{\"@type\":\"ReadAction\",\"target\":[\"https:\/\/www.gintaresgeles.lt\/en\/puokste\/yellow-tulips-bouquet\/\"]}]},{\"@type\":\"ImageObject\",\"inLanguage\":\"en-US\",\"@id\":\"https:\/\/www.gintaresgeles.lt\/en\/puokste\/yellow-tulips-bouquet\/#primaryimage\",\"url\":\"https:\/\/www.gintaresgeles.lt\/wp-content\/uploads\/2018\/02\/geltonos-tulpes-puoksteje-kovo-8-geles-scaled.jpg\",\"contentUrl\":\"https:\/\/www.gintaresgeles.lt\/wp-content\/uploads\/2018\/02\/geltonos-tulpes-puoksteje-kovo-8-geles-scaled.jpg\",\"width\":2560,\"height\":2560,\"caption\":\"Gelton\u0173 tulpi\u0173 puok\u0161t\u0117 pavasario g\u0117l\u0117s\"},{\"@type\":\"BreadcrumbList\",\"@id\":\"https:\/\/www.gintaresgeles.lt\/en\/puokste\/yellow-tulips-bouquet\/#breadcrumb\",\"itemListElement\":[{\"@type\":\"ListItem\",\"position\":1,\"name\":\"Prad\u017eia\",\"item\":\"https:\/\/www.gintaresgeles.lt\/en\/\"},{\"@type\":\"ListItem\",\"position\":2,\"name\":\"All flowers and other products\",\"item\":\"https:\/\/www.gintaresgeles.lt\/en\/all-flowers-and-other-products\/\"},{\"@type\":\"ListItem\",\"position\":3,\"name\":\"Yellow tulips bouquet\"}]},{\"@type\":\"WebSite\",\"@id\":\"https:\/\/www.gintaresgeles.lt\/en\/#website\",\"url\":\"https:\/\/www.gintaresgeles.lt\/en\/\",\"name\":\"Gintares Geles\",\"description\":\"Flower delivery in Vilnius | Same-day delivery | Gintares geles\",\"potentialAction\":[{\"@type\":\"SearchAction\",\"target\":{\"@type\":\"EntryPoint\",\"urlTemplate\":\"https:\/\/www.gintaresgeles.lt\/en\/?s={search_term_string}\"},\"query-input\":{\"@type\":\"PropertyValueSpecification\",\"valueRequired\":true,\"valueName\":\"search_term_string\"}}],\"inLanguage\":\"en-US\"}]}<\/script>\n<!-- \/ Yoast SEO plugin. -->","yoast_head_json":{"title":"Yellow tulips bouquet | Flower delivery to home | Gintar\u0117s G\u0117l\u0117s","description":"An extraordinary gift for a woman - flowers at home, at work or right at the feast! Order online a wonderful and bright yellow tulip bouquet with delivery to your home in Vilnius or the suburbs of Vilnius and amaze the women with flowers!","robots":{"index":"index","follow":"follow","max-snippet":"max-snippet:-1","max-image-preview":"max-image-preview:large","max-video-preview":"max-video-preview:-1"},"canonical":"https:\/\/www.gintaresgeles.lt\/en\/puokste\/yellow-tulips-bouquet\/","og_locale":"en_US","og_type":"article","og_title":"Yellow tulips bouquet | Flower delivery to home | Gintar\u0117s G\u0117l\u0117s","og_description":"An extraordinary gift for a woman - flowers at home, at work or right at the feast! Order online a wonderful and bright yellow tulip bouquet with delivery to your home in Vilnius or the suburbs of Vilnius and amaze the women with flowers!","og_url":"https:\/\/www.gintaresgeles.lt\/en\/puokste\/yellow-tulips-bouquet\/","og_site_name":"gintaresgeles.lt","article_modified_time":"2025-05-29T00:01:53+00:00","og_image":[{"width":2560,"height":2560,"url":"https:\/\/www.gintaresgeles.lt\/wp-content\/uploads\/2018\/02\/geltonos-tulpes-puoksteje-kovo-8-geles-scaled.jpg","type":"image\/jpeg"}],"twitter_card":"summary_large_image","schema":{"@context":"https:\/\/schema.org","@graph":[{"@type":"WebPage","@id":"https:\/\/www.gintaresgeles.lt\/en\/puokste\/yellow-tulips-bouquet\/","url":"https:\/\/www.gintaresgeles.lt\/en\/puokste\/yellow-tulips-bouquet\/","name":"Yellow tulips bouquet | Flower delivery to home | Gintar\u0117s G\u0117l\u0117s","isPartOf":{"@id":"https:\/\/www.gintaresgeles.lt\/en\/#website"},"primaryImageOfPage":{"@id":"https:\/\/www.gintaresgeles.lt\/en\/puokste\/yellow-tulips-bouquet\/#primaryimage"},"image":{"@id":"https:\/\/www.gintaresgeles.lt\/en\/puokste\/yellow-tulips-bouquet\/#primaryimage"},"thumbnailUrl":"https:\/\/www.gintaresgeles.lt\/wp-content\/uploads\/2018\/02\/geltonos-tulpes-puoksteje-kovo-8-geles-scaled.jpg","datePublished":"2018-02-08T13:38:46+00:00","dateModified":"2025-05-29T00:01:53+00:00","description":"An extraordinary gift for a woman - flowers at home, at work or right at the feast! Order online a wonderful and bright yellow tulip bouquet with delivery to your home in Vilnius or the suburbs of Vilnius and amaze the women with flowers!","breadcrumb":{"@id":"https:\/\/www.gintaresgeles.lt\/en\/puokste\/yellow-tulips-bouquet\/#breadcrumb"},"inLanguage":"en-US","potentialAction":[{"@type":"ReadAction","target":["https:\/\/www.gintaresgeles.lt\/en\/puokste\/yellow-tulips-bouquet\/"]}]},{"@type":"ImageObject","inLanguage":"en-US","@id":"https:\/\/www.gintaresgeles.lt\/en\/puokste\/yellow-tulips-bouquet\/#primaryimage","url":"https:\/\/www.gintaresgeles.lt\/wp-content\/uploads\/2018\/02\/geltonos-tulpes-puoksteje-kovo-8-geles-scaled.jpg","contentUrl":"https:\/\/www.gintaresgeles.lt\/wp-content\/uploads\/2018\/02\/geltonos-tulpes-puoksteje-kovo-8-geles-scaled.jpg","width":2560,"height":2560,"caption":"Gelton\u0173 tulpi\u0173 puok\u0161t\u0117 pavasario g\u0117l\u0117s"},{"@type":"BreadcrumbList","@id":"https:\/\/www.gintaresgeles.lt\/en\/puokste\/yellow-tulips-bouquet\/#breadcrumb","itemListElement":[{"@type":"ListItem","position":1,"name":"Prad\u017eia","item":"https:\/\/www.gintaresgeles.lt\/en\/"},{"@type":"ListItem","position":2,"name":"All flowers and other products","item":"https:\/\/www.gintaresgeles.lt\/en\/all-flowers-and-other-products\/"},{"@type":"ListItem","position":3,"name":"Yellow tulips bouquet"}]},{"@type":"WebSite","@id":"https:\/\/www.gintaresgeles.lt\/en\/#website","url":"https:\/\/www.gintaresgeles.lt\/en\/","name":"Gintares Geles","description":"Flower delivery in Vilnius | Same-day delivery | Gintares geles","potentialAction":[{"@type":"SearchAction","target":{"@type":"EntryPoint","urlTemplate":"https:\/\/www.gintaresgeles.lt\/en\/?s={search_term_string}"},"query-input":{"@type":"PropertyValueSpecification","valueRequired":true,"valueName":"search_term_string"}}],"inLanguage":"en-US"}]}},"_links":{"self":[{"href":"https:\/\/www.gintaresgeles.lt\/en\/wp-json\/wp\/v2\/product\/19257","targetHints":{"allow":["GET"]}}],"collection":[{"href":"https:\/\/www.gintaresgeles.lt\/en\/wp-json\/wp\/v2\/product"}],"about":[{"href":"https:\/\/www.gintaresgeles.lt\/en\/wp-json\/wp\/v2\/types\/product"}],"wp:featuredmedia":[{"embeddable":true,"href":"https:\/\/www.gintaresgeles.lt\/en\/wp-json\/wp\/v2\/media\/54455"}],"wp:attachment":[{"href":"https:\/\/www.gintaresgeles.lt\/en\/wp-json\/wp\/v2\/media?parent=19257"}],"wp:term":[{"taxonomy":"product_brand","embeddable":true,"href":"https:\/\/www.gintaresgeles.lt\/en\/wp-json\/wp\/v2\/product_brand?post=19257"},{"taxonomy":"product_cat","embeddable":true,"href":"https:\/\/www.gintaresgeles.lt\/en\/wp-json\/wp\/v2\/product_cat?post=19257"},{"taxonomy":"product_tag","embeddable":true,"href":"https:\/\/www.gintaresgeles.lt\/en\/wp-json\/wp\/v2\/product_tag?post=19257"}],"curies":[{"name":"wp","href":"https:\/\/api.w.org\/{rel}","templated":true}]}}