{"id":19268,"date":"2018-02-08T11:37:09","date_gmt":"2018-02-08T13:37:09","guid":{"rendered":"https:\/\/www.gintaresgeles.lt\/?post_type=product&#038;p=19268"},"modified":"2025-05-29T02:01:53","modified_gmt":"2025-05-29T00:01:53","slug":"purple-tulip-box","status":"publish","type":"product","link":"https:\/\/www.gintaresgeles.lt\/en\/puokste\/purple-tulip-box\/","title":{"rendered":"Purple tulip box"},"content":{"rendered":"<p>Purple tulips are both exotic and elegant. These special color flowers always look memorable, while the composition of tulips in the box will create even more stylish gift. The color of the box is chosen randomly, however, most of the time it is black or white. We also match the color of the ribbon, and the silky paper. The size of the box depends on the number of tulips you choose, however, based on the size of the blossom, there may be some extra tulips added or even taken out.<\/p>\n","protected":false},"excerpt":{"rendered":"<p style=\"text-align: justify\">A wonderful and expressive gift for a lady on any occasion &#8211; a box of brightly colored tulips. Select the desired amount of tulips and surprise your beloved one!<\/p>\n<p style=\"text-align: right\">\n","protected":false},"featured_media":21624,"template":"","meta":[],"product_brand":[],"product_cat":[260,259,252,266,265,256,253,257,428,262,263,264,267,239],"product_tag":[],"class_list":{"0":"post-19268","1":"product","2":"type-product","3":"status-publish","4":"has-post-thumbnail","6":"product_cat-birthday-flowers","7":"product_cat-flowers-by-occasion","8":"product_cat-flowers-by-recipient","9":"product_cat-flowers-by-style","10":"product_cat-flowers-by-type","11":"product_cat-flowers-for-girlfriend","12":"product_cat-flowers-for-mom","13":"product_cat-flowers-for-women","14":"product_cat-jubilee-flowers","15":"product_cat-march8th-flowers","16":"product_cat-mothers-day-flowers","17":"product_cat-valentines-day-flowers","18":"product_cat-flower-boxes","19":"product_cat-tulips","20":"tm-no-options","22":"first","23":"outofstock","24":"taxable","25":"shipping-taxable","26":"purchasable","27":"product-type-variable","28":"has-default-attributes"},"yoast_head":"<!-- This site is optimized with the Yoast SEO plugin v25.3 - https:\/\/yoast.com\/wordpress\/plugins\/seo\/ -->\n<title>Purple tulip box | Flower delivery in Vilnius | Gintar\u0117s G\u0117l\u0117s<\/title>\n<meta name=\"description\" content=\"A wonderful gift for a beloved woman - a purple tulip box. This box will surprise you with its bright tulip color and beautiful design. Order a tulip box online and we will deliver it to a woman or a girl on Valentine&#039;s Day, a Woman&#039;s Day or another happy holiday.\" \/>\n<meta name=\"robots\" content=\"index, follow, max-snippet:-1, max-image-preview:large, max-video-preview:-1\" \/>\n<link rel=\"canonical\" href=\"https:\/\/www.gintaresgeles.lt\/en\/puokste\/purple-tulip-box\/\" \/>\n<meta property=\"og:locale\" content=\"en_US\" \/>\n<meta property=\"og:type\" content=\"article\" \/>\n<meta property=\"og:title\" content=\"Purple tulip box | Flower delivery in Vilnius | Gintar\u0117s G\u0117l\u0117s\" \/>\n<meta property=\"og:description\" content=\"A wonderful gift for a beloved woman - a purple tulip box. This box will surprise you with its bright tulip color and beautiful design. Order a tulip box online and we will deliver it to a woman or a girl on Valentine&#039;s Day, a Woman&#039;s Day or another happy holiday.\" \/>\n<meta property=\"og:url\" content=\"https:\/\/www.gintaresgeles.lt\/en\/puokste\/purple-tulip-box\/\" \/>\n<meta property=\"og:site_name\" content=\"gintaresgeles.lt\" \/>\n<meta property=\"article:modified_time\" content=\"2025-05-29T00:01:53+00:00\" \/>\n<meta property=\"og:image\" content=\"https:\/\/www.gintaresgeles.lt\/wp-content\/uploads\/2018\/02\/geliu-dezute-violetines-tulpes.jpg\" \/>\n\t<meta property=\"og:image:width\" content=\"600\" \/>\n\t<meta property=\"og:image:height\" content=\"600\" \/>\n\t<meta property=\"og:image:type\" content=\"image\/jpeg\" \/>\n<meta name=\"twitter:card\" content=\"summary_large_image\" \/>\n<script type=\"application\/ld+json\" class=\"yoast-schema-graph\">{\"@context\":\"https:\/\/schema.org\",\"@graph\":[{\"@type\":\"WebPage\",\"@id\":\"https:\/\/www.gintaresgeles.lt\/en\/puokste\/purple-tulip-box\/\",\"url\":\"https:\/\/www.gintaresgeles.lt\/en\/puokste\/purple-tulip-box\/\",\"name\":\"Purple tulip box | Flower delivery in Vilnius | Gintar\u0117s G\u0117l\u0117s\",\"isPartOf\":{\"@id\":\"https:\/\/www.gintaresgeles.lt\/en\/#website\"},\"primaryImageOfPage\":{\"@id\":\"https:\/\/www.gintaresgeles.lt\/en\/puokste\/purple-tulip-box\/#primaryimage\"},\"image\":{\"@id\":\"https:\/\/www.gintaresgeles.lt\/en\/puokste\/purple-tulip-box\/#primaryimage\"},\"thumbnailUrl\":\"https:\/\/www.gintaresgeles.lt\/wp-content\/uploads\/2018\/02\/geliu-dezute-violetines-tulpes.jpg\",\"datePublished\":\"2018-02-08T13:37:09+00:00\",\"dateModified\":\"2025-05-29T00:01:53+00:00\",\"description\":\"A wonderful gift for a beloved woman - a purple tulip box. This box will surprise you with its bright tulip color and beautiful design. Order a tulip box online and we will deliver it to a woman or a girl on Valentine's Day, a Woman's Day or another happy holiday.\",\"breadcrumb\":{\"@id\":\"https:\/\/www.gintaresgeles.lt\/en\/puokste\/purple-tulip-box\/#breadcrumb\"},\"inLanguage\":\"en-US\",\"potentialAction\":[{\"@type\":\"ReadAction\",\"target\":[\"https:\/\/www.gintaresgeles.lt\/en\/puokste\/purple-tulip-box\/\"]}]},{\"@type\":\"ImageObject\",\"inLanguage\":\"en-US\",\"@id\":\"https:\/\/www.gintaresgeles.lt\/en\/puokste\/purple-tulip-box\/#primaryimage\",\"url\":\"https:\/\/www.gintaresgeles.lt\/wp-content\/uploads\/2018\/02\/geliu-dezute-violetines-tulpes.jpg\",\"contentUrl\":\"https:\/\/www.gintaresgeles.lt\/wp-content\/uploads\/2018\/02\/geliu-dezute-violetines-tulpes.jpg\",\"width\":600,\"height\":600,\"caption\":\"Violetini\u0173 tulpi\u0173 d\u0117\u017eut\u0117\"},{\"@type\":\"BreadcrumbList\",\"@id\":\"https:\/\/www.gintaresgeles.lt\/en\/puokste\/purple-tulip-box\/#breadcrumb\",\"itemListElement\":[{\"@type\":\"ListItem\",\"position\":1,\"name\":\"Prad\u017eia\",\"item\":\"https:\/\/www.gintaresgeles.lt\/en\/\"},{\"@type\":\"ListItem\",\"position\":2,\"name\":\"All flowers and other products\",\"item\":\"https:\/\/www.gintaresgeles.lt\/en\/all-flowers-and-other-products\/\"},{\"@type\":\"ListItem\",\"position\":3,\"name\":\"Purple tulip box\"}]},{\"@type\":\"WebSite\",\"@id\":\"https:\/\/www.gintaresgeles.lt\/en\/#website\",\"url\":\"https:\/\/www.gintaresgeles.lt\/en\/\",\"name\":\"Gintares Geles\",\"description\":\"Flower delivery in Vilnius | Same-day delivery | Gintares geles\",\"potentialAction\":[{\"@type\":\"SearchAction\",\"target\":{\"@type\":\"EntryPoint\",\"urlTemplate\":\"https:\/\/www.gintaresgeles.lt\/en\/?s={search_term_string}\"},\"query-input\":{\"@type\":\"PropertyValueSpecification\",\"valueRequired\":true,\"valueName\":\"search_term_string\"}}],\"inLanguage\":\"en-US\"}]}<\/script>\n<!-- \/ Yoast SEO plugin. -->","yoast_head_json":{"title":"Purple tulip box | Flower delivery in Vilnius | Gintar\u0117s G\u0117l\u0117s","description":"A wonderful gift for a beloved woman - a purple tulip box. This box will surprise you with its bright tulip color and beautiful design. Order a tulip box online and we will deliver it to a woman or a girl on Valentine's Day, a Woman's Day or another happy holiday.","robots":{"index":"index","follow":"follow","max-snippet":"max-snippet:-1","max-image-preview":"max-image-preview:large","max-video-preview":"max-video-preview:-1"},"canonical":"https:\/\/www.gintaresgeles.lt\/en\/puokste\/purple-tulip-box\/","og_locale":"en_US","og_type":"article","og_title":"Purple tulip box | Flower delivery in Vilnius | Gintar\u0117s G\u0117l\u0117s","og_description":"A wonderful gift for a beloved woman - a purple tulip box. This box will surprise you with its bright tulip color and beautiful design. Order a tulip box online and we will deliver it to a woman or a girl on Valentine's Day, a Woman's Day or another happy holiday.","og_url":"https:\/\/www.gintaresgeles.lt\/en\/puokste\/purple-tulip-box\/","og_site_name":"gintaresgeles.lt","article_modified_time":"2025-05-29T00:01:53+00:00","og_image":[{"width":600,"height":600,"url":"https:\/\/www.gintaresgeles.lt\/wp-content\/uploads\/2018\/02\/geliu-dezute-violetines-tulpes.jpg","type":"image\/jpeg"}],"twitter_card":"summary_large_image","schema":{"@context":"https:\/\/schema.org","@graph":[{"@type":"WebPage","@id":"https:\/\/www.gintaresgeles.lt\/en\/puokste\/purple-tulip-box\/","url":"https:\/\/www.gintaresgeles.lt\/en\/puokste\/purple-tulip-box\/","name":"Purple tulip box | Flower delivery in Vilnius | Gintar\u0117s G\u0117l\u0117s","isPartOf":{"@id":"https:\/\/www.gintaresgeles.lt\/en\/#website"},"primaryImageOfPage":{"@id":"https:\/\/www.gintaresgeles.lt\/en\/puokste\/purple-tulip-box\/#primaryimage"},"image":{"@id":"https:\/\/www.gintaresgeles.lt\/en\/puokste\/purple-tulip-box\/#primaryimage"},"thumbnailUrl":"https:\/\/www.gintaresgeles.lt\/wp-content\/uploads\/2018\/02\/geliu-dezute-violetines-tulpes.jpg","datePublished":"2018-02-08T13:37:09+00:00","dateModified":"2025-05-29T00:01:53+00:00","description":"A wonderful gift for a beloved woman - a purple tulip box. This box will surprise you with its bright tulip color and beautiful design. Order a tulip box online and we will deliver it to a woman or a girl on Valentine's Day, a Woman's Day or another happy holiday.","breadcrumb":{"@id":"https:\/\/www.gintaresgeles.lt\/en\/puokste\/purple-tulip-box\/#breadcrumb"},"inLanguage":"en-US","potentialAction":[{"@type":"ReadAction","target":["https:\/\/www.gintaresgeles.lt\/en\/puokste\/purple-tulip-box\/"]}]},{"@type":"ImageObject","inLanguage":"en-US","@id":"https:\/\/www.gintaresgeles.lt\/en\/puokste\/purple-tulip-box\/#primaryimage","url":"https:\/\/www.gintaresgeles.lt\/wp-content\/uploads\/2018\/02\/geliu-dezute-violetines-tulpes.jpg","contentUrl":"https:\/\/www.gintaresgeles.lt\/wp-content\/uploads\/2018\/02\/geliu-dezute-violetines-tulpes.jpg","width":600,"height":600,"caption":"Violetini\u0173 tulpi\u0173 d\u0117\u017eut\u0117"},{"@type":"BreadcrumbList","@id":"https:\/\/www.gintaresgeles.lt\/en\/puokste\/purple-tulip-box\/#breadcrumb","itemListElement":[{"@type":"ListItem","position":1,"name":"Prad\u017eia","item":"https:\/\/www.gintaresgeles.lt\/en\/"},{"@type":"ListItem","position":2,"name":"All flowers and other products","item":"https:\/\/www.gintaresgeles.lt\/en\/all-flowers-and-other-products\/"},{"@type":"ListItem","position":3,"name":"Purple tulip box"}]},{"@type":"WebSite","@id":"https:\/\/www.gintaresgeles.lt\/en\/#website","url":"https:\/\/www.gintaresgeles.lt\/en\/","name":"Gintares Geles","description":"Flower delivery in Vilnius | Same-day delivery | Gintares geles","potentialAction":[{"@type":"SearchAction","target":{"@type":"EntryPoint","urlTemplate":"https:\/\/www.gintaresgeles.lt\/en\/?s={search_term_string}"},"query-input":{"@type":"PropertyValueSpecification","valueRequired":true,"valueName":"search_term_string"}}],"inLanguage":"en-US"}]}},"_links":{"self":[{"href":"https:\/\/www.gintaresgeles.lt\/en\/wp-json\/wp\/v2\/product\/19268","targetHints":{"allow":["GET"]}}],"collection":[{"href":"https:\/\/www.gintaresgeles.lt\/en\/wp-json\/wp\/v2\/product"}],"about":[{"href":"https:\/\/www.gintaresgeles.lt\/en\/wp-json\/wp\/v2\/types\/product"}],"wp:featuredmedia":[{"embeddable":true,"href":"https:\/\/www.gintaresgeles.lt\/en\/wp-json\/wp\/v2\/media\/21624"}],"wp:attachment":[{"href":"https:\/\/www.gintaresgeles.lt\/en\/wp-json\/wp\/v2\/media?parent=19268"}],"wp:term":[{"taxonomy":"product_brand","embeddable":true,"href":"https:\/\/www.gintaresgeles.lt\/en\/wp-json\/wp\/v2\/product_brand?post=19268"},{"taxonomy":"product_cat","embeddable":true,"href":"https:\/\/www.gintaresgeles.lt\/en\/wp-json\/wp\/v2\/product_cat?post=19268"},{"taxonomy":"product_tag","embeddable":true,"href":"https:\/\/www.gintaresgeles.lt\/en\/wp-json\/wp\/v2\/product_tag?post=19268"}],"curies":[{"name":"wp","href":"https:\/\/api.w.org\/{rel}","templated":true}]}}