{"id":19338,"date":"2017-10-16T11:44:36","date_gmt":"2018-07-24T04:03:09","guid":{"rendered":"https:\/\/www.gintaresgeles.lt\/?post_type=product&#038;p=19338"},"modified":"2025-05-29T02:01:56","modified_gmt":"2025-05-29T00:01:56","slug":"bouquet-of-two-color-carnations","status":"publish","type":"product","link":"https:\/\/www.gintaresgeles.lt\/en\/puokste\/bouquet-of-two-color-carnations\/","title":{"rendered":"Bouquet of two-color carnations"},"content":{"rendered":"<p>Carnatios are flowers that are often chosen for men. But it does not mean that carnations will not surprise your loved woman or mother because this romantic, dreamy-looking, two-colored carnation bouquet looks modern and lovely. The bouquet of carnations will become the best surprise for a woman or a girl on any occasion. The color of carnations is chosen from the ones we have when the order is placed.<\/p>\n","protected":false},"excerpt":{"rendered":"<p style=\"text-align: justify\">Two-colored carnations are the perfect gift for a woman or girl for any occasion &#8211; a Woman&#8217;s Day, Mom&#8217;s Day, birthday or first date. This romantic bouquet shines with tenderness and coziness, so that it will not leave any woman indifferent.<\/p>\n<p><em><strong>The colors are chosen from those we have on sale at the time, if you want a specific color contact us.<\/strong><\/em><\/p>\n<p style=\"text-align: right\">\n","protected":false},"featured_media":27096,"template":"","meta":[],"product_brand":[],"product_cat":[261,260,259,252,266,265,256,258,253,257,262,263,264,246,268,1966],"product_tag":[],"class_list":{"0":"post-19338","1":"product","2":"type-product","3":"status-publish","4":"has-post-thumbnail","6":"product_cat-birthday-bouquets","7":"product_cat-birthday-flowers","8":"product_cat-flowers-by-occasion","9":"product_cat-flowers-by-recipient","10":"product_cat-flowers-by-style","11":"product_cat-flowers-by-type","12":"product_cat-flowers-for-girlfriend","13":"product_cat-flowers-for-men","14":"product_cat-flowers-for-mom","15":"product_cat-flowers-for-women","16":"product_cat-march8th-flowers","17":"product_cat-mothers-day-flowers","18":"product_cat-valentines-day-flowers","19":"product_cat-carnations","20":"product_cat-flower-bouquets","21":"product_cat-flowers-wrapped-in-paper","22":"tm-has-options","24":"first","25":"instock","26":"taxable","27":"shipping-taxable","28":"purchasable","29":"product-type-variable","30":"has-default-attributes"},"yoast_head":"<!-- This site is optimized with the Yoast SEO plugin v25.3 - https:\/\/yoast.com\/wordpress\/plugins\/seo\/ -->\n<title>Bouquet of two-color carnations | Bouquets delivery | Gintar\u0117sG\u0117l\u0117s<\/title>\n<meta name=\"description\" content=\"Surprise a loved one, a precious one or a respectable woman, a girl with an amazing carnation bouquet. This bouquet will express love, concern or longing. Order online with delivery in Vilnius or Vilnius suburbs\" \/>\n<meta name=\"robots\" content=\"index, follow, max-snippet:-1, max-image-preview:large, max-video-preview:-1\" \/>\n<link rel=\"canonical\" href=\"https:\/\/www.gintaresgeles.lt\/en\/puokste\/bouquet-of-two-color-carnations\/\" \/>\n<meta property=\"og:locale\" content=\"en_US\" \/>\n<meta property=\"og:type\" content=\"article\" \/>\n<meta property=\"og:title\" content=\"Bouquet of two-color carnations | Bouquets delivery | Gintar\u0117sG\u0117l\u0117s\" \/>\n<meta property=\"og:description\" content=\"Surprise a loved one, a precious one or a respectable woman, a girl with an amazing carnation bouquet. This bouquet will express love, concern or longing. Order online with delivery in Vilnius or Vilnius suburbs\" \/>\n<meta property=\"og:url\" content=\"https:\/\/www.gintaresgeles.lt\/en\/puokste\/bouquet-of-two-color-carnations\/\" \/>\n<meta property=\"og:site_name\" content=\"gintaresgeles.lt\" \/>\n<meta property=\"article:modified_time\" content=\"2025-05-29T00:01:56+00:00\" \/>\n<meta property=\"og:image\" content=\"https:\/\/www.gintaresgeles.lt\/wp-content\/uploads\/2017\/10\/geliu-puokste-dvieju-spalvu-gvazdikai.jpg\" \/>\n\t<meta property=\"og:image:width\" content=\"600\" \/>\n\t<meta property=\"og:image:height\" content=\"600\" \/>\n\t<meta property=\"og:image:type\" content=\"image\/jpeg\" \/>\n<meta name=\"twitter:card\" content=\"summary_large_image\" \/>\n<script type=\"application\/ld+json\" class=\"yoast-schema-graph\">{\"@context\":\"https:\/\/schema.org\",\"@graph\":[{\"@type\":\"WebPage\",\"@id\":\"https:\/\/www.gintaresgeles.lt\/en\/puokste\/bouquet-of-two-color-carnations\/\",\"url\":\"https:\/\/www.gintaresgeles.lt\/en\/puokste\/bouquet-of-two-color-carnations\/\",\"name\":\"Bouquet of two-color carnations | Bouquets delivery | Gintar\u0117sG\u0117l\u0117s\",\"isPartOf\":{\"@id\":\"https:\/\/www.gintaresgeles.lt\/en\/#website\"},\"primaryImageOfPage\":{\"@id\":\"https:\/\/www.gintaresgeles.lt\/en\/puokste\/bouquet-of-two-color-carnations\/#primaryimage\"},\"image\":{\"@id\":\"https:\/\/www.gintaresgeles.lt\/en\/puokste\/bouquet-of-two-color-carnations\/#primaryimage\"},\"thumbnailUrl\":\"https:\/\/www.gintaresgeles.lt\/wp-content\/uploads\/2017\/10\/geliu-puokste-dvieju-spalvu-gvazdikai.jpg\",\"datePublished\":\"2018-07-24T04:03:09+00:00\",\"dateModified\":\"2025-05-29T00:01:56+00:00\",\"description\":\"Surprise a loved one, a precious one or a respectable woman, a girl with an amazing carnation bouquet. This bouquet will express love, concern or longing. Order online with delivery in Vilnius or Vilnius suburbs\",\"breadcrumb\":{\"@id\":\"https:\/\/www.gintaresgeles.lt\/en\/puokste\/bouquet-of-two-color-carnations\/#breadcrumb\"},\"inLanguage\":\"en-US\",\"potentialAction\":[{\"@type\":\"ReadAction\",\"target\":[\"https:\/\/www.gintaresgeles.lt\/en\/puokste\/bouquet-of-two-color-carnations\/\"]}]},{\"@type\":\"ImageObject\",\"inLanguage\":\"en-US\",\"@id\":\"https:\/\/www.gintaresgeles.lt\/en\/puokste\/bouquet-of-two-color-carnations\/#primaryimage\",\"url\":\"https:\/\/www.gintaresgeles.lt\/wp-content\/uploads\/2017\/10\/geliu-puokste-dvieju-spalvu-gvazdikai.jpg\",\"contentUrl\":\"https:\/\/www.gintaresgeles.lt\/wp-content\/uploads\/2017\/10\/geliu-puokste-dvieju-spalvu-gvazdikai.jpg\",\"width\":600,\"height\":600,\"caption\":\"Dviej\u0173 spalv\u0173 gvazdikai g\u0117l\u0117s puok\u0161t\u0117se\"},{\"@type\":\"BreadcrumbList\",\"@id\":\"https:\/\/www.gintaresgeles.lt\/en\/puokste\/bouquet-of-two-color-carnations\/#breadcrumb\",\"itemListElement\":[{\"@type\":\"ListItem\",\"position\":1,\"name\":\"Prad\u017eia\",\"item\":\"https:\/\/www.gintaresgeles.lt\/en\/\"},{\"@type\":\"ListItem\",\"position\":2,\"name\":\"All flowers and other products\",\"item\":\"https:\/\/www.gintaresgeles.lt\/en\/all-flowers-and-other-products\/\"},{\"@type\":\"ListItem\",\"position\":3,\"name\":\"Bouquet of two-color carnations\"}]},{\"@type\":\"WebSite\",\"@id\":\"https:\/\/www.gintaresgeles.lt\/en\/#website\",\"url\":\"https:\/\/www.gintaresgeles.lt\/en\/\",\"name\":\"gintaresgeles.lt\",\"description\":\"G\u0117li\u0173 parduotuv\u0117 internete\",\"potentialAction\":[{\"@type\":\"SearchAction\",\"target\":{\"@type\":\"EntryPoint\",\"urlTemplate\":\"https:\/\/www.gintaresgeles.lt\/en\/?s={search_term_string}\"},\"query-input\":{\"@type\":\"PropertyValueSpecification\",\"valueRequired\":true,\"valueName\":\"search_term_string\"}}],\"inLanguage\":\"en-US\"}]}<\/script>\n<!-- \/ Yoast SEO plugin. -->","yoast_head_json":{"title":"Bouquet of two-color carnations | Bouquets delivery | Gintar\u0117sG\u0117l\u0117s","description":"Surprise a loved one, a precious one or a respectable woman, a girl with an amazing carnation bouquet. This bouquet will express love, concern or longing. Order online with delivery in Vilnius or Vilnius suburbs","robots":{"index":"index","follow":"follow","max-snippet":"max-snippet:-1","max-image-preview":"max-image-preview:large","max-video-preview":"max-video-preview:-1"},"canonical":"https:\/\/www.gintaresgeles.lt\/en\/puokste\/bouquet-of-two-color-carnations\/","og_locale":"en_US","og_type":"article","og_title":"Bouquet of two-color carnations | Bouquets delivery | Gintar\u0117sG\u0117l\u0117s","og_description":"Surprise a loved one, a precious one or a respectable woman, a girl with an amazing carnation bouquet. This bouquet will express love, concern or longing. Order online with delivery in Vilnius or Vilnius suburbs","og_url":"https:\/\/www.gintaresgeles.lt\/en\/puokste\/bouquet-of-two-color-carnations\/","og_site_name":"gintaresgeles.lt","article_modified_time":"2025-05-29T00:01:56+00:00","og_image":[{"width":600,"height":600,"url":"https:\/\/www.gintaresgeles.lt\/wp-content\/uploads\/2017\/10\/geliu-puokste-dvieju-spalvu-gvazdikai.jpg","type":"image\/jpeg"}],"twitter_card":"summary_large_image","schema":{"@context":"https:\/\/schema.org","@graph":[{"@type":"WebPage","@id":"https:\/\/www.gintaresgeles.lt\/en\/puokste\/bouquet-of-two-color-carnations\/","url":"https:\/\/www.gintaresgeles.lt\/en\/puokste\/bouquet-of-two-color-carnations\/","name":"Bouquet of two-color carnations | Bouquets delivery | Gintar\u0117sG\u0117l\u0117s","isPartOf":{"@id":"https:\/\/www.gintaresgeles.lt\/en\/#website"},"primaryImageOfPage":{"@id":"https:\/\/www.gintaresgeles.lt\/en\/puokste\/bouquet-of-two-color-carnations\/#primaryimage"},"image":{"@id":"https:\/\/www.gintaresgeles.lt\/en\/puokste\/bouquet-of-two-color-carnations\/#primaryimage"},"thumbnailUrl":"https:\/\/www.gintaresgeles.lt\/wp-content\/uploads\/2017\/10\/geliu-puokste-dvieju-spalvu-gvazdikai.jpg","datePublished":"2018-07-24T04:03:09+00:00","dateModified":"2025-05-29T00:01:56+00:00","description":"Surprise a loved one, a precious one or a respectable woman, a girl with an amazing carnation bouquet. This bouquet will express love, concern or longing. Order online with delivery in Vilnius or Vilnius suburbs","breadcrumb":{"@id":"https:\/\/www.gintaresgeles.lt\/en\/puokste\/bouquet-of-two-color-carnations\/#breadcrumb"},"inLanguage":"en-US","potentialAction":[{"@type":"ReadAction","target":["https:\/\/www.gintaresgeles.lt\/en\/puokste\/bouquet-of-two-color-carnations\/"]}]},{"@type":"ImageObject","inLanguage":"en-US","@id":"https:\/\/www.gintaresgeles.lt\/en\/puokste\/bouquet-of-two-color-carnations\/#primaryimage","url":"https:\/\/www.gintaresgeles.lt\/wp-content\/uploads\/2017\/10\/geliu-puokste-dvieju-spalvu-gvazdikai.jpg","contentUrl":"https:\/\/www.gintaresgeles.lt\/wp-content\/uploads\/2017\/10\/geliu-puokste-dvieju-spalvu-gvazdikai.jpg","width":600,"height":600,"caption":"Dviej\u0173 spalv\u0173 gvazdikai g\u0117l\u0117s puok\u0161t\u0117se"},{"@type":"BreadcrumbList","@id":"https:\/\/www.gintaresgeles.lt\/en\/puokste\/bouquet-of-two-color-carnations\/#breadcrumb","itemListElement":[{"@type":"ListItem","position":1,"name":"Prad\u017eia","item":"https:\/\/www.gintaresgeles.lt\/en\/"},{"@type":"ListItem","position":2,"name":"All flowers and other products","item":"https:\/\/www.gintaresgeles.lt\/en\/all-flowers-and-other-products\/"},{"@type":"ListItem","position":3,"name":"Bouquet of two-color carnations"}]},{"@type":"WebSite","@id":"https:\/\/www.gintaresgeles.lt\/en\/#website","url":"https:\/\/www.gintaresgeles.lt\/en\/","name":"gintaresgeles.lt","description":"G\u0117li\u0173 parduotuv\u0117 internete","potentialAction":[{"@type":"SearchAction","target":{"@type":"EntryPoint","urlTemplate":"https:\/\/www.gintaresgeles.lt\/en\/?s={search_term_string}"},"query-input":{"@type":"PropertyValueSpecification","valueRequired":true,"valueName":"search_term_string"}}],"inLanguage":"en-US"}]}},"_links":{"self":[{"href":"https:\/\/www.gintaresgeles.lt\/en\/wp-json\/wp\/v2\/product\/19338","targetHints":{"allow":["GET"]}}],"collection":[{"href":"https:\/\/www.gintaresgeles.lt\/en\/wp-json\/wp\/v2\/product"}],"about":[{"href":"https:\/\/www.gintaresgeles.lt\/en\/wp-json\/wp\/v2\/types\/product"}],"wp:featuredmedia":[{"embeddable":true,"href":"https:\/\/www.gintaresgeles.lt\/en\/wp-json\/wp\/v2\/media\/27096"}],"wp:attachment":[{"href":"https:\/\/www.gintaresgeles.lt\/en\/wp-json\/wp\/v2\/media?parent=19338"}],"wp:term":[{"taxonomy":"product_brand","embeddable":true,"href":"https:\/\/www.gintaresgeles.lt\/en\/wp-json\/wp\/v2\/product_brand?post=19338"},{"taxonomy":"product_cat","embeddable":true,"href":"https:\/\/www.gintaresgeles.lt\/en\/wp-json\/wp\/v2\/product_cat?post=19338"},{"taxonomy":"product_tag","embeddable":true,"href":"https:\/\/www.gintaresgeles.lt\/en\/wp-json\/wp\/v2\/product_tag?post=19338"}],"curies":[{"name":"wp","href":"https:\/\/api.w.org\/{rel}","templated":true}]}}