{"id":19360,"date":"2017-06-08T08:44:18","date_gmt":"2018-07-24T05:01:53","guid":{"rendered":"https:\/\/www.gintaresgeles.lt\/?post_type=product&#038;p=19360"},"modified":"2025-05-29T02:01:59","modified_gmt":"2025-05-29T00:01:59","slug":"two-colored-hydrangea-box","status":"publish","type":"product","link":"https:\/\/www.gintaresgeles.lt\/en\/puokste\/two-colored-hydrangea-box\/","title":{"rendered":"Two colored hydrangea box"},"content":{"rendered":"<p>The box consists of the number of bright-colored hydrangeas you choose. The color of the box is chosen randomly; however, we are matching the color with the blossoms and the ribbon. The color of flowers may slightly differ from the photo. If you want to choose the color of the box and hydrangea, contact us and we will find a solution.<\/p>\n","protected":false},"excerpt":{"rendered":"<p style=\"text-align: justify\">Hydrangea is a seasonal flower, so call us before asking if we will have them. Hydrangea &#8211; flowers with special blossoms. Their wide, massive and ultra-colorful blossoms consist of fine flowers, which look great in bouquets and flower boxes. These flowers are warm season flowers, so they are suitable for all summer celebrations &#8211; birthdays, anniversaries, weddings and more.<\/p>\n<p><em><strong>The colors are chosen from those we have on sale at the time, if you want a specific color contact us.<\/strong><\/em><\/p>\n<p style=\"text-align: right\">\n","protected":false},"featured_media":23062,"template":"","meta":[],"product_brand":[],"product_cat":[260,259,252,266,265,256,258,253,257,428,267,906],"product_tag":[],"class_list":{"0":"post-19360","1":"product","2":"type-product","3":"status-publish","4":"has-post-thumbnail","6":"product_cat-birthday-flowers","7":"product_cat-flowers-by-occasion","8":"product_cat-flowers-by-recipient","9":"product_cat-flowers-by-style","10":"product_cat-flowers-by-type","11":"product_cat-flowers-for-girlfriend","12":"product_cat-flowers-for-men","13":"product_cat-flowers-for-mom","14":"product_cat-flowers-for-women","15":"product_cat-jubilee-flowers","16":"product_cat-flower-boxes","17":"product_cat-hydrangea","18":"tm-no-options","20":"first","21":"outofstock","22":"taxable","23":"shipping-taxable","24":"purchasable","25":"product-type-variable","26":"has-default-attributes"},"yoast_head":"<!-- This site is optimized with the Yoast SEO plugin v25.3 - https:\/\/yoast.com\/wordpress\/plugins\/seo\/ -->\n<title>Two colored hydrangea box | Hydrangea online | Gintar\u0117sG\u0117l\u0117s<\/title>\n<meta name=\"description\" content=\"Surprise your special person by sending not only a tasteful but also full of a lot of joyful colors hydrangea box! We will deliver the Hydrangeas in Vilnius and Vilnius suburbs. Order online.\" \/>\n<meta name=\"robots\" content=\"index, follow, max-snippet:-1, max-image-preview:large, max-video-preview:-1\" \/>\n<link rel=\"canonical\" href=\"https:\/\/www.gintaresgeles.lt\/en\/puokste\/two-colored-hydrangea-box\/\" \/>\n<meta property=\"og:locale\" content=\"en_US\" \/>\n<meta property=\"og:type\" content=\"article\" \/>\n<meta property=\"og:title\" content=\"Two colored hydrangea box | Hydrangea online | Gintar\u0117sG\u0117l\u0117s\" \/>\n<meta property=\"og:description\" content=\"Surprise your special person by sending not only a tasteful but also full of a lot of joyful colors hydrangea box! We will deliver the Hydrangeas in Vilnius and Vilnius suburbs. Order online.\" \/>\n<meta property=\"og:url\" content=\"https:\/\/www.gintaresgeles.lt\/en\/puokste\/two-colored-hydrangea-box\/\" \/>\n<meta property=\"og:site_name\" content=\"gintaresgeles.lt\" \/>\n<meta property=\"article:modified_time\" content=\"2025-05-29T00:01:59+00:00\" \/>\n<meta property=\"og:image\" content=\"https:\/\/www.gintaresgeles.lt\/wp-content\/uploads\/2017\/06\/geliu-dezute-dvieju-spalvu-hortenzijos-1.jpg\" \/>\n\t<meta property=\"og:image:width\" content=\"600\" \/>\n\t<meta property=\"og:image:height\" content=\"600\" \/>\n\t<meta property=\"og:image:type\" content=\"image\/jpeg\" \/>\n<meta name=\"twitter:card\" content=\"summary_large_image\" \/>\n<script type=\"application\/ld+json\" class=\"yoast-schema-graph\">{\"@context\":\"https:\/\/schema.org\",\"@graph\":[{\"@type\":\"WebPage\",\"@id\":\"https:\/\/www.gintaresgeles.lt\/en\/puokste\/two-colored-hydrangea-box\/\",\"url\":\"https:\/\/www.gintaresgeles.lt\/en\/puokste\/two-colored-hydrangea-box\/\",\"name\":\"Two colored hydrangea box | Hydrangea online | Gintar\u0117sG\u0117l\u0117s\",\"isPartOf\":{\"@id\":\"https:\/\/www.gintaresgeles.lt\/en\/#website\"},\"primaryImageOfPage\":{\"@id\":\"https:\/\/www.gintaresgeles.lt\/en\/puokste\/two-colored-hydrangea-box\/#primaryimage\"},\"image\":{\"@id\":\"https:\/\/www.gintaresgeles.lt\/en\/puokste\/two-colored-hydrangea-box\/#primaryimage\"},\"thumbnailUrl\":\"https:\/\/www.gintaresgeles.lt\/wp-content\/uploads\/2017\/06\/geliu-dezute-dvieju-spalvu-hortenzijos-1.jpg\",\"datePublished\":\"2018-07-24T05:01:53+00:00\",\"dateModified\":\"2025-05-29T00:01:59+00:00\",\"description\":\"Surprise your special person by sending not only a tasteful but also full of a lot of joyful colors hydrangea box! We will deliver the Hydrangeas in Vilnius and Vilnius suburbs. Order online.\",\"breadcrumb\":{\"@id\":\"https:\/\/www.gintaresgeles.lt\/en\/puokste\/two-colored-hydrangea-box\/#breadcrumb\"},\"inLanguage\":\"en-US\",\"potentialAction\":[{\"@type\":\"ReadAction\",\"target\":[\"https:\/\/www.gintaresgeles.lt\/en\/puokste\/two-colored-hydrangea-box\/\"]}]},{\"@type\":\"ImageObject\",\"inLanguage\":\"en-US\",\"@id\":\"https:\/\/www.gintaresgeles.lt\/en\/puokste\/two-colored-hydrangea-box\/#primaryimage\",\"url\":\"https:\/\/www.gintaresgeles.lt\/wp-content\/uploads\/2017\/06\/geliu-dezute-dvieju-spalvu-hortenzijos-1.jpg\",\"contentUrl\":\"https:\/\/www.gintaresgeles.lt\/wp-content\/uploads\/2017\/06\/geliu-dezute-dvieju-spalvu-hortenzijos-1.jpg\",\"width\":600,\"height\":600,\"caption\":\"Dviej\u0173 spalv\u0173 hortenzij\u0173 g\u0117li\u0173 d\u0117\u017eut\u0117\"},{\"@type\":\"BreadcrumbList\",\"@id\":\"https:\/\/www.gintaresgeles.lt\/en\/puokste\/two-colored-hydrangea-box\/#breadcrumb\",\"itemListElement\":[{\"@type\":\"ListItem\",\"position\":1,\"name\":\"Prad\u017eia\",\"item\":\"https:\/\/www.gintaresgeles.lt\/en\/\"},{\"@type\":\"ListItem\",\"position\":2,\"name\":\"All flowers and other products\",\"item\":\"https:\/\/www.gintaresgeles.lt\/en\/all-flowers-and-other-products\/\"},{\"@type\":\"ListItem\",\"position\":3,\"name\":\"Two colored hydrangea box\"}]},{\"@type\":\"WebSite\",\"@id\":\"https:\/\/www.gintaresgeles.lt\/en\/#website\",\"url\":\"https:\/\/www.gintaresgeles.lt\/en\/\",\"name\":\"gintaresgeles.lt\",\"description\":\"G\u0117li\u0173 parduotuv\u0117 internete\",\"potentialAction\":[{\"@type\":\"SearchAction\",\"target\":{\"@type\":\"EntryPoint\",\"urlTemplate\":\"https:\/\/www.gintaresgeles.lt\/en\/?s={search_term_string}\"},\"query-input\":{\"@type\":\"PropertyValueSpecification\",\"valueRequired\":true,\"valueName\":\"search_term_string\"}}],\"inLanguage\":\"en-US\"}]}<\/script>\n<!-- \/ Yoast SEO plugin. -->","yoast_head_json":{"title":"Two colored hydrangea box | Hydrangea online | Gintar\u0117sG\u0117l\u0117s","description":"Surprise your special person by sending not only a tasteful but also full of a lot of joyful colors hydrangea box! We will deliver the Hydrangeas in Vilnius and Vilnius suburbs. Order online.","robots":{"index":"index","follow":"follow","max-snippet":"max-snippet:-1","max-image-preview":"max-image-preview:large","max-video-preview":"max-video-preview:-1"},"canonical":"https:\/\/www.gintaresgeles.lt\/en\/puokste\/two-colored-hydrangea-box\/","og_locale":"en_US","og_type":"article","og_title":"Two colored hydrangea box | Hydrangea online | Gintar\u0117sG\u0117l\u0117s","og_description":"Surprise your special person by sending not only a tasteful but also full of a lot of joyful colors hydrangea box! We will deliver the Hydrangeas in Vilnius and Vilnius suburbs. Order online.","og_url":"https:\/\/www.gintaresgeles.lt\/en\/puokste\/two-colored-hydrangea-box\/","og_site_name":"gintaresgeles.lt","article_modified_time":"2025-05-29T00:01:59+00:00","og_image":[{"width":600,"height":600,"url":"https:\/\/www.gintaresgeles.lt\/wp-content\/uploads\/2017\/06\/geliu-dezute-dvieju-spalvu-hortenzijos-1.jpg","type":"image\/jpeg"}],"twitter_card":"summary_large_image","schema":{"@context":"https:\/\/schema.org","@graph":[{"@type":"WebPage","@id":"https:\/\/www.gintaresgeles.lt\/en\/puokste\/two-colored-hydrangea-box\/","url":"https:\/\/www.gintaresgeles.lt\/en\/puokste\/two-colored-hydrangea-box\/","name":"Two colored hydrangea box | Hydrangea online | Gintar\u0117sG\u0117l\u0117s","isPartOf":{"@id":"https:\/\/www.gintaresgeles.lt\/en\/#website"},"primaryImageOfPage":{"@id":"https:\/\/www.gintaresgeles.lt\/en\/puokste\/two-colored-hydrangea-box\/#primaryimage"},"image":{"@id":"https:\/\/www.gintaresgeles.lt\/en\/puokste\/two-colored-hydrangea-box\/#primaryimage"},"thumbnailUrl":"https:\/\/www.gintaresgeles.lt\/wp-content\/uploads\/2017\/06\/geliu-dezute-dvieju-spalvu-hortenzijos-1.jpg","datePublished":"2018-07-24T05:01:53+00:00","dateModified":"2025-05-29T00:01:59+00:00","description":"Surprise your special person by sending not only a tasteful but also full of a lot of joyful colors hydrangea box! We will deliver the Hydrangeas in Vilnius and Vilnius suburbs. Order online.","breadcrumb":{"@id":"https:\/\/www.gintaresgeles.lt\/en\/puokste\/two-colored-hydrangea-box\/#breadcrumb"},"inLanguage":"en-US","potentialAction":[{"@type":"ReadAction","target":["https:\/\/www.gintaresgeles.lt\/en\/puokste\/two-colored-hydrangea-box\/"]}]},{"@type":"ImageObject","inLanguage":"en-US","@id":"https:\/\/www.gintaresgeles.lt\/en\/puokste\/two-colored-hydrangea-box\/#primaryimage","url":"https:\/\/www.gintaresgeles.lt\/wp-content\/uploads\/2017\/06\/geliu-dezute-dvieju-spalvu-hortenzijos-1.jpg","contentUrl":"https:\/\/www.gintaresgeles.lt\/wp-content\/uploads\/2017\/06\/geliu-dezute-dvieju-spalvu-hortenzijos-1.jpg","width":600,"height":600,"caption":"Dviej\u0173 spalv\u0173 hortenzij\u0173 g\u0117li\u0173 d\u0117\u017eut\u0117"},{"@type":"BreadcrumbList","@id":"https:\/\/www.gintaresgeles.lt\/en\/puokste\/two-colored-hydrangea-box\/#breadcrumb","itemListElement":[{"@type":"ListItem","position":1,"name":"Prad\u017eia","item":"https:\/\/www.gintaresgeles.lt\/en\/"},{"@type":"ListItem","position":2,"name":"All flowers and other products","item":"https:\/\/www.gintaresgeles.lt\/en\/all-flowers-and-other-products\/"},{"@type":"ListItem","position":3,"name":"Two colored hydrangea box"}]},{"@type":"WebSite","@id":"https:\/\/www.gintaresgeles.lt\/en\/#website","url":"https:\/\/www.gintaresgeles.lt\/en\/","name":"gintaresgeles.lt","description":"G\u0117li\u0173 parduotuv\u0117 internete","potentialAction":[{"@type":"SearchAction","target":{"@type":"EntryPoint","urlTemplate":"https:\/\/www.gintaresgeles.lt\/en\/?s={search_term_string}"},"query-input":{"@type":"PropertyValueSpecification","valueRequired":true,"valueName":"search_term_string"}}],"inLanguage":"en-US"}]}},"_links":{"self":[{"href":"https:\/\/www.gintaresgeles.lt\/en\/wp-json\/wp\/v2\/product\/19360","targetHints":{"allow":["GET"]}}],"collection":[{"href":"https:\/\/www.gintaresgeles.lt\/en\/wp-json\/wp\/v2\/product"}],"about":[{"href":"https:\/\/www.gintaresgeles.lt\/en\/wp-json\/wp\/v2\/types\/product"}],"wp:featuredmedia":[{"embeddable":true,"href":"https:\/\/www.gintaresgeles.lt\/en\/wp-json\/wp\/v2\/media\/23062"}],"wp:attachment":[{"href":"https:\/\/www.gintaresgeles.lt\/en\/wp-json\/wp\/v2\/media?parent=19360"}],"wp:term":[{"taxonomy":"product_brand","embeddable":true,"href":"https:\/\/www.gintaresgeles.lt\/en\/wp-json\/wp\/v2\/product_brand?post=19360"},{"taxonomy":"product_cat","embeddable":true,"href":"https:\/\/www.gintaresgeles.lt\/en\/wp-json\/wp\/v2\/product_cat?post=19360"},{"taxonomy":"product_tag","embeddable":true,"href":"https:\/\/www.gintaresgeles.lt\/en\/wp-json\/wp\/v2\/product_tag?post=19360"}],"curies":[{"name":"wp","href":"https:\/\/api.w.org\/{rel}","templated":true}]}}