{"id":19369,"date":"2017-05-11T10:54:43","date_gmt":"2017-05-11T12:54:43","guid":{"rendered":"https:\/\/www.gintaresgeles.lt\/?post_type=product&#038;p=19369"},"modified":"2025-05-29T02:02:06","modified_gmt":"2025-05-29T00:02:06","slug":"multicolored-alstromeries-bouquet","status":"publish","type":"product","link":"https:\/\/www.gintaresgeles.lt\/en\/puokste\/multicolored-alstromeries-bouquet\/","title":{"rendered":"Multicolored alstromeries bouquet"},"content":{"rendered":"<p>For this bouquet, the color of flowers is chosen randomly, however, combined colors will look good, nonetheless. If you prefer to choose the color, contact us, and we will find a solution. Depending on the color of flowers, we choose the wrapping and the ribbon.<\/p>\n","protected":false},"excerpt":{"rendered":"<p style=\"text-align: justify\">Colorful alstromeries are a symbol of friendship. These flowers have many blossoms and are brightly colored, which is why these flowers are often seen in bouquets and flower arrangements. It is because of its colorfulness and numerous small blossoms that looks great in a bouquet consisting of alstromeries of different colors.<\/p>\n<p><strong>The colors are selected from those that we currently have for sale, if you want a specific color, please contact us.<\/strong><\/p>\n","protected":false},"featured_media":21013,"template":"","meta":[],"product_brand":[],"product_cat":[261,260,259,252,266,265,256,253,257,428,262,263,240,268,1966],"product_tag":[],"class_list":{"0":"post-19369","1":"product","2":"type-product","3":"status-publish","4":"has-post-thumbnail","6":"product_cat-birthday-bouquets","7":"product_cat-birthday-flowers","8":"product_cat-flowers-by-occasion","9":"product_cat-flowers-by-recipient","10":"product_cat-flowers-by-style","11":"product_cat-flowers-by-type","12":"product_cat-flowers-for-girlfriend","13":"product_cat-flowers-for-mom","14":"product_cat-flowers-for-women","15":"product_cat-jubilee-flowers","16":"product_cat-march8th-flowers","17":"product_cat-mothers-day-flowers","18":"product_cat-alstroemerias","19":"product_cat-flower-bouquets","20":"product_cat-flowers-wrapped-in-paper","21":"tm-has-options","23":"first","24":"instock","25":"taxable","26":"shipping-taxable","27":"purchasable","28":"product-type-variable","29":"has-default-attributes"},"yoast_head":"<!-- This site is optimized with the Yoast SEO plugin v25.3 - https:\/\/yoast.com\/wordpress\/plugins\/seo\/ -->\n<title>Multicolored alstromeries bouquet | Flowers delivery | Gintar\u0117sG\u0117l\u0117s<\/title>\n<meta name=\"description\" content=\"The brightly colored alstromeries are admired not only because of their beautiful, wide blossoms, but also amazing, bright colors that create a charming bouquet!\" \/>\n<meta name=\"robots\" content=\"index, follow, max-snippet:-1, max-image-preview:large, max-video-preview:-1\" \/>\n<link rel=\"canonical\" href=\"https:\/\/www.gintaresgeles.lt\/en\/puokste\/multicolored-alstromeries-bouquet\/\" \/>\n<meta property=\"og:locale\" content=\"en_US\" \/>\n<meta property=\"og:type\" content=\"article\" \/>\n<meta property=\"og:title\" content=\"Multicolored alstromeries bouquet | Flowers delivery | Gintar\u0117sG\u0117l\u0117s\" \/>\n<meta property=\"og:description\" content=\"The brightly colored alstromeries are admired not only because of their beautiful, wide blossoms, but also amazing, bright colors that create a charming bouquet!\" \/>\n<meta property=\"og:url\" content=\"https:\/\/www.gintaresgeles.lt\/en\/puokste\/multicolored-alstromeries-bouquet\/\" \/>\n<meta property=\"og:site_name\" content=\"gintaresgeles.lt\" \/>\n<meta property=\"article:modified_time\" content=\"2025-05-29T00:02:06+00:00\" \/>\n<meta property=\"og:image\" content=\"https:\/\/www.gintaresgeles.lt\/wp-content\/uploads\/2017\/05\/geliu-puokstes-spalvingos-alstromerijos.jpg\" \/>\n\t<meta property=\"og:image:width\" content=\"600\" \/>\n\t<meta property=\"og:image:height\" content=\"600\" \/>\n\t<meta property=\"og:image:type\" content=\"image\/jpeg\" \/>\n<meta name=\"twitter:card\" content=\"summary_large_image\" \/>\n<script type=\"application\/ld+json\" class=\"yoast-schema-graph\">{\"@context\":\"https:\/\/schema.org\",\"@graph\":[{\"@type\":\"WebPage\",\"@id\":\"https:\/\/www.gintaresgeles.lt\/en\/puokste\/multicolored-alstromeries-bouquet\/\",\"url\":\"https:\/\/www.gintaresgeles.lt\/en\/puokste\/multicolored-alstromeries-bouquet\/\",\"name\":\"Multicolored alstromeries bouquet | Flowers delivery | Gintar\u0117sG\u0117l\u0117s\",\"isPartOf\":{\"@id\":\"https:\/\/www.gintaresgeles.lt\/en\/#website\"},\"primaryImageOfPage\":{\"@id\":\"https:\/\/www.gintaresgeles.lt\/en\/puokste\/multicolored-alstromeries-bouquet\/#primaryimage\"},\"image\":{\"@id\":\"https:\/\/www.gintaresgeles.lt\/en\/puokste\/multicolored-alstromeries-bouquet\/#primaryimage\"},\"thumbnailUrl\":\"https:\/\/www.gintaresgeles.lt\/wp-content\/uploads\/2017\/05\/geliu-puokstes-spalvingos-alstromerijos.jpg\",\"datePublished\":\"2017-05-11T12:54:43+00:00\",\"dateModified\":\"2025-05-29T00:02:06+00:00\",\"description\":\"The brightly colored alstromeries are admired not only because of their beautiful, wide blossoms, but also amazing, bright colors that create a charming bouquet!\",\"breadcrumb\":{\"@id\":\"https:\/\/www.gintaresgeles.lt\/en\/puokste\/multicolored-alstromeries-bouquet\/#breadcrumb\"},\"inLanguage\":\"en-US\",\"potentialAction\":[{\"@type\":\"ReadAction\",\"target\":[\"https:\/\/www.gintaresgeles.lt\/en\/puokste\/multicolored-alstromeries-bouquet\/\"]}]},{\"@type\":\"ImageObject\",\"inLanguage\":\"en-US\",\"@id\":\"https:\/\/www.gintaresgeles.lt\/en\/puokste\/multicolored-alstromeries-bouquet\/#primaryimage\",\"url\":\"https:\/\/www.gintaresgeles.lt\/wp-content\/uploads\/2017\/05\/geliu-puokstes-spalvingos-alstromerijos.jpg\",\"contentUrl\":\"https:\/\/www.gintaresgeles.lt\/wp-content\/uploads\/2017\/05\/geliu-puokstes-spalvingos-alstromerijos.jpg\",\"width\":600,\"height\":600,\"caption\":\"Spalvingos alstromerijos g\u0117li\u0173 puok\u0161t\u0117s\"},{\"@type\":\"BreadcrumbList\",\"@id\":\"https:\/\/www.gintaresgeles.lt\/en\/puokste\/multicolored-alstromeries-bouquet\/#breadcrumb\",\"itemListElement\":[{\"@type\":\"ListItem\",\"position\":1,\"name\":\"Prad\u017eia\",\"item\":\"https:\/\/www.gintaresgeles.lt\/en\/\"},{\"@type\":\"ListItem\",\"position\":2,\"name\":\"All flowers and other products\",\"item\":\"https:\/\/www.gintaresgeles.lt\/en\/all-flowers-and-other-products\/\"},{\"@type\":\"ListItem\",\"position\":3,\"name\":\"Multicolored alstromeries bouquet\"}]},{\"@type\":\"WebSite\",\"@id\":\"https:\/\/www.gintaresgeles.lt\/en\/#website\",\"url\":\"https:\/\/www.gintaresgeles.lt\/en\/\",\"name\":\"Gintares Geles\",\"description\":\"Flower delivery in Vilnius | Same-day delivery | Gintares geles\",\"potentialAction\":[{\"@type\":\"SearchAction\",\"target\":{\"@type\":\"EntryPoint\",\"urlTemplate\":\"https:\/\/www.gintaresgeles.lt\/en\/?s={search_term_string}\"},\"query-input\":{\"@type\":\"PropertyValueSpecification\",\"valueRequired\":true,\"valueName\":\"search_term_string\"}}],\"inLanguage\":\"en-US\"}]}<\/script>\n<!-- \/ Yoast SEO plugin. -->","yoast_head_json":{"title":"Multicolored alstromeries bouquet | Flowers delivery | Gintar\u0117sG\u0117l\u0117s","description":"The brightly colored alstromeries are admired not only because of their beautiful, wide blossoms, but also amazing, bright colors that create a charming bouquet!","robots":{"index":"index","follow":"follow","max-snippet":"max-snippet:-1","max-image-preview":"max-image-preview:large","max-video-preview":"max-video-preview:-1"},"canonical":"https:\/\/www.gintaresgeles.lt\/en\/puokste\/multicolored-alstromeries-bouquet\/","og_locale":"en_US","og_type":"article","og_title":"Multicolored alstromeries bouquet | Flowers delivery | Gintar\u0117sG\u0117l\u0117s","og_description":"The brightly colored alstromeries are admired not only because of their beautiful, wide blossoms, but also amazing, bright colors that create a charming bouquet!","og_url":"https:\/\/www.gintaresgeles.lt\/en\/puokste\/multicolored-alstromeries-bouquet\/","og_site_name":"gintaresgeles.lt","article_modified_time":"2025-05-29T00:02:06+00:00","og_image":[{"width":600,"height":600,"url":"https:\/\/www.gintaresgeles.lt\/wp-content\/uploads\/2017\/05\/geliu-puokstes-spalvingos-alstromerijos.jpg","type":"image\/jpeg"}],"twitter_card":"summary_large_image","schema":{"@context":"https:\/\/schema.org","@graph":[{"@type":"WebPage","@id":"https:\/\/www.gintaresgeles.lt\/en\/puokste\/multicolored-alstromeries-bouquet\/","url":"https:\/\/www.gintaresgeles.lt\/en\/puokste\/multicolored-alstromeries-bouquet\/","name":"Multicolored alstromeries bouquet | Flowers delivery | Gintar\u0117sG\u0117l\u0117s","isPartOf":{"@id":"https:\/\/www.gintaresgeles.lt\/en\/#website"},"primaryImageOfPage":{"@id":"https:\/\/www.gintaresgeles.lt\/en\/puokste\/multicolored-alstromeries-bouquet\/#primaryimage"},"image":{"@id":"https:\/\/www.gintaresgeles.lt\/en\/puokste\/multicolored-alstromeries-bouquet\/#primaryimage"},"thumbnailUrl":"https:\/\/www.gintaresgeles.lt\/wp-content\/uploads\/2017\/05\/geliu-puokstes-spalvingos-alstromerijos.jpg","datePublished":"2017-05-11T12:54:43+00:00","dateModified":"2025-05-29T00:02:06+00:00","description":"The brightly colored alstromeries are admired not only because of their beautiful, wide blossoms, but also amazing, bright colors that create a charming bouquet!","breadcrumb":{"@id":"https:\/\/www.gintaresgeles.lt\/en\/puokste\/multicolored-alstromeries-bouquet\/#breadcrumb"},"inLanguage":"en-US","potentialAction":[{"@type":"ReadAction","target":["https:\/\/www.gintaresgeles.lt\/en\/puokste\/multicolored-alstromeries-bouquet\/"]}]},{"@type":"ImageObject","inLanguage":"en-US","@id":"https:\/\/www.gintaresgeles.lt\/en\/puokste\/multicolored-alstromeries-bouquet\/#primaryimage","url":"https:\/\/www.gintaresgeles.lt\/wp-content\/uploads\/2017\/05\/geliu-puokstes-spalvingos-alstromerijos.jpg","contentUrl":"https:\/\/www.gintaresgeles.lt\/wp-content\/uploads\/2017\/05\/geliu-puokstes-spalvingos-alstromerijos.jpg","width":600,"height":600,"caption":"Spalvingos alstromerijos g\u0117li\u0173 puok\u0161t\u0117s"},{"@type":"BreadcrumbList","@id":"https:\/\/www.gintaresgeles.lt\/en\/puokste\/multicolored-alstromeries-bouquet\/#breadcrumb","itemListElement":[{"@type":"ListItem","position":1,"name":"Prad\u017eia","item":"https:\/\/www.gintaresgeles.lt\/en\/"},{"@type":"ListItem","position":2,"name":"All flowers and other products","item":"https:\/\/www.gintaresgeles.lt\/en\/all-flowers-and-other-products\/"},{"@type":"ListItem","position":3,"name":"Multicolored alstromeries bouquet"}]},{"@type":"WebSite","@id":"https:\/\/www.gintaresgeles.lt\/en\/#website","url":"https:\/\/www.gintaresgeles.lt\/en\/","name":"Gintares Geles","description":"Flower delivery in Vilnius | Same-day delivery | Gintares geles","potentialAction":[{"@type":"SearchAction","target":{"@type":"EntryPoint","urlTemplate":"https:\/\/www.gintaresgeles.lt\/en\/?s={search_term_string}"},"query-input":{"@type":"PropertyValueSpecification","valueRequired":true,"valueName":"search_term_string"}}],"inLanguage":"en-US"}]}},"_links":{"self":[{"href":"https:\/\/www.gintaresgeles.lt\/en\/wp-json\/wp\/v2\/product\/19369","targetHints":{"allow":["GET"]}}],"collection":[{"href":"https:\/\/www.gintaresgeles.lt\/en\/wp-json\/wp\/v2\/product"}],"about":[{"href":"https:\/\/www.gintaresgeles.lt\/en\/wp-json\/wp\/v2\/types\/product"}],"wp:featuredmedia":[{"embeddable":true,"href":"https:\/\/www.gintaresgeles.lt\/en\/wp-json\/wp\/v2\/media\/21013"}],"wp:attachment":[{"href":"https:\/\/www.gintaresgeles.lt\/en\/wp-json\/wp\/v2\/media?parent=19369"}],"wp:term":[{"taxonomy":"product_brand","embeddable":true,"href":"https:\/\/www.gintaresgeles.lt\/en\/wp-json\/wp\/v2\/product_brand?post=19369"},{"taxonomy":"product_cat","embeddable":true,"href":"https:\/\/www.gintaresgeles.lt\/en\/wp-json\/wp\/v2\/product_cat?post=19369"},{"taxonomy":"product_tag","embeddable":true,"href":"https:\/\/www.gintaresgeles.lt\/en\/wp-json\/wp\/v2\/product_tag?post=19369"}],"curies":[{"name":"wp","href":"https:\/\/api.w.org\/{rel}","templated":true}]}}