{"id":19382,"date":"2017-05-04T12:10:48","date_gmt":"2017-05-04T14:10:48","guid":{"rendered":"https:\/\/www.gintaresgeles.lt\/?post_type=product&#038;p=19382"},"modified":"2025-05-29T02:02:07","modified_gmt":"2025-05-29T00:02:07","slug":"rose-box-surprice","status":"publish","type":"product","link":"https:\/\/www.gintaresgeles.lt\/en\/puokste\/rose-box-surprice\/","title":{"rendered":"Roses box &#8220;Surprise&#8221;"},"content":{"rendered":"<p>The box consists of the number of roses you choose, however, we may take out or add several flowers because of their blossom&#8217;s size. Also, the 150 gram &#8220;Raffaello&#8221; box is added to the flower box. Such composition is suitable not only for gifting but also as a decoration for celebration where the guests will be able to admire the flowers and to enjoy the sweets. If you want to change the type of sweets, contact us by phone.<\/p>\n","protected":false},"excerpt":{"rendered":"<p style=\"text-align: justify\">Flower box &#8220;Surprise&#8221; is a special gift for a woman or a girl who means a lot to you. A heart-shaped box will express love, care and respect for both mom and second half. The box is unique in that it is part of the popular ,,Raffaello&#8221; candy so that the recipient can enjoy not only beautiful roses but also enjoy the sweet moments!<\/p>\n<p style=\"text-align: right\">\n","protected":false},"featured_media":22839,"template":"","meta":[],"product_brand":[],"product_cat":[260,259,252,266,265,256,253,257,428,262,263,891,650,264,267,238],"product_tag":[],"class_list":{"0":"post-19382","1":"product","2":"type-product","3":"status-publish","4":"has-post-thumbnail","6":"product_cat-birthday-flowers","7":"product_cat-flowers-by-occasion","8":"product_cat-flowers-by-recipient","9":"product_cat-flowers-by-style","10":"product_cat-flowers-by-type","11":"product_cat-flowers-for-girlfriend","12":"product_cat-flowers-for-mom","13":"product_cat-flowers-for-women","14":"product_cat-jubilee-flowers","15":"product_cat-march8th-flowers","16":"product_cat-mothers-day-flowers","17":"product_cat-red-roses","18":"product_cat-roses-in-a-box","19":"product_cat-valentines-day-flowers","20":"product_cat-flower-boxes","21":"product_cat-roses","22":"tm-no-options","24":"first","25":"instock","26":"taxable","27":"shipping-taxable","28":"purchasable","29":"product-type-variable","30":"has-default-attributes"},"yoast_head":"<!-- This site is optimized with the Yoast SEO plugin v25.3 - https:\/\/yoast.com\/wordpress\/plugins\/seo\/ -->\n<title>Rose box &quot;Surprise&quot; | Flower delivery in Vilnius | Gintar\u0117sG\u0117l\u0117s<\/title>\n<meta name=\"description\" content=\"This heart is an ideal gift for beloved mom or second half. Surprise a women with a delicious and elegant box of roses with Raffaello sweets.\" \/>\n<meta name=\"robots\" content=\"index, follow, max-snippet:-1, max-image-preview:large, max-video-preview:-1\" \/>\n<link rel=\"canonical\" href=\"https:\/\/www.gintaresgeles.lt\/en\/puokste\/rose-box-surprice\/\" \/>\n<meta property=\"og:locale\" content=\"en_US\" \/>\n<meta property=\"og:type\" content=\"article\" \/>\n<meta property=\"og:title\" content=\"Rose box &quot;Surprise&quot; | Flower delivery in Vilnius | Gintar\u0117sG\u0117l\u0117s\" \/>\n<meta property=\"og:description\" content=\"This heart is an ideal gift for beloved mom or second half. Surprise a women with a delicious and elegant box of roses with Raffaello sweets.\" \/>\n<meta property=\"og:url\" content=\"https:\/\/www.gintaresgeles.lt\/en\/puokste\/rose-box-surprice\/\" \/>\n<meta property=\"og:site_name\" content=\"gintaresgeles.lt\" \/>\n<meta property=\"article:modified_time\" content=\"2025-05-29T00:02:07+00:00\" \/>\n<meta property=\"og:image\" content=\"https:\/\/www.gintaresgeles.lt\/wp-content\/uploads\/2017\/05\/raudonos-rozes-dezuteje-staigmena.jpg\" \/>\n\t<meta property=\"og:image:width\" content=\"601\" \/>\n\t<meta property=\"og:image:height\" content=\"600\" \/>\n\t<meta property=\"og:image:type\" content=\"image\/jpeg\" \/>\n<meta name=\"twitter:card\" content=\"summary_large_image\" \/>\n<script type=\"application\/ld+json\" class=\"yoast-schema-graph\">{\"@context\":\"https:\/\/schema.org\",\"@graph\":[{\"@type\":\"WebPage\",\"@id\":\"https:\/\/www.gintaresgeles.lt\/en\/puokste\/rose-box-surprice\/\",\"url\":\"https:\/\/www.gintaresgeles.lt\/en\/puokste\/rose-box-surprice\/\",\"name\":\"Rose box \\\"Surprise\\\" | Flower delivery in Vilnius | Gintar\u0117sG\u0117l\u0117s\",\"isPartOf\":{\"@id\":\"https:\/\/www.gintaresgeles.lt\/en\/#website\"},\"primaryImageOfPage\":{\"@id\":\"https:\/\/www.gintaresgeles.lt\/en\/puokste\/rose-box-surprice\/#primaryimage\"},\"image\":{\"@id\":\"https:\/\/www.gintaresgeles.lt\/en\/puokste\/rose-box-surprice\/#primaryimage\"},\"thumbnailUrl\":\"https:\/\/www.gintaresgeles.lt\/wp-content\/uploads\/2017\/05\/raudonos-rozes-dezuteje-staigmena.jpg\",\"datePublished\":\"2017-05-04T14:10:48+00:00\",\"dateModified\":\"2025-05-29T00:02:07+00:00\",\"description\":\"This heart is an ideal gift for beloved mom or second half. Surprise a women with a delicious and elegant box of roses with Raffaello sweets.\",\"breadcrumb\":{\"@id\":\"https:\/\/www.gintaresgeles.lt\/en\/puokste\/rose-box-surprice\/#breadcrumb\"},\"inLanguage\":\"en-US\",\"potentialAction\":[{\"@type\":\"ReadAction\",\"target\":[\"https:\/\/www.gintaresgeles.lt\/en\/puokste\/rose-box-surprice\/\"]}]},{\"@type\":\"ImageObject\",\"inLanguage\":\"en-US\",\"@id\":\"https:\/\/www.gintaresgeles.lt\/en\/puokste\/rose-box-surprice\/#primaryimage\",\"url\":\"https:\/\/www.gintaresgeles.lt\/wp-content\/uploads\/2017\/05\/raudonos-rozes-dezuteje-staigmena.jpg\",\"contentUrl\":\"https:\/\/www.gintaresgeles.lt\/wp-content\/uploads\/2017\/05\/raudonos-rozes-dezuteje-staigmena.jpg\",\"width\":601,\"height\":600,\"caption\":\"Raudonos ro\u017e\u0117s \u0161irdel\u0117s formos d\u0117\u017eut\u0117je\"},{\"@type\":\"BreadcrumbList\",\"@id\":\"https:\/\/www.gintaresgeles.lt\/en\/puokste\/rose-box-surprice\/#breadcrumb\",\"itemListElement\":[{\"@type\":\"ListItem\",\"position\":1,\"name\":\"Prad\u017eia\",\"item\":\"https:\/\/www.gintaresgeles.lt\/en\/\"},{\"@type\":\"ListItem\",\"position\":2,\"name\":\"All flowers and other products\",\"item\":\"https:\/\/www.gintaresgeles.lt\/en\/all-flowers-and-other-products\/\"},{\"@type\":\"ListItem\",\"position\":3,\"name\":\"Roses box &#8222;Surprise&#8221;\"}]},{\"@type\":\"WebSite\",\"@id\":\"https:\/\/www.gintaresgeles.lt\/en\/#website\",\"url\":\"https:\/\/www.gintaresgeles.lt\/en\/\",\"name\":\"gintaresgeles.lt\",\"description\":\"G\u0117li\u0173 parduotuv\u0117 internete\",\"potentialAction\":[{\"@type\":\"SearchAction\",\"target\":{\"@type\":\"EntryPoint\",\"urlTemplate\":\"https:\/\/www.gintaresgeles.lt\/en\/?s={search_term_string}\"},\"query-input\":{\"@type\":\"PropertyValueSpecification\",\"valueRequired\":true,\"valueName\":\"search_term_string\"}}],\"inLanguage\":\"en-US\"}]}<\/script>\n<!-- \/ Yoast SEO plugin. -->","yoast_head_json":{"title":"Rose box \"Surprise\" | Flower delivery in Vilnius | Gintar\u0117sG\u0117l\u0117s","description":"This heart is an ideal gift for beloved mom or second half. Surprise a women with a delicious and elegant box of roses with Raffaello sweets.","robots":{"index":"index","follow":"follow","max-snippet":"max-snippet:-1","max-image-preview":"max-image-preview:large","max-video-preview":"max-video-preview:-1"},"canonical":"https:\/\/www.gintaresgeles.lt\/en\/puokste\/rose-box-surprice\/","og_locale":"en_US","og_type":"article","og_title":"Rose box \"Surprise\" | Flower delivery in Vilnius | Gintar\u0117sG\u0117l\u0117s","og_description":"This heart is an ideal gift for beloved mom or second half. Surprise a women with a delicious and elegant box of roses with Raffaello sweets.","og_url":"https:\/\/www.gintaresgeles.lt\/en\/puokste\/rose-box-surprice\/","og_site_name":"gintaresgeles.lt","article_modified_time":"2025-05-29T00:02:07+00:00","og_image":[{"width":601,"height":600,"url":"https:\/\/www.gintaresgeles.lt\/wp-content\/uploads\/2017\/05\/raudonos-rozes-dezuteje-staigmena.jpg","type":"image\/jpeg"}],"twitter_card":"summary_large_image","schema":{"@context":"https:\/\/schema.org","@graph":[{"@type":"WebPage","@id":"https:\/\/www.gintaresgeles.lt\/en\/puokste\/rose-box-surprice\/","url":"https:\/\/www.gintaresgeles.lt\/en\/puokste\/rose-box-surprice\/","name":"Rose box \"Surprise\" | Flower delivery in Vilnius | Gintar\u0117sG\u0117l\u0117s","isPartOf":{"@id":"https:\/\/www.gintaresgeles.lt\/en\/#website"},"primaryImageOfPage":{"@id":"https:\/\/www.gintaresgeles.lt\/en\/puokste\/rose-box-surprice\/#primaryimage"},"image":{"@id":"https:\/\/www.gintaresgeles.lt\/en\/puokste\/rose-box-surprice\/#primaryimage"},"thumbnailUrl":"https:\/\/www.gintaresgeles.lt\/wp-content\/uploads\/2017\/05\/raudonos-rozes-dezuteje-staigmena.jpg","datePublished":"2017-05-04T14:10:48+00:00","dateModified":"2025-05-29T00:02:07+00:00","description":"This heart is an ideal gift for beloved mom or second half. Surprise a women with a delicious and elegant box of roses with Raffaello sweets.","breadcrumb":{"@id":"https:\/\/www.gintaresgeles.lt\/en\/puokste\/rose-box-surprice\/#breadcrumb"},"inLanguage":"en-US","potentialAction":[{"@type":"ReadAction","target":["https:\/\/www.gintaresgeles.lt\/en\/puokste\/rose-box-surprice\/"]}]},{"@type":"ImageObject","inLanguage":"en-US","@id":"https:\/\/www.gintaresgeles.lt\/en\/puokste\/rose-box-surprice\/#primaryimage","url":"https:\/\/www.gintaresgeles.lt\/wp-content\/uploads\/2017\/05\/raudonos-rozes-dezuteje-staigmena.jpg","contentUrl":"https:\/\/www.gintaresgeles.lt\/wp-content\/uploads\/2017\/05\/raudonos-rozes-dezuteje-staigmena.jpg","width":601,"height":600,"caption":"Raudonos ro\u017e\u0117s \u0161irdel\u0117s formos d\u0117\u017eut\u0117je"},{"@type":"BreadcrumbList","@id":"https:\/\/www.gintaresgeles.lt\/en\/puokste\/rose-box-surprice\/#breadcrumb","itemListElement":[{"@type":"ListItem","position":1,"name":"Prad\u017eia","item":"https:\/\/www.gintaresgeles.lt\/en\/"},{"@type":"ListItem","position":2,"name":"All flowers and other products","item":"https:\/\/www.gintaresgeles.lt\/en\/all-flowers-and-other-products\/"},{"@type":"ListItem","position":3,"name":"Roses box &#8222;Surprise&#8221;"}]},{"@type":"WebSite","@id":"https:\/\/www.gintaresgeles.lt\/en\/#website","url":"https:\/\/www.gintaresgeles.lt\/en\/","name":"gintaresgeles.lt","description":"G\u0117li\u0173 parduotuv\u0117 internete","potentialAction":[{"@type":"SearchAction","target":{"@type":"EntryPoint","urlTemplate":"https:\/\/www.gintaresgeles.lt\/en\/?s={search_term_string}"},"query-input":{"@type":"PropertyValueSpecification","valueRequired":true,"valueName":"search_term_string"}}],"inLanguage":"en-US"}]}},"_links":{"self":[{"href":"https:\/\/www.gintaresgeles.lt\/en\/wp-json\/wp\/v2\/product\/19382","targetHints":{"allow":["GET"]}}],"collection":[{"href":"https:\/\/www.gintaresgeles.lt\/en\/wp-json\/wp\/v2\/product"}],"about":[{"href":"https:\/\/www.gintaresgeles.lt\/en\/wp-json\/wp\/v2\/types\/product"}],"wp:featuredmedia":[{"embeddable":true,"href":"https:\/\/www.gintaresgeles.lt\/en\/wp-json\/wp\/v2\/media\/22839"}],"wp:attachment":[{"href":"https:\/\/www.gintaresgeles.lt\/en\/wp-json\/wp\/v2\/media?parent=19382"}],"wp:term":[{"taxonomy":"product_brand","embeddable":true,"href":"https:\/\/www.gintaresgeles.lt\/en\/wp-json\/wp\/v2\/product_brand?post=19382"},{"taxonomy":"product_cat","embeddable":true,"href":"https:\/\/www.gintaresgeles.lt\/en\/wp-json\/wp\/v2\/product_cat?post=19382"},{"taxonomy":"product_tag","embeddable":true,"href":"https:\/\/www.gintaresgeles.lt\/en\/wp-json\/wp\/v2\/product_tag?post=19382"}],"curies":[{"name":"wp","href":"https:\/\/api.w.org\/{rel}","templated":true}]}}