{"id":19424,"date":"2017-02-24T04:56:38","date_gmt":"2017-02-24T06:56:38","guid":{"rendered":"https:\/\/www.gintaresgeles.lt\/?post_type=product&#038;p=19424"},"modified":"2025-05-29T02:02:11","modified_gmt":"2025-05-29T00:02:11","slug":"bouquet-of-brightly-colored-tulips","status":"publish","type":"product","link":"https:\/\/www.gintaresgeles.lt\/en\/puokste\/bouquet-of-brightly-colored-tulips\/","title":{"rendered":"Bouquet of brightly colored tulips"},"content":{"rendered":"<p>Contrast is that tiny line that separates simple bouquets and the ones that leave the unforgettable impression. Frequently, bouquets look beautiful when their colors are pastel and matched, however, sometimes, exactly the contrasting bright colors create a great bouquet. This tulip bouquet of vivid colors is precisely like that. Tulips will charm any lady on her celebration with their good quality, and their colors that starts from white to purple, and a pink in the middle. The colors of the bouquet may differ, yet the flowers will look good regardless.<\/p>\n<p>The bouquet consists of 21\/25\/27\/35\/51\/71\/101 tulips, depending on your choice.<\/p>\n","protected":false},"excerpt":{"rendered":"<p style=\"text-align: justify\">Tulips are one of the most precious flowers for womens during the warm season. These flowers are unique in their brightly colored blossoms, and especially it looks beautiful when a tulip bouquet is made up of perfectly matching different tulip colors.<\/p>\n","protected":false},"featured_media":54121,"template":"","meta":[],"product_brand":[],"product_cat":[261,260,259,252,266,265,256,253,257,262,263,264,268,1966,239],"product_tag":[],"class_list":{"0":"post-19424","1":"product","2":"type-product","3":"status-publish","4":"has-post-thumbnail","6":"product_cat-birthday-bouquets","7":"product_cat-birthday-flowers","8":"product_cat-flowers-by-occasion","9":"product_cat-flowers-by-recipient","10":"product_cat-flowers-by-style","11":"product_cat-flowers-by-type","12":"product_cat-flowers-for-girlfriend","13":"product_cat-flowers-for-mom","14":"product_cat-flowers-for-women","15":"product_cat-march8th-flowers","16":"product_cat-mothers-day-flowers","17":"product_cat-valentines-day-flowers","18":"product_cat-flower-bouquets","19":"product_cat-flowers-wrapped-in-paper","20":"product_cat-tulips","21":"tm-has-options","23":"first","24":"outofstock","25":"taxable","26":"shipping-taxable","27":"purchasable","28":"product-type-variable","29":"has-default-attributes"},"yoast_head":"<!-- This site is optimized with the Yoast SEO plugin v25.3 - https:\/\/yoast.com\/wordpress\/plugins\/seo\/ -->\n<title>Bouquet of brightly colored tulips| Tulips for women | Gintar\u0117sG\u0117l\u0117s<\/title>\n<meta name=\"description\" content=\"Surprise a lovely woman or girl with an amazing tulip bouquet. This bouquet is made up of finely-colored tulips - violet, white and pink.\" \/>\n<meta name=\"robots\" content=\"index, follow, max-snippet:-1, max-image-preview:large, max-video-preview:-1\" \/>\n<link rel=\"canonical\" href=\"https:\/\/www.gintaresgeles.lt\/en\/puokste\/bouquet-of-brightly-colored-tulips\/\" \/>\n<meta property=\"og:locale\" content=\"en_US\" \/>\n<meta property=\"og:type\" content=\"article\" \/>\n<meta property=\"og:title\" content=\"Bouquet of brightly colored tulips| Tulips for women | Gintar\u0117sG\u0117l\u0117s\" \/>\n<meta property=\"og:description\" content=\"Surprise a lovely woman or girl with an amazing tulip bouquet. This bouquet is made up of finely-colored tulips - violet, white and pink.\" \/>\n<meta property=\"og:url\" content=\"https:\/\/www.gintaresgeles.lt\/en\/puokste\/bouquet-of-brightly-colored-tulips\/\" \/>\n<meta property=\"og:site_name\" content=\"gintaresgeles.lt\" \/>\n<meta property=\"article:modified_time\" content=\"2025-05-29T00:02:11+00:00\" \/>\n<meta property=\"og:image\" content=\"https:\/\/www.gintaresgeles.lt\/wp-content\/uploads\/2017\/02\/ryskiaspalviu-tulpiu-puokste-pavasario-geles-scaled.jpg\" \/>\n\t<meta property=\"og:image:width\" content=\"2560\" \/>\n\t<meta property=\"og:image:height\" content=\"2560\" \/>\n\t<meta property=\"og:image:type\" content=\"image\/jpeg\" \/>\n<meta name=\"twitter:card\" content=\"summary_large_image\" \/>\n<script type=\"application\/ld+json\" class=\"yoast-schema-graph\">{\"@context\":\"https:\/\/schema.org\",\"@graph\":[{\"@type\":\"WebPage\",\"@id\":\"https:\/\/www.gintaresgeles.lt\/en\/puokste\/bouquet-of-brightly-colored-tulips\/\",\"url\":\"https:\/\/www.gintaresgeles.lt\/en\/puokste\/bouquet-of-brightly-colored-tulips\/\",\"name\":\"Bouquet of brightly colored tulips| Tulips for women | Gintar\u0117sG\u0117l\u0117s\",\"isPartOf\":{\"@id\":\"https:\/\/www.gintaresgeles.lt\/en\/#website\"},\"primaryImageOfPage\":{\"@id\":\"https:\/\/www.gintaresgeles.lt\/en\/puokste\/bouquet-of-brightly-colored-tulips\/#primaryimage\"},\"image\":{\"@id\":\"https:\/\/www.gintaresgeles.lt\/en\/puokste\/bouquet-of-brightly-colored-tulips\/#primaryimage\"},\"thumbnailUrl\":\"https:\/\/www.gintaresgeles.lt\/wp-content\/uploads\/2017\/02\/ryskiaspalviu-tulpiu-puokste-pavasario-geles-scaled.jpg\",\"datePublished\":\"2017-02-24T06:56:38+00:00\",\"dateModified\":\"2025-05-29T00:02:11+00:00\",\"description\":\"Surprise a lovely woman or girl with an amazing tulip bouquet. This bouquet is made up of finely-colored tulips - violet, white and pink.\",\"breadcrumb\":{\"@id\":\"https:\/\/www.gintaresgeles.lt\/en\/puokste\/bouquet-of-brightly-colored-tulips\/#breadcrumb\"},\"inLanguage\":\"en-US\",\"potentialAction\":[{\"@type\":\"ReadAction\",\"target\":[\"https:\/\/www.gintaresgeles.lt\/en\/puokste\/bouquet-of-brightly-colored-tulips\/\"]}]},{\"@type\":\"ImageObject\",\"inLanguage\":\"en-US\",\"@id\":\"https:\/\/www.gintaresgeles.lt\/en\/puokste\/bouquet-of-brightly-colored-tulips\/#primaryimage\",\"url\":\"https:\/\/www.gintaresgeles.lt\/wp-content\/uploads\/2017\/02\/ryskiaspalviu-tulpiu-puokste-pavasario-geles-scaled.jpg\",\"contentUrl\":\"https:\/\/www.gintaresgeles.lt\/wp-content\/uploads\/2017\/02\/ryskiaspalviu-tulpiu-puokste-pavasario-geles-scaled.jpg\",\"width\":2560,\"height\":2560,\"caption\":\"Violetin\u0117s, baltos ir ro\u017ein\u0117s tulp\u0117s puok\u0161t\u0117je g\u0117l\u0117s merginai\"},{\"@type\":\"BreadcrumbList\",\"@id\":\"https:\/\/www.gintaresgeles.lt\/en\/puokste\/bouquet-of-brightly-colored-tulips\/#breadcrumb\",\"itemListElement\":[{\"@type\":\"ListItem\",\"position\":1,\"name\":\"Prad\u017eia\",\"item\":\"https:\/\/www.gintaresgeles.lt\/en\/\"},{\"@type\":\"ListItem\",\"position\":2,\"name\":\"All flowers and other products\",\"item\":\"https:\/\/www.gintaresgeles.lt\/en\/all-flowers-and-other-products\/\"},{\"@type\":\"ListItem\",\"position\":3,\"name\":\"Bouquet of brightly colored tulips\"}]},{\"@type\":\"WebSite\",\"@id\":\"https:\/\/www.gintaresgeles.lt\/en\/#website\",\"url\":\"https:\/\/www.gintaresgeles.lt\/en\/\",\"name\":\"Gintares Geles\",\"description\":\"Flower delivery in Vilnius | Same-day delivery | Gintares geles\",\"potentialAction\":[{\"@type\":\"SearchAction\",\"target\":{\"@type\":\"EntryPoint\",\"urlTemplate\":\"https:\/\/www.gintaresgeles.lt\/en\/?s={search_term_string}\"},\"query-input\":{\"@type\":\"PropertyValueSpecification\",\"valueRequired\":true,\"valueName\":\"search_term_string\"}}],\"inLanguage\":\"en-US\"}]}<\/script>\n<!-- \/ Yoast SEO plugin. -->","yoast_head_json":{"title":"Bouquet of brightly colored tulips| Tulips for women | Gintar\u0117sG\u0117l\u0117s","description":"Surprise a lovely woman or girl with an amazing tulip bouquet. This bouquet is made up of finely-colored tulips - violet, white and pink.","robots":{"index":"index","follow":"follow","max-snippet":"max-snippet:-1","max-image-preview":"max-image-preview:large","max-video-preview":"max-video-preview:-1"},"canonical":"https:\/\/www.gintaresgeles.lt\/en\/puokste\/bouquet-of-brightly-colored-tulips\/","og_locale":"en_US","og_type":"article","og_title":"Bouquet of brightly colored tulips| Tulips for women | Gintar\u0117sG\u0117l\u0117s","og_description":"Surprise a lovely woman or girl with an amazing tulip bouquet. This bouquet is made up of finely-colored tulips - violet, white and pink.","og_url":"https:\/\/www.gintaresgeles.lt\/en\/puokste\/bouquet-of-brightly-colored-tulips\/","og_site_name":"gintaresgeles.lt","article_modified_time":"2025-05-29T00:02:11+00:00","og_image":[{"width":2560,"height":2560,"url":"https:\/\/www.gintaresgeles.lt\/wp-content\/uploads\/2017\/02\/ryskiaspalviu-tulpiu-puokste-pavasario-geles-scaled.jpg","type":"image\/jpeg"}],"twitter_card":"summary_large_image","schema":{"@context":"https:\/\/schema.org","@graph":[{"@type":"WebPage","@id":"https:\/\/www.gintaresgeles.lt\/en\/puokste\/bouquet-of-brightly-colored-tulips\/","url":"https:\/\/www.gintaresgeles.lt\/en\/puokste\/bouquet-of-brightly-colored-tulips\/","name":"Bouquet of brightly colored tulips| Tulips for women | Gintar\u0117sG\u0117l\u0117s","isPartOf":{"@id":"https:\/\/www.gintaresgeles.lt\/en\/#website"},"primaryImageOfPage":{"@id":"https:\/\/www.gintaresgeles.lt\/en\/puokste\/bouquet-of-brightly-colored-tulips\/#primaryimage"},"image":{"@id":"https:\/\/www.gintaresgeles.lt\/en\/puokste\/bouquet-of-brightly-colored-tulips\/#primaryimage"},"thumbnailUrl":"https:\/\/www.gintaresgeles.lt\/wp-content\/uploads\/2017\/02\/ryskiaspalviu-tulpiu-puokste-pavasario-geles-scaled.jpg","datePublished":"2017-02-24T06:56:38+00:00","dateModified":"2025-05-29T00:02:11+00:00","description":"Surprise a lovely woman or girl with an amazing tulip bouquet. This bouquet is made up of finely-colored tulips - violet, white and pink.","breadcrumb":{"@id":"https:\/\/www.gintaresgeles.lt\/en\/puokste\/bouquet-of-brightly-colored-tulips\/#breadcrumb"},"inLanguage":"en-US","potentialAction":[{"@type":"ReadAction","target":["https:\/\/www.gintaresgeles.lt\/en\/puokste\/bouquet-of-brightly-colored-tulips\/"]}]},{"@type":"ImageObject","inLanguage":"en-US","@id":"https:\/\/www.gintaresgeles.lt\/en\/puokste\/bouquet-of-brightly-colored-tulips\/#primaryimage","url":"https:\/\/www.gintaresgeles.lt\/wp-content\/uploads\/2017\/02\/ryskiaspalviu-tulpiu-puokste-pavasario-geles-scaled.jpg","contentUrl":"https:\/\/www.gintaresgeles.lt\/wp-content\/uploads\/2017\/02\/ryskiaspalviu-tulpiu-puokste-pavasario-geles-scaled.jpg","width":2560,"height":2560,"caption":"Violetin\u0117s, baltos ir ro\u017ein\u0117s tulp\u0117s puok\u0161t\u0117je g\u0117l\u0117s merginai"},{"@type":"BreadcrumbList","@id":"https:\/\/www.gintaresgeles.lt\/en\/puokste\/bouquet-of-brightly-colored-tulips\/#breadcrumb","itemListElement":[{"@type":"ListItem","position":1,"name":"Prad\u017eia","item":"https:\/\/www.gintaresgeles.lt\/en\/"},{"@type":"ListItem","position":2,"name":"All flowers and other products","item":"https:\/\/www.gintaresgeles.lt\/en\/all-flowers-and-other-products\/"},{"@type":"ListItem","position":3,"name":"Bouquet of brightly colored tulips"}]},{"@type":"WebSite","@id":"https:\/\/www.gintaresgeles.lt\/en\/#website","url":"https:\/\/www.gintaresgeles.lt\/en\/","name":"Gintares Geles","description":"Flower delivery in Vilnius | Same-day delivery | Gintares geles","potentialAction":[{"@type":"SearchAction","target":{"@type":"EntryPoint","urlTemplate":"https:\/\/www.gintaresgeles.lt\/en\/?s={search_term_string}"},"query-input":{"@type":"PropertyValueSpecification","valueRequired":true,"valueName":"search_term_string"}}],"inLanguage":"en-US"}]}},"_links":{"self":[{"href":"https:\/\/www.gintaresgeles.lt\/en\/wp-json\/wp\/v2\/product\/19424","targetHints":{"allow":["GET"]}}],"collection":[{"href":"https:\/\/www.gintaresgeles.lt\/en\/wp-json\/wp\/v2\/product"}],"about":[{"href":"https:\/\/www.gintaresgeles.lt\/en\/wp-json\/wp\/v2\/types\/product"}],"wp:featuredmedia":[{"embeddable":true,"href":"https:\/\/www.gintaresgeles.lt\/en\/wp-json\/wp\/v2\/media\/54121"}],"wp:attachment":[{"href":"https:\/\/www.gintaresgeles.lt\/en\/wp-json\/wp\/v2\/media?parent=19424"}],"wp:term":[{"taxonomy":"product_brand","embeddable":true,"href":"https:\/\/www.gintaresgeles.lt\/en\/wp-json\/wp\/v2\/product_brand?post=19424"},{"taxonomy":"product_cat","embeddable":true,"href":"https:\/\/www.gintaresgeles.lt\/en\/wp-json\/wp\/v2\/product_cat?post=19424"},{"taxonomy":"product_tag","embeddable":true,"href":"https:\/\/www.gintaresgeles.lt\/en\/wp-json\/wp\/v2\/product_tag?post=19424"}],"curies":[{"name":"wp","href":"https:\/\/api.w.org\/{rel}","templated":true}]}}