{"id":19475,"date":"2017-01-30T11:33:09","date_gmt":"2017-01-30T13:33:09","guid":{"rendered":"https:\/\/www.gintaresgeles.lt\/?post_type=product&#038;p=19475"},"modified":"2025-05-29T02:02:13","modified_gmt":"2025-05-29T00:02:13","slug":"bouquet-of-multicolored-tulips","status":"publish","type":"product","link":"https:\/\/www.gintaresgeles.lt\/en\/puokste\/bouquet-of-multicolored-tulips\/","title":{"rendered":"Bouquet of multicolored tulips and eucalyptus"},"content":{"rendered":"<p>Flowers are one of the most charming gifts. These surprising plants that have blossoms of different colors and shapes carry positive emotions that make every person that receives them smile. Colorfulness is exactly the reason why you must pay attention to this multicolored bouquet of tulips. Charming yellowish, pink, purple and of other shades blossoms will make both men and women happy. This is the reason why this bouquet is the best choice for any occasion. Color hues of the bouquet may differ a little, however, it will still look flawless.<\/p>\n","protected":false},"excerpt":{"rendered":"<p style=\"text-align: justify\">Tulips are flowers that are suitable for men, but women are particularly happy with them. It&#8217;s a warm season flowers, so it brings out it&#8217;s colorfulness with warm feelings and good emotions. Even more playfulness and vivaciousness provide tulips that are in different colors.<\/p>\n<p style=\"text-align: right\">\n","protected":false},"featured_media":46930,"template":"","meta":[],"product_brand":[],"product_cat":[261,260,259,252,266,265,256,258,253,257,262,263,264,268,1966,239],"product_tag":[],"class_list":{"0":"post-19475","1":"product","2":"type-product","3":"status-publish","4":"has-post-thumbnail","6":"product_cat-birthday-bouquets","7":"product_cat-birthday-flowers","8":"product_cat-flowers-by-occasion","9":"product_cat-flowers-by-recipient","10":"product_cat-flowers-by-style","11":"product_cat-flowers-by-type","12":"product_cat-flowers-for-girlfriend","13":"product_cat-flowers-for-men","14":"product_cat-flowers-for-mom","15":"product_cat-flowers-for-women","16":"product_cat-march8th-flowers","17":"product_cat-mothers-day-flowers","18":"product_cat-valentines-day-flowers","19":"product_cat-flower-bouquets","20":"product_cat-flowers-wrapped-in-paper","21":"product_cat-tulips","22":"tm-has-options","24":"first","25":"outofstock","26":"taxable","27":"shipping-taxable","28":"purchasable","29":"product-type-variable","30":"has-default-attributes"},"yoast_head":"<!-- This site is optimized with the Yoast SEO plugin v25.3 - https:\/\/yoast.com\/wordpress\/plugins\/seo\/ -->\n<title>Bouquet of multicolored tulips | Big tulip selection | Gintar\u0117sG\u0117l\u0117s<\/title>\n<meta name=\"description\" content=\"A tasteful and elegant bouquet of tulips - a wonderful spring-breaking selection to greet or surprise special people. Tulips are most often gifted to women, but such a colorful and expressive bouquet will be perfect for the husband. Send flowers to your home in Vilnius!\" \/>\n<meta name=\"robots\" content=\"index, follow, max-snippet:-1, max-image-preview:large, max-video-preview:-1\" \/>\n<link rel=\"canonical\" href=\"https:\/\/www.gintaresgeles.lt\/en\/puokste\/bouquet-of-multicolored-tulips\/\" \/>\n<meta property=\"og:locale\" content=\"en_US\" \/>\n<meta property=\"og:type\" content=\"article\" \/>\n<meta property=\"og:title\" content=\"Bouquet of multicolored tulips | Big tulip selection | Gintar\u0117sG\u0117l\u0117s\" \/>\n<meta property=\"og:description\" content=\"A tasteful and elegant bouquet of tulips - a wonderful spring-breaking selection to greet or surprise special people. Tulips are most often gifted to women, but such a colorful and expressive bouquet will be perfect for the husband. Send flowers to your home in Vilnius!\" \/>\n<meta property=\"og:url\" content=\"https:\/\/www.gintaresgeles.lt\/en\/puokste\/bouquet-of-multicolored-tulips\/\" \/>\n<meta property=\"og:site_name\" content=\"gintaresgeles.lt\" \/>\n<meta property=\"article:modified_time\" content=\"2025-05-29T00:02:13+00:00\" \/>\n<meta property=\"og:image\" content=\"https:\/\/www.gintaresgeles.lt\/wp-content\/uploads\/2017\/01\/ivairiaspalviu-tulpiu-ir-eukaliptu-puokste-geles-moteriai.jpg\" \/>\n\t<meta property=\"og:image:width\" content=\"1200\" \/>\n\t<meta property=\"og:image:height\" content=\"1200\" \/>\n\t<meta property=\"og:image:type\" content=\"image\/jpeg\" \/>\n<meta name=\"twitter:card\" content=\"summary_large_image\" \/>\n<script type=\"application\/ld+json\" class=\"yoast-schema-graph\">{\"@context\":\"https:\/\/schema.org\",\"@graph\":[{\"@type\":\"WebPage\",\"@id\":\"https:\/\/www.gintaresgeles.lt\/en\/puokste\/bouquet-of-multicolored-tulips\/\",\"url\":\"https:\/\/www.gintaresgeles.lt\/en\/puokste\/bouquet-of-multicolored-tulips\/\",\"name\":\"Bouquet of multicolored tulips | Big tulip selection | Gintar\u0117sG\u0117l\u0117s\",\"isPartOf\":{\"@id\":\"https:\/\/www.gintaresgeles.lt\/en\/#website\"},\"primaryImageOfPage\":{\"@id\":\"https:\/\/www.gintaresgeles.lt\/en\/puokste\/bouquet-of-multicolored-tulips\/#primaryimage\"},\"image\":{\"@id\":\"https:\/\/www.gintaresgeles.lt\/en\/puokste\/bouquet-of-multicolored-tulips\/#primaryimage\"},\"thumbnailUrl\":\"https:\/\/www.gintaresgeles.lt\/wp-content\/uploads\/2017\/01\/ivairiaspalviu-tulpiu-ir-eukaliptu-puokste-geles-moteriai.jpg\",\"datePublished\":\"2017-01-30T13:33:09+00:00\",\"dateModified\":\"2025-05-29T00:02:13+00:00\",\"description\":\"A tasteful and elegant bouquet of tulips - a wonderful spring-breaking selection to greet or surprise special people. Tulips are most often gifted to women, but such a colorful and expressive bouquet will be perfect for the husband. Send flowers to your home in Vilnius!\",\"breadcrumb\":{\"@id\":\"https:\/\/www.gintaresgeles.lt\/en\/puokste\/bouquet-of-multicolored-tulips\/#breadcrumb\"},\"inLanguage\":\"en-US\",\"potentialAction\":[{\"@type\":\"ReadAction\",\"target\":[\"https:\/\/www.gintaresgeles.lt\/en\/puokste\/bouquet-of-multicolored-tulips\/\"]}]},{\"@type\":\"ImageObject\",\"inLanguage\":\"en-US\",\"@id\":\"https:\/\/www.gintaresgeles.lt\/en\/puokste\/bouquet-of-multicolored-tulips\/#primaryimage\",\"url\":\"https:\/\/www.gintaresgeles.lt\/wp-content\/uploads\/2017\/01\/ivairiaspalviu-tulpiu-ir-eukaliptu-puokste-geles-moteriai.jpg\",\"contentUrl\":\"https:\/\/www.gintaresgeles.lt\/wp-content\/uploads\/2017\/01\/ivairiaspalviu-tulpiu-ir-eukaliptu-puokste-geles-moteriai.jpg\",\"width\":1200,\"height\":1200,\"caption\":\"\u012evairiaspalv\u0117s tulp\u0117s puok\u0161t\u0117je merginai\"},{\"@type\":\"BreadcrumbList\",\"@id\":\"https:\/\/www.gintaresgeles.lt\/en\/puokste\/bouquet-of-multicolored-tulips\/#breadcrumb\",\"itemListElement\":[{\"@type\":\"ListItem\",\"position\":1,\"name\":\"Prad\u017eia\",\"item\":\"https:\/\/www.gintaresgeles.lt\/en\/\"},{\"@type\":\"ListItem\",\"position\":2,\"name\":\"All flowers and other products\",\"item\":\"https:\/\/www.gintaresgeles.lt\/en\/all-flowers-and-other-products\/\"},{\"@type\":\"ListItem\",\"position\":3,\"name\":\"Bouquet of multicolored tulips and eucalyptus\"}]},{\"@type\":\"WebSite\",\"@id\":\"https:\/\/www.gintaresgeles.lt\/en\/#website\",\"url\":\"https:\/\/www.gintaresgeles.lt\/en\/\",\"name\":\"Gintares Geles\",\"description\":\"Flower delivery in Vilnius | Same-day delivery | Gintares geles\",\"potentialAction\":[{\"@type\":\"SearchAction\",\"target\":{\"@type\":\"EntryPoint\",\"urlTemplate\":\"https:\/\/www.gintaresgeles.lt\/en\/?s={search_term_string}\"},\"query-input\":{\"@type\":\"PropertyValueSpecification\",\"valueRequired\":true,\"valueName\":\"search_term_string\"}}],\"inLanguage\":\"en-US\"}]}<\/script>\n<!-- \/ Yoast SEO plugin. -->","yoast_head_json":{"title":"Bouquet of multicolored tulips | Big tulip selection | Gintar\u0117sG\u0117l\u0117s","description":"A tasteful and elegant bouquet of tulips - a wonderful spring-breaking selection to greet or surprise special people. Tulips are most often gifted to women, but such a colorful and expressive bouquet will be perfect for the husband. Send flowers to your home in Vilnius!","robots":{"index":"index","follow":"follow","max-snippet":"max-snippet:-1","max-image-preview":"max-image-preview:large","max-video-preview":"max-video-preview:-1"},"canonical":"https:\/\/www.gintaresgeles.lt\/en\/puokste\/bouquet-of-multicolored-tulips\/","og_locale":"en_US","og_type":"article","og_title":"Bouquet of multicolored tulips | Big tulip selection | Gintar\u0117sG\u0117l\u0117s","og_description":"A tasteful and elegant bouquet of tulips - a wonderful spring-breaking selection to greet or surprise special people. Tulips are most often gifted to women, but such a colorful and expressive bouquet will be perfect for the husband. Send flowers to your home in Vilnius!","og_url":"https:\/\/www.gintaresgeles.lt\/en\/puokste\/bouquet-of-multicolored-tulips\/","og_site_name":"gintaresgeles.lt","article_modified_time":"2025-05-29T00:02:13+00:00","og_image":[{"width":1200,"height":1200,"url":"https:\/\/www.gintaresgeles.lt\/wp-content\/uploads\/2017\/01\/ivairiaspalviu-tulpiu-ir-eukaliptu-puokste-geles-moteriai.jpg","type":"image\/jpeg"}],"twitter_card":"summary_large_image","schema":{"@context":"https:\/\/schema.org","@graph":[{"@type":"WebPage","@id":"https:\/\/www.gintaresgeles.lt\/en\/puokste\/bouquet-of-multicolored-tulips\/","url":"https:\/\/www.gintaresgeles.lt\/en\/puokste\/bouquet-of-multicolored-tulips\/","name":"Bouquet of multicolored tulips | Big tulip selection | Gintar\u0117sG\u0117l\u0117s","isPartOf":{"@id":"https:\/\/www.gintaresgeles.lt\/en\/#website"},"primaryImageOfPage":{"@id":"https:\/\/www.gintaresgeles.lt\/en\/puokste\/bouquet-of-multicolored-tulips\/#primaryimage"},"image":{"@id":"https:\/\/www.gintaresgeles.lt\/en\/puokste\/bouquet-of-multicolored-tulips\/#primaryimage"},"thumbnailUrl":"https:\/\/www.gintaresgeles.lt\/wp-content\/uploads\/2017\/01\/ivairiaspalviu-tulpiu-ir-eukaliptu-puokste-geles-moteriai.jpg","datePublished":"2017-01-30T13:33:09+00:00","dateModified":"2025-05-29T00:02:13+00:00","description":"A tasteful and elegant bouquet of tulips - a wonderful spring-breaking selection to greet or surprise special people. Tulips are most often gifted to women, but such a colorful and expressive bouquet will be perfect for the husband. Send flowers to your home in Vilnius!","breadcrumb":{"@id":"https:\/\/www.gintaresgeles.lt\/en\/puokste\/bouquet-of-multicolored-tulips\/#breadcrumb"},"inLanguage":"en-US","potentialAction":[{"@type":"ReadAction","target":["https:\/\/www.gintaresgeles.lt\/en\/puokste\/bouquet-of-multicolored-tulips\/"]}]},{"@type":"ImageObject","inLanguage":"en-US","@id":"https:\/\/www.gintaresgeles.lt\/en\/puokste\/bouquet-of-multicolored-tulips\/#primaryimage","url":"https:\/\/www.gintaresgeles.lt\/wp-content\/uploads\/2017\/01\/ivairiaspalviu-tulpiu-ir-eukaliptu-puokste-geles-moteriai.jpg","contentUrl":"https:\/\/www.gintaresgeles.lt\/wp-content\/uploads\/2017\/01\/ivairiaspalviu-tulpiu-ir-eukaliptu-puokste-geles-moteriai.jpg","width":1200,"height":1200,"caption":"\u012evairiaspalv\u0117s tulp\u0117s puok\u0161t\u0117je merginai"},{"@type":"BreadcrumbList","@id":"https:\/\/www.gintaresgeles.lt\/en\/puokste\/bouquet-of-multicolored-tulips\/#breadcrumb","itemListElement":[{"@type":"ListItem","position":1,"name":"Prad\u017eia","item":"https:\/\/www.gintaresgeles.lt\/en\/"},{"@type":"ListItem","position":2,"name":"All flowers and other products","item":"https:\/\/www.gintaresgeles.lt\/en\/all-flowers-and-other-products\/"},{"@type":"ListItem","position":3,"name":"Bouquet of multicolored tulips and eucalyptus"}]},{"@type":"WebSite","@id":"https:\/\/www.gintaresgeles.lt\/en\/#website","url":"https:\/\/www.gintaresgeles.lt\/en\/","name":"Gintares Geles","description":"Flower delivery in Vilnius | Same-day delivery | Gintares geles","potentialAction":[{"@type":"SearchAction","target":{"@type":"EntryPoint","urlTemplate":"https:\/\/www.gintaresgeles.lt\/en\/?s={search_term_string}"},"query-input":{"@type":"PropertyValueSpecification","valueRequired":true,"valueName":"search_term_string"}}],"inLanguage":"en-US"}]}},"_links":{"self":[{"href":"https:\/\/www.gintaresgeles.lt\/en\/wp-json\/wp\/v2\/product\/19475","targetHints":{"allow":["GET"]}}],"collection":[{"href":"https:\/\/www.gintaresgeles.lt\/en\/wp-json\/wp\/v2\/product"}],"about":[{"href":"https:\/\/www.gintaresgeles.lt\/en\/wp-json\/wp\/v2\/types\/product"}],"wp:featuredmedia":[{"embeddable":true,"href":"https:\/\/www.gintaresgeles.lt\/en\/wp-json\/wp\/v2\/media\/46930"}],"wp:attachment":[{"href":"https:\/\/www.gintaresgeles.lt\/en\/wp-json\/wp\/v2\/media?parent=19475"}],"wp:term":[{"taxonomy":"product_brand","embeddable":true,"href":"https:\/\/www.gintaresgeles.lt\/en\/wp-json\/wp\/v2\/product_brand?post=19475"},{"taxonomy":"product_cat","embeddable":true,"href":"https:\/\/www.gintaresgeles.lt\/en\/wp-json\/wp\/v2\/product_cat?post=19475"},{"taxonomy":"product_tag","embeddable":true,"href":"https:\/\/www.gintaresgeles.lt\/en\/wp-json\/wp\/v2\/product_tag?post=19475"}],"curies":[{"name":"wp","href":"https:\/\/api.w.org\/{rel}","templated":true}]}}