{"id":19504,"date":"2017-01-03T05:42:58","date_gmt":"2017-01-03T07:42:58","guid":{"rendered":"https:\/\/www.gintaresgeles.lt\/?post_type=product&#038;p=19504"},"modified":"2025-05-29T02:02:16","modified_gmt":"2025-05-29T00:02:16","slug":"elegant-bouquet-of-roses-and-eustomas","status":"publish","type":"product","link":"https:\/\/www.gintaresgeles.lt\/en\/puokste\/elegant-bouquet-of-roses-and-eustomas\/","title":{"rendered":"Elegant bouquet of roses and eustomas"},"content":{"rendered":"<p>Color contrasts in bouquets make them unique, original, and unforgettable. Bouquets, in which the matching and contrasting colors are combined, are the most impressive because of its brilliance and charm. Roses and eustomas together grant us this wonderful contrast between red and white. Blossoms of different sizes will create a striking effect that will make the receiver happy.<\/p>\n<p>&nbsp;<\/p>\n","protected":false},"excerpt":{"rendered":"<p style=\"text-align: justify\">A delicate red roses and eustomas bouquet will be a great gift for a buddy, close friend or colleague. This universal combination will surely not leave the recipient indifferent, regardless of whether it is a man or a woman.<\/p>\n<p style=\"text-align: justify\"><strong>The number of flowers in the bouquet:<\/strong><\/p>\n<p>Small bouquet: 5 roses and 4 eustomas;<\/p>\n<p style=\"text-align: justify\">Medium bouquet: 9 roses and 6 eustomas;<\/p>\n<p>Large bouquet: 14 roses and 8 eustomas.<\/p>\n<p><em><strong><span class=\"HwtZe\" lang=\"en\"><span class=\"jCAhz ChMk0b C1N51c\"><span class=\"ryNqvb\">Eustoma<\/span><\/span><\/span> colors are chosen from those we have on sale at the time, if you want a specific color contact us.<\/strong><\/em><\/p>\n","protected":false},"featured_media":46517,"template":"","meta":[],"product_brand":[],"product_cat":[261,260,259,252,266,265,256,258,253,257,262,263,891,264,242,268,1966,238],"product_tag":[],"class_list":{"0":"post-19504","1":"product","2":"type-product","3":"status-publish","4":"has-post-thumbnail","6":"product_cat-birthday-bouquets","7":"product_cat-birthday-flowers","8":"product_cat-flowers-by-occasion","9":"product_cat-flowers-by-recipient","10":"product_cat-flowers-by-style","11":"product_cat-flowers-by-type","12":"product_cat-flowers-for-girlfriend","13":"product_cat-flowers-for-men","14":"product_cat-flowers-for-mom","15":"product_cat-flowers-for-women","16":"product_cat-march8th-flowers","17":"product_cat-mothers-day-flowers","18":"product_cat-red-roses","19":"product_cat-valentines-day-flowers","20":"product_cat-eustomas","21":"product_cat-flower-bouquets","22":"product_cat-flowers-wrapped-in-paper","23":"product_cat-roses","24":"tm-has-options","26":"first","27":"instock","28":"taxable","29":"shipping-taxable","30":"purchasable","31":"product-type-variable","32":"has-default-attributes"},"yoast_head":"<!-- This site is optimized with the Yoast SEO plugin v25.3 - https:\/\/yoast.com\/wordpress\/plugins\/seo\/ -->\n<title>Elegant bouquet of roses and eustomas|Romantic bouquets|Gintar\u0117sG\u0117l\u0117s<\/title>\n<meta name=\"description\" content=\"A delicate and elegant bouquet consisting of solid red roses and white tulips. The bouquet will not only impress the recipient, but also become a charming home decor.\" \/>\n<meta name=\"robots\" content=\"index, follow, max-snippet:-1, max-image-preview:large, max-video-preview:-1\" \/>\n<link rel=\"canonical\" href=\"https:\/\/www.gintaresgeles.lt\/en\/puokste\/elegant-bouquet-of-roses-and-eustomas\/\" \/>\n<meta property=\"og:locale\" content=\"en_US\" \/>\n<meta property=\"og:type\" content=\"article\" \/>\n<meta property=\"og:title\" content=\"Elegant bouquet of roses and eustomas|Romantic bouquets|Gintar\u0117sG\u0117l\u0117s\" \/>\n<meta property=\"og:description\" content=\"A delicate and elegant bouquet consisting of solid red roses and white tulips. The bouquet will not only impress the recipient, but also become a charming home decor.\" \/>\n<meta property=\"og:url\" content=\"https:\/\/www.gintaresgeles.lt\/en\/puokste\/elegant-bouquet-of-roses-and-eustomas\/\" \/>\n<meta property=\"og:site_name\" content=\"gintaresgeles.lt\" \/>\n<meta property=\"article:modified_time\" content=\"2025-05-29T00:02:16+00:00\" \/>\n<meta property=\"og:image\" content=\"https:\/\/www.gintaresgeles.lt\/wp-content\/uploads\/2017\/01\/raudonos-rozes-su-baltomi-eustomomis-geles-moteriai.jpg\" \/>\n\t<meta property=\"og:image:width\" content=\"1200\" \/>\n\t<meta property=\"og:image:height\" content=\"1200\" \/>\n\t<meta property=\"og:image:type\" content=\"image\/jpeg\" \/>\n<meta name=\"twitter:card\" content=\"summary_large_image\" \/>\n<script type=\"application\/ld+json\" class=\"yoast-schema-graph\">{\"@context\":\"https:\/\/schema.org\",\"@graph\":[{\"@type\":\"WebPage\",\"@id\":\"https:\/\/www.gintaresgeles.lt\/en\/puokste\/elegant-bouquet-of-roses-and-eustomas\/\",\"url\":\"https:\/\/www.gintaresgeles.lt\/en\/puokste\/elegant-bouquet-of-roses-and-eustomas\/\",\"name\":\"Elegant bouquet of roses and eustomas|Romantic bouquets|Gintar\u0117sG\u0117l\u0117s\",\"isPartOf\":{\"@id\":\"https:\/\/www.gintaresgeles.lt\/en\/#website\"},\"primaryImageOfPage\":{\"@id\":\"https:\/\/www.gintaresgeles.lt\/en\/puokste\/elegant-bouquet-of-roses-and-eustomas\/#primaryimage\"},\"image\":{\"@id\":\"https:\/\/www.gintaresgeles.lt\/en\/puokste\/elegant-bouquet-of-roses-and-eustomas\/#primaryimage\"},\"thumbnailUrl\":\"https:\/\/www.gintaresgeles.lt\/wp-content\/uploads\/2017\/01\/raudonos-rozes-su-baltomi-eustomomis-geles-moteriai.jpg\",\"datePublished\":\"2017-01-03T07:42:58+00:00\",\"dateModified\":\"2025-05-29T00:02:16+00:00\",\"description\":\"A delicate and elegant bouquet consisting of solid red roses and white tulips. The bouquet will not only impress the recipient, but also become a charming home decor.\",\"breadcrumb\":{\"@id\":\"https:\/\/www.gintaresgeles.lt\/en\/puokste\/elegant-bouquet-of-roses-and-eustomas\/#breadcrumb\"},\"inLanguage\":\"en-US\",\"potentialAction\":[{\"@type\":\"ReadAction\",\"target\":[\"https:\/\/www.gintaresgeles.lt\/en\/puokste\/elegant-bouquet-of-roses-and-eustomas\/\"]}]},{\"@type\":\"ImageObject\",\"inLanguage\":\"en-US\",\"@id\":\"https:\/\/www.gintaresgeles.lt\/en\/puokste\/elegant-bouquet-of-roses-and-eustomas\/#primaryimage\",\"url\":\"https:\/\/www.gintaresgeles.lt\/wp-content\/uploads\/2017\/01\/raudonos-rozes-su-baltomi-eustomomis-geles-moteriai.jpg\",\"contentUrl\":\"https:\/\/www.gintaresgeles.lt\/wp-content\/uploads\/2017\/01\/raudonos-rozes-su-baltomi-eustomomis-geles-moteriai.jpg\",\"width\":1200,\"height\":1200,\"caption\":\"Raudonos ro\u017e\u0117s ir eustomos puok\u0161t\u0117je\"},{\"@type\":\"BreadcrumbList\",\"@id\":\"https:\/\/www.gintaresgeles.lt\/en\/puokste\/elegant-bouquet-of-roses-and-eustomas\/#breadcrumb\",\"itemListElement\":[{\"@type\":\"ListItem\",\"position\":1,\"name\":\"Prad\u017eia\",\"item\":\"https:\/\/www.gintaresgeles.lt\/en\/\"},{\"@type\":\"ListItem\",\"position\":2,\"name\":\"All flowers and other products\",\"item\":\"https:\/\/www.gintaresgeles.lt\/en\/all-flowers-and-other-products\/\"},{\"@type\":\"ListItem\",\"position\":3,\"name\":\"Elegant bouquet of roses and eustomas\"}]},{\"@type\":\"WebSite\",\"@id\":\"https:\/\/www.gintaresgeles.lt\/en\/#website\",\"url\":\"https:\/\/www.gintaresgeles.lt\/en\/\",\"name\":\"gintaresgeles.lt\",\"description\":\"G\u0117li\u0173 parduotuv\u0117 internete\",\"potentialAction\":[{\"@type\":\"SearchAction\",\"target\":{\"@type\":\"EntryPoint\",\"urlTemplate\":\"https:\/\/www.gintaresgeles.lt\/en\/?s={search_term_string}\"},\"query-input\":{\"@type\":\"PropertyValueSpecification\",\"valueRequired\":true,\"valueName\":\"search_term_string\"}}],\"inLanguage\":\"en-US\"}]}<\/script>\n<!-- \/ Yoast SEO plugin. -->","yoast_head_json":{"title":"Elegant bouquet of roses and eustomas|Romantic bouquets|Gintar\u0117sG\u0117l\u0117s","description":"A delicate and elegant bouquet consisting of solid red roses and white tulips. The bouquet will not only impress the recipient, but also become a charming home decor.","robots":{"index":"index","follow":"follow","max-snippet":"max-snippet:-1","max-image-preview":"max-image-preview:large","max-video-preview":"max-video-preview:-1"},"canonical":"https:\/\/www.gintaresgeles.lt\/en\/puokste\/elegant-bouquet-of-roses-and-eustomas\/","og_locale":"en_US","og_type":"article","og_title":"Elegant bouquet of roses and eustomas|Romantic bouquets|Gintar\u0117sG\u0117l\u0117s","og_description":"A delicate and elegant bouquet consisting of solid red roses and white tulips. The bouquet will not only impress the recipient, but also become a charming home decor.","og_url":"https:\/\/www.gintaresgeles.lt\/en\/puokste\/elegant-bouquet-of-roses-and-eustomas\/","og_site_name":"gintaresgeles.lt","article_modified_time":"2025-05-29T00:02:16+00:00","og_image":[{"width":1200,"height":1200,"url":"https:\/\/www.gintaresgeles.lt\/wp-content\/uploads\/2017\/01\/raudonos-rozes-su-baltomi-eustomomis-geles-moteriai.jpg","type":"image\/jpeg"}],"twitter_card":"summary_large_image","schema":{"@context":"https:\/\/schema.org","@graph":[{"@type":"WebPage","@id":"https:\/\/www.gintaresgeles.lt\/en\/puokste\/elegant-bouquet-of-roses-and-eustomas\/","url":"https:\/\/www.gintaresgeles.lt\/en\/puokste\/elegant-bouquet-of-roses-and-eustomas\/","name":"Elegant bouquet of roses and eustomas|Romantic bouquets|Gintar\u0117sG\u0117l\u0117s","isPartOf":{"@id":"https:\/\/www.gintaresgeles.lt\/en\/#website"},"primaryImageOfPage":{"@id":"https:\/\/www.gintaresgeles.lt\/en\/puokste\/elegant-bouquet-of-roses-and-eustomas\/#primaryimage"},"image":{"@id":"https:\/\/www.gintaresgeles.lt\/en\/puokste\/elegant-bouquet-of-roses-and-eustomas\/#primaryimage"},"thumbnailUrl":"https:\/\/www.gintaresgeles.lt\/wp-content\/uploads\/2017\/01\/raudonos-rozes-su-baltomi-eustomomis-geles-moteriai.jpg","datePublished":"2017-01-03T07:42:58+00:00","dateModified":"2025-05-29T00:02:16+00:00","description":"A delicate and elegant bouquet consisting of solid red roses and white tulips. The bouquet will not only impress the recipient, but also become a charming home decor.","breadcrumb":{"@id":"https:\/\/www.gintaresgeles.lt\/en\/puokste\/elegant-bouquet-of-roses-and-eustomas\/#breadcrumb"},"inLanguage":"en-US","potentialAction":[{"@type":"ReadAction","target":["https:\/\/www.gintaresgeles.lt\/en\/puokste\/elegant-bouquet-of-roses-and-eustomas\/"]}]},{"@type":"ImageObject","inLanguage":"en-US","@id":"https:\/\/www.gintaresgeles.lt\/en\/puokste\/elegant-bouquet-of-roses-and-eustomas\/#primaryimage","url":"https:\/\/www.gintaresgeles.lt\/wp-content\/uploads\/2017\/01\/raudonos-rozes-su-baltomi-eustomomis-geles-moteriai.jpg","contentUrl":"https:\/\/www.gintaresgeles.lt\/wp-content\/uploads\/2017\/01\/raudonos-rozes-su-baltomi-eustomomis-geles-moteriai.jpg","width":1200,"height":1200,"caption":"Raudonos ro\u017e\u0117s ir eustomos puok\u0161t\u0117je"},{"@type":"BreadcrumbList","@id":"https:\/\/www.gintaresgeles.lt\/en\/puokste\/elegant-bouquet-of-roses-and-eustomas\/#breadcrumb","itemListElement":[{"@type":"ListItem","position":1,"name":"Prad\u017eia","item":"https:\/\/www.gintaresgeles.lt\/en\/"},{"@type":"ListItem","position":2,"name":"All flowers and other products","item":"https:\/\/www.gintaresgeles.lt\/en\/all-flowers-and-other-products\/"},{"@type":"ListItem","position":3,"name":"Elegant bouquet of roses and eustomas"}]},{"@type":"WebSite","@id":"https:\/\/www.gintaresgeles.lt\/en\/#website","url":"https:\/\/www.gintaresgeles.lt\/en\/","name":"gintaresgeles.lt","description":"G\u0117li\u0173 parduotuv\u0117 internete","potentialAction":[{"@type":"SearchAction","target":{"@type":"EntryPoint","urlTemplate":"https:\/\/www.gintaresgeles.lt\/en\/?s={search_term_string}"},"query-input":{"@type":"PropertyValueSpecification","valueRequired":true,"valueName":"search_term_string"}}],"inLanguage":"en-US"}]}},"_links":{"self":[{"href":"https:\/\/www.gintaresgeles.lt\/en\/wp-json\/wp\/v2\/product\/19504","targetHints":{"allow":["GET"]}}],"collection":[{"href":"https:\/\/www.gintaresgeles.lt\/en\/wp-json\/wp\/v2\/product"}],"about":[{"href":"https:\/\/www.gintaresgeles.lt\/en\/wp-json\/wp\/v2\/types\/product"}],"wp:featuredmedia":[{"embeddable":true,"href":"https:\/\/www.gintaresgeles.lt\/en\/wp-json\/wp\/v2\/media\/46517"}],"wp:attachment":[{"href":"https:\/\/www.gintaresgeles.lt\/en\/wp-json\/wp\/v2\/media?parent=19504"}],"wp:term":[{"taxonomy":"product_brand","embeddable":true,"href":"https:\/\/www.gintaresgeles.lt\/en\/wp-json\/wp\/v2\/product_brand?post=19504"},{"taxonomy":"product_cat","embeddable":true,"href":"https:\/\/www.gintaresgeles.lt\/en\/wp-json\/wp\/v2\/product_cat?post=19504"},{"taxonomy":"product_tag","embeddable":true,"href":"https:\/\/www.gintaresgeles.lt\/en\/wp-json\/wp\/v2\/product_tag?post=19504"}],"curies":[{"name":"wp","href":"https:\/\/api.w.org\/{rel}","templated":true}]}}