{"id":19507,"date":"2017-01-03T05:14:23","date_gmt":"2018-07-28T10:56:19","guid":{"rendered":"https:\/\/www.gintaresgeles.lt\/?post_type=product&#038;p=19507"},"modified":"2025-05-29T02:02:16","modified_gmt":"2025-05-29T00:02:16","slug":"bouquet-bright-beam","status":"publish","type":"product","link":"https:\/\/www.gintaresgeles.lt\/en\/puokste\/bouquet-bright-beam\/","title":{"rendered":"Bouquet &#8220;Bright Beam&#8221;"},"content":{"rendered":"<p>One usually gives flowers to make the receiver happy and to bring positive emotions. For that reason, one of the main features while choosing flowers is their emotional value and positivity. Warm emotions, joy, and smile are guaranteed with a bouquet &#8220;Bright Beam&#8221;. It is exceptionally bright and makes one feel pleasant. It is a choice that will charm with its bright colors that remind us of summer.<\/p>\n","protected":false},"excerpt":{"rendered":"<p style=\"text-align: justify\">The yellow and white colors create a bright and joyful bouquet image. Eustomas and roses work well together, making the bouquet look full and full of beautiful and bright emotions.<\/p>\n<p style=\"text-align: justify\"><span class=\"HwtZe\" lang=\"en\"><span class=\"jCAhz ChMk0b\"><span class=\"ryNqvb\">Small bouquet &#8211; 4 roses, 3 eustomas;<\/span><\/span> <\/span><\/p>\n<p style=\"text-align: justify\"><span class=\"HwtZe\" lang=\"en\"><span class=\"jCAhz ChMk0b\"><span class=\"ryNqvb\">Medium bouquet &#8211; 7 roses, 6 eustomas;<\/span><\/span> <\/span><\/p>\n<p style=\"text-align: justify\"><span class=\"HwtZe\" lang=\"en\"><span class=\"jCAhz ChMk0b\"><span class=\"ryNqvb\">Large bouquet &#8211; 11 roses, 10 eustomas.<\/span><\/span><\/span><\/p>\n","protected":false},"featured_media":47711,"template":"","meta":[],"product_brand":[],"product_cat":[261,260,259,252,266,265,256,258,253,257,428,262,263,909,242,268,1966,238],"product_tag":[],"class_list":{"0":"post-19507","1":"product","2":"type-product","3":"status-publish","4":"has-post-thumbnail","6":"product_cat-birthday-bouquets","7":"product_cat-birthday-flowers","8":"product_cat-flowers-by-occasion","9":"product_cat-flowers-by-recipient","10":"product_cat-flowers-by-style","11":"product_cat-flowers-by-type","12":"product_cat-flowers-for-girlfriend","13":"product_cat-flowers-for-men","14":"product_cat-flowers-for-mom","15":"product_cat-flowers-for-women","16":"product_cat-jubilee-flowers","17":"product_cat-march8th-flowers","18":"product_cat-mothers-day-flowers","19":"product_cat-yellow-roses","20":"product_cat-eustomas","21":"product_cat-flower-bouquets","22":"product_cat-flowers-wrapped-in-paper","23":"product_cat-roses","24":"tm-has-options","26":"first","27":"instock","28":"taxable","29":"shipping-taxable","30":"purchasable","31":"product-type-variable","32":"has-default-attributes"},"yoast_head":"<!-- This site is optimized with the Yoast SEO plugin v25.3 - https:\/\/yoast.com\/wordpress\/plugins\/seo\/ -->\n<title>Bouquet &quot;Bright Beam&quot; | Warm bouquet | Gintar\u0117sG\u0117l\u0117s<\/title>\n<meta name=\"description\" content=\"It is a blaze of light beige that consists of yellow roses and elegant white eustomas. The bouquet will leave a warm smile in the face of any recipient.\" \/>\n<meta name=\"robots\" content=\"index, follow, max-snippet:-1, max-image-preview:large, max-video-preview:-1\" \/>\n<link rel=\"canonical\" href=\"https:\/\/www.gintaresgeles.lt\/en\/puokste\/bouquet-bright-beam\/\" \/>\n<meta property=\"og:locale\" content=\"en_US\" \/>\n<meta property=\"og:type\" content=\"article\" \/>\n<meta property=\"og:title\" content=\"Bouquet &quot;Bright Beam&quot; | Warm bouquet | Gintar\u0117sG\u0117l\u0117s\" \/>\n<meta property=\"og:description\" content=\"It is a blaze of light beige that consists of yellow roses and elegant white eustomas. The bouquet will leave a warm smile in the face of any recipient.\" \/>\n<meta property=\"og:url\" content=\"https:\/\/www.gintaresgeles.lt\/en\/puokste\/bouquet-bright-beam\/\" \/>\n<meta property=\"og:site_name\" content=\"gintaresgeles.lt\" \/>\n<meta property=\"article:modified_time\" content=\"2025-05-29T00:02:16+00:00\" \/>\n<meta property=\"og:image\" content=\"https:\/\/www.gintaresgeles.lt\/wp-content\/uploads\/2017\/01\/geltonos-rozes-ir-eustomos-su-eukaliptu-geles-moterims.jpg\" \/>\n\t<meta property=\"og:image:width\" content=\"1200\" \/>\n\t<meta property=\"og:image:height\" content=\"1200\" \/>\n\t<meta property=\"og:image:type\" content=\"image\/jpeg\" \/>\n<meta name=\"twitter:card\" content=\"summary_large_image\" \/>\n<script type=\"application\/ld+json\" class=\"yoast-schema-graph\">{\"@context\":\"https:\/\/schema.org\",\"@graph\":[{\"@type\":\"WebPage\",\"@id\":\"https:\/\/www.gintaresgeles.lt\/en\/puokste\/bouquet-bright-beam\/\",\"url\":\"https:\/\/www.gintaresgeles.lt\/en\/puokste\/bouquet-bright-beam\/\",\"name\":\"Bouquet \\\"Bright Beam\\\" | Warm bouquet | Gintar\u0117sG\u0117l\u0117s\",\"isPartOf\":{\"@id\":\"https:\/\/www.gintaresgeles.lt\/en\/#website\"},\"primaryImageOfPage\":{\"@id\":\"https:\/\/www.gintaresgeles.lt\/en\/puokste\/bouquet-bright-beam\/#primaryimage\"},\"image\":{\"@id\":\"https:\/\/www.gintaresgeles.lt\/en\/puokste\/bouquet-bright-beam\/#primaryimage\"},\"thumbnailUrl\":\"https:\/\/www.gintaresgeles.lt\/wp-content\/uploads\/2017\/01\/geltonos-rozes-ir-eustomos-su-eukaliptu-geles-moterims.jpg\",\"datePublished\":\"2018-07-28T10:56:19+00:00\",\"dateModified\":\"2025-05-29T00:02:16+00:00\",\"description\":\"It is a blaze of light beige that consists of yellow roses and elegant white eustomas. The bouquet will leave a warm smile in the face of any recipient.\",\"breadcrumb\":{\"@id\":\"https:\/\/www.gintaresgeles.lt\/en\/puokste\/bouquet-bright-beam\/#breadcrumb\"},\"inLanguage\":\"en-US\",\"potentialAction\":[{\"@type\":\"ReadAction\",\"target\":[\"https:\/\/www.gintaresgeles.lt\/en\/puokste\/bouquet-bright-beam\/\"]}]},{\"@type\":\"ImageObject\",\"inLanguage\":\"en-US\",\"@id\":\"https:\/\/www.gintaresgeles.lt\/en\/puokste\/bouquet-bright-beam\/#primaryimage\",\"url\":\"https:\/\/www.gintaresgeles.lt\/wp-content\/uploads\/2017\/01\/geltonos-rozes-ir-eustomos-su-eukaliptu-geles-moterims.jpg\",\"contentUrl\":\"https:\/\/www.gintaresgeles.lt\/wp-content\/uploads\/2017\/01\/geltonos-rozes-ir-eustomos-su-eukaliptu-geles-moterims.jpg\",\"width\":1200,\"height\":1200,\"caption\":\"Balt\u0173 eustom\u0173 ir gelton\u0173 ro\u017ei\u0173 su eukaliptu puok\u0161t\u0117 pavasario g\u0117l\u0117s\"},{\"@type\":\"BreadcrumbList\",\"@id\":\"https:\/\/www.gintaresgeles.lt\/en\/puokste\/bouquet-bright-beam\/#breadcrumb\",\"itemListElement\":[{\"@type\":\"ListItem\",\"position\":1,\"name\":\"Prad\u017eia\",\"item\":\"https:\/\/www.gintaresgeles.lt\/en\/\"},{\"@type\":\"ListItem\",\"position\":2,\"name\":\"All flowers and other products\",\"item\":\"https:\/\/www.gintaresgeles.lt\/en\/all-flowers-and-other-products\/\"},{\"@type\":\"ListItem\",\"position\":3,\"name\":\"Bouquet &#8222;Bright Beam&#8221;\"}]},{\"@type\":\"WebSite\",\"@id\":\"https:\/\/www.gintaresgeles.lt\/en\/#website\",\"url\":\"https:\/\/www.gintaresgeles.lt\/en\/\",\"name\":\"gintaresgeles.lt\",\"description\":\"G\u0117li\u0173 parduotuv\u0117 internete\",\"potentialAction\":[{\"@type\":\"SearchAction\",\"target\":{\"@type\":\"EntryPoint\",\"urlTemplate\":\"https:\/\/www.gintaresgeles.lt\/en\/?s={search_term_string}\"},\"query-input\":{\"@type\":\"PropertyValueSpecification\",\"valueRequired\":true,\"valueName\":\"search_term_string\"}}],\"inLanguage\":\"en-US\"}]}<\/script>\n<!-- \/ Yoast SEO plugin. -->","yoast_head_json":{"title":"Bouquet \"Bright Beam\" | Warm bouquet | Gintar\u0117sG\u0117l\u0117s","description":"It is a blaze of light beige that consists of yellow roses and elegant white eustomas. The bouquet will leave a warm smile in the face of any recipient.","robots":{"index":"index","follow":"follow","max-snippet":"max-snippet:-1","max-image-preview":"max-image-preview:large","max-video-preview":"max-video-preview:-1"},"canonical":"https:\/\/www.gintaresgeles.lt\/en\/puokste\/bouquet-bright-beam\/","og_locale":"en_US","og_type":"article","og_title":"Bouquet \"Bright Beam\" | Warm bouquet | Gintar\u0117sG\u0117l\u0117s","og_description":"It is a blaze of light beige that consists of yellow roses and elegant white eustomas. The bouquet will leave a warm smile in the face of any recipient.","og_url":"https:\/\/www.gintaresgeles.lt\/en\/puokste\/bouquet-bright-beam\/","og_site_name":"gintaresgeles.lt","article_modified_time":"2025-05-29T00:02:16+00:00","og_image":[{"width":1200,"height":1200,"url":"https:\/\/www.gintaresgeles.lt\/wp-content\/uploads\/2017\/01\/geltonos-rozes-ir-eustomos-su-eukaliptu-geles-moterims.jpg","type":"image\/jpeg"}],"twitter_card":"summary_large_image","schema":{"@context":"https:\/\/schema.org","@graph":[{"@type":"WebPage","@id":"https:\/\/www.gintaresgeles.lt\/en\/puokste\/bouquet-bright-beam\/","url":"https:\/\/www.gintaresgeles.lt\/en\/puokste\/bouquet-bright-beam\/","name":"Bouquet \"Bright Beam\" | Warm bouquet | Gintar\u0117sG\u0117l\u0117s","isPartOf":{"@id":"https:\/\/www.gintaresgeles.lt\/en\/#website"},"primaryImageOfPage":{"@id":"https:\/\/www.gintaresgeles.lt\/en\/puokste\/bouquet-bright-beam\/#primaryimage"},"image":{"@id":"https:\/\/www.gintaresgeles.lt\/en\/puokste\/bouquet-bright-beam\/#primaryimage"},"thumbnailUrl":"https:\/\/www.gintaresgeles.lt\/wp-content\/uploads\/2017\/01\/geltonos-rozes-ir-eustomos-su-eukaliptu-geles-moterims.jpg","datePublished":"2018-07-28T10:56:19+00:00","dateModified":"2025-05-29T00:02:16+00:00","description":"It is a blaze of light beige that consists of yellow roses and elegant white eustomas. The bouquet will leave a warm smile in the face of any recipient.","breadcrumb":{"@id":"https:\/\/www.gintaresgeles.lt\/en\/puokste\/bouquet-bright-beam\/#breadcrumb"},"inLanguage":"en-US","potentialAction":[{"@type":"ReadAction","target":["https:\/\/www.gintaresgeles.lt\/en\/puokste\/bouquet-bright-beam\/"]}]},{"@type":"ImageObject","inLanguage":"en-US","@id":"https:\/\/www.gintaresgeles.lt\/en\/puokste\/bouquet-bright-beam\/#primaryimage","url":"https:\/\/www.gintaresgeles.lt\/wp-content\/uploads\/2017\/01\/geltonos-rozes-ir-eustomos-su-eukaliptu-geles-moterims.jpg","contentUrl":"https:\/\/www.gintaresgeles.lt\/wp-content\/uploads\/2017\/01\/geltonos-rozes-ir-eustomos-su-eukaliptu-geles-moterims.jpg","width":1200,"height":1200,"caption":"Balt\u0173 eustom\u0173 ir gelton\u0173 ro\u017ei\u0173 su eukaliptu puok\u0161t\u0117 pavasario g\u0117l\u0117s"},{"@type":"BreadcrumbList","@id":"https:\/\/www.gintaresgeles.lt\/en\/puokste\/bouquet-bright-beam\/#breadcrumb","itemListElement":[{"@type":"ListItem","position":1,"name":"Prad\u017eia","item":"https:\/\/www.gintaresgeles.lt\/en\/"},{"@type":"ListItem","position":2,"name":"All flowers and other products","item":"https:\/\/www.gintaresgeles.lt\/en\/all-flowers-and-other-products\/"},{"@type":"ListItem","position":3,"name":"Bouquet &#8222;Bright Beam&#8221;"}]},{"@type":"WebSite","@id":"https:\/\/www.gintaresgeles.lt\/en\/#website","url":"https:\/\/www.gintaresgeles.lt\/en\/","name":"gintaresgeles.lt","description":"G\u0117li\u0173 parduotuv\u0117 internete","potentialAction":[{"@type":"SearchAction","target":{"@type":"EntryPoint","urlTemplate":"https:\/\/www.gintaresgeles.lt\/en\/?s={search_term_string}"},"query-input":{"@type":"PropertyValueSpecification","valueRequired":true,"valueName":"search_term_string"}}],"inLanguage":"en-US"}]}},"_links":{"self":[{"href":"https:\/\/www.gintaresgeles.lt\/en\/wp-json\/wp\/v2\/product\/19507","targetHints":{"allow":["GET"]}}],"collection":[{"href":"https:\/\/www.gintaresgeles.lt\/en\/wp-json\/wp\/v2\/product"}],"about":[{"href":"https:\/\/www.gintaresgeles.lt\/en\/wp-json\/wp\/v2\/types\/product"}],"wp:featuredmedia":[{"embeddable":true,"href":"https:\/\/www.gintaresgeles.lt\/en\/wp-json\/wp\/v2\/media\/47711"}],"wp:attachment":[{"href":"https:\/\/www.gintaresgeles.lt\/en\/wp-json\/wp\/v2\/media?parent=19507"}],"wp:term":[{"taxonomy":"product_brand","embeddable":true,"href":"https:\/\/www.gintaresgeles.lt\/en\/wp-json\/wp\/v2\/product_brand?post=19507"},{"taxonomy":"product_cat","embeddable":true,"href":"https:\/\/www.gintaresgeles.lt\/en\/wp-json\/wp\/v2\/product_cat?post=19507"},{"taxonomy":"product_tag","embeddable":true,"href":"https:\/\/www.gintaresgeles.lt\/en\/wp-json\/wp\/v2\/product_tag?post=19507"}],"curies":[{"name":"wp","href":"https:\/\/api.w.org\/{rel}","templated":true}]}}